{"id":2811,"date":"2024-07-31T02:54:23","date_gmt":"2024-07-31T02:54:23","guid":{"rendered":"https:\/\/spindlemotorshop.com\/?page_id=2811"},"modified":"2024-10-07T01:05:29","modified_gmt":"2024-10-07T01:05:29","slug":"end-trimming-spindle","status":"publish","type":"page","link":"https:\/\/spindlemotorshop.com\/de\/end-trimming-spindle\/","title":{"rendered":"Kappspindel"},"content":{"rendered":"<h1 style=\"text-align: center;\">Spindel f\u00fcr Kantenanleimmaschinen zum Bes\u00e4umen von Enden<\/h1>\n\t<section class=\"section\" id=\"section_69777741\">\n\t\t<div class=\"bg section-bg fill bg-fill  bg-loaded\" >\n\n\t\t\t\n\t\t\t\n\t\t\t\n\n\t\t<\/div>\n\n\t\t\n\n\t\t<div class=\"section-content relative\">\n\t\t\t\n<div class=\"row\"  id=\"row-1548109045\">\n\n\t<div id=\"col-2105070285\" class=\"col medium-3 small-6 large-3\"  >\n\t\t\t\t<div class=\"col-inner\"  >\n\t\t\t\n\t\t\t\n<div class=\"searchform-wrapper ux-search-box relative form-flat is-normal\"><form method=\"get\" class=\"searchform\" action=\"https:\/\/spindlemotorshop.com\/de\/\" role=\"search\" data-trp-original-action=\"https:\/\/spindlemotorshop.com\/de\/\">\n\t\t<div class=\"flex-row relative\">\n\t\t\t<div class=\"flex-col flex-grow\">\n\t   \t   <input type=\"search\" class=\"search-field mb-0\" name=\"s\" value=\"\" id=\"s\" placeholder=\"Suchen\u2026\" \/>\n\t\t\t<\/div>\n\t\t\t<div class=\"flex-col\">\n\t\t\t\t<button type=\"submit\" class=\"ux-search-submit submit-button secondary button icon mb-0\" aria-label=\"\u00dcbermitteln\">\n\t\t\t\t\t<i class=\"icon-search\" ><\/i>\t\t\t\t<\/button>\n\t\t\t<\/div>\n\t\t<\/div>\n    <div class=\"live-search-results text-left z-top\"><\/div>\n<input type=\"hidden\" name=\"trp-form-language\" value=\"de\"\/><\/form>\n<\/div>\n\t<div id=\"gap-1319462582\" class=\"gap-element clearfix\" style=\"display:block; height:auto;\">\n\t\t\n<style>\n#gap-1319462582 {\n  padding-top: 30px;\n}\n<\/style>\n\t<\/div>\n\t\n<div class=\"row\"  id=\"row-258443747\">\n\n\t<div id=\"col-1714630019\" class=\"col small-12 large-12\"  >\n\t\t\t\t<div class=\"col-inner text-center box-shadow-1\"  >\n\t\t\t\n\t<div class=\"is-border\"\n\t\tstyle=\"border-color:#224184;border-width:5px 0px 0px 5px;\">\n\t<\/div>\n\t\t\t\n\t<div id=\"text-3591409003\" class=\"text\">\n\t\t\n<h3><strong>Kantenanleimspindel Kategorien\u00a0 <\/strong><\/h3>\n\t\t\n<style>\n#text-3591409003 {\n  font-size: 1.15rem;\n}\n<\/style>\n\t<\/div>\n\t\n\t\t<\/div>\n\t\t\t\t\n<style>\n#col-1714630019 > .col-inner {\n  padding: 7px 0px 0px 0px;\n}\n<\/style>\n\t<\/div>\n\n\t\n<\/div>\n\t<div id=\"text-1577309153\" class=\"text\">\n\t\t\n<p><a class=\"button success is-outline\" href=\"https:\/\/spindlemotorshop.com\/de\/pre-milling-spindle\/\">Vorfr\u00e4sspindel f\u00fcr Kantenanleimmaschinen<\/a><\/p>\n\t\t\n<style>\n#text-1577309153 {\n  font-size: 0.9rem;\n}\n<\/style>\n\t<\/div>\n\t\n\t<div id=\"text-1520376626\" class=\"text\">\n\t\t\n<p><a class=\"button is-outline success\" href=\"https:\/\/spindlemotorshop.com\/de\/end-trimming-spindle\/\" data-wplink-edit=\"true\">Vorfr\u00e4sspindel f\u00fcr Kantenanleimmaschinen<\/a><\/p>\n\t\t\n<style>\n#text-1520376626 {\n  font-size: 0.9rem;\n}\n<\/style>\n\t<\/div>\n\t\n\t<div id=\"text-376914696\" class=\"text\">\n\t\t\n<p><a class=\"button is-outline success\" href=\"https:\/\/spindlemotorshop.com\/de\/end-trimming-spindle\/\">Spindel f\u00fcr Kantenanleimmaschinen zum Bes\u00e4umen von Enden<\/a><\/p>\n\t\t\n<style>\n#text-376914696 {\n  font-size: 0.9rem;\n}\n<\/style>\n\t<\/div>\n\t\n\t<div id=\"text-3794022714\" class=\"text\">\n\t\t\n<p><a class=\"success is-outline button\" href=\"https:\/\/spindlemotorshop.com\/de\/rough-trimming-spindle\/\">Spindel f\u00fcr Kantenanleimmaschine zum Grobbeschneiden<\/a><\/p>\n\t\t\n<style>\n#text-3794022714 {\n  font-size: 0.9rem;\n}\n<\/style>\n\t<\/div>\n\t\n\t<div id=\"text-3663280714\" class=\"text\">\n\t\t\n<p><a class=\"success is-outline button\" href=\"https:\/\/spindlemotorshop.com\/de\/fine-trimming-spindle\/\">Spindel f\u00fcr Feinkantenanleimmaschinen<\/a><\/p>\n\t\t\n<style>\n#text-3663280714 {\n  font-size: 0.9rem;\n}\n<\/style>\n\t<\/div>\n\t\n<div class=\"row align-middle align-center\"  id=\"row-474275722\">\n\n\t<div id=\"col-1305719464\" class=\"col small-12 large-12\"  >\n\t\t\t\t<div class=\"col-inner text-center box-shadow-1\"  >\n\t\t\t\n\t<div class=\"is-border\"\n\t\tstyle=\"border-color:#224184;border-width:0px 5px 5px 0px;margin:0px 0px 0px 50%;\">\n\t<\/div>\n\t\t\t\n\t<div id=\"text-1156593467\" class=\"text\">\n\t\t\n\t\t\n<style>\n#text-1156593467 {\n  font-size: 1rem;\n  line-height: 1.3;\n}\n<\/style>\n\t<\/div>\n\t\n\t\t<\/div>\n\t\t\t\t\t<\/div>\n\n\t\n\n<style>\n#row-474275722 > .col > .col-inner {\n  padding: 0px 0px 16px 0px;\n}\n<\/style>\n<\/div>\n\t<div id=\"text-2111147686\" class=\"text\">\n\t\t\n<h3>WEITERE INFORMATIONEN<\/h3>\n\t\t\n<style>\n#text-2111147686 {\n  font-size: 1.15rem;\n  text-align: center;\n}\n<\/style>\n\t<\/div>\n\t\n\n  \n    <div id=\"row-1206472547\" class=\"box-shadow-1 slider slider-auto-height row-collapse slider-nav-circle\" data-flickity-options='{\"imagesLoaded\": true, \"dragThreshold\" : 5, \"cellAlign\": \"left\",\"wrapAround\": true,\"prevNextButtons\": true,\"percentPosition\": true,\"pageDots\": false, \"rightToLeft\": false, \"autoPlay\" : false}'>\n\n  <div class=\"col post-item\" >\n\t\t\t<div class=\"col-inner\">\n\t\t\t\t<div class=\"box box-bounce box-text-bottom box-blog-post has-hover\">\n            \t\t\t\t\t<div class=\"box-image\" >\n  \t\t\t\t\t\t<div class=\"image-overlay-remove image-cover\" style=\"padding-top:56%;\">\n\t\t\t\t\t\t\t<a href=\"https:\/\/spindlemotorshop.com\/de\/why-the-right-edge-bander-spindle-is-essential-for-high-quality-edge-banding\/\" class=\"plain\" aria-label=\"Warum ist die richtige Kantenanleimspindel f\u00fcr hochwertiges Kantenanleimen unerl\u00e4sslich?\">\n\t\t\t\t\t\t\t\t<img loading=\"lazy\" decoding=\"async\" width=\"1020\" height=\"574\" src=\"https:\/\/spindlemotorshop.com\/wp-content\/uploads\/2024\/08\/C68B87D38F278CA6BB9815E4B3D8D3B0-2-1024x576.jpg\" class=\"attachment-large size-large wp-post-image\" alt=\"Spindel f\u00fcr Kantenanleimmaschine\" srcset=\"https:\/\/spindlemotorshop.com\/wp-content\/uploads\/2024\/08\/C68B87D38F278CA6BB9815E4B3D8D3B0-2-1024x576.jpg 1024w, https:\/\/spindlemotorshop.com\/wp-content\/uploads\/2024\/08\/C68B87D38F278CA6BB9815E4B3D8D3B0-2-300x169.jpg 300w, https:\/\/spindlemotorshop.com\/wp-content\/uploads\/2024\/08\/C68B87D38F278CA6BB9815E4B3D8D3B0-2-768x432.jpg 768w, https:\/\/spindlemotorshop.com\/wp-content\/uploads\/2024\/08\/C68B87D38F278CA6BB9815E4B3D8D3B0-2-18x10.jpg 18w, https:\/\/spindlemotorshop.com\/wp-content\/uploads\/2024\/08\/C68B87D38F278CA6BB9815E4B3D8D3B0-2.jpg 1200w\" sizes=\"auto, (max-width: 1020px) 100vw, 1020px\" \/>\t\t\t\t\t\t\t<\/a>\n  \t\t\t\t\t\t\t<div class=\"overlay\" style=\"background-color: rgba(0, 0, 0, 0.09)\"><\/div>  \t\t\t\t\t\t\t  \t\t\t\t\t\t<\/div>\n  \t\t\t\t\t\t  \t\t\t\t\t<\/div>\n          \t\t\t\t\t<div class=\"box-text show-on-hover hover-bounce text-center is-large\" style=\"padding:10% 0px 10% 0px;\">\n\t\t\t\t\t<div class=\"box-text-inner blog-post-inner\">\n\n\t\t\t\t\t\n\t\t\t\t\t\t\t\t\t\t\t<p class=\"cat-label tag-label is-xxsmall op-7 uppercase\">\n\t\t\t\t\tBlog Kantenanleimspindeln \t\t\t\t\t<\/p>\n\t\t\t\t\t\t\t\t\t\t<h5 class=\"post-title is-larger\">\n\t\t\t\t\t\t<a href=\"https:\/\/spindlemotorshop.com\/de\/why-the-right-edge-bander-spindle-is-essential-for-high-quality-edge-banding\/\" class=\"plain\">Warum ist die richtige Kantenanleimspindel f\u00fcr hochwertiges Kantenanleimen unerl\u00e4sslich?<\/a>\n\t\t\t\t\t<\/h5>\n\t\t\t\t\t<div class=\"post-meta is-small op-8\">30. August 2024<\/div>\t\t\t\t\t<div class=\"is-divider\"><\/div>\n\t\t\t\t\t                    \n\t\t\t\t\t\n\t\t\t\t\t\n\t\t\t\t\t<\/div>\n\t\t\t\t\t<\/div>\n\t\t\t\t\t\t\t\t\t<\/div>\n\t\t\t<\/div>\n\t\t<\/div><\/div>\n\t\t<\/div>\n\t\t\t\t\t<\/div>\n\n\t\n\n\t<div id=\"col-1234716024\" class=\"col medium-9 small-6 large-9\"  >\n\t\t\t\t<div class=\"col-inner text-left\"  >\n\t\t\t\n\t\t\t\n<div class=\"row align-right\" style=\"max-width:\" id=\"row-132078048\">\n\n\t<div id=\"col-1453056490\" class=\"col medium-11 small-12 large-11\"  >\n\t\t\t\t<div class=\"col-inner text-left\"  >\n\t\t\t\n\t\t\t\n<h5 class=\"uppercase\">Einf\u00fchrung<\/h5>\n<p><strong>Pr\u00e4zise Schneidleistung:<\/strong> Das gut konzipierte Trimmsystem in Kombination mit Hochgeschwindigkeitsmotoren erm\u00f6glicht pr\u00e4zise Schnitte, stellt die Ebenheit und \u00c4sthetik der Kantenanleimung sicher und eignet sich zum Trimmen von Platten verschiedener Formen und Gr\u00f6\u00dfen und bietet zufriedenstellende Trimmeffekte.<br \/>Anwendung<br \/><strong>M\u00f6belherstellung:<\/strong> Wird f\u00fcr Schr\u00e4nke, Garderoben, Tische und St\u00fchle usw. verwendet.<br \/>Holzverarbeitung: Geeignet f\u00fcr verschiedene Holzprodukte und Holzplatten.<br \/>Dekorationsmaterialien: PVC, Acryl und andere Dekorationsmaterialien.<br \/>Industrielle Produktion: Realisieren Sie die Standardisierung und Automatisierung des Kantenanleimprozesses in der Massenproduktion.<\/p>\n<h5>Parameter<\/h5>\n\n<style>\n  .center-first-column {\n    text-align: center; \/* \u6587\u672c\u5c45\u4e2d *\/\n  }<\/p>\n<p>  td, th {\n    padding: 8px; \/* \u5355\u5143\u683c\u5185\u8fb9\u8ddd *\/\n    border: 1px solid #ddd; \/* \u5355\u5143\u683c\u8fb9\u6846 *\/\n  }<\/p>\n<p>  table {\n    width: 100%; \/* \u8868\u683c\u5bbd\u5ea6 *\/\n    border-collapse: collapse; \/* \u8fb9\u6846\u5408\u5e76 *\/\n    font-family: Arial, sans-serif; \/* \u5b57\u4f53 *\/\n  }\n<\/style>\n<table border=\"1\">\n<tbody>\n<tr>\n<th class=\"center-first-column\">Modell<\/th>\n<td>MF24B-220<\/td>\n<td>MJ35B-370<\/td>\n<td>MJ35B-550<\/td>\n<\/tr>\n<tr>\n<th class=\"center-first-column\">Geschwindigkeit (U\/min)<\/th>\n<td>12000<\/td>\n<td>12000<\/td>\n<td>12000<\/td>\n<\/tr>\n<tr>\n<th class=\"center-first-column\">Spannung (V)<\/th>\n<td>380<\/td>\n<td>380 V\/220 V<\/td>\n<td>380 V\/220 V<\/td>\n<\/tr>\n<tr>\n<th class=\"center-first-column\">Strom (A)<\/th>\n<td>1.5<\/td>\n<td>1,16 A\/2,01 A<\/td>\n<td>1,7 A\/2,94 A<\/td>\n<\/tr>\n<tr>\n<th class=\"center-first-column\">Frequenz (Hz)<\/th>\n<td>200<\/td>\n<td>200<\/td>\n<td>200<\/td>\n<\/tr>\n<tr>\n<th class=\"center-first-column\">Leistung (KW)<\/th>\n<td>0.22<\/td>\n<td>0.37<\/td>\n<td>0.55<\/td>\n<\/tr>\n<\/tbody>\n<\/table>\n\n\t<div id=\"text-1256052253\" class=\"text\">\n\t\t\n<p><span class=\"fancy-underline\">Wenn Sie eine Spindel mit anderen Parametern ben\u00f6tigen, wenden Sie sich bitte an uns und wir bieten Ihnen professionelle Dienstleistungen an.<\/span><\/p>\n\t\t\n<style>\n#text-1256052253 {\n  color: rgb(0,0,0);\n}\n#text-1256052253 > * {\n  color: rgb(0,0,0);\n}\n<\/style>\n\t<\/div>\n\t\n\t<div id=\"text-1385955981\" class=\"text\">\n\t\t\n\t\t\n<style>\n#text-1385955981 {\n  font-size: 1rem;\n}\n<\/style>\n\t<\/div>\n\t\n<div class=\"row\"  id=\"row-1786671570\">\n\n\t<div id=\"col-903174855\" class=\"col small-12 large-12\"  >\n\t\t\t\t<div class=\"col-inner text-center\"  >\n\t\t\t\n\t\t\t\n<a href=\"\/de\/contact\/\" class=\"button primary\"  style=\"border-radius:99px;\">\n    <span>Anfrage senden<\/span>\n  <\/a>\n\n\t\t<\/div>\n\t\t\t\t\t<\/div>\n\n\t\n<\/div>\n\t<div id=\"text-1415377361\" class=\"text\">\n\t\t\n<h2>PRODUKTE<\/h2>\n<p>G\u00fcnstige Kantenanleimspindeln f\u00fcr Einsteiger &amp; Profis<\/p>\n\t\t\n<style>\n#text-1415377361 {\n  text-align: center;\n}\n<\/style>\n\t<\/div>\n\t\n<div class=\"row\"  id=\"row-823722579\">\n\n\t<div id=\"col-312259284\" class=\"col medium-4 small-12 large-4\"  >\n\t\t\t\t<div class=\"col-inner\"  >\n\t\t\t\n\t\t\t\n\t<div class=\"box has-hover   has-hover box-shadow-1 box-text-bottom\" >\n\n\t\t<div class=\"box-image\" >\n\t\t\t<a href=\"https:\/\/spindlemotorshop.com\/de\/mf24b-220-220w-12000rpm-end-trimming-spindle-motor\/\" >\t\t\t<div class=\"image-cover\" style=\"padding-top:86%;\">\n\t\t\t\t<img loading=\"lazy\" decoding=\"async\" width=\"800\" height=\"600\" src=\"https:\/\/spindlemotorshop.com\/wp-content\/uploads\/2024\/08\/CgAGe1nIXHaAON_uAAPciHAGuI4398.jpg\" class=\"attachment- size-\" alt=\"MF24B-220 0.22kw 12000rpm Endbearbeitungsspindelmotor f\u00fcr Kantenanleimmaschine\" srcset=\"https:\/\/spindlemotorshop.com\/wp-content\/uploads\/2024\/08\/CgAGe1nIXHaAON_uAAPciHAGuI4398.jpg 800w, https:\/\/spindlemotorshop.com\/wp-content\/uploads\/2024\/08\/CgAGe1nIXHaAON_uAAPciHAGuI4398-300x225.jpg 300w, https:\/\/spindlemotorshop.com\/wp-content\/uploads\/2024\/08\/CgAGe1nIXHaAON_uAAPciHAGuI4398-768x576.jpg 768w, https:\/\/spindlemotorshop.com\/wp-content\/uploads\/2024\/08\/CgAGe1nIXHaAON_uAAPciHAGuI4398-16x12.jpg 16w, https:\/\/spindlemotorshop.com\/wp-content\/uploads\/2024\/08\/CgAGe1nIXHaAON_uAAPciHAGuI4398-600x450.jpg 600w\" sizes=\"auto, (max-width: 800px) 100vw, 800px\" \/>\t\t\t\t\t\t\t\t\t\t\t<\/div>\n\t\t\t<\/a>\t\t<\/div>\n\n\t\t<div class=\"box-text text-center\" style=\"padding:0px 0px 0px 0px;\">\n\t\t\t<div class=\"box-text-inner\">\n\t\t\t\t\n\t<div id=\"text-391873010\" class=\"text\">\n\t\t\n<h4 style=\"text-align: center;\"><span style=\"font-size: 95%;\"><a class=\"button success is-outline\" href=\"https:\/\/spindlemotorshop.com\/de\/mf24b-220-220w-12000rpm-end-trimming-spindle-motor\/\">MF24B-220 0.22kw 12000rpm Endbearbeitungsspindelmotor f\u00fcr Kantenanleimmaschine<\/a><\/span><\/h4>\n\t\t\n<style>\n#text-391873010 {\n  font-size: 0.75rem;\n  line-height: 0.75;\n}\n<\/style>\n\t<\/div>\n\t\n\t\t\t<\/div>\n\t\t<\/div>\n\t<\/div>\n\t\n\t\t<\/div>\n\t\t\t\t\t<\/div>\n\n\t\n\n\t<div id=\"col-2049517353\" class=\"col medium-4 small-12 large-4\"  >\n\t\t\t\t<div class=\"col-inner\"  >\n\t\t\t\n\t\t\t\n\t<div class=\"box has-hover   has-hover box-shadow-1 box-text-bottom\" >\n\n\t\t<div class=\"box-image\" >\n\t\t\t<a href=\"https:\/\/spindlemotorshop.com\/de\/mj35b-370-370w-12000rpm-edge-bander-spindle\/\" >\t\t\t<div class=\"image-cover\" style=\"padding-top:46%;\">\n\t\t\t\t<img loading=\"lazy\" decoding=\"async\" width=\"1000\" height=\"1000\" src=\"https:\/\/spindlemotorshop.com\/wp-content\/uploads\/2024\/08\/O1CN01k9JTKZ1rhhgqZgVIu_2620755663.png_.jpeg\" class=\"attachment-original size-original\" alt=\"0,37 kW 12000 U\/min MJ35B-370 Endbeschnittmotor Kantenanleimspindel Zeichnung Produktbild\" srcset=\"https:\/\/spindlemotorshop.com\/wp-content\/uploads\/2024\/08\/O1CN01k9JTKZ1rhhgqZgVIu_2620755663.png_.jpeg 1000w, https:\/\/spindlemotorshop.com\/wp-content\/uploads\/2024\/08\/O1CN01k9JTKZ1rhhgqZgVIu_2620755663.png_-300x300.jpeg 300w, https:\/\/spindlemotorshop.com\/wp-content\/uploads\/2024\/08\/O1CN01k9JTKZ1rhhgqZgVIu_2620755663.png_-150x150.jpeg 150w, https:\/\/spindlemotorshop.com\/wp-content\/uploads\/2024\/08\/O1CN01k9JTKZ1rhhgqZgVIu_2620755663.png_-768x768.jpeg 768w, https:\/\/spindlemotorshop.com\/wp-content\/uploads\/2024\/08\/O1CN01k9JTKZ1rhhgqZgVIu_2620755663.png_-12x12.jpeg 12w, https:\/\/spindlemotorshop.com\/wp-content\/uploads\/2024\/08\/O1CN01k9JTKZ1rhhgqZgVIu_2620755663.png_-600x600.jpeg 600w, https:\/\/spindlemotorshop.com\/wp-content\/uploads\/2024\/08\/O1CN01k9JTKZ1rhhgqZgVIu_2620755663.png_-100x100.jpeg 100w\" sizes=\"auto, (max-width: 1000px) 100vw, 1000px\" \/>\t\t\t\t\t\t\t\t\t\t\t<\/div>\n\t\t\t<\/a>\t\t<\/div>\n\n\t\t<div class=\"box-text text-center\" style=\"padding:69px 0px 0px 0px;\">\n\t\t\t<div class=\"box-text-inner\">\n\t\t\t\t\n\t<div id=\"text-1008152048\" class=\"text\">\n\t\t\n<h4 style=\"text-align: center;\"><a class=\"button is-outline success\" href=\"https:\/\/spindlemotorshop.com\/de\/mj35b-370-370w-12000rpm-edge-bander-spindle\/\" data-wplink-edit=\"true\">MJ35B-370 0.37kw 12000rpm Endbearbeitungsspindelmotor f\u00fcr Kantenanleimmaschine<\/a><\/h4>\n\t\t\n<style>\n#text-1008152048 {\n  font-size: 0.75rem;\n  line-height: 0.75;\n}\n<\/style>\n\t<\/div>\n\t\n\t\t\t<\/div>\n\t\t<\/div>\n\t<\/div>\n\t\n\t\t<\/div>\n\t\t\t\t\t<\/div>\n\n\t\n\n\t<div id=\"col-1802591853\" class=\"col medium-4 small-12 large-4\"  >\n\t\t\t\t<div class=\"col-inner\"  >\n\t\t\t\n\t\t\t\n\t<div class=\"box has-hover   has-hover box-shadow-1 box-text-bottom\" >\n\n\t\t<div class=\"box-image\" >\n\t\t\t<a href=\"https:\/\/spindlemotorshop.com\/de\/mj35b-550-550w-12000rpm-end-trimming-spindle-motor\/\" >\t\t\t<div class=\"image-cover\" style=\"padding-top:46%;\">\n\t\t\t\t<img loading=\"lazy\" decoding=\"async\" width=\"1000\" height=\"1000\" src=\"https:\/\/spindlemotorshop.com\/wp-content\/uploads\/2024\/08\/O1CN01R8Ze5H1rhhfmOEXxx_2620755663.png_.jpeg\" class=\"attachment-original size-original\" alt=\"MJ35B-550 0,55 kW 12000 U\/min Endbearbeitungsspindelmotor f\u00fcr Kantenanleimmaschine\" srcset=\"https:\/\/spindlemotorshop.com\/wp-content\/uploads\/2024\/08\/O1CN01R8Ze5H1rhhfmOEXxx_2620755663.png_.jpeg 1000w, https:\/\/spindlemotorshop.com\/wp-content\/uploads\/2024\/08\/O1CN01R8Ze5H1rhhfmOEXxx_2620755663.png_-300x300.jpeg 300w, https:\/\/spindlemotorshop.com\/wp-content\/uploads\/2024\/08\/O1CN01R8Ze5H1rhhfmOEXxx_2620755663.png_-150x150.jpeg 150w, https:\/\/spindlemotorshop.com\/wp-content\/uploads\/2024\/08\/O1CN01R8Ze5H1rhhfmOEXxx_2620755663.png_-768x768.jpeg 768w, https:\/\/spindlemotorshop.com\/wp-content\/uploads\/2024\/08\/O1CN01R8Ze5H1rhhfmOEXxx_2620755663.png_-12x12.jpeg 12w, https:\/\/spindlemotorshop.com\/wp-content\/uploads\/2024\/08\/O1CN01R8Ze5H1rhhfmOEXxx_2620755663.png_-600x600.jpeg 600w, https:\/\/spindlemotorshop.com\/wp-content\/uploads\/2024\/08\/O1CN01R8Ze5H1rhhfmOEXxx_2620755663.png_-100x100.jpeg 100w\" sizes=\"auto, (max-width: 1000px) 100vw, 1000px\" \/>\t\t\t\t\t\t\t\t\t\t\t<\/div>\n\t\t\t<\/a>\t\t<\/div>\n\n\t\t<div class=\"box-text text-center\" style=\"padding:69px 0px 0px 0px;\">\n\t\t\t<div class=\"box-text-inner\">\n\t\t\t\t\n\t<div id=\"text-2546535097\" class=\"text\">\n\t\t\n<p><a class=\"button success is-outline\" href=\"https:\/\/spindlemotorshop.com\/de\/mj35b-550-550w-12000rpm-end-trimming-spindle-motor\/\">MJ35B-550 0,55 kW 12000 U\/min Endbearbeitungsspindelmotor f\u00fcr Kantenanleimmaschine<\/a><\/p>\n\t\t\n<style>\n#text-2546535097 {\n  font-size: 0.85rem;\n  line-height: 0.75;\n}\n<\/style>\n\t<\/div>\n\t\n\t\t\t<\/div>\n\t\t<\/div>\n\t<\/div>\n\t\n\t\t<\/div>\n\t\t\t\t\t<\/div>\n\n\t\n<\/div>\n\t\t<\/div>\n\t\t\t\t\t<\/div>\n\n\t\n\n<style>\n#row-132078048 > .col > .col-inner {\n  padding: 0px 0px 0px 0px;\n}\n<\/style>\n<\/div>\n\t<div id=\"text-1411632660\" class=\"text\">\n\t\t\n\t\t\n<style>\n#text-1411632660 {\n  text-align: center;\n}\n<\/style>\n\t<\/div>\n\t\n\t\t<\/div>\n\t\t\t\t\n<style>\n#col-1234716024 > .col-inner {\n  padding: 0px 0px 0px 0px;\n}\n<\/style>\n\t<\/div>\n\n\t\n<\/div>\n\t<div id=\"text-2159679356\" class=\"text\">\n\t\t\n<h5>Mit unserer Kantenanleimspindel gewinnen Sie einen vertrauensw\u00fcrdigen Partner, der Ihnen hilft, weitere Produktinformationen zu erhalten. Wir freuen uns darauf, mit Ihnen zusammenzuarbeiten und gemeinsam Brillanz zu schaffen.<\/h5>\n\t\t\n<style>\n#text-2159679356 {\n  font-size: 1.1rem;\n  text-align: center;\n}\n<\/style>\n\t<\/div>\n\t\n\t\t<\/div>\n\n\t\t\n<style>\n#section_69777741 {\n  padding-top: 30px;\n  padding-bottom: 30px;\n}\n<\/style>\n\t<\/section>\n\t\n<div class=\"row\"  id=\"row-46594843\">\n\n\t<div id=\"col-749271884\" class=\"col small-12 large-12\"  >\n\t\t\t\t<div class=\"col-inner\" style=\"background-color:#214184;\" >\n\t\t\t\n\t\t\t\n\t<section class=\"section\" id=\"section_1049478428\">\n\t\t<div class=\"bg section-bg fill bg-fill  bg-loaded\" >\n\n\t\t\t\n\t\t\t\n\t\t\t\n\n\t\t<\/div>\n\n\t\t\n\n\t\t<div class=\"section-content relative\">\n\t\t\t\n\t<div id=\"text-2014192423\" class=\"text\">\n\t\t\n<h1>Kontaktieren Sie uns und erhalten Sie eine perfekte L\u00f6sung<\/h1>\n\t\t\n<style>\n#text-2014192423 {\n  text-align: center;\n  color: rgb(255,255,255);\n}\n#text-2014192423 > * {\n  color: rgb(255,255,255);\n}\n<\/style>\n\t<\/div>\n\t\n<div class=\"text-center\"><div class=\"is-divider divider clearfix\" style=\"max-width:257px;background-color:rgb(255, 255, 255);\"><\/div><\/div>\n\n<div class=\"wpcf7 no-js\" id=\"wpcf7-f4286-o1\" lang=\"en-US\" dir=\"ltr\" data-wpcf7-id=\"4286\">\n<div class=\"screen-reader-response\"><p role=\"status\" aria-live=\"polite\" aria-atomic=\"true\"><\/p> <ul><\/ul><\/div>\n<form action=\"\/de\/wp-json\/wp\/v2\/pages\/2811#wpcf7-f4286-o1\" method=\"post\" class=\"wpcf7-form init\" aria-label=\"Kontaktformular\" novalidate=\"novalidate\" data-status=\"init\" data-trp-original-action=\"\/de\/wp-json\/wp\/v2\/pages\/2811#wpcf7-f4286-o1\">\n<div style=\"display: none;\">\n<input type=\"hidden\" name=\"_wpcf7\" value=\"4286\" \/>\n<input type=\"hidden\" name=\"_wpcf7_version\" value=\"6.0.6\" \/>\n<input type=\"hidden\" name=\"_wpcf7_locale\" value=\"en_US\" \/>\n<input type=\"hidden\" name=\"_wpcf7_unit_tag\" value=\"wpcf7-f4286-o1\" \/>\n<input type=\"hidden\" name=\"_wpcf7_container_post\" value=\"0\" \/>\n<input type=\"hidden\" name=\"_wpcf7_posted_data_hash\" value=\"\" \/>\n<\/div>\n<div class='custom_contact_style'>\n\t<div class=\"row row-small\">\n\t\t<div class=\"col medium-6 small-12 large-6\">\n\t\t\t<div class=\"col-inner\">\n\t\t\t\t<p><span class=\"wpcf7-form-control-wrap\" data-name=\"your-name\"><input size=\"40\" maxlength=\"400\" class=\"wpcf7-form-control wpcf7-text wpcf7-validates-as-required\" aria-required=\"true\" aria-invalid=\"false\" placeholder=\"Name*\" value=\"\" type=\"text\" name=\"your-name\" \/><\/span>\n\t\t\t\t<\/p>\n\t\t\t<\/div>\n\t\t<\/div>\n\t\t<div class=\"col medium-6 small-12 large-6\">\n\t\t\t<div class=\"col-inner\">\n\t\t\t\t<p><span class=\"wpcf7-form-control-wrap\" data-name=\"your-email\"><input size=\"40\" maxlength=\"400\" class=\"wpcf7-form-control wpcf7-email wpcf7-validates-as-required wpcf7-text wpcf7-validates-as-email\" aria-required=\"true\" aria-invalid=\"false\" placeholder=\"E-Mail*\" value=\"\" type=\"email\" name=\"your-email\" \/><\/span>\n\t\t\t\t<\/p>\n\t\t\t<\/div>\n\t\t<\/div>\n\t<\/div>\n\t<div class='cus_contact_form_bottom'>\n\t\t<p><span class=\"wpcf7-form-control-wrap\" data-name=\"your-phone\"><input size=\"40\" maxlength=\"400\" class=\"wpcf7-form-control wpcf7-text\" aria-invalid=\"false\" placeholder=\"Telefon\" value=\"\" type=\"text\" name=\"your-phone\" \/><\/span>\n\t\t<\/p>\n\t<\/div>\n\t<div class='cus_contact_form_bottom'>\n\t\t<p><span class=\"wpcf7-form-control-wrap\" data-name=\"your-country\"><input size=\"40\" maxlength=\"400\" class=\"wpcf7-form-control wpcf7-text\" aria-invalid=\"false\" placeholder=\"Land\" value=\"\" type=\"text\" name=\"your-country\" \/><\/span>\n\t\t<\/p>\n\t<\/div>\n\t<p><span class=\"wpcf7-form-control-wrap\" data-name=\"your-message\"><textarea cols=\"40\" rows=\"10\" maxlength=\"2000\" class=\"wpcf7-form-control wpcf7-textarea wpcf7-validates-as-required\" aria-required=\"true\" aria-invalid=\"false\" placeholder=\"Ihre Nachricht *\" name=\"your-message\"><\/textarea><\/span>\n\t<\/p>\n\t<div style=\"margin-bottom:10px;\">\n\t<\/div>\n\t<p><div id=\"cf7sr-69ff23f58e3d4\" class=\"cf7sr-g-turnstile\" data-redirect=\"\" data-theme=\"auto\" data-language=\"en\" data-size=\"normal\" \n    data-sitekey=\"0x4AAAAAAA3FLd3Fs0zNyv_e\"><\/div><span class=\"wpcf7-form-control-wrap cf7sr-turnstile\" data-name=\"cf7sr-turnstile\"><input type=\"hidden\" name=\"cf7sr-turnstile\" value=\"\" class=\"wpcf7-form-control\"><\/span><br \/>\n<input class=\"wpcf7-form-control wpcf7-submit has-spinner\" type=\"submit\" value=\"Nachricht senden\" \/>\n\t<\/p>\n<\/div><div class=\"wpcf7-response-output\" aria-hidden=\"true\"><\/div>\n<input type=\"hidden\" name=\"trp-form-language\" value=\"de\"\/><\/form>\n<\/div>\n\n\t\t<\/div>\n\n\t\t\n<style>\n#section_1049478428 {\n  padding-top: 30px;\n  padding-bottom: 30px;\n}\n<\/style>\n\t<\/section>\n\t\n\t\t<\/div>\n\t\t\t\t\n<style>\n#col-749271884 > .col-inner {\n  padding: 0px 5px 0px 5px;\n}\n<\/style>\n\t<\/div>\n\n\t\n<\/div>","protected":false},"excerpt":{"rendered":"<p>Spindel f\u00fcr Kantenanleimmaschinen zum Bes\u00e4umen von Enden<\/p>","protected":false},"author":1,"featured_media":0,"parent":0,"menu_order":0,"comment_status":"closed","ping_status":"closed","template":"","meta":{"_gspb_post_css":"","footnotes":""},"class_list":["post-2811","page","type-page","status-publish","hentry"],"_links":{"self":[{"href":"https:\/\/spindlemotorshop.com\/de\/wp-json\/wp\/v2\/pages\/2811","targetHints":{"allow":["GET"]}}],"collection":[{"href":"https:\/\/spindlemotorshop.com\/de\/wp-json\/wp\/v2\/pages"}],"about":[{"href":"https:\/\/spindlemotorshop.com\/de\/wp-json\/wp\/v2\/types\/page"}],"author":[{"embeddable":true,"href":"https:\/\/spindlemotorshop.com\/de\/wp-json\/wp\/v2\/users\/1"}],"replies":[{"embeddable":true,"href":"https:\/\/spindlemotorshop.com\/de\/wp-json\/wp\/v2\/comments?post=2811"}],"version-history":[{"count":0,"href":"https:\/\/spindlemotorshop.com\/de\/wp-json\/wp\/v2\/pages\/2811\/revisions"}],"wp:attachment":[{"href":"https:\/\/spindlemotorshop.com\/de\/wp-json\/wp\/v2\/media?parent=2811"}],"curies":[{"name":"wp","href":"https:\/\/api.w.org\/{rel}","templated":true}]}}