{"id":3066,"date":"2024-08-01T09:22:15","date_gmt":"2024-08-01T09:22:15","guid":{"rendered":"https:\/\/spindlemotorshop.com\/?page_id=3066"},"modified":"2024-10-08T03:07:40","modified_gmt":"2024-10-08T03:07:40","slug":"gdz105-3-2kw-3200w-er20-water-cooled-router-spindle","status":"publish","type":"page","link":"https:\/\/spindlemotorshop.com\/de\/gdz105-3-2kw-3200w-er20-water-cooled-router-spindle\/","title":{"rendered":"GDZ105-3.2 3,2 kW ER20 wassergek\u00fchlte Fr\u00e4sspindel"},"content":{"rendered":"<div class=\"row\"  id=\"row-1604511853\">\n\n\t<div id=\"col-1256509120\" class=\"col medium-6 small-12 large-6\"  >\n\t\t\t\t<div class=\"col-inner\"  >\n\t\t\t\n\t\t\t\n\t<div class=\"img has-hover x md-x lg-x y md-y lg-y\" id=\"image_522780977\">\n\t\t\t\t\t\t\t\t<div class=\"img-inner image-cover box-shadow-1 dark\" style=\"padding-top:75%;\">\n\t\t\t<img loading=\"lazy\" decoding=\"async\" width=\"600\" height=\"600\" src=\"https:\/\/spindlemotorshop.com\/wp-content\/uploads\/2024\/08\/150165005248.jpg\" class=\"attachment-original size-original\" alt=\"3,2 kW ER20 GDZ105-3.2 WASSERGEK\u00dcHLTE SPINDEL\" srcset=\"https:\/\/spindlemotorshop.com\/wp-content\/uploads\/2024\/08\/150165005248.jpg 600w, https:\/\/spindlemotorshop.com\/wp-content\/uploads\/2024\/08\/150165005248-300x300.jpg 300w, https:\/\/spindlemotorshop.com\/wp-content\/uploads\/2024\/08\/150165005248-150x150.jpg 150w, https:\/\/spindlemotorshop.com\/wp-content\/uploads\/2024\/08\/150165005248-12x12.jpg 12w, https:\/\/spindlemotorshop.com\/wp-content\/uploads\/2024\/08\/150165005248-100x100.jpg 100w\" sizes=\"auto, (max-width: 600px) 100vw, 600px\" \/>\t\t\t\t\t\t\n\t\t\t\t\t<\/div>\n\t\t\t\t\t\t\t\t\n<style>\n#image_522780977 {\n  width: 100%;\n}\n<\/style>\n\t<\/div>\n\t\n\t\t<\/div>\n\t\t\t\t\t<\/div>\n\n\t\n\n\t<div id=\"col-1345820552\" class=\"col medium-6 small-12 large-6\"  >\n\t\t\t\t<div class=\"col-inner text-left\"  >\n\t\t\t\n\t\t\t\n\t<div id=\"text-3356137488\" class=\"text\">\n\t\t\n<h3 class=\"inner-3__prodetailname\">GDZ105-3.2 3,2 kW ER20 WASSERGEK\u00dcHLTE SPINDEL<\/h3>\n\t\t\n<style>\n#text-3356137488 {\n  font-size: 0.95rem;\n}\n<\/style>\n\t<\/div>\n\t\n\t<div id=\"text-2100905572\" class=\"text\">\n\t\t\n<ul>\n<li style=\"text-align: left;\">GDZ105-3.2B (Stein)<\/li>\n<li style=\"text-align: left;\">ER20 Spindelmotor<\/li>\n<li>24000 U\/min Spindel<\/li>\n<li>Wassergek\u00fchlter Spindelmotor mit 3,2 kW<\/li>\n<li>380-V-Elektrospindelmotor<\/li>\n<li>Spindelmotor f\u00fcr die Steinbearbeitung<\/li>\n<li>\u03a6105mm Spindelmotor<\/li>\n<li>CNC-Steinfr\u00e4sspindelmotor, CNC-Steingravurspindelmotor<\/li>\n<\/ul>\n\t\t\n<style>\n#text-2100905572 {\n  text-align: left;\n}\n<\/style>\n\t<\/div>\n\t\n<a href=\"\/de\/contact\/\" target=\"_blank\" class=\"button primary\" rel=\"noopener\"  style=\"border-radius:99px;\">\n    <span>kontaktiere uns<\/span>\n  <\/a>\n\n\t\t<\/div>\n\t\t\t\t\n<style>\n#col-1345820552 > .col-inner {\n  padding: 0px 0px 5px 0px;\n}\n<\/style>\n\t<\/div>\n\n\t\n<\/div>\n<div class=\"text-center\"><div class=\"is-divider divider clearfix\" style=\"margin-top:0.9em;margin-bottom:0.9em;max-width:502px;\"><\/div><\/div>\n<blockquote>\n<ul>\n<li>Unsere CNC-Spindelmotoren werden direkt ab Werk geliefert und nicht von den preisg\u00fcnstigsten Lieferanten mit unbekannten Bezugsquellen bezogen. Dadurch wird eine bekannte Qualit\u00e4t und Zuverl\u00e4ssigkeit gew\u00e4hrleistet. Alle CNC-Fr\u00e4sspindeln von RicoCNC sind original und keine F\u00e4lschungen.<\/li>\n<\/ul>\n<\/blockquote>\n\t<section class=\"section\" id=\"section_939171038\">\n\t\t<div class=\"bg section-bg fill bg-fill  bg-loaded\" >\n\n\t\t\t\n\t\t\t\n\t\t\t\n\n\t\t<\/div>\n\n\t\t\n\n\t\t<div class=\"section-content relative\">\n\t\t\t\n<div class=\"row\"  id=\"row-683843824\">\n\n\t<div id=\"col-1850698842\" class=\"col medium-6 small-12 large-6\"  >\n\t\t\t\t<div class=\"col-inner\"  >\n\t\t\t\n\t\t\t\n<h2>Technische Eigenschaften<\/h2>\n<div class=\"is-divider divider clearfix\" style=\"max-width:91px;background-color:rgb(82, 117, 141);\"><\/div>\n\n<style>\n  \/* \u5b9a\u4e49\u5c45\u4e2d\u7b2c\u4e00\u5217\u5355\u5143\u683c\u7684\u6837\u5f0f *\/<br \/>  .center-first-column {<br \/>    text-align: center; \/* \u6587\u672c\u5c45\u4e2d *\/<br \/>  }<\/p>\n<p>  td, th {<br \/>    padding: 8px; \/* \u5355\u5143\u683c\u5185\u8fb9\u8ddd *\/<br \/>    border: 1px solid #ddd; \/* \u5355\u5143\u683c\u8fb9\u6846 *\/<br \/>  }<\/p>\n<p>  table {<br \/>    width: 100%; \/* \u8868\u683c\u5bbd\u5ea6 *\/<br \/>    border-collapse: collapse; \/* \u8fb9\u6846\u5408\u5e76 *\/<br \/>    font-family: Arial, sans-serif; \/* \u5b57\u4f53 *\/<br \/>  }<br \/><\/style>\n<p>&nbsp;<\/p>\n<table border=\"1\">\n<tbody>\n<tr>\n<th class=\"center-first-column\">Spindeltyp<\/th>\n<td>GDZ100-3B<\/td>\n<\/tr>\n<tr>\n<th class=\"center-first-column\">Durchmesser<\/th>\n<td>\u03a6105 mm<\/td>\n<\/tr>\n<tr>\n<th class=\"center-first-column\">Geschwindigkeit<\/th>\n<td>24000 U\/min<\/td>\n<\/tr>\n<tr>\n<th class=\"center-first-column\">Leistung<\/th>\n<td>3 kW<\/td>\n<\/tr>\n<tr>\n<th class=\"center-first-column\">Stromspannung<\/th>\n<td>220 V\/380 V<\/td>\n<\/tr>\n<tr>\n<th class=\"center-first-column\">Aktuell<\/th>\n<td>12A\/7A<\/td>\n<\/tr>\n<tr>\n<th class=\"center-first-column\">Frequenz<\/th>\n<td>400 Hz<\/td>\n<\/tr>\n<tr>\n<th class=\"center-first-column\">Drehmoment<\/th>\n<td>1,23 Nm<\/td>\n<\/tr>\n<tr>\n<th class=\"center-first-column\">Spannzange<\/th>\n<td>ER20<\/td>\n<\/tr>\n<tr>\n<th class=\"center-first-column\">Lagertyp<\/th>\n<td>7005CP4*2+7003CP4*1<\/td>\n<\/tr>\n<tr>\n<th class=\"center-first-column\">Gewicht<\/th>\n<td>11 kg<\/td>\n<\/tr>\n<\/tbody>\n<\/table>\n\n\t\t<\/div>\n\t\t\t\t\t<\/div>\n\n\t\n\n\t<div id=\"col-198307736\" class=\"col medium-6 small-12 large-6\"  >\n\t\t\t\t<div class=\"col-inner\"  >\n\t\t\t\n\t\t\t\n<h2>Spindeldesign<\/h2>\n<div class=\"is-divider divider clearfix\" style=\"max-width:91px;background-color:rgb(82, 117, 141);\"><\/div>\n\t<div class=\"img has-hover x md-x lg-x y md-y lg-y\" id=\"image_1095672340\">\n\t\t\t\t\t\t\t\t<div class=\"img-inner dark\" >\n\t\t\t<img loading=\"lazy\" decoding=\"async\" width=\"538\" height=\"214\" src=\"https:\/\/spindlemotorshop.com\/wp-content\/uploads\/2024\/08\/2966318222_355255932-1.jpg\" class=\"attachment-original size-original\" alt=\"3. 2kw ER20 GDZ105-3.2 WASSERGEK\u00dcHLTE SPINDEL Zeichnung\" srcset=\"https:\/\/spindlemotorshop.com\/wp-content\/uploads\/2024\/08\/2966318222_355255932-1.jpg 538w, https:\/\/spindlemotorshop.com\/wp-content\/uploads\/2024\/08\/2966318222_355255932-1-300x119.jpg 300w, https:\/\/spindlemotorshop.com\/wp-content\/uploads\/2024\/08\/2966318222_355255932-1-18x7.jpg 18w\" sizes=\"auto, (max-width: 538px) 100vw, 538px\" \/>\t\t\t\t\t\t\n\t\t\t\t\t<\/div>\n\t\t\t\t\t\t\t\t\n<style>\n#image_1095672340 {\n  width: 100%;\n}\n<\/style>\n\t<\/div>\n\t\n\t\t<\/div>\n\t\t\t\t\n<style>\n#col-198307736 > .col-inner {\n  margin: 0px 0px -96px 0px;\n}\n<\/style>\n\t<\/div>\n\n\t\n<\/div>\n<ul>\n<li>Hochgeschwindigkeitsdesign: 24.000 U\/min, f\u00fcr eine schnelle und feine Verarbeitung.<\/li>\n<li>Gro\u00dfer Spannungsbereich: Passt sich der Spannungsumgebung von 220 V bis 380 V an und reagiert flexibel auf unterschiedliche Industrieanwendungen.<\/li>\n<li>Stabiler Strom: 12 A\/7 A Strom, um einen stabilen Motorbetrieb zu gew\u00e4hrleisten.<\/li>\n<li>Feine Drehmomentkontrolle: 1,23 Nm, um hohe Pr\u00e4zision und Stabilit\u00e4t w\u00e4hrend der Verarbeitung zu gew\u00e4hrleisten.<\/li>\n<li>Geeignet f\u00fcr hochpr\u00e4zises Fr\u00e4sen, Bohren, Gravieren und andere Verarbeitungsaufgaben, weit verbreitet im Formenbau, bei medizinischen Ger\u00e4ten, in der Pr\u00e4zisionsteileverarbeitung und in anderen Branchen.<\/li>\n<\/ul>\n<p><strong>(Von der Bearbeitung von Stein oder Hartmetall wird abgeraten!)<\/strong><\/p>\n\t\t<\/div>\n\n\t\t\n<style>\n#section_939171038 {\n  padding-top: 30px;\n  padding-bottom: 30px;\n}\n<\/style>\n\t<\/section>\n\t\n<div class=\"row\"  id=\"row-987426469\">\n\n\t<div id=\"col-561874678\" class=\"col medium-6 small-12 large-6\"  >\n\t\t\t\t<div class=\"col-inner\"  >\n\t\t\t\n\t\t\t\n\t<div class=\"img has-hover x md-x lg-x y md-y lg-y\" id=\"image_92509367\">\n\t\t\t\t\t\t\t\t<div class=\"img-inner image-cover dark\" style=\"padding-top:75%;\">\n\t\t\t<img loading=\"lazy\" decoding=\"async\" width=\"600\" height=\"600\" src=\"https:\/\/spindlemotorshop.com\/wp-content\/uploads\/2024\/08\/1977415016500651.jpg\" class=\"attachment-original size-original\" alt=\"3,2 kW ER20 GDZ105-3.2 wassergek\u00fchlte Spindel Bild\" srcset=\"https:\/\/spindlemotorshop.com\/wp-content\/uploads\/2024\/08\/1977415016500651.jpg 600w, https:\/\/spindlemotorshop.com\/wp-content\/uploads\/2024\/08\/1977415016500651-300x300.jpg 300w, https:\/\/spindlemotorshop.com\/wp-content\/uploads\/2024\/08\/1977415016500651-150x150.jpg 150w, https:\/\/spindlemotorshop.com\/wp-content\/uploads\/2024\/08\/1977415016500651-12x12.jpg 12w, https:\/\/spindlemotorshop.com\/wp-content\/uploads\/2024\/08\/1977415016500651-100x100.jpg 100w\" sizes=\"auto, (max-width: 600px) 100vw, 600px\" \/>\t\t\t\t\t\t\n\t\t\t\t\t<\/div>\n\t\t\t\t\t\t\t\t\n<style>\n#image_92509367 {\n  width: 100%;\n}\n<\/style>\n\t<\/div>\n\t\n\t\t<\/div>\n\t\t\t\t\t<\/div>\n\n\t\n\n\t<div id=\"col-1615088274\" class=\"col medium-6 small-12 large-6\"  >\n\t\t\t\t<div class=\"col-inner\"  >\n\t\t\t\n\t\t\t\n\t<div class=\"img has-hover x md-x lg-x y md-y lg-y\" id=\"image_1599254871\">\n\t\t\t\t\t\t\t\t<div class=\"img-inner image-cover dark\" style=\"padding-top:75%;\">\n\t\t\t<img loading=\"lazy\" decoding=\"async\" width=\"1200\" height=\"900\" src=\"https:\/\/spindlemotorshop.com\/wp-content\/uploads\/2024\/08\/4.jpg\" class=\"attachment-original size-original\" alt=\"3,2 kW ER20 GDZ105-3.2 WASSERGEK\u00dcHLTE SPINDEL Anwendung\" srcset=\"https:\/\/spindlemotorshop.com\/wp-content\/uploads\/2024\/08\/4.jpg 1200w, https:\/\/spindlemotorshop.com\/wp-content\/uploads\/2024\/08\/4-300x225.jpg 300w, https:\/\/spindlemotorshop.com\/wp-content\/uploads\/2024\/08\/4-1024x768.jpg 1024w, https:\/\/spindlemotorshop.com\/wp-content\/uploads\/2024\/08\/4-768x576.jpg 768w, https:\/\/spindlemotorshop.com\/wp-content\/uploads\/2024\/08\/4-16x12.jpg 16w, https:\/\/spindlemotorshop.com\/wp-content\/uploads\/2024\/08\/4-600x450.jpg 600w\" sizes=\"auto, (max-width: 1200px) 100vw, 1200px\" \/>\t\t\t\t\t\t\n\t\t\t\t\t<\/div>\n\t\t\t\t\t\t\t\t\n<style>\n#image_1599254871 {\n  width: 98%;\n}\n<\/style>\n\t<\/div>\n\t\n\t\t<\/div>\n\t\t\t\t\t<\/div>\n\n\t\n<\/div>\n\t<section class=\"section\" id=\"section_2021374890\">\n\t\t<div class=\"bg section-bg fill bg-fill  bg-loaded\" >\n\n\t\t\t\n\t\t\t\n\t\t\t\n\n\t\t<\/div>\n\n\t\t\n\n\t\t<div class=\"section-content relative\">\n\t\t\t\n<h4>Wenn Sie eine CNC-Spindel ben\u00f6tigen, senden Sie uns gerne eine Anfrage<\/h4>\n\t\t<\/div>\n\n\t\t\n<style>\n#section_2021374890 {\n  padding-top: 30px;\n  padding-bottom: 30px;\n}\n<\/style>\n\t<\/section>\n\t\n\t<section class=\"section\" id=\"section_1782392030\">\n\t\t<div class=\"bg section-bg fill bg-fill  bg-loaded\" >\n\n\t\t\t\n\t\t\t\n\t\t\t\n\n\t\t<\/div>\n\n\t\t\n\n\t\t<div class=\"section-content relative\">\n\t\t\t\n<div class=\"row row-full-width align-center\"  id=\"row-1526937052\">\n\n\t<div id=\"col-2023403992\" class=\"col small-12 large-12\"  >\n\t\t\t\t<div class=\"col-inner text-center\"  >\n\t\t\t\n\t\t\t\n\t<div id=\"text-1860649106\" class=\"text\">\n\t\t\n\t\t\n<style>\n#text-1860649106 {\n  text-align: left;\n}\n<\/style>\n\t<\/div>\n\t\n\t<div id=\"text-958700199\" class=\"text\">\n\t\t\n<h2>KONTAKTIEREN SIE UNS<\/h2>\n\t\t\n<style>\n#text-958700199 {\n  color: rgb(255,255,255);\n}\n#text-958700199 > * {\n  color: rgb(255,255,255);\n}\n<\/style>\n\t<\/div>\n\t\n\n<div class=\"wpcf7 no-js\" id=\"wpcf7-f280-o1\" lang=\"en-US\" dir=\"ltr\" data-wpcf7-id=\"280\">\n<div class=\"screen-reader-response\"><p role=\"status\" aria-live=\"polite\" aria-atomic=\"true\"><\/p> <ul><\/ul><\/div>\n<form action=\"\/de\/wp-json\/wp\/v2\/pages\/3066#wpcf7-f280-o1\" method=\"post\" class=\"wpcf7-form init\" aria-label=\"Kontaktformular\" novalidate=\"novalidate\" data-status=\"init\" data-trp-original-action=\"\/de\/wp-json\/wp\/v2\/pages\/3066#wpcf7-f280-o1\">\n<div style=\"display: none;\">\n<input type=\"hidden\" name=\"_wpcf7\" value=\"280\" \/>\n<input type=\"hidden\" name=\"_wpcf7_version\" value=\"6.0.6\" \/>\n<input type=\"hidden\" name=\"_wpcf7_locale\" value=\"en_US\" \/>\n<input type=\"hidden\" name=\"_wpcf7_unit_tag\" value=\"wpcf7-f280-o1\" \/>\n<input type=\"hidden\" name=\"_wpcf7_container_post\" value=\"0\" \/>\n<input type=\"hidden\" name=\"_wpcf7_posted_data_hash\" value=\"\" \/>\n<\/div>\n<div class='custom_contact_style'>\n\t<div class=\"row row-small\">\n\t\t<div class=\"col medium-6 small-12 large-6\">\n\t\t\t<div class=\"col-inner\">\n\t\t\t\t<p><span class=\"wpcf7-form-control-wrap\" data-name=\"your-name\"><input size=\"40\" maxlength=\"400\" class=\"wpcf7-form-control wpcf7-text wpcf7-validates-as-required\" aria-required=\"true\" aria-invalid=\"false\" placeholder=\"Name*\" value=\"\" type=\"text\" name=\"your-name\" \/><\/span>\n\t\t\t\t<\/p>\n\t\t\t<\/div>\n\t\t<\/div>\n\t\t<div class=\"col medium-6 small-12 large-6\">\n\t\t\t<div class=\"col-inner\">\n\t\t\t\t<p><span class=\"wpcf7-form-control-wrap\" data-name=\"your-email\"><input size=\"40\" maxlength=\"400\" class=\"wpcf7-form-control wpcf7-email wpcf7-validates-as-required wpcf7-text wpcf7-validates-as-email\" aria-required=\"true\" aria-invalid=\"false\" placeholder=\"E-Mail*\" value=\"\" type=\"email\" name=\"your-email\" \/><\/span>\n\t\t\t\t<\/p>\n\t\t\t<\/div>\n\t\t<\/div>\n\t<\/div>\n\t<div class='cus_contact_form_bottom'>\n\t\t<p><span class=\"wpcf7-form-control-wrap\" data-name=\"your-phone\"><input size=\"40\" maxlength=\"400\" class=\"wpcf7-form-control wpcf7-text\" aria-invalid=\"false\" placeholder=\"Telefon\" value=\"\" type=\"text\" name=\"your-phone\" \/><\/span>\n\t\t<\/p>\n\t<\/div>\n\t<div class='cus_contact_form_bottom'>\n\t\t<p><span class=\"wpcf7-form-control-wrap\" data-name=\"your-country\"><input size=\"40\" maxlength=\"400\" class=\"wpcf7-form-control wpcf7-text\" aria-invalid=\"false\" placeholder=\"Land\" value=\"\" type=\"text\" name=\"your-country\" \/><\/span>\n\t\t<\/p>\n\t<\/div>\n\t<p><span class=\"wpcf7-form-control-wrap\" data-name=\"your-message\"><textarea cols=\"40\" rows=\"10\" maxlength=\"2000\" class=\"wpcf7-form-control wpcf7-textarea wpcf7-validates-as-required\" aria-required=\"true\" aria-invalid=\"false\" placeholder=\"Ihre Nachricht *\" name=\"your-message\"><\/textarea><\/span>\n\t<\/p>\n\t<div style=\"margin-bottom:10px;\">\n\t<\/div>\n\t<p><div id=\"cf7sr-69ff306f5e84d\" class=\"cf7sr-g-turnstile\" data-redirect=\"\" data-theme=\"auto\" data-language=\"en\" data-size=\"normal\" \n    data-sitekey=\"0x4AAAAAAA3FLd3Fs0zNyv_e\"><\/div><span class=\"wpcf7-form-control-wrap cf7sr-turnstile\" data-name=\"cf7sr-turnstile\"><input type=\"hidden\" name=\"cf7sr-turnstile\" value=\"\" class=\"wpcf7-form-control\"><\/span><br \/>\n<input class=\"wpcf7-form-control wpcf7-submit has-spinner\" type=\"submit\" value=\"Nachricht senden\" \/>\n\t<\/p>\n<\/div><div class=\"wpcf7-response-output\" aria-hidden=\"true\"><\/div>\n<input type=\"hidden\" name=\"trp-form-language\" value=\"de\"\/><\/form>\n<\/div>\n\n\t\t<\/div>\n\t\t\t\t\t<\/div>\n\n\t\n<\/div>\n\t\t<\/div>\n\n\t\t\n<style>\n#section_1782392030 {\n  padding-top: 30px;\n  padding-bottom: 30px;\n  background-color: #214184;\n}\n<\/style>\n\t<\/section>","protected":false},"excerpt":{"rendered":"<p>Unsere CNC-Spindelmotoren werden direkt ab Werk geliefert und nicht von den preisg\u00fcnstigsten Lieferanten mit unbekannten Bezugsquellen bezogen. Dadurch wird eine bekannte Qualit\u00e4t und Zuverl\u00e4ssigkeit gew\u00e4hrleistet. Alle CNC-Fr\u00e4sspindeln von RicoCNC sind original und keine F\u00e4lschungen.<\/p>","protected":false},"author":1,"featured_media":3076,"parent":0,"menu_order":0,"comment_status":"closed","ping_status":"closed","template":"","meta":{"_gspb_post_css":"","footnotes":""},"class_list":["post-3066","page","type-page","status-publish","has-post-thumbnail","hentry"],"_links":{"self":[{"href":"https:\/\/spindlemotorshop.com\/de\/wp-json\/wp\/v2\/pages\/3066","targetHints":{"allow":["GET"]}}],"collection":[{"href":"https:\/\/spindlemotorshop.com\/de\/wp-json\/wp\/v2\/pages"}],"about":[{"href":"https:\/\/spindlemotorshop.com\/de\/wp-json\/wp\/v2\/types\/page"}],"author":[{"embeddable":true,"href":"https:\/\/spindlemotorshop.com\/de\/wp-json\/wp\/v2\/users\/1"}],"replies":[{"embeddable":true,"href":"https:\/\/spindlemotorshop.com\/de\/wp-json\/wp\/v2\/comments?post=3066"}],"version-history":[{"count":0,"href":"https:\/\/spindlemotorshop.com\/de\/wp-json\/wp\/v2\/pages\/3066\/revisions"}],"wp:featuredmedia":[{"embeddable":true,"href":"https:\/\/spindlemotorshop.com\/de\/wp-json\/wp\/v2\/media\/3076"}],"wp:attachment":[{"href":"https:\/\/spindlemotorshop.com\/de\/wp-json\/wp\/v2\/media?parent=3066"}],"curies":[{"name":"wp","href":"https:\/\/api.w.org\/{rel}","templated":true}]}}