{"id":3145,"date":"2024-08-02T07:07:50","date_gmt":"2024-08-02T07:07:50","guid":{"rendered":"https:\/\/spindlemotorshop.com\/?page_id=3145"},"modified":"2024-10-08T03:24:14","modified_gmt":"2024-10-08T03:24:14","slug":"gdz80f-1-5-1500w-er11-round-air-cooling-spindle","status":"publish","type":"page","link":"https:\/\/spindlemotorshop.com\/de\/gdz80f-1-5-1500w-er11-round-air-cooling-spindle\/","title":{"rendered":"GDZ80F-1.5 1,5 kW ER11 runde Luftk\u00fchlungsspindel"},"content":{"rendered":"<div class=\"row\"  id=\"row-1412580496\">\n\n\t<div id=\"col-777477818\" class=\"col medium-6 small-12 large-6\"  >\n\t\t\t\t<div class=\"col-inner\"  >\n\t\t\t\n\t\t\t\n\t<div class=\"img has-hover x md-x lg-x y md-y lg-y\" id=\"image_32316376\">\n\t\t\t\t\t\t\t\t<div class=\"img-inner image-cover box-shadow-1 dark\" style=\"padding-top:75%;\">\n\t\t\t<img loading=\"lazy\" decoding=\"async\" width=\"800\" height=\"800\" src=\"https:\/\/spindlemotorshop.com\/wp-content\/uploads\/2024\/08\/150164244668.jpg\" class=\"attachment-original size-original\" alt=\"1,5 kW ER11 GDZ80F-1.5 LUFTGEK\u00dcHLTE SPINDEL\" srcset=\"https:\/\/spindlemotorshop.com\/wp-content\/uploads\/2024\/08\/150164244668.jpg 800w, https:\/\/spindlemotorshop.com\/wp-content\/uploads\/2024\/08\/150164244668-300x300.jpg 300w, https:\/\/spindlemotorshop.com\/wp-content\/uploads\/2024\/08\/150164244668-150x150.jpg 150w, https:\/\/spindlemotorshop.com\/wp-content\/uploads\/2024\/08\/150164244668-768x768.jpg 768w, https:\/\/spindlemotorshop.com\/wp-content\/uploads\/2024\/08\/150164244668-12x12.jpg 12w, https:\/\/spindlemotorshop.com\/wp-content\/uploads\/2024\/08\/150164244668-600x600.jpg 600w, https:\/\/spindlemotorshop.com\/wp-content\/uploads\/2024\/08\/150164244668-100x100.jpg 100w\" sizes=\"auto, (max-width: 800px) 100vw, 800px\" \/>\t\t\t\t\t\t\n\t\t\t\t\t<\/div>\n\t\t\t\t\t\t\t\t\n<style>\n#image_32316376 {\n  width: 100%;\n}\n<\/style>\n\t<\/div>\n\t\n\t\t<\/div>\n\t\t\t\t\t<\/div>\n\n\t\n\n\t<div id=\"col-1396505979\" class=\"col medium-6 small-12 large-6\"  >\n\t\t\t\t<div class=\"col-inner text-left\"  >\n\t\t\t\n\t\t\t\n\t<div id=\"text-4233324650\" class=\"text\">\n\t\t\n<h3 class=\"inner-3__prodetailname\">GDZ80F-1.5 1,5 kW ER11 RUNDE LUFTGEK\u00dcHLTE SPINDEL<\/h3>\n\t\t\n<style>\n#text-4233324650 {\n  font-size: 0.95rem;\n}\n<\/style>\n\t<\/div>\n\t\n\t<div id=\"text-355683735\" class=\"text\">\n\t\t\n<ul>\n<li style=\"text-align: left;\">GDZ80F-1.5<\/li>\n<li style=\"text-align: left;\">ER11 Spindelmotor<\/li>\n<li>24000 U\/min CNC-Spindel<\/li>\n<li>Luftgek\u00fchlter Spindelmotor mit 1,5 kW<\/li>\n<li>220V Elektrospindelmotor<\/li>\n<li>CNC-Fr\u00e4sen, Gravierspindelmotor<\/li>\n<li>\u03a680mm Spindelmotor<\/li>\n<li>runde luftgek\u00fchlte Spindel<\/li>\n<\/ul>\n\t\t\n<style>\n#text-355683735 {\n  text-align: left;\n}\n<\/style>\n\t<\/div>\n\t\n<a href=\"\/de\/contact\/\" target=\"_blank\" class=\"button primary\" rel=\"noopener\"  style=\"border-radius:99px;\">\n    <span>kontaktiere uns<\/span>\n  <\/a>\n\n\t\t<\/div>\n\t\t\t\t\n<style>\n#col-1396505979 > .col-inner {\n  padding: 0px 0px 5px 0px;\n}\n<\/style>\n\t<\/div>\n\n\t\n<\/div>\n<div class=\"text-center\"><div class=\"is-divider divider clearfix\" style=\"margin-top:0.9em;margin-bottom:0.9em;max-width:502px;\"><\/div><\/div>\n<blockquote>\n<ul>\n<li>Unsere CNC-Spindelmotoren werden direkt ab Werk geliefert und nicht von den preisg\u00fcnstigsten Lieferanten mit unbekannten Bezugsquellen bezogen. Dadurch wird eine bekannte Qualit\u00e4t und Zuverl\u00e4ssigkeit gew\u00e4hrleistet. Alle CNC-Fr\u00e4sspindeln von RicoCNC sind original und keine F\u00e4lschungen.<\/li>\n<\/ul>\n<\/blockquote>\n\t<section class=\"section\" id=\"section_2025696802\">\n\t\t<div class=\"bg section-bg fill bg-fill  bg-loaded\" >\n\n\t\t\t\n\t\t\t\n\t\t\t\n\n\t\t<\/div>\n\n\t\t\n\n\t\t<div class=\"section-content relative\">\n\t\t\t\n<div class=\"row\"  id=\"row-133794485\">\n\n\t<div id=\"col-354024236\" class=\"col medium-6 small-12 large-6\"  >\n\t\t\t\t<div class=\"col-inner\"  >\n\t\t\t\n\t\t\t\n<h2>Technische Eigenschaften<\/h2>\n<div class=\"is-divider divider clearfix\" style=\"max-width:91px;background-color:rgb(82, 117, 141);\"><\/div>\n\n<style>\n  \/* \u5b9a\u4e49\u5c45\u4e2d\u7b2c\u4e00\u5217\u5355\u5143\u683c\u7684\u6837\u5f0f *\/<br \/>  .center-first-column {<br \/>    text-align: center; \/* \u6587\u672c\u5c45\u4e2d *\/<br \/>  }<\/p>\n<p>  td, th {<br \/>    padding: 8px; \/* \u5355\u5143\u683c\u5185\u8fb9\u8ddd *\/<br \/>    border: 1px solid #ddd; \/* \u5355\u5143\u683c\u8fb9\u6846 *\/<br \/>  }<\/p>\n<p>  table {<br \/>    width: 100%; \/* \u8868\u683c\u5bbd\u5ea6 *\/<br \/>    border-collapse: collapse; \/* \u8fb9\u6846\u5408\u5e76 *\/<br \/>    font-family: Arial, sans-serif; \/* \u5b57\u4f53 *\/<br \/>  }<br \/><\/style>\n<p>&nbsp;<\/p>\n<table border=\"1\">\n<tbody>\n<tr>\n<th class=\"center-first-column\">Spindeltyp<\/th>\n<td>GDZ80F-1.5<\/td>\n<\/tr>\n<tr>\n<th class=\"center-first-column\">Durchmesser<\/th>\n<td>\u03a680 mm<\/td>\n<\/tr>\n<tr>\n<th class=\"center-first-column\">Geschwindigkeit<\/th>\n<td>24000 U\/min<\/td>\n<\/tr>\n<tr>\n<th class=\"center-first-column\">Leistung<\/th>\n<td>1,5 kW<\/td>\n<\/tr>\n<tr>\n<th class=\"center-first-column\">Stromspannung<\/th>\n<td>220 V<\/td>\n<\/tr>\n<tr>\n<th class=\"center-first-column\">Aktuell<\/th>\n<td>5A<\/td>\n<\/tr>\n<tr>\n<th class=\"center-first-column\">Frequenz<\/th>\n<td>400 Hz<\/td>\n<\/tr>\n<tr>\n<th class=\"center-first-column\">Drehmoment<\/th>\n<td>0,91 Nm<\/td>\n<\/tr>\n<tr>\n<th class=\"center-first-column\">Spannzange<\/th>\n<td>ER11<\/td>\n<\/tr>\n<tr>\n<th class=\"center-first-column\">Lagertyp<\/th>\n<td>7002CP4*2+7002CP4*2<\/td>\n<\/tr>\n<tr>\n<th class=\"center-first-column\">Gewicht<\/th>\n<td>4,4 kg<\/td>\n<\/tr>\n<\/tbody>\n<\/table>\n\n\t\t<\/div>\n\t\t\t\t\t<\/div>\n\n\t\n\n\t<div id=\"col-59419673\" class=\"col medium-6 small-12 large-6\"  >\n\t\t\t\t<div class=\"col-inner\"  >\n\t\t\t\n\t\t\t\n<h2>Spindeldesign<\/h2>\n<div class=\"is-divider divider clearfix\" style=\"max-width:91px;background-color:rgb(82, 117, 141);\"><\/div>\n\t<div class=\"img has-hover x md-x lg-x y md-y lg-y\" id=\"image_359097583\">\n\t\t\t\t\t\t\t\t<div class=\"img-inner dark\" >\n\t\t\t<img loading=\"lazy\" decoding=\"async\" width=\"750\" height=\"350\" src=\"https:\/\/spindlemotorshop.com\/wp-content\/uploads\/2024\/08\/3492901120_355255932.jpg\" class=\"attachment-original size-original\" alt=\"1,5 kW ER11 GDZ80F-1.5 LUFTGEK\u00dcHLTE SPINDEL Zeichnung\" srcset=\"https:\/\/spindlemotorshop.com\/wp-content\/uploads\/2024\/08\/3492901120_355255932.jpg 750w, https:\/\/spindlemotorshop.com\/wp-content\/uploads\/2024\/08\/3492901120_355255932-300x140.jpg 300w, https:\/\/spindlemotorshop.com\/wp-content\/uploads\/2024\/08\/3492901120_355255932-18x8.jpg 18w, https:\/\/spindlemotorshop.com\/wp-content\/uploads\/2024\/08\/3492901120_355255932-600x280.jpg 600w\" sizes=\"auto, (max-width: 750px) 100vw, 750px\" \/>\t\t\t\t\t\t\n\t\t\t\t\t<\/div>\n\t\t\t\t\t\t\t\t\n<style>\n#image_359097583 {\n  width: 100%;\n}\n<\/style>\n\t<\/div>\n\t\n\t<div class=\"img has-hover x md-x lg-x y md-y lg-y\" id=\"image_1230430972\">\n\t\t\t\t\t\t\t\t<div class=\"img-inner dark\" >\n\t\t\t\t\t\t\t\t\t\n\t\t\t\t\t<\/div>\n\t\t\t\t\t\t\t\t\n<style>\n#image_1230430972 {\n  width: 93%;\n}\n<\/style>\n\t<\/div>\n\t\n\t<div class=\"img has-hover x md-x lg-x y md-y lg-y\" id=\"image_735056891\">\n\t\t\t\t\t\t\t\t<div class=\"img-inner image-cover dark\" style=\"padding-top:75%;\">\n\t\t\t\t\t\t\t\t\t\n\t\t\t\t\t<\/div>\n\t\t\t\t\t\t\t\t\n<style>\n#image_735056891 {\n  width: 0%;\n}\n<\/style>\n\t<\/div>\n\t\n\t\t<\/div>\n\t\t\t\t\n<style>\n#col-59419673 > .col-inner {\n  margin: 0px 0px -96px 0px;\n}\n<\/style>\n\t<\/div>\n\n\t\n<\/div>\n<ul>\n<li><strong>GDZ80-1.5F<\/strong> eignet sich f\u00fcr mittelgro\u00dfe Pr\u00e4zisionsbearbeitungsanforderungen oder zum Fr\u00e4sen, Bohren, Gravieren und f\u00fcr andere Bearbeitungsaufgaben mittelgro\u00dfer Werkst\u00fccke und wird h\u00e4ufig im Formenbau, in der Pr\u00e4zisionsbearbeitung und in anderen Branchen eingesetzt.<\/li>\n<\/ul>\n\t\t<\/div>\n\n\t\t\n<style>\n#section_2025696802 {\n  padding-top: 30px;\n  padding-bottom: 30px;\n}\n<\/style>\n\t<\/section>\n\t\n<div class=\"row\"  id=\"row-908707850\">\n\n\t<div id=\"col-1565587063\" class=\"col medium-6 small-12 large-6\"  >\n\t\t\t\t<div class=\"col-inner\"  >\n\t\t\t\n\t\t\t\n\t<div class=\"img has-hover x md-x lg-x y md-y lg-y\" id=\"image_1904202876\">\n\t\t\t\t\t\t\t\t<div class=\"img-inner image-cover dark\" style=\"padding-top:75%;\">\n\t\t\t<img loading=\"lazy\" decoding=\"async\" width=\"700\" height=\"700\" src=\"https:\/\/spindlemotorshop.com\/wp-content\/uploads\/2024\/08\/7804714793638395.jpg\" class=\"attachment-original size-original\" alt=\"1,5 kW ER11 GDZ80F -1,5 Luftgek\u00fchlte Spindel Bild\" srcset=\"https:\/\/spindlemotorshop.com\/wp-content\/uploads\/2024\/08\/7804714793638395.jpg 700w, https:\/\/spindlemotorshop.com\/wp-content\/uploads\/2024\/08\/7804714793638395-300x300.jpg 300w, https:\/\/spindlemotorshop.com\/wp-content\/uploads\/2024\/08\/7804714793638395-150x150.jpg 150w, https:\/\/spindlemotorshop.com\/wp-content\/uploads\/2024\/08\/7804714793638395-12x12.jpg 12w, https:\/\/spindlemotorshop.com\/wp-content\/uploads\/2024\/08\/7804714793638395-600x600.jpg 600w, https:\/\/spindlemotorshop.com\/wp-content\/uploads\/2024\/08\/7804714793638395-100x100.jpg 100w\" sizes=\"auto, (max-width: 700px) 100vw, 700px\" \/>\t\t\t\t\t\t\n\t\t\t\t\t<\/div>\n\t\t\t\t\t\t\t\t\n<style>\n#image_1904202876 {\n  width: 100%;\n}\n<\/style>\n\t<\/div>\n\t\n\t\t<\/div>\n\t\t\t\t\t<\/div>\n\n\t\n\n\t<div id=\"col-422959644\" class=\"col medium-6 small-12 large-6\"  >\n\t\t\t\t<div class=\"col-inner\"  >\n\t\t\t\n\t\t\t\n\t<div class=\"img has-hover x md-x lg-x y md-y lg-y\" id=\"image_1149638394\">\n\t\t\t\t\t\t\t\t<div class=\"img-inner image-cover dark\" style=\"padding-top:75%;\">\n\t\t\t<img loading=\"lazy\" decoding=\"async\" width=\"800\" height=\"800\" src=\"https:\/\/spindlemotorshop.com\/wp-content\/uploads\/2024\/08\/7913515016424602.jpg\" class=\"attachment-original size-original\" alt=\"1,5 kW ER11 GDZ80F-1.5 Luftgek\u00fchlte Spindel Bild\" srcset=\"https:\/\/spindlemotorshop.com\/wp-content\/uploads\/2024\/08\/7913515016424602.jpg 800w, https:\/\/spindlemotorshop.com\/wp-content\/uploads\/2024\/08\/7913515016424602-300x300.jpg 300w, https:\/\/spindlemotorshop.com\/wp-content\/uploads\/2024\/08\/7913515016424602-150x150.jpg 150w, https:\/\/spindlemotorshop.com\/wp-content\/uploads\/2024\/08\/7913515016424602-768x768.jpg 768w, https:\/\/spindlemotorshop.com\/wp-content\/uploads\/2024\/08\/7913515016424602-12x12.jpg 12w, https:\/\/spindlemotorshop.com\/wp-content\/uploads\/2024\/08\/7913515016424602-600x600.jpg 600w, https:\/\/spindlemotorshop.com\/wp-content\/uploads\/2024\/08\/7913515016424602-100x100.jpg 100w\" sizes=\"auto, (max-width: 800px) 100vw, 800px\" \/>\t\t\t\t\t\t\n\t\t\t\t\t<\/div>\n\t\t\t\t\t\t\t\t\n<style>\n#image_1149638394 {\n  width: 98%;\n}\n<\/style>\n\t<\/div>\n\t\n\t\t<\/div>\n\t\t\t\t\t<\/div>\n\n\t\n<\/div>\n\t<section class=\"section\" id=\"section_1785267214\">\n\t\t<div class=\"bg section-bg fill bg-fill  bg-loaded\" >\n\n\t\t\t\n\t\t\t\n\t\t\t\n\n\t\t<\/div>\n\n\t\t\n\n\t\t<div class=\"section-content relative\">\n\t\t\t\n<h4>Wenn Sie eine CNC-Spindel ben\u00f6tigen, senden Sie uns gerne eine Anfrage<\/h4>\n\t\t<\/div>\n\n\t\t\n<style>\n#section_1785267214 {\n  padding-top: 30px;\n  padding-bottom: 30px;\n}\n<\/style>\n\t<\/section>\n\t\n\t<section class=\"section\" id=\"section_720552562\">\n\t\t<div class=\"bg section-bg fill bg-fill  bg-loaded\" >\n\n\t\t\t\n\t\t\t\n\t\t\t\n\n\t\t<\/div>\n\n\t\t\n\n\t\t<div class=\"section-content relative\">\n\t\t\t\n<div class=\"row row-full-width align-center\"  id=\"row-1590062823\">\n\n\t<div id=\"col-148418284\" class=\"col small-12 large-12\"  >\n\t\t\t\t<div class=\"col-inner text-center\"  >\n\t\t\t\n\t\t\t\n\t<div id=\"text-2645035071\" class=\"text\">\n\t\t\n\t\t\n<style>\n#text-2645035071 {\n  text-align: left;\n}\n<\/style>\n\t<\/div>\n\t\n\t<div id=\"text-3101551135\" class=\"text\">\n\t\t\n<h2>KONTAKTIEREN SIE UNS<\/h2>\n\t\t\n<style>\n#text-3101551135 {\n  color: rgb(255,255,255);\n}\n#text-3101551135 > * {\n  color: rgb(255,255,255);\n}\n<\/style>\n\t<\/div>\n\t\n\n<div class=\"wpcf7 no-js\" id=\"wpcf7-f280-o1\" lang=\"en-US\" dir=\"ltr\" data-wpcf7-id=\"280\">\n<div class=\"screen-reader-response\"><p role=\"status\" aria-live=\"polite\" aria-atomic=\"true\"><\/p> <ul><\/ul><\/div>\n<form action=\"\/de\/wp-json\/wp\/v2\/pages\/3145#wpcf7-f280-o1\" method=\"post\" class=\"wpcf7-form init\" aria-label=\"Kontaktformular\" novalidate=\"novalidate\" data-status=\"init\" data-trp-original-action=\"\/de\/wp-json\/wp\/v2\/pages\/3145#wpcf7-f280-o1\">\n<div style=\"display: none;\">\n<input type=\"hidden\" name=\"_wpcf7\" value=\"280\" \/>\n<input type=\"hidden\" name=\"_wpcf7_version\" value=\"6.0.6\" \/>\n<input type=\"hidden\" name=\"_wpcf7_locale\" value=\"en_US\" \/>\n<input type=\"hidden\" name=\"_wpcf7_unit_tag\" value=\"wpcf7-f280-o1\" \/>\n<input type=\"hidden\" name=\"_wpcf7_container_post\" value=\"0\" \/>\n<input type=\"hidden\" name=\"_wpcf7_posted_data_hash\" value=\"\" \/>\n<\/div>\n<div class='custom_contact_style'>\n\t<div class=\"row row-small\">\n\t\t<div class=\"col medium-6 small-12 large-6\">\n\t\t\t<div class=\"col-inner\">\n\t\t\t\t<p><span class=\"wpcf7-form-control-wrap\" data-name=\"your-name\"><input size=\"40\" maxlength=\"400\" class=\"wpcf7-form-control wpcf7-text wpcf7-validates-as-required\" aria-required=\"true\" aria-invalid=\"false\" placeholder=\"Name*\" value=\"\" type=\"text\" name=\"your-name\" \/><\/span>\n\t\t\t\t<\/p>\n\t\t\t<\/div>\n\t\t<\/div>\n\t\t<div class=\"col medium-6 small-12 large-6\">\n\t\t\t<div class=\"col-inner\">\n\t\t\t\t<p><span class=\"wpcf7-form-control-wrap\" data-name=\"your-email\"><input size=\"40\" maxlength=\"400\" class=\"wpcf7-form-control wpcf7-email wpcf7-validates-as-required wpcf7-text wpcf7-validates-as-email\" aria-required=\"true\" aria-invalid=\"false\" placeholder=\"E-Mail*\" value=\"\" type=\"email\" name=\"your-email\" \/><\/span>\n\t\t\t\t<\/p>\n\t\t\t<\/div>\n\t\t<\/div>\n\t<\/div>\n\t<div class='cus_contact_form_bottom'>\n\t\t<p><span class=\"wpcf7-form-control-wrap\" data-name=\"your-phone\"><input size=\"40\" maxlength=\"400\" class=\"wpcf7-form-control wpcf7-text\" aria-invalid=\"false\" placeholder=\"Telefon\" value=\"\" type=\"text\" name=\"your-phone\" \/><\/span>\n\t\t<\/p>\n\t<\/div>\n\t<div class='cus_contact_form_bottom'>\n\t\t<p><span class=\"wpcf7-form-control-wrap\" data-name=\"your-country\"><input size=\"40\" maxlength=\"400\" class=\"wpcf7-form-control wpcf7-text\" aria-invalid=\"false\" placeholder=\"Land\" value=\"\" type=\"text\" name=\"your-country\" \/><\/span>\n\t\t<\/p>\n\t<\/div>\n\t<p><span class=\"wpcf7-form-control-wrap\" data-name=\"your-message\"><textarea cols=\"40\" rows=\"10\" maxlength=\"2000\" class=\"wpcf7-form-control wpcf7-textarea wpcf7-validates-as-required\" aria-required=\"true\" aria-invalid=\"false\" placeholder=\"Ihre Nachricht *\" name=\"your-message\"><\/textarea><\/span>\n\t<\/p>\n\t<div style=\"margin-bottom:10px;\">\n\t<\/div>\n\t<p><div id=\"cf7sr-69ff30486bd4e\" class=\"cf7sr-g-turnstile\" data-redirect=\"\" data-theme=\"auto\" data-language=\"en\" data-size=\"normal\" \n    data-sitekey=\"0x4AAAAAAA3FLd3Fs0zNyv_e\"><\/div><span class=\"wpcf7-form-control-wrap cf7sr-turnstile\" data-name=\"cf7sr-turnstile\"><input type=\"hidden\" name=\"cf7sr-turnstile\" value=\"\" class=\"wpcf7-form-control\"><\/span><br \/>\n<input class=\"wpcf7-form-control wpcf7-submit has-spinner\" type=\"submit\" value=\"Nachricht senden\" \/>\n\t<\/p>\n<\/div><div class=\"wpcf7-response-output\" aria-hidden=\"true\"><\/div>\n<input type=\"hidden\" name=\"trp-form-language\" value=\"de\"\/><\/form>\n<\/div>\n\n\t\t<\/div>\n\t\t\t\t\t<\/div>\n\n\t\n<\/div>\n\t\t<\/div>\n\n\t\t\n<style>\n#section_720552562 {\n  padding-top: 30px;\n  padding-bottom: 30px;\n  background-color: #214184;\n}\n<\/style>\n\t<\/section>","protected":false},"excerpt":{"rendered":"<p>Unsere CNC-Spindelmotoren werden direkt ab Werk geliefert und nicht von den preisg\u00fcnstigsten Lieferanten mit unbekannten Bezugsquellen bezogen. Dadurch wird eine bekannte Qualit\u00e4t und Zuverl\u00e4ssigkeit gew\u00e4hrleistet. Alle CNC-Fr\u00e4sspindeln von RicoCNC sind original und keine F\u00e4lschungen.<\/p>","protected":false},"author":1,"featured_media":3151,"parent":0,"menu_order":0,"comment_status":"closed","ping_status":"closed","template":"","meta":{"_gspb_post_css":"","footnotes":""},"class_list":["post-3145","page","type-page","status-publish","has-post-thumbnail","hentry"],"_links":{"self":[{"href":"https:\/\/spindlemotorshop.com\/de\/wp-json\/wp\/v2\/pages\/3145","targetHints":{"allow":["GET"]}}],"collection":[{"href":"https:\/\/spindlemotorshop.com\/de\/wp-json\/wp\/v2\/pages"}],"about":[{"href":"https:\/\/spindlemotorshop.com\/de\/wp-json\/wp\/v2\/types\/page"}],"author":[{"embeddable":true,"href":"https:\/\/spindlemotorshop.com\/de\/wp-json\/wp\/v2\/users\/1"}],"replies":[{"embeddable":true,"href":"https:\/\/spindlemotorshop.com\/de\/wp-json\/wp\/v2\/comments?post=3145"}],"version-history":[{"count":0,"href":"https:\/\/spindlemotorshop.com\/de\/wp-json\/wp\/v2\/pages\/3145\/revisions"}],"wp:featuredmedia":[{"embeddable":true,"href":"https:\/\/spindlemotorshop.com\/de\/wp-json\/wp\/v2\/media\/3151"}],"wp:attachment":[{"href":"https:\/\/spindlemotorshop.com\/de\/wp-json\/wp\/v2\/media?parent=3145"}],"curies":[{"name":"wp","href":"https:\/\/api.w.org\/{rel}","templated":true}]}}