{"id":3554,"date":"2024-08-09T03:55:10","date_gmt":"2024-08-09T03:55:10","guid":{"rendered":"https:\/\/spindlemotorshop.com\/?page_id=3554"},"modified":"2024-10-08T02:46:28","modified_gmt":"2024-10-08T02:46:28","slug":"gdz-24-2-3200w-er20-water-cooling-spindle","status":"publish","type":"page","link":"https:\/\/spindlemotorshop.com\/de\/gdz-24-2-3200w-er20-water-cooling-spindle\/","title":{"rendered":"GDZ-24-2 3,2 kW ER20 Wasserk\u00fchlungsspindel"},"content":{"rendered":"<div class=\"row\"  id=\"row-680433083\">\n\n\t<div id=\"col-47078073\" class=\"col medium-6 small-12 large-6\"  >\n\t\t\t\t<div class=\"col-inner\"  >\n\t\t\t\n\t\t\t\n\t<div class=\"img has-hover x md-x lg-x y md-y lg-y\" id=\"image_152509582\">\n\t\t\t\t\t\t\t\t<div class=\"img-inner image-cover box-shadow-1 dark\" style=\"padding-top:75%;\">\n\t\t\t<img loading=\"lazy\" decoding=\"async\" width=\"756\" height=\"756\" src=\"https:\/\/spindlemotorshop.com\/wp-content\/uploads\/2024\/08\/TB2XYuVsXXXXXbVXpXXXXXXXXXX_130318475.jpg_Q75.jpg_.jpg\" class=\"attachment-original size-original\" alt=\"3,2 kW ER20 GDZ-24-2 Wasserk\u00fchlungsspindel\" srcset=\"https:\/\/spindlemotorshop.com\/wp-content\/uploads\/2024\/08\/TB2XYuVsXXXXXbVXpXXXXXXXXXX_130318475.jpg_Q75.jpg_.jpg 756w, https:\/\/spindlemotorshop.com\/wp-content\/uploads\/2024\/08\/TB2XYuVsXXXXXbVXpXXXXXXXXXX_130318475.jpg_Q75.jpg_-300x300.jpg 300w, https:\/\/spindlemotorshop.com\/wp-content\/uploads\/2024\/08\/TB2XYuVsXXXXXbVXpXXXXXXXXXX_130318475.jpg_Q75.jpg_-150x150.jpg 150w, https:\/\/spindlemotorshop.com\/wp-content\/uploads\/2024\/08\/TB2XYuVsXXXXXbVXpXXXXXXXXXX_130318475.jpg_Q75.jpg_-12x12.jpg 12w, https:\/\/spindlemotorshop.com\/wp-content\/uploads\/2024\/08\/TB2XYuVsXXXXXbVXpXXXXXXXXXX_130318475.jpg_Q75.jpg_-600x600.jpg 600w, https:\/\/spindlemotorshop.com\/wp-content\/uploads\/2024\/08\/TB2XYuVsXXXXXbVXpXXXXXXXXXX_130318475.jpg_Q75.jpg_-100x100.jpg 100w\" sizes=\"auto, (max-width: 756px) 100vw, 756px\" \/>\t\t\t\t\t\t\n\t\t\t\t\t<\/div>\n\t\t\t\t\t\t\t\t\n<style>\n#image_152509582 {\n  width: 100%;\n}\n<\/style>\n\t<\/div>\n\t\n\t\t<\/div>\n\t\t\t\t\t<\/div>\n\n\t\n\n\t<div id=\"col-939262171\" class=\"col medium-6 small-12 large-6\"  >\n\t\t\t\t<div class=\"col-inner text-left\"  >\n\t\t\t\n\t\t\t\n\t<div id=\"text-1799963378\" class=\"text\">\n\t\t\n<h3 class=\"inner-3__prodetailname\">3,2 kW ER20 GDZ-24-2 Wasserk\u00fchlungsspindel<\/h3>\n\t\t\n<style>\n#text-1799963378 {\n  font-size: 0.95rem;\n}\n<\/style>\n\t<\/div>\n\t\n\t<div id=\"text-2710170454\" class=\"text\">\n\t\t\n<ul>\n<li style=\"text-align: left;\">GDZ-24-2<\/li>\n<li style=\"text-align: left;\">ER20 CNC-Spindelmotor<\/li>\n<li>24000 U\/min CNC-Spindel<\/li>\n<li>3,2 kW Spindelmotor<\/li>\n<li>wassergek\u00fchlte Spindelmotoren<\/li>\n<li>\u03a6105mm Spindelmotor<\/li>\n<li>CNC-Gravur, Fr\u00e4sspindelmotor<\/li>\n<li>Dreilagerkonstruktion<\/li>\n<\/ul>\n\t\t\n<style>\n#text-2710170454 {\n  text-align: left;\n}\n<\/style>\n\t<\/div>\n\t\n<a href=\"\/de\/contact\/\" target=\"_blank\" class=\"button primary\" rel=\"noopener\"  style=\"border-radius:99px;\">\n    <span>kontaktiere uns<\/span>\n  <\/a>\n\n\t\t<\/div>\n\t\t\t\t\n<style>\n#col-939262171 > .col-inner {\n  padding: 0px 0px 5px 0px;\n}\n<\/style>\n\t<\/div>\n\n\t\n<\/div>\n<div class=\"text-center\"><div class=\"is-divider divider clearfix\" style=\"margin-top:0.9em;margin-bottom:0.9em;max-width:502px;\"><\/div><\/div>\n<blockquote>\n<ul>\n<li>Unsere CNC-Spindelmotoren werden direkt ab Werk geliefert und nicht von den preisg\u00fcnstigsten Lieferanten mit unbekannten Bezugsquellen bezogen. Dadurch wird eine bekannte Qualit\u00e4t und Zuverl\u00e4ssigkeit gew\u00e4hrleistet. Alle CNC-Fr\u00e4sspindeln von RicoCNC sind original und keine F\u00e4lschungen.<\/li>\n<\/ul>\n<\/blockquote>\n\t<section class=\"section\" id=\"section_1897951424\">\n\t\t<div class=\"bg section-bg fill bg-fill  bg-loaded\" >\n\n\t\t\t\n\t\t\t\n\t\t\t\n\n\t\t<\/div>\n\n\t\t\n\n\t\t<div class=\"section-content relative\">\n\t\t\t\n<div class=\"row\"  id=\"row-1449374412\">\n\n\t<div id=\"col-915375356\" class=\"col medium-6 small-12 large-6\"  >\n\t\t\t\t<div class=\"col-inner\"  >\n\t\t\t\n\t\t\t\n<h2>Technische Eigenschaften<\/h2>\n<div class=\"is-divider divider clearfix\" style=\"max-width:91px;background-color:rgb(82, 117, 141);\"><\/div>\n\n<table border=\"1\">\n<tbody>\n<tr>\n<th class=\"center-first-column\">Typ<\/th>\n<td>GDZ-24-2<\/td>\n<\/tr>\n<tr>\n<th class=\"center-first-column\">Leistung<\/th>\n<td>3,2 kW<\/td>\n<\/tr>\n<tr>\n<th class=\"center-first-column\">Stromspannung<\/th>\n<td>220 V\/380 V<\/td>\n<\/tr>\n<tr>\n<th class=\"center-first-column\">Aktuell<\/th>\n<td>12A\/7A<\/td>\n<\/tr>\n<tr>\n<th class=\"center-first-column\">Frequenz<\/th>\n<td>400 Hz<\/td>\n<\/tr>\n<tr>\n<th class=\"center-first-column\">Geschwindigkeit<\/th>\n<td>24000 U\/min<\/td>\n<\/tr>\n<tr>\n<th class=\"center-first-column\">Gewicht<\/th>\n<td>12,5 kg<\/td>\n<\/tr>\n<tr>\n<th class=\"center-first-column\">Lager<\/th>\n<td>2x7005C, 2x7003C<\/td>\n<\/tr>\n<tr>\n<th class=\"center-first-column\">Spannzange<\/th>\n<td>ER20<\/td>\n<\/tr>\n<\/tbody>\n<\/table>\n\n\t\t<\/div>\n\t\t\t\t\t<\/div>\n\n\t\n\n\t<div id=\"col-316459940\" class=\"col medium-6 small-12 large-6\"  >\n\t\t\t\t<div class=\"col-inner\"  >\n\t\t\t\n\t\t\t\n<h2>Spindeldesign<\/h2>\n<div class=\"is-divider divider clearfix\" style=\"max-width:91px;background-color:rgb(82, 117, 141);\"><\/div>\n\t<div class=\"img has-hover x md-x lg-x y md-y lg-y\" id=\"image_1711457727\">\n\t\t\t\t\t\t\t\t<div class=\"img-inner dark\" >\n\t\t\t<img loading=\"lazy\" decoding=\"async\" width=\"790\" height=\"394\" src=\"https:\/\/spindlemotorshop.com\/wp-content\/uploads\/2024\/08\/TB2PDxfsFXXXXXhXFXXXXXXXXXX___130318475.jpg\" class=\"attachment-original size-original\" alt=\"3,2 kW ER20 GDZ-24-2 Wasserk\u00fchlungsspindelzeichnung\" srcset=\"https:\/\/spindlemotorshop.com\/wp-content\/uploads\/2024\/08\/TB2PDxfsFXXXXXhXFXXXXXXXXXX___130318475.jpg 790w, https:\/\/spindlemotorshop.com\/wp-content\/uploads\/2024\/08\/TB2PDxfsFXXXXXhXFXXXXXXXXXX___130318475-300x150.jpg 300w, https:\/\/spindlemotorshop.com\/wp-content\/uploads\/2024\/08\/TB2PDxfsFXXXXXhXFXXXXXXXXXX___130318475-768x383.jpg 768w, https:\/\/spindlemotorshop.com\/wp-content\/uploads\/2024\/08\/TB2PDxfsFXXXXXhXFXXXXXXXXXX___130318475-18x9.jpg 18w, https:\/\/spindlemotorshop.com\/wp-content\/uploads\/2024\/08\/TB2PDxfsFXXXXXhXFXXXXXXXXXX___130318475-600x299.jpg 600w\" sizes=\"auto, (max-width: 790px) 100vw, 790px\" \/>\t\t\t\t\t\t\n\t\t\t\t\t<\/div>\n\t\t\t\t\t\t\t\t\n<style>\n#image_1711457727 {\n  width: 83%;\n}\n<\/style>\n\t<\/div>\n\t\n\t<div class=\"img has-hover x md-x lg-x y md-y lg-y\" id=\"image_1003663019\">\n\t\t\t\t\t\t\t\t<div class=\"img-inner dark\" >\n\t\t\t\t\t\t\t\t\t\n\t\t\t\t\t<\/div>\n\t\t\t\t\t\t\t\t\n<style>\n#image_1003663019 {\n  width: 93%;\n}\n<\/style>\n\t<\/div>\n\t\n\t<div class=\"img has-hover x md-x lg-x y md-y lg-y\" id=\"image_1134233160\">\n\t\t\t\t\t\t\t\t<div class=\"img-inner image-cover dark\" style=\"padding-top:75%;\">\n\t\t\t\t\t\t\t\t\t\n\t\t\t\t\t<\/div>\n\t\t\t\t\t\t\t\t\n<style>\n#image_1134233160 {\n  width: 0%;\n}\n<\/style>\n\t<\/div>\n\t\n\t\t<\/div>\n\t\t\t\t\n<style>\n#col-316459940 > .col-inner {\n  margin: 0px 0px -96px 0px;\n}\n<\/style>\n\t<\/div>\n\n\t\n<\/div>\n\t\t<\/div>\n\n\t\t\n<style>\n#section_1897951424 {\n  padding-top: 8px;\n  padding-bottom: 8px;\n}\n<\/style>\n\t<\/section>\n\t\n<ul>\n<li><strong>GDZ-24-2<\/strong> verf\u00fcgt \u00fcber 7005C- und 7003C-Lager, die eine hohe Tragf\u00e4higkeit und Stabilit\u00e4t bieten. Es hat eine hohe Geschwindigkeit von 24000 U\/min und eine starke Leistung von 3,2 kW, ist hochkompatibel, eignet sich f\u00fcr eine breite Palette industrieller Anwendungen und erf\u00fcllt die Anforderungen verschiedener Kunden.<\/li>\n<\/ul>\n\t<div id=\"gap-622497994\" class=\"gap-element clearfix\" style=\"display:block; height:auto;\">\n\t\t\n<style>\n#gap-622497994 {\n  padding-top: 30px;\n}\n<\/style>\n\t<\/div>\n\t\n<div class=\"row\"  id=\"row-1241604184\">\n\n\t<div id=\"col-1220064962\" class=\"col medium-6 small-12 large-6\"  >\n\t\t\t\t<div class=\"col-inner text-center\"  >\n\t\t\t\n\t\t\t\n\t<div class=\"img has-hover x md-x lg-x y md-y lg-y\" id=\"image_1146692086\">\n\t\t\t\t\t\t\t\t<div class=\"img-inner image-cover box-shadow-1 dark\" style=\"padding-top:75%;\">\n\t\t\t<img loading=\"lazy\" decoding=\"async\" width=\"833\" height=\"833\" src=\"https:\/\/spindlemotorshop.com\/wp-content\/uploads\/2024\/08\/TB2XYuVsXXXXXbVXpXXXXXXXXXX_130318475.jpg_Q75.jpg_.jpeg\" class=\"attachment-original size-original\" alt=\"3,2 kW ER20 GDZ-24-2 Wasserk\u00fchlungsspindeldetail\" srcset=\"https:\/\/spindlemotorshop.com\/wp-content\/uploads\/2024\/08\/TB2XYuVsXXXXXbVXpXXXXXXXXXX_130318475.jpg_Q75.jpg_.jpeg 833w, https:\/\/spindlemotorshop.com\/wp-content\/uploads\/2024\/08\/TB2XYuVsXXXXXbVXpXXXXXXXXXX_130318475.jpg_Q75.jpg_-300x300.jpeg 300w, https:\/\/spindlemotorshop.com\/wp-content\/uploads\/2024\/08\/TB2XYuVsXXXXXbVXpXXXXXXXXXX_130318475.jpg_Q75.jpg_-150x150.jpeg 150w, https:\/\/spindlemotorshop.com\/wp-content\/uploads\/2024\/08\/TB2XYuVsXXXXXbVXpXXXXXXXXXX_130318475.jpg_Q75.jpg_-768x768.jpeg 768w, https:\/\/spindlemotorshop.com\/wp-content\/uploads\/2024\/08\/TB2XYuVsXXXXXbVXpXXXXXXXXXX_130318475.jpg_Q75.jpg_-12x12.jpeg 12w, https:\/\/spindlemotorshop.com\/wp-content\/uploads\/2024\/08\/TB2XYuVsXXXXXbVXpXXXXXXXXXX_130318475.jpg_Q75.jpg_-600x600.jpeg 600w, https:\/\/spindlemotorshop.com\/wp-content\/uploads\/2024\/08\/TB2XYuVsXXXXXbVXpXXXXXXXXXX_130318475.jpg_Q75.jpg_-100x100.jpeg 100w\" sizes=\"auto, (max-width: 833px) 100vw, 833px\" \/>\t\t\t\t\t\t\n\t\t\t\t\t<\/div>\n\t\t\t\t\t\t\t\t\n<style>\n#image_1146692086 {\n  width: 96%;\n}\n<\/style>\n\t<\/div>\n\t\n\t\t<\/div>\n\t\t\t\t\t<\/div>\n\n\t\n\n\t<div id=\"col-1696776293\" class=\"col medium-6 small-12 large-6\"  >\n\t\t\t\t<div class=\"col-inner text-center\"  >\n\t\t\t\n\t\t\t\n\t<div class=\"img has-hover x md-x lg-x y md-y lg-y\" id=\"image_78411229\">\n\t\t\t\t\t\t\t\t<div class=\"img-inner image-cover box-shadow-1 dark\" style=\"padding-top:75%;\">\n\t\t\t<img loading=\"lazy\" decoding=\"async\" width=\"1728\" height=\"1152\" src=\"https:\/\/spindlemotorshop.com\/wp-content\/uploads\/2024\/08\/IMG_0418.jpg\" class=\"attachment-original size-original\" alt=\"3,2 kW ER20 GDZ-24-2 Wasserk\u00fchlungsspindelanwendung\" srcset=\"https:\/\/spindlemotorshop.com\/wp-content\/uploads\/2024\/08\/IMG_0418.jpg 1728w, https:\/\/spindlemotorshop.com\/wp-content\/uploads\/2024\/08\/IMG_0418-300x200.jpg 300w, https:\/\/spindlemotorshop.com\/wp-content\/uploads\/2024\/08\/IMG_0418-1024x683.jpg 1024w, https:\/\/spindlemotorshop.com\/wp-content\/uploads\/2024\/08\/IMG_0418-768x512.jpg 768w, https:\/\/spindlemotorshop.com\/wp-content\/uploads\/2024\/08\/IMG_0418-1536x1024.jpg 1536w, https:\/\/spindlemotorshop.com\/wp-content\/uploads\/2024\/08\/IMG_0418-18x12.jpg 18w, https:\/\/spindlemotorshop.com\/wp-content\/uploads\/2024\/08\/IMG_0418-600x400.jpg 600w\" sizes=\"auto, (max-width: 1728px) 100vw, 1728px\" \/>\t\t\t\t\t\t\n\t\t\t\t\t<\/div>\n\t\t\t\t\t\t\t\t\n<style>\n#image_78411229 {\n  width: 100%;\n}\n<\/style>\n\t<\/div>\n\t\n\t\t<\/div>\n\t\t\t\t\t<\/div>\n\n\t\n<\/div>\n\t<section class=\"section\" id=\"section_1786365479\">\n\t\t<div class=\"bg section-bg fill bg-fill  bg-loaded\" >\n\n\t\t\t\n\t\t\t\n\t\t\t\n\n\t\t<\/div>\n\n\t\t\n\n\t\t<div class=\"section-content relative\">\n\t\t\t\n<h4>Wenn Sie eine CNC-Spindel ben\u00f6tigen, senden Sie uns gerne eine Anfrage<\/h4>\n\t\t<\/div>\n\n\t\t\n<style>\n#section_1786365479 {\n  padding-top: 30px;\n  padding-bottom: 30px;\n}\n<\/style>\n\t<\/section>\n\t\n\t<section class=\"section\" id=\"section_792441334\">\n\t\t<div class=\"bg section-bg fill bg-fill  bg-loaded\" >\n\n\t\t\t\n\t\t\t\n\t\t\t\n\n\t\t<\/div>\n\n\t\t\n\n\t\t<div class=\"section-content relative\">\n\t\t\t\n<div class=\"row row-full-width align-center\"  id=\"row-302148363\">\n\n\t<div id=\"col-1947165550\" class=\"col small-12 large-12\"  >\n\t\t\t\t<div class=\"col-inner text-center\"  >\n\t\t\t\n\t\t\t\n\t<div id=\"text-1692325965\" class=\"text\">\n\t\t\n\t\t\n<style>\n#text-1692325965 {\n  text-align: left;\n}\n<\/style>\n\t<\/div>\n\t\n\t<div id=\"text-2497286665\" class=\"text\">\n\t\t\n<h2>KONTAKTIEREN SIE UNS<\/h2>\n\t\t\n<style>\n#text-2497286665 {\n  color: rgb(255,255,255);\n}\n#text-2497286665 > * {\n  color: rgb(255,255,255);\n}\n<\/style>\n\t<\/div>\n\t\n\n<div class=\"wpcf7 no-js\" id=\"wpcf7-f280-o1\" lang=\"en-US\" dir=\"ltr\" data-wpcf7-id=\"280\">\n<div class=\"screen-reader-response\"><p role=\"status\" aria-live=\"polite\" aria-atomic=\"true\"><\/p> <ul><\/ul><\/div>\n<form action=\"\/de\/wp-json\/wp\/v2\/pages\/3554#wpcf7-f280-o1\" method=\"post\" class=\"wpcf7-form init\" aria-label=\"Kontaktformular\" novalidate=\"novalidate\" data-status=\"init\" data-trp-original-action=\"\/de\/wp-json\/wp\/v2\/pages\/3554#wpcf7-f280-o1\">\n<div style=\"display: none;\">\n<input type=\"hidden\" name=\"_wpcf7\" value=\"280\" \/>\n<input type=\"hidden\" name=\"_wpcf7_version\" value=\"6.0.6\" \/>\n<input type=\"hidden\" name=\"_wpcf7_locale\" value=\"en_US\" \/>\n<input type=\"hidden\" name=\"_wpcf7_unit_tag\" value=\"wpcf7-f280-o1\" \/>\n<input type=\"hidden\" name=\"_wpcf7_container_post\" value=\"0\" \/>\n<input type=\"hidden\" name=\"_wpcf7_posted_data_hash\" value=\"\" \/>\n<\/div>\n<div class='custom_contact_style'>\n\t<div class=\"row row-small\">\n\t\t<div class=\"col medium-6 small-12 large-6\">\n\t\t\t<div class=\"col-inner\">\n\t\t\t\t<p><span class=\"wpcf7-form-control-wrap\" data-name=\"your-name\"><input size=\"40\" maxlength=\"400\" class=\"wpcf7-form-control wpcf7-text wpcf7-validates-as-required\" aria-required=\"true\" aria-invalid=\"false\" placeholder=\"Name*\" value=\"\" type=\"text\" name=\"your-name\" \/><\/span>\n\t\t\t\t<\/p>\n\t\t\t<\/div>\n\t\t<\/div>\n\t\t<div class=\"col medium-6 small-12 large-6\">\n\t\t\t<div class=\"col-inner\">\n\t\t\t\t<p><span class=\"wpcf7-form-control-wrap\" data-name=\"your-email\"><input size=\"40\" maxlength=\"400\" class=\"wpcf7-form-control wpcf7-email wpcf7-validates-as-required wpcf7-text wpcf7-validates-as-email\" aria-required=\"true\" aria-invalid=\"false\" placeholder=\"E-Mail*\" value=\"\" type=\"email\" name=\"your-email\" \/><\/span>\n\t\t\t\t<\/p>\n\t\t\t<\/div>\n\t\t<\/div>\n\t<\/div>\n\t<div class='cus_contact_form_bottom'>\n\t\t<p><span class=\"wpcf7-form-control-wrap\" data-name=\"your-phone\"><input size=\"40\" maxlength=\"400\" class=\"wpcf7-form-control wpcf7-text\" aria-invalid=\"false\" placeholder=\"Telefon\" value=\"\" type=\"text\" name=\"your-phone\" \/><\/span>\n\t\t<\/p>\n\t<\/div>\n\t<div class='cus_contact_form_bottom'>\n\t\t<p><span class=\"wpcf7-form-control-wrap\" data-name=\"your-country\"><input size=\"40\" maxlength=\"400\" class=\"wpcf7-form-control wpcf7-text\" aria-invalid=\"false\" placeholder=\"Land\" value=\"\" type=\"text\" name=\"your-country\" \/><\/span>\n\t\t<\/p>\n\t<\/div>\n\t<p><span class=\"wpcf7-form-control-wrap\" data-name=\"your-message\"><textarea cols=\"40\" rows=\"10\" maxlength=\"2000\" class=\"wpcf7-form-control wpcf7-textarea wpcf7-validates-as-required\" aria-required=\"true\" aria-invalid=\"false\" placeholder=\"Ihre Nachricht *\" name=\"your-message\"><\/textarea><\/span>\n\t<\/p>\n\t<div style=\"margin-bottom:10px;\">\n\t<\/div>\n\t<p><div id=\"cf7sr-69ff3037da9b7\" class=\"cf7sr-g-turnstile\" data-redirect=\"\" data-theme=\"auto\" data-language=\"en\" data-size=\"normal\" \n    data-sitekey=\"0x4AAAAAAA3FLd3Fs0zNyv_e\"><\/div><span class=\"wpcf7-form-control-wrap cf7sr-turnstile\" data-name=\"cf7sr-turnstile\"><input type=\"hidden\" name=\"cf7sr-turnstile\" value=\"\" class=\"wpcf7-form-control\"><\/span><br \/>\n<input class=\"wpcf7-form-control wpcf7-submit has-spinner\" type=\"submit\" value=\"Nachricht senden\" \/>\n\t<\/p>\n<\/div><div class=\"wpcf7-response-output\" aria-hidden=\"true\"><\/div>\n<input type=\"hidden\" name=\"trp-form-language\" value=\"de\"\/><\/form>\n<\/div>\n\n\t\t<\/div>\n\t\t\t\t\t<\/div>\n\n\t\n<\/div>\n\t\t<\/div>\n\n\t\t\n<style>\n#section_792441334 {\n  padding-top: 30px;\n  padding-bottom: 30px;\n  background-color: #214184;\n}\n<\/style>\n\t<\/section>","protected":false},"excerpt":{"rendered":"<p>Unsere CNC-Spindelmotoren werden direkt ab Werk geliefert und nicht von den preisg\u00fcnstigsten Lieferanten mit unbekannten Bezugsquellen bezogen. Dadurch wird eine bekannte Qualit\u00e4t und Zuverl\u00e4ssigkeit gew\u00e4hrleistet. Alle CNC-Fr\u00e4sspindeln von RicoCNC sind original und keine F\u00e4lschungen. GDZ-24-2 hat 7005C- und 7003C-Lager, die eine hohe Belastbarkeit und Stabilit\u00e4t bieten. Es hat eine hohe Drehzahl von 24000 U\/min\u2026<\/p>","protected":false},"author":1,"featured_media":0,"parent":0,"menu_order":0,"comment_status":"closed","ping_status":"closed","template":"","meta":{"_gspb_post_css":"","footnotes":""},"class_list":["post-3554","page","type-page","status-publish","hentry"],"_links":{"self":[{"href":"https:\/\/spindlemotorshop.com\/de\/wp-json\/wp\/v2\/pages\/3554","targetHints":{"allow":["GET"]}}],"collection":[{"href":"https:\/\/spindlemotorshop.com\/de\/wp-json\/wp\/v2\/pages"}],"about":[{"href":"https:\/\/spindlemotorshop.com\/de\/wp-json\/wp\/v2\/types\/page"}],"author":[{"embeddable":true,"href":"https:\/\/spindlemotorshop.com\/de\/wp-json\/wp\/v2\/users\/1"}],"replies":[{"embeddable":true,"href":"https:\/\/spindlemotorshop.com\/de\/wp-json\/wp\/v2\/comments?post=3554"}],"version-history":[{"count":0,"href":"https:\/\/spindlemotorshop.com\/de\/wp-json\/wp\/v2\/pages\/3554\/revisions"}],"wp:attachment":[{"href":"https:\/\/spindlemotorshop.com\/de\/wp-json\/wp\/v2\/media?parent=3554"}],"curies":[{"name":"wp","href":"https:\/\/api.w.org\/{rel}","templated":true}]}}