{"id":3647,"date":"2024-08-10T01:51:12","date_gmt":"2024-08-10T01:51:12","guid":{"rendered":"https:\/\/spindlemotorshop.com\/?page_id=3647"},"modified":"2024-10-08T15:07:23","modified_gmt":"2024-10-08T15:07:23","slug":"mj35b-550-550w-12000rpm-end-trimming-spindle-motor","status":"publish","type":"page","link":"https:\/\/spindlemotorshop.com\/de\/mj35b-550-550w-12000rpm-end-trimming-spindle-motor\/","title":{"rendered":"MJ35B-550 0,55 kW 12000 U\/min Endbearbeitungsspindelmotor f\u00fcr Kantenanleimmaschine"},"content":{"rendered":"<div class=\"row\"  id=\"row-1774272002\">\n\n\t<div id=\"col-1019170901\" class=\"col medium-6 small-12 large-6\"  >\n\t\t\t\t<div class=\"col-inner\"  >\n\t\t\t\n\t\t\t\n\t<div class=\"img has-hover x md-x lg-x y md-y lg-y\" id=\"image_1998511321\">\n\t\t\t\t\t\t\t\t<div class=\"img-inner image-cover box-shadow-1 dark\" style=\"padding-top:75%;\">\n\t\t\t<img loading=\"lazy\" decoding=\"async\" width=\"1000\" height=\"1000\" src=\"https:\/\/spindlemotorshop.com\/wp-content\/uploads\/2024\/08\/O1CN01R8Ze5H1rhhfmOEXxx_2620755663.png_.jpeg\" class=\"attachment-original size-original\" alt=\"MJ35B-550 0,55 kW 12000 U\/min Endbearbeitungsspindelmotor f\u00fcr Kantenanleimmaschine\" srcset=\"https:\/\/spindlemotorshop.com\/wp-content\/uploads\/2024\/08\/O1CN01R8Ze5H1rhhfmOEXxx_2620755663.png_.jpeg 1000w, https:\/\/spindlemotorshop.com\/wp-content\/uploads\/2024\/08\/O1CN01R8Ze5H1rhhfmOEXxx_2620755663.png_-300x300.jpeg 300w, https:\/\/spindlemotorshop.com\/wp-content\/uploads\/2024\/08\/O1CN01R8Ze5H1rhhfmOEXxx_2620755663.png_-150x150.jpeg 150w, https:\/\/spindlemotorshop.com\/wp-content\/uploads\/2024\/08\/O1CN01R8Ze5H1rhhfmOEXxx_2620755663.png_-768x768.jpeg 768w, https:\/\/spindlemotorshop.com\/wp-content\/uploads\/2024\/08\/O1CN01R8Ze5H1rhhfmOEXxx_2620755663.png_-12x12.jpeg 12w, https:\/\/spindlemotorshop.com\/wp-content\/uploads\/2024\/08\/O1CN01R8Ze5H1rhhfmOEXxx_2620755663.png_-600x600.jpeg 600w, https:\/\/spindlemotorshop.com\/wp-content\/uploads\/2024\/08\/O1CN01R8Ze5H1rhhfmOEXxx_2620755663.png_-100x100.jpeg 100w\" sizes=\"auto, (max-width: 1000px) 100vw, 1000px\" \/>\t\t\t\t\t\t\n\t\t\t\t\t<\/div>\n\t\t\t\t\t\t\t\t\n<style>\n#image_1998511321 {\n  width: 100%;\n}\n<\/style>\n\t<\/div>\n\t\n\t\t<\/div>\n\t\t\t\t\t<\/div>\n\n\t\n\n\t<div id=\"col-1275691393\" class=\"col medium-6 small-12 large-6\"  >\n\t\t\t\t<div class=\"col-inner text-left\"  >\n\t\t\t\n\t\t\t\n\t<div id=\"text-2801805637\" class=\"text\">\n\t\t\n<h3 class=\"inner-3__prodetailname\">MJ35B-550 0,55 kW 12000 U\/min Endbearbeitungsspindelmotor f\u00fcr Kantenanleimmaschine<\/h3>\n\t\t\n<style>\n#text-2801805637 {\n  font-size: 0.95rem;\n}\n<\/style>\n\t<\/div>\n\t\n\t<div id=\"text-1653978414\" class=\"text\">\n\t\t\n<ul>\n<li style=\"text-align: left;\">MJ35B-550<\/li>\n<li style=\"text-align: left;\">Spindelmotor f\u00fcr Endbearbeitung<\/li>\n<li>12000 U\/min Kantenanleimmaschinen-Spindelmotor<\/li>\n<li>0,55 kW Spindel zum Kantenanleimen<\/li>\n<li>Spindelmotor f\u00fcr Kantenanleimmaschine<\/li>\n<li>Motor f\u00fcr Kantenanleimmaschine<\/li>\n<\/ul>\n\t\t\n<style>\n#text-1653978414 {\n  text-align: left;\n}\n<\/style>\n\t<\/div>\n\t\n<a href=\"\/de\/contact\/\" target=\"_blank\" class=\"button primary\" rel=\"noopener\"  style=\"border-radius:99px;\">\n    <span>kontaktiere uns<\/span>\n  <\/a>\n\n\t\t<\/div>\n\t\t\t\t\n<style>\n#col-1275691393 > .col-inner {\n  padding: 0px 0px 5px 0px;\n}\n<\/style>\n\t<\/div>\n\n\t\n<\/div>\n<div class=\"text-center\"><div class=\"is-divider divider clearfix\" style=\"margin-top:0.9em;margin-bottom:0.9em;max-width:502px;\"><\/div><\/div>\n<blockquote>\n<ul>\n<li>Unsere CNC-Spindelmotoren werden direkt ab Werk geliefert und nicht von den preisg\u00fcnstigsten Lieferanten mit unbekannten Bezugsquellen bezogen. Dadurch wird eine bekannte Qualit\u00e4t und Zuverl\u00e4ssigkeit gew\u00e4hrleistet. Alle CNC-Fr\u00e4sspindeln von RicoCNC sind original und keine F\u00e4lschungen.<\/li>\n<\/ul>\n<\/blockquote>\n\t<section class=\"section\" id=\"section_499072737\">\n\t\t<div class=\"bg section-bg fill bg-fill  bg-loaded\" >\n\n\t\t\t\n\t\t\t\n\t\t\t\n\n\t\t<\/div>\n\n\t\t\n\n\t\t<div class=\"section-content relative\">\n\t\t\t\n<div class=\"row\"  id=\"row-1411050175\">\n\n\t<div id=\"col-1647048290\" class=\"col medium-6 small-12 large-6\"  >\n\t\t\t\t<div class=\"col-inner\"  >\n\t\t\t\n\t\t\t\n<h2>Technische Eigenschaften<\/h2>\n<div class=\"is-divider divider clearfix\" style=\"max-width:91px;background-color:rgb(82, 117, 141);\"><\/div>\n\n<table border=\"1\">\n<tbody>\n<tr>\n<th>Typ<\/th>\n<td>MJ35B-550<\/td>\n<\/tr>\n<tr>\n<th>Leistung<\/th>\n<td>0,55 kW<\/td>\n<\/tr>\n<tr>\n<th>Stromspannung<\/th>\n<td>380 V\/220 V<\/td>\n<\/tr>\n<tr>\n<th>Aktuell<\/th>\n<td>1,7 A\/2,94 A<\/td>\n<\/tr>\n<tr>\n<th>Geschwindigkeit<\/th>\n<td>12000 U\/min<\/td>\n<\/tr>\n<tr>\n<th>Frequenz<\/th>\n<td>200 Hz<\/td>\n<\/tr>\n<tr>\n<th>Arbeitszyklus<\/th>\n<td>Staffel 1<\/td>\n<\/tr>\n<\/tbody>\n<\/table>\n\n\t\t<\/div>\n\t\t\t\t\t<\/div>\n\n\t\n\n\t<div id=\"col-804210738\" class=\"col medium-6 small-12 large-6\"  >\n\t\t\t\t<div class=\"col-inner\"  >\n\t\t\t\n\t\t\t\n<h2>Spindeldesign<\/h2>\n<div class=\"is-divider divider clearfix\" style=\"max-width:91px;background-color:rgb(82, 117, 141);\"><\/div>\n\t<div class=\"img has-hover x md-x lg-x y md-y lg-y\" id=\"image_1346358915\">\n\t\t\t\t\t\t\t\t<div class=\"img-inner dark\" >\n\t\t\t<img loading=\"lazy\" decoding=\"async\" width=\"750\" height=\"562\" src=\"https:\/\/spindlemotorshop.com\/wp-content\/uploads\/2024\/08\/CgAGfFufZSeAc-kFAAEwNRQfysk990.jpg\" class=\"attachment-original size-original\" alt=\"MJ35B-550 0,55 kW 12000 U\/min Endbeschnitt-Spindelmotor f\u00fcr Kantenanleimmaschinenzeichnung\" srcset=\"https:\/\/spindlemotorshop.com\/wp-content\/uploads\/2024\/08\/CgAGfFufZSeAc-kFAAEwNRQfysk990.jpg 750w, https:\/\/spindlemotorshop.com\/wp-content\/uploads\/2024\/08\/CgAGfFufZSeAc-kFAAEwNRQfysk990-300x225.jpg 300w, https:\/\/spindlemotorshop.com\/wp-content\/uploads\/2024\/08\/CgAGfFufZSeAc-kFAAEwNRQfysk990-16x12.jpg 16w, https:\/\/spindlemotorshop.com\/wp-content\/uploads\/2024\/08\/CgAGfFufZSeAc-kFAAEwNRQfysk990-600x450.jpg 600w\" sizes=\"auto, (max-width: 750px) 100vw, 750px\" \/>\t\t\t\t\t\t\n\t\t\t\t\t<\/div>\n\t\t\t\t\t\t\t\t\n<style>\n#image_1346358915 {\n  width: 83%;\n}\n<\/style>\n\t<\/div>\n\t\n\t<div class=\"img has-hover x md-x lg-x y md-y lg-y\" id=\"image_995722369\">\n\t\t\t\t\t\t\t\t<div class=\"img-inner dark\" >\n\t\t\t\t\t\t\t\t\t\n\t\t\t\t\t<\/div>\n\t\t\t\t\t\t\t\t\n<style>\n#image_995722369 {\n  width: 93%;\n}\n<\/style>\n\t<\/div>\n\t\n\t<div class=\"img has-hover x md-x lg-x y md-y lg-y\" id=\"image_735412885\">\n\t\t\t\t\t\t\t\t<div class=\"img-inner image-cover dark\" style=\"padding-top:75%;\">\n\t\t\t\t\t\t\t\t\t\n\t\t\t\t\t<\/div>\n\t\t\t\t\t\t\t\t\n<style>\n#image_735412885 {\n  width: 0%;\n}\n<\/style>\n\t<\/div>\n\t\n\t\t<\/div>\n\t\t\t\t\n<style>\n#col-804210738 > .col-inner {\n  margin: 0px 0px -96px 0px;\n}\n<\/style>\n\t<\/div>\n\n\t\n<\/div>\n\t\t<\/div>\n\n\t\t\n<style>\n#section_499072737 {\n  padding-top: 8px;\n  padding-bottom: 8px;\n}\n<\/style>\n\t<\/section>\n\t\n\t<div id=\"gap-560130479\" class=\"gap-element clearfix\" style=\"display:block; height:auto;\">\n\t\t\n<style>\n#gap-560130479 {\n  padding-top: 30px;\n}\n<\/style>\n\t<\/div>\n\t\n<ul>\n<li>Der <strong>MJ35B-550<\/strong> Der Motor ist f\u00fcr die Bes\u00e4umvorrichtung der vollautomatischen Kantenanleimmaschine in der Holzverarbeitungsindustrie konzipiert. Er erm\u00f6glicht schnelle Schnitte und sorgt f\u00fcr glatte Schnittfl\u00e4chen.<\/li>\n<\/ul>\n\t<div id=\"gap-1441315497\" class=\"gap-element clearfix\" style=\"display:block; height:auto;\">\n\t\t\n<style>\n#gap-1441315497 {\n  padding-top: 30px;\n}\n<\/style>\n\t<\/div>\n\t\n<div class=\"row\"  id=\"row-682548271\">\n\n\t<div id=\"col-1750944961\" class=\"col medium-6 small-12 large-6\"  >\n\t\t\t\t<div class=\"col-inner text-center\"  >\n\t\t\t\n\t\t\t\n\t<div class=\"img has-hover x md-x lg-x y md-y lg-y\" id=\"image_2105098709\">\n\t\t\t\t\t\t\t\t<div class=\"img-inner image-cover box-shadow-1 dark\" style=\"padding-top:75%;\">\n\t\t\t<img loading=\"lazy\" decoding=\"async\" width=\"1000\" height=\"1000\" src=\"https:\/\/spindlemotorshop.com\/wp-content\/uploads\/2024\/08\/O1CN01WIthvE1rhhfpz4Hge_2620755663.png_.jpeg\" class=\"attachment-original size-original\" alt=\"MJ35B-550 0,55 kW 12000 U\/min Endbeschnitt-Spindelmotor f\u00fcr Kantenanleimmaschinen Produkt\" srcset=\"https:\/\/spindlemotorshop.com\/wp-content\/uploads\/2024\/08\/O1CN01WIthvE1rhhfpz4Hge_2620755663.png_.jpeg 1000w, https:\/\/spindlemotorshop.com\/wp-content\/uploads\/2024\/08\/O1CN01WIthvE1rhhfpz4Hge_2620755663.png_-300x300.jpeg 300w, https:\/\/spindlemotorshop.com\/wp-content\/uploads\/2024\/08\/O1CN01WIthvE1rhhfpz4Hge_2620755663.png_-150x150.jpeg 150w, https:\/\/spindlemotorshop.com\/wp-content\/uploads\/2024\/08\/O1CN01WIthvE1rhhfpz4Hge_2620755663.png_-768x768.jpeg 768w, https:\/\/spindlemotorshop.com\/wp-content\/uploads\/2024\/08\/O1CN01WIthvE1rhhfpz4Hge_2620755663.png_-12x12.jpeg 12w, https:\/\/spindlemotorshop.com\/wp-content\/uploads\/2024\/08\/O1CN01WIthvE1rhhfpz4Hge_2620755663.png_-600x600.jpeg 600w, https:\/\/spindlemotorshop.com\/wp-content\/uploads\/2024\/08\/O1CN01WIthvE1rhhfpz4Hge_2620755663.png_-100x100.jpeg 100w\" sizes=\"auto, (max-width: 1000px) 100vw, 1000px\" \/>\t\t\t\t\t\t\n\t\t\t\t\t<\/div>\n\t\t\t\t\t\t\t\t\n<style>\n#image_2105098709 {\n  width: 100%;\n}\n<\/style>\n\t<\/div>\n\t\n\t\t<\/div>\n\t\t\t\t\t<\/div>\n\n\t\n\n\t<div id=\"col-1917415149\" class=\"col medium-6 small-12 large-6\"  >\n\t\t\t\t<div class=\"col-inner text-center\"  >\n\t\t\t\n\t\t\t\n\t<div class=\"img has-hover x md-x lg-x y md-y lg-y\" id=\"image_868055716\">\n\t\t\t\t\t\t\t\t<div class=\"img-inner image-cover box-shadow-1 dark\" style=\"padding-top:75%;\">\n\t\t\t<img loading=\"lazy\" decoding=\"async\" width=\"1000\" height=\"1000\" src=\"https:\/\/spindlemotorshop.com\/wp-content\/uploads\/2024\/08\/O1CN016bdKhd1rhhfohX7sV_2620755663.png_.jpeg\" class=\"attachment-original size-original\" alt=\"MJ35B-550 0,55 kW 12000 U\/min Endbeschnitt-Spindelmotor f\u00fcr Kantenanleimmaschine Bild\" srcset=\"https:\/\/spindlemotorshop.com\/wp-content\/uploads\/2024\/08\/O1CN016bdKhd1rhhfohX7sV_2620755663.png_.jpeg 1000w, https:\/\/spindlemotorshop.com\/wp-content\/uploads\/2024\/08\/O1CN016bdKhd1rhhfohX7sV_2620755663.png_-300x300.jpeg 300w, https:\/\/spindlemotorshop.com\/wp-content\/uploads\/2024\/08\/O1CN016bdKhd1rhhfohX7sV_2620755663.png_-150x150.jpeg 150w, https:\/\/spindlemotorshop.com\/wp-content\/uploads\/2024\/08\/O1CN016bdKhd1rhhfohX7sV_2620755663.png_-768x768.jpeg 768w, https:\/\/spindlemotorshop.com\/wp-content\/uploads\/2024\/08\/O1CN016bdKhd1rhhfohX7sV_2620755663.png_-12x12.jpeg 12w, https:\/\/spindlemotorshop.com\/wp-content\/uploads\/2024\/08\/O1CN016bdKhd1rhhfohX7sV_2620755663.png_-600x600.jpeg 600w, https:\/\/spindlemotorshop.com\/wp-content\/uploads\/2024\/08\/O1CN016bdKhd1rhhfohX7sV_2620755663.png_-100x100.jpeg 100w\" sizes=\"auto, (max-width: 1000px) 100vw, 1000px\" \/>\t\t\t\t\t\t\n\t\t\t\t\t<\/div>\n\t\t\t\t\t\t\t\t\n<style>\n#image_868055716 {\n  width: 100%;\n}\n<\/style>\n\t<\/div>\n\t\n\t\t<\/div>\n\t\t\t\t\t<\/div>\n\n\t\n<\/div>\n\t<section class=\"section\" id=\"section_956729049\">\n\t\t<div class=\"bg section-bg fill bg-fill  bg-loaded\" >\n\n\t\t\t\n\t\t\t\n\t\t\t\n\n\t\t<\/div>\n\n\t\t\n\n\t\t<div class=\"section-content relative\">\n\t\t\t\n<h4>Wenn Sie eine CNC-Spindel ben\u00f6tigen, senden Sie uns gerne eine Anfrage<\/h4>\n\t\t<\/div>\n\n\t\t\n<style>\n#section_956729049 {\n  padding-top: 30px;\n  padding-bottom: 30px;\n}\n<\/style>\n\t<\/section>\n\t\n\t<section class=\"section\" id=\"section_1035726581\">\n\t\t<div class=\"bg section-bg fill bg-fill  bg-loaded\" >\n\n\t\t\t\n\t\t\t\n\t\t\t\n\n\t\t<\/div>\n\n\t\t\n\n\t\t<div class=\"section-content relative\">\n\t\t\t\n<div class=\"row row-full-width align-center\"  id=\"row-283539125\">\n\n\t<div id=\"col-1992167616\" class=\"col small-12 large-12\"  >\n\t\t\t\t<div class=\"col-inner text-center\"  >\n\t\t\t\n\t\t\t\n\t<div id=\"text-3798502610\" class=\"text\">\n\t\t\n\t\t\n<style>\n#text-3798502610 {\n  text-align: left;\n}\n<\/style>\n\t<\/div>\n\t\n\t<div id=\"text-3843807775\" class=\"text\">\n\t\t\n<h2>KONTAKTIEREN SIE UNS<\/h2>\n\t\t\n<style>\n#text-3843807775 {\n  color: rgb(255,255,255);\n}\n#text-3843807775 > * {\n  color: rgb(255,255,255);\n}\n<\/style>\n\t<\/div>\n\t\n\n<div class=\"wpcf7 no-js\" id=\"wpcf7-f280-o1\" lang=\"en-US\" dir=\"ltr\" data-wpcf7-id=\"280\">\n<div class=\"screen-reader-response\"><p role=\"status\" aria-live=\"polite\" aria-atomic=\"true\"><\/p> <ul><\/ul><\/div>\n<form action=\"\/de\/wp-json\/wp\/v2\/pages\/3647#wpcf7-f280-o1\" method=\"post\" class=\"wpcf7-form init\" aria-label=\"Kontaktformular\" novalidate=\"novalidate\" data-status=\"init\" data-trp-original-action=\"\/de\/wp-json\/wp\/v2\/pages\/3647#wpcf7-f280-o1\">\n<div style=\"display: none;\">\n<input type=\"hidden\" name=\"_wpcf7\" value=\"280\" \/>\n<input type=\"hidden\" name=\"_wpcf7_version\" value=\"6.0.6\" \/>\n<input type=\"hidden\" name=\"_wpcf7_locale\" value=\"en_US\" \/>\n<input type=\"hidden\" name=\"_wpcf7_unit_tag\" value=\"wpcf7-f280-o1\" \/>\n<input type=\"hidden\" name=\"_wpcf7_container_post\" value=\"0\" \/>\n<input type=\"hidden\" name=\"_wpcf7_posted_data_hash\" value=\"\" \/>\n<\/div>\n<div class='custom_contact_style'>\n\t<div class=\"row row-small\">\n\t\t<div class=\"col medium-6 small-12 large-6\">\n\t\t\t<div class=\"col-inner\">\n\t\t\t\t<p><span class=\"wpcf7-form-control-wrap\" data-name=\"your-name\"><input size=\"40\" maxlength=\"400\" class=\"wpcf7-form-control wpcf7-text wpcf7-validates-as-required\" aria-required=\"true\" aria-invalid=\"false\" placeholder=\"Name*\" value=\"\" type=\"text\" name=\"your-name\" \/><\/span>\n\t\t\t\t<\/p>\n\t\t\t<\/div>\n\t\t<\/div>\n\t\t<div class=\"col medium-6 small-12 large-6\">\n\t\t\t<div class=\"col-inner\">\n\t\t\t\t<p><span class=\"wpcf7-form-control-wrap\" data-name=\"your-email\"><input size=\"40\" maxlength=\"400\" class=\"wpcf7-form-control wpcf7-email wpcf7-validates-as-required wpcf7-text wpcf7-validates-as-email\" aria-required=\"true\" aria-invalid=\"false\" placeholder=\"E-Mail*\" value=\"\" type=\"email\" name=\"your-email\" \/><\/span>\n\t\t\t\t<\/p>\n\t\t\t<\/div>\n\t\t<\/div>\n\t<\/div>\n\t<div class='cus_contact_form_bottom'>\n\t\t<p><span class=\"wpcf7-form-control-wrap\" data-name=\"your-phone\"><input size=\"40\" maxlength=\"400\" class=\"wpcf7-form-control wpcf7-text\" aria-invalid=\"false\" placeholder=\"Telefon\" value=\"\" type=\"text\" name=\"your-phone\" \/><\/span>\n\t\t<\/p>\n\t<\/div>\n\t<div class='cus_contact_form_bottom'>\n\t\t<p><span class=\"wpcf7-form-control-wrap\" data-name=\"your-country\"><input size=\"40\" maxlength=\"400\" class=\"wpcf7-form-control wpcf7-text\" aria-invalid=\"false\" placeholder=\"Land\" value=\"\" type=\"text\" name=\"your-country\" \/><\/span>\n\t\t<\/p>\n\t<\/div>\n\t<p><span class=\"wpcf7-form-control-wrap\" data-name=\"your-message\"><textarea cols=\"40\" rows=\"10\" maxlength=\"2000\" class=\"wpcf7-form-control wpcf7-textarea wpcf7-validates-as-required\" aria-required=\"true\" aria-invalid=\"false\" placeholder=\"Ihre Nachricht *\" name=\"your-message\"><\/textarea><\/span>\n\t<\/p>\n\t<div style=\"margin-bottom:10px;\">\n\t<\/div>\n\t<p><div id=\"cf7sr-69ff30e337426\" class=\"cf7sr-g-turnstile\" data-redirect=\"\" data-theme=\"auto\" data-language=\"en\" data-size=\"normal\" \n    data-sitekey=\"0x4AAAAAAA3FLd3Fs0zNyv_e\"><\/div><span class=\"wpcf7-form-control-wrap cf7sr-turnstile\" data-name=\"cf7sr-turnstile\"><input type=\"hidden\" name=\"cf7sr-turnstile\" value=\"\" class=\"wpcf7-form-control\"><\/span><br \/>\n<input class=\"wpcf7-form-control wpcf7-submit has-spinner\" type=\"submit\" value=\"Nachricht senden\" \/>\n\t<\/p>\n<\/div><div class=\"wpcf7-response-output\" aria-hidden=\"true\"><\/div>\n<input type=\"hidden\" name=\"trp-form-language\" value=\"de\"\/><\/form>\n<\/div>\n\n\t\t<\/div>\n\t\t\t\t\t<\/div>\n\n\t\n<\/div>\n\t\t<\/div>\n\n\t\t\n<style>\n#section_1035726581 {\n  padding-top: 30px;\n  padding-bottom: 30px;\n  background-color: #214184;\n}\n<\/style>\n\t<\/section>","protected":false},"excerpt":{"rendered":"<p>Unsere CNC-Spindelmotoren werden direkt ab Werk geliefert und nicht von den preisg\u00fcnstigsten Lieferanten mit unbekannten Bezugsquellen bezogen. Dadurch wird bekannte Qualit\u00e4t und Zuverl\u00e4ssigkeit gew\u00e4hrleistet. Alle CNC-Fr\u00e4sspindeln von RicoCNC sind original und keine F\u00e4lschungen. Der Motor MJ35B-550 ist f\u00fcr die Bes\u00e4umvorrichtung der vollautomatischen Kantenanleimmaschine in der Holzverarbeitung konzipiert\u2026<\/p>","protected":false},"author":1,"featured_media":0,"parent":0,"menu_order":0,"comment_status":"closed","ping_status":"closed","template":"","meta":{"_gspb_post_css":"","footnotes":""},"class_list":["post-3647","page","type-page","status-publish","hentry"],"_links":{"self":[{"href":"https:\/\/spindlemotorshop.com\/de\/wp-json\/wp\/v2\/pages\/3647","targetHints":{"allow":["GET"]}}],"collection":[{"href":"https:\/\/spindlemotorshop.com\/de\/wp-json\/wp\/v2\/pages"}],"about":[{"href":"https:\/\/spindlemotorshop.com\/de\/wp-json\/wp\/v2\/types\/page"}],"author":[{"embeddable":true,"href":"https:\/\/spindlemotorshop.com\/de\/wp-json\/wp\/v2\/users\/1"}],"replies":[{"embeddable":true,"href":"https:\/\/spindlemotorshop.com\/de\/wp-json\/wp\/v2\/comments?post=3647"}],"version-history":[{"count":0,"href":"https:\/\/spindlemotorshop.com\/de\/wp-json\/wp\/v2\/pages\/3647\/revisions"}],"wp:attachment":[{"href":"https:\/\/spindlemotorshop.com\/de\/wp-json\/wp\/v2\/media?parent=3647"}],"curies":[{"name":"wp","href":"https:\/\/api.w.org\/{rel}","templated":true}]}}