{"id":3699,"date":"2024-08-10T07:41:13","date_gmt":"2024-08-10T07:41:13","guid":{"rendered":"https:\/\/spindlemotorshop.com\/?page_id=3699"},"modified":"2024-10-15T15:05:20","modified_gmt":"2024-10-15T15:05:20","slug":"mj35b-750e-750w-12000rpm-rough-trimming-spindle-motor","status":"publish","type":"page","link":"https:\/\/spindlemotorshop.com\/de\/mj35b-750e-750w-12000rpm-rough-trimming-spindle-motor\/","title":{"rendered":"MJ35B-750E 0.75kw 12000rpm Grober Trimmspindelmotor f\u00fcr Kantenanleimmaschine"},"content":{"rendered":"<div class=\"row\"  id=\"row-1568103162\">\r\n\r\n\n\t<div id=\"col-1224538464\" class=\"col medium-6 small-12 large-6\"  >\n\t\t\t\t<div class=\"col-inner\"  >\n\t\t\t\n\t\t\t\r\n\r\n\t<div class=\"img has-hover x md-x lg-x y md-y lg-y\" id=\"image_169658189\">\n\t\t\t\t\t\t\t\t<div class=\"img-inner image-cover box-shadow-1 dark\" style=\"padding-top:75%;\">\n\t\t\t<img loading=\"lazy\" decoding=\"async\" width=\"800\" height=\"600\" src=\"https:\/\/spindlemotorshop.com\/wp-content\/uploads\/2024\/08\/CgAGfFufXFWAEf7aAAGGai-ZUMI100.jpg\" class=\"attachment-original size-original\" alt=\"MJ35B-750E 0.75kw 12000rpm Grober Trimmspindelmotor f\u00fcr Kantenanleimmaschine\" srcset=\"https:\/\/spindlemotorshop.com\/wp-content\/uploads\/2024\/08\/CgAGfFufXFWAEf7aAAGGai-ZUMI100.jpg 800w, https:\/\/spindlemotorshop.com\/wp-content\/uploads\/2024\/08\/CgAGfFufXFWAEf7aAAGGai-ZUMI100-300x225.jpg 300w, https:\/\/spindlemotorshop.com\/wp-content\/uploads\/2024\/08\/CgAGfFufXFWAEf7aAAGGai-ZUMI100-768x576.jpg 768w, https:\/\/spindlemotorshop.com\/wp-content\/uploads\/2024\/08\/CgAGfFufXFWAEf7aAAGGai-ZUMI100-16x12.jpg 16w, https:\/\/spindlemotorshop.com\/wp-content\/uploads\/2024\/08\/CgAGfFufXFWAEf7aAAGGai-ZUMI100-600x450.jpg 600w\" sizes=\"auto, (max-width: 800px) 100vw, 800px\" \/>\t\t\t\t\t\t\n\t\t\t\t\t<\/div>\n\t\t\t\t\t\t\t\t\n<style>\n#image_169658189 {\n  width: 100%;\n}\n<\/style>\n\t<\/div>\n\t\r\n\r\n\t\t<\/div>\n\t\t\t\t\t<\/div>\n\n\t\r\n\n\t<div id=\"col-410608146\" class=\"col medium-6 small-12 large-6\"  >\n\t\t\t\t<div class=\"col-inner text-left\"  >\n\t\t\t\n\t\t\t\r\n\r\n\t<div id=\"text-2451203201\" class=\"text\">\n\t\t\r\n<h3 class=\"inner-3__prodetailname\">MJ35B-750E 0.75kw 12000rpm Grober Trimmspindelmotor f\u00fcr Kantenanleimmaschine<\/h3>\r\n\t\t\n<style>\n#text-2451203201 {\n  font-size: 0.95rem;\n}\n<\/style>\n\t<\/div>\n\t\r\n\t<div id=\"text-2521029049\" class=\"text\">\n\t\t\r\n<ul>\r\n \t<li style=\"text-align: left;\">MJ35B-750E<\/li>\r\n \t<li style=\"text-align: left;\">Grobfr\u00e4sspindelmotor<\/li>\r\n \t<li>12000 U\/min Kantenanleimmaschinen-Spindelmotor<\/li>\r\n \t<li>0,75 kW Spindel zum Kantenanleimen<\/li>\r\n \t<li>Spindelmotor f\u00fcr Kantenanleimmaschine<\/li>\r\n \t<li>Motor f\u00fcr Kantenanleimmaschine<\/li>\r\n<\/ul>\r\n\t\t\n<style>\n#text-2521029049 {\n  text-align: left;\n}\n<\/style>\n\t<\/div>\n\t\r\n<a href=\"\/de\/contact\/\" target=\"_blank\" class=\"button primary\" rel=\"noopener\"  style=\"border-radius:99px;\">\n    <span>kontaktiere uns<\/span>\n  <\/a>\n\r\n\r\n\t\t<\/div>\n\t\t\t\t\n<style>\n#col-410608146 > .col-inner {\n  padding: 0px 0px 5px 0px;\n}\n<\/style>\n\t<\/div>\n\n\t\r\n\r\n<\/div>\r\n<div class=\"text-center\"><div class=\"is-divider divider clearfix\" style=\"margin-top:0.9em;margin-bottom:0.9em;max-width:502px;\"><\/div><\/div>\r\n<blockquote>\r\n<ul>\r\n \t<li>Unsere CNC-Spindelmotoren werden direkt ab Werk geliefert und nicht von den preisg\u00fcnstigsten Lieferanten mit unbekannten Bezugsquellen bezogen. Dadurch wird eine bekannte Qualit\u00e4t und Zuverl\u00e4ssigkeit gew\u00e4hrleistet. Alle CNC-Fr\u00e4sspindeln von RicoCNC sind original und keine F\u00e4lschungen.<\/li>\r\n<\/ul>\r\n<\/blockquote>\r\n\t<section class=\"section\" id=\"section_74043218\">\n\t\t<div class=\"bg section-bg fill bg-fill  bg-loaded\" >\n\n\t\t\t\n\t\t\t\n\t\t\t\n\n\t\t<\/div>\n\n\t\t\n\n\t\t<div class=\"section-content relative\">\n\t\t\t\r\n\r\n<div class=\"row\"  id=\"row-141852129\">\r\n\r\n\n\t<div id=\"col-780965096\" class=\"col medium-6 small-12 large-6\"  >\n\t\t\t\t<div class=\"col-inner\"  >\n\t\t\t\n\t\t\t\r\n<h2>Technische Eigenschaften<\/h2>\r\n<div class=\"is-divider divider clearfix\" style=\"max-width:91px;background-color:rgb(82, 117, 141);\"><\/div>\r\n\r\n\t<div id=\"gap-1781923428\" class=\"gap-element clearfix\" style=\"display:block; height:auto;\">\n\t\t\n<style>\n#gap-1781923428 {\n  padding-top: 30px;\n}\n<\/style>\n\t<\/div>\n\t\r\n\r\n\r\n<table border=\"1\">\r\n<tbody>\r\n<tr>\r\n<th>Typ<\/th>\r\n<td>MJ35B-750E<\/td>\r\n<\/tr>\r\n<tr>\r\n<th>Leistung<\/th>\r\n<td>0,75 kW<\/td>\r\n<\/tr>\r\n<tr>\r\n<th>Stromspannung<\/th>\r\n<td>380 V\/220 V<\/td>\r\n<\/tr>\r\n<tr>\r\n<th>Aktuell<\/th>\r\n<td>1,65 A\/2,85 A<\/td>\r\n<\/tr>\r\n<tr>\r\n<th>Geschwindigkeit<\/th>\r\n<td>12000 U\/min<\/td>\r\n<\/tr>\r\n<tr>\r\n<th>Frequenz<\/th>\r\n<td>200 Hz<\/td>\r\n<\/tr>\r\n<tr>\r\n<th>Arbeitszyklus<\/th>\r\n<td>Staffel 1<\/td>\r\n<\/tr>\r\n<\/tbody>\r\n<\/table>\r\n\r\n\r\n\t\t<\/div>\n\t\t\t\t\t<\/div>\n\n\t\r\n\n\t<div id=\"col-1827095213\" class=\"col medium-6 small-12 large-6\"  >\n\t\t\t\t<div class=\"col-inner\"  >\n\t\t\t\n\t\t\t\r\n<h2>Spindeldesign<\/h2>\r\n<div class=\"is-divider divider clearfix\" style=\"max-width:91px;background-color:rgb(82, 117, 141);\"><\/div>\r\n\r\n\t<div class=\"img has-hover x md-x lg-x y md-y lg-y\" id=\"image_1911299744\">\n\t\t\t\t\t\t\t\t<div class=\"img-inner dark\" >\n\t\t\t<img loading=\"lazy\" decoding=\"async\" width=\"750\" height=\"558\" src=\"https:\/\/spindlemotorshop.com\/wp-content\/uploads\/2024\/08\/CgAGfFufXDGAXoynAAFQzrjkuJM841.png\" class=\"attachment-original size-original\" alt=\"MJ35B-750E 0,75 kW 12000 U\/min Grobtrimmspindelmotor f\u00fcr Kantenanleimmaschinenzeichnung\" srcset=\"https:\/\/spindlemotorshop.com\/wp-content\/uploads\/2024\/08\/CgAGfFufXDGAXoynAAFQzrjkuJM841.png 750w, https:\/\/spindlemotorshop.com\/wp-content\/uploads\/2024\/08\/CgAGfFufXDGAXoynAAFQzrjkuJM841-300x223.png 300w, https:\/\/spindlemotorshop.com\/wp-content\/uploads\/2024\/08\/CgAGfFufXDGAXoynAAFQzrjkuJM841-16x12.png 16w, https:\/\/spindlemotorshop.com\/wp-content\/uploads\/2024\/08\/CgAGfFufXDGAXoynAAFQzrjkuJM841-600x446.png 600w\" sizes=\"auto, (max-width: 750px) 100vw, 750px\" \/>\t\t\t\t\t\t\n\t\t\t\t\t<\/div>\n\t\t\t\t\t\t\t\t\n<style>\n#image_1911299744 {\n  width: 100%;\n}\n<\/style>\n\t<\/div>\n\t\r\n\r\n\t<div class=\"img has-hover x md-x lg-x y md-y lg-y\" id=\"image_1082077186\">\n\t\t\t\t\t\t\t\t<div class=\"img-inner dark\" >\n\t\t\t\t\t\t\t\t\t\n\t\t\t\t\t<\/div>\n\t\t\t\t\t\t\t\t\n<style>\n#image_1082077186 {\n  width: 93%;\n}\n<\/style>\n\t<\/div>\n\t\r\n\r\n\t<div class=\"img has-hover x md-x lg-x y md-y lg-y\" id=\"image_1208433545\">\n\t\t\t\t\t\t\t\t<div class=\"img-inner image-cover dark\" style=\"padding-top:75%;\">\n\t\t\t\t\t\t\t\t\t\n\t\t\t\t\t<\/div>\n\t\t\t\t\t\t\t\t\n<style>\n#image_1208433545 {\n  width: 0%;\n}\n<\/style>\n\t<\/div>\n\t\r\n\r\n\t\t<\/div>\n\t\t\t\t\n<style>\n#col-1827095213 > .col-inner {\n  margin: 0px 0px -96px 0px;\n}\n<\/style>\n\t<\/div>\n\n\t\r\n\r\n<\/div>\r\n\r\n\t\t<\/div>\n\n\t\t\n<style>\n#section_74043218 {\n  padding-top: 8px;\n  padding-bottom: 8px;\n}\n<\/style>\n\t<\/section>\n\t\r\n\t<div id=\"gap-210043974\" class=\"gap-element clearfix\" style=\"display:block; height:auto;\">\n\t\t\n<style>\n#gap-210043974 {\n  padding-top: 30px;\n}\n<\/style>\n\t<\/div>\n\t\r\n<ul>\r\n \t<li><strong>MJ35B-750E<\/strong> wird h\u00e4ufig in verschiedenen Kantenanleimmaschinen verwendet, einschlie\u00dflich, aber nicht beschr\u00e4nkt auf manuelle Kantenanleimmaschinen, halbautomatische Kantenanleimmaschinen, vollautomatische Kantenanleimmaschinen usw. Es eignet sich f\u00fcr die M\u00f6belherstellung, Holzwerkst\u00e4tten und andere Gelegenheiten. Es verwendet fortschrittliche Fertigungstechnologie und Materialwissenschaft und verf\u00fcgt \u00fcber eine hervorragende W\u00e4rmeableitungsleistung und hocheffiziente Betriebsfunktionen. Ob es sich um ein kleines Studio oder eine umfangreiche Produktionslinie handelt, es kann die Stabilit\u00e4t und Haltbarkeit des Spindelmotors gew\u00e4hrleisten. Dar\u00fcber hinaus zeichnet sich der Spindelmotor auch durch geringe Ger\u00e4uschentwicklung und geringe Vibration aus, was f\u00fcr Sie eine angenehmere Arbeitsumgebung schafft.<\/li>\r\n<\/ul>\r\n\t<div id=\"gap-2118507829\" class=\"gap-element clearfix\" style=\"display:block; height:auto;\">\n\t\t\n<style>\n#gap-2118507829 {\n  padding-top: 30px;\n}\n<\/style>\n\t<\/div>\n\t\r\n\r\n<div class=\"row\"  id=\"row-1452486604\">\r\n\r\n\n\t<div id=\"col-934871650\" class=\"col medium-6 small-12 large-6\"  >\n\t\t\t\t<div class=\"col-inner text-center\"  >\n\t\t\t\n\t\t\t\r\n\r\n\t<div class=\"img has-hover x md-x lg-x y md-y lg-y\" id=\"image_1259115144\">\n\t\t\t\t\t\t\t\t<div class=\"img-inner box-shadow-1 dark\" >\n\t\t\t<img loading=\"lazy\" decoding=\"async\" width=\"1200\" height=\"1200\" src=\"https:\/\/spindlemotorshop.com\/wp-content\/uploads\/2024\/08\/TB2fmy9h7.HL1JjSZFuXXX8dXXa_2620755663.jpg_Q75.jpg_.jpeg\" class=\"attachment-original size-original\" alt=\"MJ35B-750E 0,75 kW 12000 U\/min Grobfr\u00e4sspindelmotor f\u00fcr Kantenanleimmaschinen\" srcset=\"https:\/\/spindlemotorshop.com\/wp-content\/uploads\/2024\/08\/TB2fmy9h7.HL1JjSZFuXXX8dXXa_2620755663.jpg_Q75.jpg_.jpeg 1200w, https:\/\/spindlemotorshop.com\/wp-content\/uploads\/2024\/08\/TB2fmy9h7.HL1JjSZFuXXX8dXXa_2620755663.jpg_Q75.jpg_-300x300.jpeg 300w, https:\/\/spindlemotorshop.com\/wp-content\/uploads\/2024\/08\/TB2fmy9h7.HL1JjSZFuXXX8dXXa_2620755663.jpg_Q75.jpg_-1024x1024.jpeg 1024w, https:\/\/spindlemotorshop.com\/wp-content\/uploads\/2024\/08\/TB2fmy9h7.HL1JjSZFuXXX8dXXa_2620755663.jpg_Q75.jpg_-150x150.jpeg 150w, https:\/\/spindlemotorshop.com\/wp-content\/uploads\/2024\/08\/TB2fmy9h7.HL1JjSZFuXXX8dXXa_2620755663.jpg_Q75.jpg_-768x768.jpeg 768w, https:\/\/spindlemotorshop.com\/wp-content\/uploads\/2024\/08\/TB2fmy9h7.HL1JjSZFuXXX8dXXa_2620755663.jpg_Q75.jpg_-12x12.jpeg 12w, https:\/\/spindlemotorshop.com\/wp-content\/uploads\/2024\/08\/TB2fmy9h7.HL1JjSZFuXXX8dXXa_2620755663.jpg_Q75.jpg_-600x600.jpeg 600w, https:\/\/spindlemotorshop.com\/wp-content\/uploads\/2024\/08\/TB2fmy9h7.HL1JjSZFuXXX8dXXa_2620755663.jpg_Q75.jpg_-100x100.jpeg 100w\" sizes=\"auto, (max-width: 1200px) 100vw, 1200px\" \/>\t\t\t\t\t\t\n\t\t\t\t\t<\/div>\n\t\t\t\t\t\t\t\t\n<style>\n#image_1259115144 {\n  width: 100%;\n}\n<\/style>\n\t<\/div>\n\t\r\n\r\n\t\t<\/div>\n\t\t\t\t\t<\/div>\n\n\t\r\n\n\t<div id=\"col-1653013632\" class=\"col medium-6 small-12 large-6\"  >\n\t\t\t\t<div class=\"col-inner text-center\"  >\n\t\t\t\n\t\t\t\r\n\r\n\t<div class=\"img has-hover x md-x lg-x y md-y lg-y\" id=\"image_1852043169\">\n\t\t\t\t\t\t\t\t<div class=\"img-inner box-shadow-1 dark\" >\n\t\t\t<img loading=\"lazy\" decoding=\"async\" width=\"1200\" height=\"1200\" src=\"https:\/\/spindlemotorshop.com\/wp-content\/uploads\/2024\/08\/TB2pJGTX2MTUeJjSZFKXXagopXa_2620755663.jpg_Q75.jpg_.jpeg\" class=\"attachment-original size-original\" alt=\"MJ35B-750E 0,75 kW 12000 U\/min Grobfr\u00e4sspindelmotor f\u00fcr Kantenanleimmaschine Bild\" srcset=\"https:\/\/spindlemotorshop.com\/wp-content\/uploads\/2024\/08\/TB2pJGTX2MTUeJjSZFKXXagopXa_2620755663.jpg_Q75.jpg_.jpeg 1200w, https:\/\/spindlemotorshop.com\/wp-content\/uploads\/2024\/08\/TB2pJGTX2MTUeJjSZFKXXagopXa_2620755663.jpg_Q75.jpg_-300x300.jpeg 300w, https:\/\/spindlemotorshop.com\/wp-content\/uploads\/2024\/08\/TB2pJGTX2MTUeJjSZFKXXagopXa_2620755663.jpg_Q75.jpg_-1024x1024.jpeg 1024w, https:\/\/spindlemotorshop.com\/wp-content\/uploads\/2024\/08\/TB2pJGTX2MTUeJjSZFKXXagopXa_2620755663.jpg_Q75.jpg_-150x150.jpeg 150w, https:\/\/spindlemotorshop.com\/wp-content\/uploads\/2024\/08\/TB2pJGTX2MTUeJjSZFKXXagopXa_2620755663.jpg_Q75.jpg_-768x768.jpeg 768w, https:\/\/spindlemotorshop.com\/wp-content\/uploads\/2024\/08\/TB2pJGTX2MTUeJjSZFKXXagopXa_2620755663.jpg_Q75.jpg_-12x12.jpeg 12w, https:\/\/spindlemotorshop.com\/wp-content\/uploads\/2024\/08\/TB2pJGTX2MTUeJjSZFKXXagopXa_2620755663.jpg_Q75.jpg_-600x600.jpeg 600w, https:\/\/spindlemotorshop.com\/wp-content\/uploads\/2024\/08\/TB2pJGTX2MTUeJjSZFKXXagopXa_2620755663.jpg_Q75.jpg_-100x100.jpeg 100w\" sizes=\"auto, (max-width: 1200px) 100vw, 1200px\" \/>\t\t\t\t\t\t\n\t\t\t\t\t<\/div>\n\t\t\t\t\t\t\t\t\n<style>\n#image_1852043169 {\n  width: 100%;\n}\n<\/style>\n\t<\/div>\n\t\r\n\r\n\t\t<\/div>\n\t\t\t\t\t<\/div>\n\n\t\r\n\r\n<\/div>\r\n\t<section class=\"section\" id=\"section_1439271012\">\n\t\t<div class=\"bg section-bg fill bg-fill  bg-loaded\" >\n\n\t\t\t\n\t\t\t\n\t\t\t\n\n\t\t<\/div>\n\n\t\t\n\n\t\t<div class=\"section-content relative\">\n\t\t\t\r\n<h4>Wenn Sie eine CNC-Spindel ben\u00f6tigen, senden Sie uns gerne eine Anfrage<\/h4>\r\n\t\t<\/div>\n\n\t\t\n<style>\n#section_1439271012 {\n  padding-top: 30px;\n  padding-bottom: 30px;\n}\n<\/style>\n\t<\/section>\n\t\r\n\t<section class=\"section\" id=\"section_1071623623\">\n\t\t<div class=\"bg section-bg fill bg-fill  bg-loaded\" >\n\n\t\t\t\n\t\t\t\n\t\t\t\n\n\t\t<\/div>\n\n\t\t\n\n\t\t<div class=\"section-content relative\">\n\t\t\t\r\n\r\n<div class=\"row row-full-width align-center\"  id=\"row-208011184\">\r\n\r\n\n\t<div id=\"col-1479815696\" class=\"col small-12 large-12\"  >\n\t\t\t\t<div class=\"col-inner text-center\"  >\n\t\t\t\n\t\t\t\r\n\r\n\t<div id=\"text-2623022502\" class=\"text\">\n\t\t\r\n\r\n\t\t\n<style>\n#text-2623022502 {\n  text-align: left;\n}\n<\/style>\n\t<\/div>\n\t\r\n\t<div id=\"text-932059605\" class=\"text\">\n\t\t\r\n<h2>KONTAKTIEREN SIE UNS<\/h2>\r\n\t\t\n<style>\n#text-932059605 {\n  color: rgb(255,255,255);\n}\n#text-932059605 > * {\n  color: rgb(255,255,255);\n}\n<\/style>\n\t<\/div>\n\t\r\n\n<div class=\"wpcf7 no-js\" id=\"wpcf7-f280-o1\" lang=\"en-US\" dir=\"ltr\" data-wpcf7-id=\"280\">\n<div class=\"screen-reader-response\"><p role=\"status\" aria-live=\"polite\" aria-atomic=\"true\"><\/p> <ul><\/ul><\/div>\n<form action=\"\/de\/wp-json\/wp\/v2\/pages\/3699#wpcf7-f280-o1\" method=\"post\" class=\"wpcf7-form init\" aria-label=\"Kontaktformular\" novalidate=\"novalidate\" data-status=\"init\" data-trp-original-action=\"\/de\/wp-json\/wp\/v2\/pages\/3699#wpcf7-f280-o1\">\n<div style=\"display: none;\">\n<input type=\"hidden\" name=\"_wpcf7\" value=\"280\" \/>\n<input type=\"hidden\" name=\"_wpcf7_version\" value=\"6.0.6\" \/>\n<input type=\"hidden\" name=\"_wpcf7_locale\" value=\"en_US\" \/>\n<input type=\"hidden\" name=\"_wpcf7_unit_tag\" value=\"wpcf7-f280-o1\" \/>\n<input type=\"hidden\" name=\"_wpcf7_container_post\" value=\"0\" \/>\n<input type=\"hidden\" name=\"_wpcf7_posted_data_hash\" value=\"\" \/>\n<\/div>\n<div class='custom_contact_style'>\n\t<div class=\"row row-small\">\n\t\t<div class=\"col medium-6 small-12 large-6\">\n\t\t\t<div class=\"col-inner\">\n\t\t\t\t<p><span class=\"wpcf7-form-control-wrap\" data-name=\"your-name\"><input size=\"40\" maxlength=\"400\" class=\"wpcf7-form-control wpcf7-text wpcf7-validates-as-required\" aria-required=\"true\" aria-invalid=\"false\" placeholder=\"Name*\" value=\"\" type=\"text\" name=\"your-name\" \/><\/span>\n\t\t\t\t<\/p>\n\t\t\t<\/div>\n\t\t<\/div>\n\t\t<div class=\"col medium-6 small-12 large-6\">\n\t\t\t<div class=\"col-inner\">\n\t\t\t\t<p><span class=\"wpcf7-form-control-wrap\" data-name=\"your-email\"><input size=\"40\" maxlength=\"400\" class=\"wpcf7-form-control wpcf7-email wpcf7-validates-as-required wpcf7-text wpcf7-validates-as-email\" aria-required=\"true\" aria-invalid=\"false\" placeholder=\"E-Mail*\" value=\"\" type=\"email\" name=\"your-email\" \/><\/span>\n\t\t\t\t<\/p>\n\t\t\t<\/div>\n\t\t<\/div>\n\t<\/div>\n\t<div class='cus_contact_form_bottom'>\n\t\t<p><span class=\"wpcf7-form-control-wrap\" data-name=\"your-phone\"><input size=\"40\" maxlength=\"400\" class=\"wpcf7-form-control wpcf7-text\" aria-invalid=\"false\" placeholder=\"Telefon\" value=\"\" type=\"text\" name=\"your-phone\" \/><\/span>\n\t\t<\/p>\n\t<\/div>\n\t<div class='cus_contact_form_bottom'>\n\t\t<p><span class=\"wpcf7-form-control-wrap\" data-name=\"your-country\"><input size=\"40\" maxlength=\"400\" class=\"wpcf7-form-control wpcf7-text\" aria-invalid=\"false\" placeholder=\"Land\" value=\"\" type=\"text\" name=\"your-country\" \/><\/span>\n\t\t<\/p>\n\t<\/div>\n\t<p><span class=\"wpcf7-form-control-wrap\" data-name=\"your-message\"><textarea cols=\"40\" rows=\"10\" maxlength=\"2000\" class=\"wpcf7-form-control wpcf7-textarea wpcf7-validates-as-required\" aria-required=\"true\" aria-invalid=\"false\" placeholder=\"Ihre Nachricht *\" name=\"your-message\"><\/textarea><\/span>\n\t<\/p>\n\t<div style=\"margin-bottom:10px;\">\n\t<\/div>\n\t<p><div id=\"cf7sr-69ff30612d5af\" class=\"cf7sr-g-turnstile\" data-redirect=\"\" data-theme=\"auto\" data-language=\"en\" data-size=\"normal\" \n    data-sitekey=\"0x4AAAAAAA3FLd3Fs0zNyv_e\"><\/div><span class=\"wpcf7-form-control-wrap cf7sr-turnstile\" data-name=\"cf7sr-turnstile\"><input type=\"hidden\" name=\"cf7sr-turnstile\" value=\"\" class=\"wpcf7-form-control\"><\/span><br \/>\n<input class=\"wpcf7-form-control wpcf7-submit has-spinner\" type=\"submit\" value=\"Nachricht senden\" \/>\n\t<\/p>\n<\/div><div class=\"wpcf7-response-output\" aria-hidden=\"true\"><\/div>\n<input type=\"hidden\" name=\"trp-form-language\" value=\"de\"\/><\/form>\n<\/div>\n\r\n\r\n\t\t<\/div>\n\t\t\t\t\t<\/div>\n\n\t\r\n\r\n<\/div>\r\n\r\n\t\t<\/div>\n\n\t\t\n<style>\n#section_1071623623 {\n  padding-top: 30px;\n  padding-bottom: 30px;\n  background-color: #214184;\n}\n<\/style>\n\t<\/section>","protected":false},"excerpt":{"rendered":"<p>Unsere CNC-Spindelmotoren werden direkt ab Werk geliefert und nicht von den preisg\u00fcnstigsten Lieferanten mit unbekannten Bezugsquellen bezogen. Dadurch wird eine bekannte Qualit\u00e4t und Zuverl\u00e4ssigkeit gew\u00e4hrleistet. Alle CNC-Fr\u00e4sspindeln von RicoCNC sind original und keine F\u00e4lschungen. MJ35B-750E wird h\u00e4ufig in verschiedenen Kantenanleimmaschinen verwendet, einschlie\u00dflich, aber nicht beschr\u00e4nkt auf manuelle Kantenanleimmaschinen, halbautomatische\u2026<\/p>","protected":false},"author":1,"featured_media":0,"parent":0,"menu_order":0,"comment_status":"closed","ping_status":"closed","template":"","meta":{"_gspb_post_css":"","footnotes":""},"class_list":["post-3699","page","type-page","status-publish","hentry"],"_links":{"self":[{"href":"https:\/\/spindlemotorshop.com\/de\/wp-json\/wp\/v2\/pages\/3699","targetHints":{"allow":["GET"]}}],"collection":[{"href":"https:\/\/spindlemotorshop.com\/de\/wp-json\/wp\/v2\/pages"}],"about":[{"href":"https:\/\/spindlemotorshop.com\/de\/wp-json\/wp\/v2\/types\/page"}],"author":[{"embeddable":true,"href":"https:\/\/spindlemotorshop.com\/de\/wp-json\/wp\/v2\/users\/1"}],"replies":[{"embeddable":true,"href":"https:\/\/spindlemotorshop.com\/de\/wp-json\/wp\/v2\/comments?post=3699"}],"version-history":[{"count":0,"href":"https:\/\/spindlemotorshop.com\/de\/wp-json\/wp\/v2\/pages\/3699\/revisions"}],"wp:attachment":[{"href":"https:\/\/spindlemotorshop.com\/de\/wp-json\/wp\/v2\/media?parent=3699"}],"curies":[{"name":"wp","href":"https:\/\/api.w.org\/{rel}","templated":true}]}}