{"id":3823,"date":"2024-08-12T02:38:05","date_gmt":"2024-08-12T02:38:05","guid":{"rendered":"https:\/\/spindlemotorshop.com\/?page_id=3823"},"modified":"2024-10-15T15:07:47","modified_gmt":"2024-10-15T15:07:47","slug":"mj55-2212f-2200w-12000rpm-pre-milling-spindle-motor","status":"publish","type":"page","link":"https:\/\/spindlemotorshop.com\/de\/mj55-2212f-2200w-12000rpm-pre-milling-spindle-motor\/","title":{"rendered":"MJ55-2212F 2,2 kW 12000 U\/min Vorfr\u00e4sspindelmotor f\u00fcr Kantenanleimmaschine"},"content":{"rendered":"<div class=\"row\"  id=\"row-1387952826\">\r\n\r\n\n\t<div id=\"col-1844472715\" class=\"col medium-6 small-12 large-6\"  >\n\t\t\t\t<div class=\"col-inner\"  >\n\t\t\t\n\t\t\t\r\n\r\n\t<div class=\"img has-hover x md-x lg-x y md-y lg-y\" id=\"image_2038635482\">\n\t\t\t\t\t\t\t\t<div class=\"img-inner image-cover box-shadow-1 dark\" style=\"padding-top:75%;\">\n\t\t\t<img loading=\"lazy\" decoding=\"async\" width=\"800\" height=\"600\" src=\"https:\/\/spindlemotorshop.com\/wp-content\/uploads\/2024\/08\/CgAGfFufHbmALuOaAAGab7ahj5w100.jpg\" class=\"attachment-original size-original\" alt=\"MJ55-2212F 2,2 kW 12000 U\/min Vorfr\u00e4sspindelmotor f\u00fcr Kantenanleimmaschine\" srcset=\"https:\/\/spindlemotorshop.com\/wp-content\/uploads\/2024\/08\/CgAGfFufHbmALuOaAAGab7ahj5w100.jpg 800w, https:\/\/spindlemotorshop.com\/wp-content\/uploads\/2024\/08\/CgAGfFufHbmALuOaAAGab7ahj5w100-300x225.jpg 300w, https:\/\/spindlemotorshop.com\/wp-content\/uploads\/2024\/08\/CgAGfFufHbmALuOaAAGab7ahj5w100-768x576.jpg 768w, https:\/\/spindlemotorshop.com\/wp-content\/uploads\/2024\/08\/CgAGfFufHbmALuOaAAGab7ahj5w100-16x12.jpg 16w, https:\/\/spindlemotorshop.com\/wp-content\/uploads\/2024\/08\/CgAGfFufHbmALuOaAAGab7ahj5w100-600x450.jpg 600w\" sizes=\"auto, (max-width: 800px) 100vw, 800px\" \/>\t\t\t\t\t\t\n\t\t\t\t\t<\/div>\n\t\t\t\t\t\t\t\t\n<style>\n#image_2038635482 {\n  width: 100%;\n}\n<\/style>\n\t<\/div>\n\t\r\n\r\n\t\t<\/div>\n\t\t\t\t\t<\/div>\n\n\t\r\n\n\t<div id=\"col-1970010444\" class=\"col medium-6 small-12 large-6\"  >\n\t\t\t\t<div class=\"col-inner text-left\"  >\n\t\t\t\n\t\t\t\r\n\r\n\t<div id=\"text-449677413\" class=\"text\">\n\t\t\r\n<h3 class=\"inner-3__prodetailname\">MJ55-2212F 2,2 kW 12000 U\/min Vorfr\u00e4sspindelmotor f\u00fcr Kantenanleimmaschine<\/h3>\r\n\t\t\n<style>\n#text-449677413 {\n  font-size: 0.95rem;\n}\n<\/style>\n\t<\/div>\n\t\r\n\t<div id=\"text-1070766047\" class=\"text\">\n\t\t\r\n<ul>\r\n \t<li style=\"text-align: left;\">MJ55-2212F<\/li>\r\n \t<li style=\"text-align: left;\">Vorfr\u00e4sspindelmotor<\/li>\r\n \t<li>12000 U\/min Kantenanleimmaschinen-Spindelmotor<\/li>\r\n \t<li>2,2 kW Spindel zum Kantenanleimen<\/li>\r\n \t<li>Spindelmotor f\u00fcr Kantenanleimmaschine<\/li>\r\n \t<li>Motor f\u00fcr Kantenanleimmaschine<\/li>\r\n<\/ul>\r\n\t\t\n<style>\n#text-1070766047 {\n  text-align: left;\n}\n<\/style>\n\t<\/div>\n\t\r\n<a href=\"\/de\/contact\/\" target=\"_blank\" class=\"button primary\" rel=\"noopener\"  style=\"border-radius:99px;\">\n    <span>kontaktiere uns<\/span>\n  <\/a>\n\r\n\r\n\t\t<\/div>\n\t\t\t\t\n<style>\n#col-1970010444 > .col-inner {\n  padding: 0px 0px 5px 0px;\n}\n<\/style>\n\t<\/div>\n\n\t\r\n\r\n<\/div>\r\n<div class=\"text-center\"><div class=\"is-divider divider clearfix\" style=\"margin-top:0.9em;margin-bottom:0.9em;max-width:502px;\"><\/div><\/div>\r\n<blockquote>\r\n<ul>\r\n \t<li>Unsere CNC-Spindelmotoren werden direkt ab Werk geliefert und nicht von den preisg\u00fcnstigsten Lieferanten mit unbekannten Bezugsquellen bezogen. Dadurch wird eine bekannte Qualit\u00e4t und Zuverl\u00e4ssigkeit gew\u00e4hrleistet. Alle CNC-Fr\u00e4sspindeln von RicoCNC sind original und keine F\u00e4lschungen.<\/li>\r\n<\/ul>\r\n<\/blockquote>\r\n\t<section class=\"section\" id=\"section_1010996051\">\n\t\t<div class=\"bg section-bg fill bg-fill  bg-loaded\" >\n\n\t\t\t\n\t\t\t\n\t\t\t\n\n\t\t<\/div>\n\n\t\t\n\n\t\t<div class=\"section-content relative\">\n\t\t\t\r\n\r\n<div class=\"row\"  id=\"row-1079017959\">\r\n\r\n\n\t<div id=\"col-834357477\" class=\"col medium-6 small-12 large-6\"  >\n\t\t\t\t<div class=\"col-inner\"  >\n\t\t\t\n\t\t\t\r\n<h2>Technische Eigenschaften<\/h2>\r\n<div class=\"is-divider divider clearfix\" style=\"max-width:91px;background-color:rgb(82, 117, 141);\"><\/div>\r\n\r\n\r\n<table border=\"1\">\r\n<tbody>\r\n<tr>\r\n<th>Typ<\/th>\r\n<td>MJ55-2212F<\/td>\r\n<\/tr>\r\n<tr>\r\n<th>Leistung<\/th>\r\n<td>2,2 kW<\/td>\r\n<\/tr>\r\n<tr>\r\n<th>Stromspannung<\/th>\r\n<td>380 V\/220 V<\/td>\r\n<\/tr>\r\n<tr>\r\n<th>Aktuell<\/th>\r\n<td>5,6 A\/9,7 A<\/td>\r\n<\/tr>\r\n<tr>\r\n<th>Geschwindigkeit<\/th>\r\n<td>12000 U\/min<\/td>\r\n<\/tr>\r\n<tr>\r\n<th>Frequenz<\/th>\r\n<td>200 Hz<\/td>\r\n<\/tr>\r\n<tr>\r\n<th>Arbeitszyklus<\/th>\r\n<td>Staffel 1<\/td>\r\n<\/tr>\r\n<\/tbody>\r\n<\/table>\r\n\r\n\r\n\t\t<\/div>\n\t\t\t\t\t<\/div>\n\n\t\r\n\n\t<div id=\"col-231927254\" class=\"col medium-6 small-12 large-6\"  >\n\t\t\t\t<div class=\"col-inner\"  >\n\t\t\t\n\t\t\t\r\n<h2>Spindeldesign<\/h2>\r\n<div class=\"is-divider divider clearfix\" style=\"max-width:91px;background-color:rgb(82, 117, 141);\"><\/div>\r\n\r\n\t<div class=\"img has-hover x md-x lg-x y md-y lg-y\" id=\"image_1764395222\">\n\t\t\t\t\t\t\t\t<div class=\"img-inner dark\" style=\"margin:-12px 0px 0px 0px;\">\n\t\t\t<img loading=\"lazy\" decoding=\"async\" width=\"750\" height=\"517\" src=\"https:\/\/spindlemotorshop.com\/wp-content\/uploads\/2024\/08\/CgAGfFufHTqAb_uYAAEU7hV2UpI069.jpg\" class=\"attachment-original size-original\" alt=\"MJ55-2212F 2,2 kW 12000 U\/min Vorfr\u00e4sspindelmotor f\u00fcr Kantenanleimmaschinenzeichnung\" srcset=\"https:\/\/spindlemotorshop.com\/wp-content\/uploads\/2024\/08\/CgAGfFufHTqAb_uYAAEU7hV2UpI069.jpg 750w, https:\/\/spindlemotorshop.com\/wp-content\/uploads\/2024\/08\/CgAGfFufHTqAb_uYAAEU7hV2UpI069-300x207.jpg 300w, https:\/\/spindlemotorshop.com\/wp-content\/uploads\/2024\/08\/CgAGfFufHTqAb_uYAAEU7hV2UpI069-18x12.jpg 18w, https:\/\/spindlemotorshop.com\/wp-content\/uploads\/2024\/08\/CgAGfFufHTqAb_uYAAEU7hV2UpI069-600x414.jpg 600w\" sizes=\"auto, (max-width: 750px) 100vw, 750px\" \/>\t\t\t\t\t\t\n\t\t\t\t\t<\/div>\n\t\t\t\t\t\t\t\t\n<style>\n#image_1764395222 {\n  width: 88%;\n}\n<\/style>\n\t<\/div>\n\t\r\n\r\n\t<div class=\"img has-hover x md-x lg-x y md-y lg-y\" id=\"image_1698757161\">\n\t\t\t\t\t\t\t\t<div class=\"img-inner dark\" >\n\t\t\t\t\t\t\t\t\t\n\t\t\t\t\t<\/div>\n\t\t\t\t\t\t\t\t\n<style>\n#image_1698757161 {\n  width: 93%;\n}\n<\/style>\n\t<\/div>\n\t\r\n\r\n\t<div class=\"img has-hover x md-x lg-x y md-y lg-y\" id=\"image_1546815182\">\n\t\t\t\t\t\t\t\t<div class=\"img-inner image-cover dark\" style=\"padding-top:75%;\">\n\t\t\t\t\t\t\t\t\t\n\t\t\t\t\t<\/div>\n\t\t\t\t\t\t\t\t\n<style>\n#image_1546815182 {\n  width: 0%;\n}\n<\/style>\n\t<\/div>\n\t\r\n\r\n\t\t<\/div>\n\t\t\t\t\n<style>\n#col-231927254 > .col-inner {\n  margin: 0px 0px -96px 0px;\n}\n<\/style>\n\t<\/div>\n\n\t\r\n\r\n<\/div>\r\n\r\n\t\t<\/div>\n\n\t\t\n<style>\n#section_1010996051 {\n  padding-top: 8px;\n  padding-bottom: 8px;\n}\n<\/style>\n\t<\/section>\n\t\r\n\t<div id=\"gap-249328869\" class=\"gap-element clearfix\" style=\"display:block; height:auto;\">\n\t\t\n<style>\n#gap-249328869 {\n  padding-top: 30px;\n}\n<\/style>\n\t<\/div>\n\t\r\n<ul>\r\n \t<li><strong>MJ55-2212F<\/strong>, mit geringer Ger\u00e4uschentwicklung und Vibration bei hoher Geschwindigkeit, bietet gro\u00dfes Drehmoment und lange Lebensdauer und sorgt so f\u00fcr einen reibungslosen Betrieb. Es ist \u00e4u\u00dferst kosteng\u00fcnstig und macht Ihr Vorfr\u00e4sen pr\u00e4ziser, effizienter und wettbewerbsf\u00e4higer.<\/li>\r\n<\/ul>\r\n\t<div id=\"gap-122669978\" class=\"gap-element clearfix\" style=\"display:block; height:auto;\">\n\t\t\n<style>\n#gap-122669978 {\n  padding-top: 30px;\n}\n<\/style>\n\t<\/div>\n\t\r\n\r\n<div class=\"row\"  id=\"row-1580826042\">\r\n\r\n\n\t<div id=\"col-1573850395\" class=\"col medium-6 small-12 large-6\"  >\n\t\t\t\t<div class=\"col-inner text-center\"  >\n\t\t\t\n\t\t\t\r\n\r\n\t<div class=\"img has-hover x md-x lg-x y md-y lg-y\" id=\"image_517081226\">\n\t\t\t\t\t\t\t\t<div class=\"img-inner box-shadow-1 dark\" >\n\t\t\t<img loading=\"lazy\" decoding=\"async\" width=\"794\" height=\"978\" src=\"https:\/\/spindlemotorshop.com\/wp-content\/uploads\/2024\/08\/QQ20240812-103354.jpg\" class=\"attachment-original size-original\" alt=\"MJ55-2212F 2,2 kW 12000 U\/min Vorfr\u00e4sspindelmotor f\u00fcr Kantenanleimmaschine zu verkaufen\" srcset=\"https:\/\/spindlemotorshop.com\/wp-content\/uploads\/2024\/08\/QQ20240812-103354.jpg 794w, https:\/\/spindlemotorshop.com\/wp-content\/uploads\/2024\/08\/QQ20240812-103354-244x300.jpg 244w, https:\/\/spindlemotorshop.com\/wp-content\/uploads\/2024\/08\/QQ20240812-103354-768x946.jpg 768w, https:\/\/spindlemotorshop.com\/wp-content\/uploads\/2024\/08\/QQ20240812-103354-10x12.jpg 10w, https:\/\/spindlemotorshop.com\/wp-content\/uploads\/2024\/08\/QQ20240812-103354-600x739.jpg 600w\" sizes=\"auto, (max-width: 794px) 100vw, 794px\" \/>\t\t\t\t\t\t\n\t\t\t\t\t<\/div>\n\t\t\t\t\t\t\t\t\n<style>\n#image_517081226 {\n  width: 80%;\n}\n<\/style>\n\t<\/div>\n\t\r\n\r\n\t\t<\/div>\n\t\t\t\t\t<\/div>\n\n\t\r\n\n\t<div id=\"col-1761872707\" class=\"col medium-6 small-12 large-6\"  >\n\t\t\t\t<div class=\"col-inner\"  >\n\t\t\t\n\t\t\t\r\n\r\n\t<div class=\"img has-hover x md-x lg-x y md-y lg-y\" id=\"image_654116152\">\n\t\t\t\t\t\t\t\t<div class=\"img-inner image-cover box-shadow-1 dark\" style=\"padding-top:546px;\">\n\t\t\t<img loading=\"lazy\" decoding=\"async\" width=\"784\" height=\"1018\" src=\"https:\/\/spindlemotorshop.com\/wp-content\/uploads\/2024\/08\/QQ20240812-103413.jpg\" class=\"attachment-original size-original\" alt=\"MJ55-2212F 2,2 kW 12000 U\/min Vorfr\u00e4sspindelmotor f\u00fcr Kantenanleimmaschine Produkt\" srcset=\"https:\/\/spindlemotorshop.com\/wp-content\/uploads\/2024\/08\/QQ20240812-103413.jpg 784w, https:\/\/spindlemotorshop.com\/wp-content\/uploads\/2024\/08\/QQ20240812-103413-231x300.jpg 231w, https:\/\/spindlemotorshop.com\/wp-content\/uploads\/2024\/08\/QQ20240812-103413-768x997.jpg 768w, https:\/\/spindlemotorshop.com\/wp-content\/uploads\/2024\/08\/QQ20240812-103413-9x12.jpg 9w, https:\/\/spindlemotorshop.com\/wp-content\/uploads\/2024\/08\/QQ20240812-103413-600x779.jpg 600w\" sizes=\"auto, (max-width: 784px) 100vw, 784px\" \/>\t\t\t\t\t\t\n\t\t\t\t\t<\/div>\n\t\t\t\t\t\t\t\t\n<style>\n#image_654116152 {\n  width: 80%;\n}\n<\/style>\n\t<\/div>\n\t\r\n\r\n\t\t<\/div>\n\t\t\t\t\t<\/div>\n\n\t\r\n\r\n<\/div>\r\n\t<section class=\"section\" id=\"section_589123175\">\n\t\t<div class=\"bg section-bg fill bg-fill  bg-loaded\" >\n\n\t\t\t\n\t\t\t\n\t\t\t\n\n\t\t<\/div>\n\n\t\t\n\n\t\t<div class=\"section-content relative\">\n\t\t\t\r\n<h4>Wenn Sie eine CNC-Spindel ben\u00f6tigen, senden Sie uns gerne eine Anfrage<\/h4>\r\n\t\t<\/div>\n\n\t\t\n<style>\n#section_589123175 {\n  padding-top: 30px;\n  padding-bottom: 30px;\n}\n<\/style>\n\t<\/section>\n\t\r\n\t<section class=\"section\" id=\"section_52151884\">\n\t\t<div class=\"bg section-bg fill bg-fill  bg-loaded\" >\n\n\t\t\t\n\t\t\t\n\t\t\t\n\n\t\t<\/div>\n\n\t\t\n\n\t\t<div class=\"section-content relative\">\n\t\t\t\r\n\r\n<div class=\"row row-full-width align-center\"  id=\"row-111689617\">\r\n\r\n\n\t<div id=\"col-463294364\" class=\"col small-12 large-12\"  >\n\t\t\t\t<div class=\"col-inner text-center\"  >\n\t\t\t\n\t\t\t\r\n\r\n\t<div id=\"text-2770858091\" class=\"text\">\n\t\t\r\n\r\n\t\t\n<style>\n#text-2770858091 {\n  text-align: left;\n}\n<\/style>\n\t<\/div>\n\t\r\n\t<div id=\"text-3730714701\" class=\"text\">\n\t\t\r\n<h2>KONTAKTIEREN SIE UNS<\/h2>\r\n\t\t\n<style>\n#text-3730714701 {\n  color: rgb(255,255,255);\n}\n#text-3730714701 > * {\n  color: rgb(255,255,255);\n}\n<\/style>\n\t<\/div>\n\t\r\n\n<div class=\"wpcf7 no-js\" id=\"wpcf7-f280-o1\" lang=\"en-US\" dir=\"ltr\" data-wpcf7-id=\"280\">\n<div class=\"screen-reader-response\"><p role=\"status\" aria-live=\"polite\" aria-atomic=\"true\"><\/p> <ul><\/ul><\/div>\n<form action=\"\/de\/wp-json\/wp\/v2\/pages\/3823#wpcf7-f280-o1\" method=\"post\" class=\"wpcf7-form init\" aria-label=\"Kontaktformular\" novalidate=\"novalidate\" data-status=\"init\" data-trp-original-action=\"\/de\/wp-json\/wp\/v2\/pages\/3823#wpcf7-f280-o1\">\n<div style=\"display: none;\">\n<input type=\"hidden\" name=\"_wpcf7\" value=\"280\" \/>\n<input type=\"hidden\" name=\"_wpcf7_version\" value=\"6.0.6\" \/>\n<input type=\"hidden\" name=\"_wpcf7_locale\" value=\"en_US\" \/>\n<input type=\"hidden\" name=\"_wpcf7_unit_tag\" value=\"wpcf7-f280-o1\" \/>\n<input type=\"hidden\" name=\"_wpcf7_container_post\" value=\"0\" \/>\n<input type=\"hidden\" name=\"_wpcf7_posted_data_hash\" value=\"\" \/>\n<\/div>\n<div class='custom_contact_style'>\n\t<div class=\"row row-small\">\n\t\t<div class=\"col medium-6 small-12 large-6\">\n\t\t\t<div class=\"col-inner\">\n\t\t\t\t<p><span class=\"wpcf7-form-control-wrap\" data-name=\"your-name\"><input size=\"40\" maxlength=\"400\" class=\"wpcf7-form-control wpcf7-text wpcf7-validates-as-required\" aria-required=\"true\" aria-invalid=\"false\" placeholder=\"Name*\" value=\"\" type=\"text\" name=\"your-name\" \/><\/span>\n\t\t\t\t<\/p>\n\t\t\t<\/div>\n\t\t<\/div>\n\t\t<div class=\"col medium-6 small-12 large-6\">\n\t\t\t<div class=\"col-inner\">\n\t\t\t\t<p><span class=\"wpcf7-form-control-wrap\" data-name=\"your-email\"><input size=\"40\" maxlength=\"400\" class=\"wpcf7-form-control wpcf7-email wpcf7-validates-as-required wpcf7-text wpcf7-validates-as-email\" aria-required=\"true\" aria-invalid=\"false\" placeholder=\"E-Mail*\" value=\"\" type=\"email\" name=\"your-email\" \/><\/span>\n\t\t\t\t<\/p>\n\t\t\t<\/div>\n\t\t<\/div>\n\t<\/div>\n\t<div class='cus_contact_form_bottom'>\n\t\t<p><span class=\"wpcf7-form-control-wrap\" data-name=\"your-phone\"><input size=\"40\" maxlength=\"400\" class=\"wpcf7-form-control wpcf7-text\" aria-invalid=\"false\" placeholder=\"Telefon\" value=\"\" type=\"text\" name=\"your-phone\" \/><\/span>\n\t\t<\/p>\n\t<\/div>\n\t<div class='cus_contact_form_bottom'>\n\t\t<p><span class=\"wpcf7-form-control-wrap\" data-name=\"your-country\"><input size=\"40\" maxlength=\"400\" class=\"wpcf7-form-control wpcf7-text\" aria-invalid=\"false\" placeholder=\"Land\" value=\"\" type=\"text\" name=\"your-country\" \/><\/span>\n\t\t<\/p>\n\t<\/div>\n\t<p><span class=\"wpcf7-form-control-wrap\" data-name=\"your-message\"><textarea cols=\"40\" rows=\"10\" maxlength=\"2000\" class=\"wpcf7-form-control wpcf7-textarea wpcf7-validates-as-required\" aria-required=\"true\" aria-invalid=\"false\" placeholder=\"Ihre Nachricht *\" name=\"your-message\"><\/textarea><\/span>\n\t<\/p>\n\t<div style=\"margin-bottom:10px;\">\n\t<\/div>\n\t<p><div id=\"cf7sr-69ff30a550c32\" class=\"cf7sr-g-turnstile\" data-redirect=\"\" data-theme=\"auto\" data-language=\"en\" data-size=\"normal\" \n    data-sitekey=\"0x4AAAAAAA3FLd3Fs0zNyv_e\"><\/div><span class=\"wpcf7-form-control-wrap cf7sr-turnstile\" data-name=\"cf7sr-turnstile\"><input type=\"hidden\" name=\"cf7sr-turnstile\" value=\"\" class=\"wpcf7-form-control\"><\/span><br \/>\n<input class=\"wpcf7-form-control wpcf7-submit has-spinner\" type=\"submit\" value=\"Nachricht senden\" \/>\n\t<\/p>\n<\/div><div class=\"wpcf7-response-output\" aria-hidden=\"true\"><\/div>\n<input type=\"hidden\" name=\"trp-form-language\" value=\"de\"\/><\/form>\n<\/div>\n\r\n\r\n\t\t<\/div>\n\t\t\t\t\t<\/div>\n\n\t\r\n\r\n<\/div>\r\n\r\n\t\t<\/div>\n\n\t\t\n<style>\n#section_52151884 {\n  padding-top: 30px;\n  padding-bottom: 30px;\n  background-color: #214184;\n}\n<\/style>\n\t<\/section>","protected":false},"excerpt":{"rendered":"<p>Unsere CNC-Spindelmotoren werden direkt ab Werk geliefert und nicht von den preisg\u00fcnstigsten Lieferanten mit unbekannten Bezugsquellen bezogen. Dadurch wird eine bekannte Qualit\u00e4t und Zuverl\u00e4ssigkeit gew\u00e4hrleistet. Alle CNC-Fr\u00e4sspindeln von RicoCNC sind original und keine F\u00e4lschungen. MJ55-2212F ist ger\u00e4uscharm und vibrationsarm bei hoher Geschwindigkeit, bietet ein hohes Drehmoment und eine lange Lebensdauer und sorgt so f\u00fcr einen reibungslosen Betrieb. Es\u2026<\/p>","protected":false},"author":1,"featured_media":0,"parent":0,"menu_order":0,"comment_status":"closed","ping_status":"closed","template":"","meta":{"_gspb_post_css":"","footnotes":""},"class_list":["post-3823","page","type-page","status-publish","hentry"],"_links":{"self":[{"href":"https:\/\/spindlemotorshop.com\/de\/wp-json\/wp\/v2\/pages\/3823","targetHints":{"allow":["GET"]}}],"collection":[{"href":"https:\/\/spindlemotorshop.com\/de\/wp-json\/wp\/v2\/pages"}],"about":[{"href":"https:\/\/spindlemotorshop.com\/de\/wp-json\/wp\/v2\/types\/page"}],"author":[{"embeddable":true,"href":"https:\/\/spindlemotorshop.com\/de\/wp-json\/wp\/v2\/users\/1"}],"replies":[{"embeddable":true,"href":"https:\/\/spindlemotorshop.com\/de\/wp-json\/wp\/v2\/comments?post=3823"}],"version-history":[{"count":0,"href":"https:\/\/spindlemotorshop.com\/de\/wp-json\/wp\/v2\/pages\/3823\/revisions"}],"wp:attachment":[{"href":"https:\/\/spindlemotorshop.com\/de\/wp-json\/wp\/v2\/media?parent=3823"}],"curies":[{"name":"wp","href":"https:\/\/api.w.org\/{rel}","templated":true}]}}