{"id":3841,"date":"2024-08-12T05:55:25","date_gmt":"2024-08-12T05:55:25","guid":{"rendered":"https:\/\/spindlemotorshop.com\/?page_id=3841"},"modified":"2024-10-15T15:08:38","modified_gmt":"2024-10-15T15:08:38","slug":"mj35b-300-300w-18000rpm-corner-trimming-spindle-motor","status":"publish","type":"page","link":"https:\/\/spindlemotorshop.com\/de\/product\/mj35b-300-300w-18000rpm-corner-trimming-spindle-motor\/","title":{"rendered":"MJ35B-300 0.3kw 18000rpm Eckentrimmspindelmotor f\u00fcr Kantenanleimmaschine"},"content":{"rendered":"<div class=\"row\"  id=\"row-1835965746\">\n\n\n\t<div id=\"col-1142746733\" class=\"col medium-6 small-12 large-6\"  >\n\t\t\t\t<div class=\"col-inner\"  >\n\t\t\t\n\t\t\t\n\n\t<div class=\"img has-hover x md-x lg-x y md-y lg-y\" id=\"image_1928563396\">\n\t\t\t\t\t\t\t\t<div class=\"img-inner image-cover box-shadow-1 dark\" style=\"padding-top:75%;\">\n\t\t\t<img loading=\"lazy\" decoding=\"async\" width=\"1000\" height=\"1000\" src=\"https:\/\/spindlemotorshop.com\/wp-content\/uploads\/2024\/08\/O1CN01ImCEx51rhhgdbG8ZE_2620755663.png_.jpeg\" class=\"attachment-original size-original\" alt=\"MJ35B-300 0.3kw 18000rpm Eckentrimmspindelmotor f\u00fcr Kantenanleimmaschine\" srcset=\"https:\/\/spindlemotorshop.com\/wp-content\/uploads\/2024\/08\/O1CN01ImCEx51rhhgdbG8ZE_2620755663.png_.jpeg 1000w, https:\/\/spindlemotorshop.com\/wp-content\/uploads\/2024\/08\/O1CN01ImCEx51rhhgdbG8ZE_2620755663.png_-300x300.jpeg 300w, https:\/\/spindlemotorshop.com\/wp-content\/uploads\/2024\/08\/O1CN01ImCEx51rhhgdbG8ZE_2620755663.png_-150x150.jpeg 150w, https:\/\/spindlemotorshop.com\/wp-content\/uploads\/2024\/08\/O1CN01ImCEx51rhhgdbG8ZE_2620755663.png_-768x768.jpeg 768w, https:\/\/spindlemotorshop.com\/wp-content\/uploads\/2024\/08\/O1CN01ImCEx51rhhgdbG8ZE_2620755663.png_-12x12.jpeg 12w, https:\/\/spindlemotorshop.com\/wp-content\/uploads\/2024\/08\/O1CN01ImCEx51rhhgdbG8ZE_2620755663.png_-600x600.jpeg 600w, https:\/\/spindlemotorshop.com\/wp-content\/uploads\/2024\/08\/O1CN01ImCEx51rhhgdbG8ZE_2620755663.png_-100x100.jpeg 100w\" sizes=\"auto, (max-width: 1000px) 100vw, 1000px\" \/>\t\t\t\t\t\t\n\t\t\t\t\t<\/div>\n\t\t\t\t\t\t\t\t\n<style>\n#image_1928563396 {\n  width: 100%;\n}\n<\/style>\n\t<\/div>\n\t\n\n\n\t\t<\/div>\n\t\t\t\t\t<\/div>\n\n\t\n\n\t<div id=\"col-889233079\" class=\"col medium-6 small-12 large-6\"  >\n\t\t\t\t<div class=\"col-inner text-left\"  >\n\t\t\t\n\t\t\t\n\n\t<div id=\"text-191965467\" class=\"text\">\n\t\t\n\n<h3 class=\"inner-3__prodetailname\">MJ35B-300 0.3kw 18000rpm Eckentrimmspindelmotor f\u00fcr Kantenanleimmaschine<\/h3>\n\t\t\n<style>\n#text-191965467 {\n  font-size: 0.95rem;\n}\n<\/style>\n\t<\/div>\n\t\n\t<div id=\"text-2584690951\" class=\"text\">\n\t\t\n\n<ul>\n<li style=\"text-align: left;\">MJ35B-300\u00a0<\/li>\n<li style=\"text-align: left;\">Spindelmotor f\u00fcr Eckenfr\u00e4sen<\/li>\n<li>Kantenanleimmaschinen-Spindelmotor mit 18.000 U\/min<\/li>\n<li>0,3 kW Spindel zum Kantenanleimen<\/li>\n<li>Spindelmotor f\u00fcr Kantenanleimmaschine<\/li>\n<li>Motor f\u00fcr Kantenanleimmaschine<\/li>\n<\/ul>\n\t\t\n<style>\n#text-2584690951 {\n  text-align: left;\n}\n<\/style>\n\t<\/div>\n\t\n<a href=\"\/de\/contact\/\" target=\"_blank\" class=\"button primary\" rel=\"noopener\"  style=\"border-radius:99px;\">\n    <span>kontaktiere uns<\/span>\n  <\/a>\n\n\n\n\t\t<\/div>\n\t\t\t\t\n<style>\n#col-889233079 > .col-inner {\n  padding: 0px 0px 5px 0px;\n}\n<\/style>\n\t<\/div>\n\n\t\n\n<\/div>\n<div class=\"text-center\"><div class=\"is-divider divider clearfix\" style=\"margin-top:0.9em;margin-bottom:0.9em;max-width:502px;\"><\/div><\/div>\n\n<blockquote>\n<ul>\n<li>Unsere CNC-Spindelmotoren werden direkt ab Werk geliefert und nicht von den preisg\u00fcnstigsten Lieferanten mit unbekannten Bezugsquellen bezogen. Dadurch wird eine bekannte Qualit\u00e4t und Zuverl\u00e4ssigkeit gew\u00e4hrleistet. Alle CNC-Fr\u00e4sspindeln von RicoCNC sind original und keine F\u00e4lschungen.<\/li>\n<\/ul>\n<\/blockquote>\n\t<section class=\"section\" id=\"section_2100041721\">\n\t\t<div class=\"bg section-bg fill bg-fill  bg-loaded\" >\n\n\t\t\t\n\t\t\t\n\t\t\t\n\n\t\t<\/div>\n\n\t\t\n\n\t\t<div class=\"section-content relative\">\n\t\t\t\n\n<div class=\"row\"  id=\"row-664110097\">\n\n\n\t<div id=\"col-2055465629\" class=\"col medium-6 small-12 large-6\"  >\n\t\t\t\t<div class=\"col-inner\"  >\n\t\t\t\n\t\t\t\n\n<h2>Technische Eigenschaften<\/h2>\n<div class=\"is-divider divider clearfix\" style=\"max-width:91px;background-color:rgb(82, 117, 141);\"><\/div>\n\n\n\n<table border=\"1\">\n<tbody>\n<tr>\n<th>Typ<\/th>\n<td>MJ35B-300<\/td>\n<\/tr>\n<tr>\n<th>Leistung<\/th>\n<td>0,3 kW<\/td>\n<\/tr>\n<tr>\n<th>Stromspannung<\/th>\n<td>165 V<\/td>\n<\/tr>\n<tr>\n<th>Aktuell<\/th>\n<td>2.1A<\/td>\n<\/tr>\n<tr>\n<th>Geschwindigkeit<\/th>\n<td>18000 U\/min<\/td>\n<\/tr>\n<tr>\n<th>Frequenz<\/th>\n<td>300 Hz<\/td>\n<\/tr>\n<tr>\n<th>Arbeitszyklus<\/th>\n<td>Staffel 1<\/td>\n<\/tr>\n<\/tbody>\n<\/table>\n\n\n\t\t<\/div>\n\t\t\t\t\t<\/div>\n\n\t\n\n\t<div id=\"col-560529828\" class=\"col medium-6 small-12 large-6\"  >\n\t\t\t\t<div class=\"col-inner\"  >\n\t\t\t\n\t\t\t\n\n<h2>Spindeldesign<\/h2>\n<div class=\"is-divider divider clearfix\" style=\"max-width:91px;background-color:rgb(82, 117, 141);\"><\/div>\n\n\t<div class=\"img has-hover x md-x lg-x y md-y lg-y\" id=\"image_45747851\">\n\t\t\t\t\t\t\t\t<div class=\"img-inner dark\" style=\"margin:-12px 0px 0px 0px;\">\n\t\t\t<img loading=\"lazy\" decoding=\"async\" width=\"700\" height=\"517\" src=\"https:\/\/spindlemotorshop.com\/wp-content\/uploads\/2024\/08\/CgAG0mFL8ZGAOuvLAAJIeKIGrWg881.jpg\" class=\"attachment-original size-original\" alt=\"MJ35B-300 0,3 kW 18000 U\/min Spindelmotor zum Eckenbeschneiden f\u00fcr die Zeichnung einer Kantenanleimmaschine\" srcset=\"https:\/\/spindlemotorshop.com\/wp-content\/uploads\/2024\/08\/CgAG0mFL8ZGAOuvLAAJIeKIGrWg881.jpg 700w, https:\/\/spindlemotorshop.com\/wp-content\/uploads\/2024\/08\/CgAG0mFL8ZGAOuvLAAJIeKIGrWg881-300x222.jpg 300w, https:\/\/spindlemotorshop.com\/wp-content\/uploads\/2024\/08\/CgAG0mFL8ZGAOuvLAAJIeKIGrWg881-16x12.jpg 16w, https:\/\/spindlemotorshop.com\/wp-content\/uploads\/2024\/08\/CgAG0mFL8ZGAOuvLAAJIeKIGrWg881-600x443.jpg 600w\" sizes=\"auto, (max-width: 700px) 100vw, 700px\" \/>\t\t\t\t\t\t\n\t\t\t\t\t<\/div>\n\t\t\t\t\t\t\t\t\n<style>\n#image_45747851 {\n  width: 83%;\n}\n<\/style>\n\t<\/div>\n\t\n\n\t<div class=\"img has-hover x md-x lg-x y md-y lg-y\" id=\"image_1943285862\">\n\t\t\t\t\t\t\t\t<div class=\"img-inner dark\" >\n\t\t\t\t\t\t\t\t\t\n\t\t\t\t\t<\/div>\n\t\t\t\t\t\t\t\t\n<style>\n#image_1943285862 {\n  width: 93%;\n}\n<\/style>\n\t<\/div>\n\t\n\n\t<div class=\"img has-hover x md-x lg-x y md-y lg-y\" id=\"image_1877984213\">\n\t\t\t\t\t\t\t\t<div class=\"img-inner image-cover dark\" style=\"padding-top:75%;\">\n\t\t\t\t\t\t\t\t\t\n\t\t\t\t\t<\/div>\n\t\t\t\t\t\t\t\t\n<style>\n#image_1877984213 {\n  width: 0%;\n}\n<\/style>\n\t<\/div>\n\t\n\n\n\t\t<\/div>\n\t\t\t\t\n<style>\n#col-560529828 > .col-inner {\n  margin: 0px 0px -96px 0px;\n}\n<\/style>\n\t<\/div>\n\n\t\n\n<\/div>\n\n\t\t<\/div>\n\n\t\t\n<style>\n#section_2100041721 {\n  padding-top: 8px;\n  padding-bottom: 8px;\n}\n<\/style>\n\t<\/section>\n\t\n<ul>\n<li><strong>MJ35B-300<\/strong> Der hocheffiziente Profilf\u00fchrungsmotor wird h\u00e4ufig in Profilf\u00fchrungs- und Rundungsvorrichtungen automatischer Kantenanleimmaschinen in der Holzverarbeitungsindustrie eingesetzt. Er eignet sich besonders dazu, die Endfl\u00e4che der Platte glatter und sch\u00f6ner zu machen.<\/li>\n<li>Wir liefern auch \u00e4hnliche Typen: <span style=\"color: #ed1c24;\"><strong>MJ35B-300A, MJ35B-300B<\/strong><\/span><\/li>\n<\/ul>\n\t<div id=\"gap-407725555\" class=\"gap-element clearfix\" style=\"display:block; height:auto;\">\n\t\t\n<style>\n#gap-407725555 {\n  padding-top: 30px;\n}\n<\/style>\n\t<\/div>\n\t\n\n<div class=\"row\"  id=\"row-1097743577\">\n\n\n\t<div id=\"col-654134616\" class=\"col medium-6 small-12 large-6\"  >\n\t\t\t\t<div class=\"col-inner text-center box-shadow-1\"  >\n\t\t\t\n\t\t\t\n\n\t<div class=\"img has-hover x md-x lg-x y md-y lg-y\" id=\"image_450669531\">\n\t\t\t\t\t\t\t\t<div class=\"img-inner dark\" >\n\t\t\t<img loading=\"lazy\" decoding=\"async\" width=\"1000\" height=\"1000\" src=\"https:\/\/spindlemotorshop.com\/wp-content\/uploads\/2024\/08\/O1CN01BnCHdR1rhhggpxRJ0_2620755663.png_.jpeg\" class=\"attachment-large size-large\" alt=\"MJ35B-300 0,3 kW 18000 U\/min Eckenfr\u00e4sspindelmotor f\u00fcr Kantenanleimmaschine zu verkaufen\" srcset=\"https:\/\/spindlemotorshop.com\/wp-content\/uploads\/2024\/08\/O1CN01BnCHdR1rhhggpxRJ0_2620755663.png_.jpeg 1000w, https:\/\/spindlemotorshop.com\/wp-content\/uploads\/2024\/08\/O1CN01BnCHdR1rhhggpxRJ0_2620755663.png_-300x300.jpeg 300w, https:\/\/spindlemotorshop.com\/wp-content\/uploads\/2024\/08\/O1CN01BnCHdR1rhhggpxRJ0_2620755663.png_-150x150.jpeg 150w, https:\/\/spindlemotorshop.com\/wp-content\/uploads\/2024\/08\/O1CN01BnCHdR1rhhggpxRJ0_2620755663.png_-768x768.jpeg 768w, https:\/\/spindlemotorshop.com\/wp-content\/uploads\/2024\/08\/O1CN01BnCHdR1rhhggpxRJ0_2620755663.png_-12x12.jpeg 12w, https:\/\/spindlemotorshop.com\/wp-content\/uploads\/2024\/08\/O1CN01BnCHdR1rhhggpxRJ0_2620755663.png_-600x600.jpeg 600w, https:\/\/spindlemotorshop.com\/wp-content\/uploads\/2024\/08\/O1CN01BnCHdR1rhhggpxRJ0_2620755663.png_-100x100.jpeg 100w\" sizes=\"auto, (max-width: 1000px) 100vw, 1000px\" \/>\t\t\t\t\t\t\n\t\t\t\t\t<\/div>\n\t\t\t\t\t\t\t\t\n<style>\n#image_450669531 {\n  width: 80%;\n}\n<\/style>\n\t<\/div>\n\t\n\n\n\t\t<\/div>\n\t\t\t\t\t<\/div>\n\n\t\n\n\t<div id=\"col-1376388371\" class=\"col medium-6 small-12 large-6\"  >\n\t\t\t\t<div class=\"col-inner text-center box-shadow-1\"  >\n\t\t\t\n\t\t\t\n\n\t<div class=\"img has-hover x md-x lg-x y md-y lg-y\" id=\"image_375892030\">\n\t\t\t\t\t\t\t\t<div class=\"img-inner image-cover dark\" style=\"padding-top:446px;\">\n\t\t\t<img loading=\"lazy\" decoding=\"async\" width=\"768\" height=\"1024\" src=\"https:\/\/spindlemotorshop.com\/wp-content\/uploads\/2024\/08\/IMG_1208-768x1024.jpg\" class=\"attachment-large size-large\" alt=\"MJ35B-300 0,3 kW 18000 U\/min Spindelmotor zum Eckenbeschneiden f\u00fcr Kantenanleimmaschinen\" srcset=\"https:\/\/spindlemotorshop.com\/wp-content\/uploads\/2024\/08\/IMG_1208-768x1024.jpg 768w, https:\/\/spindlemotorshop.com\/wp-content\/uploads\/2024\/08\/IMG_1208-225x300.jpg 225w, https:\/\/spindlemotorshop.com\/wp-content\/uploads\/2024\/08\/IMG_1208-9x12.jpg 9w, https:\/\/spindlemotorshop.com\/wp-content\/uploads\/2024\/08\/IMG_1208-600x800.jpg 600w, https:\/\/spindlemotorshop.com\/wp-content\/uploads\/2024\/08\/IMG_1208.jpg 1080w\" sizes=\"auto, (max-width: 768px) 100vw, 768px\" \/>\t\t\t\t\t\t\n\t\t\t\t\t<\/div>\n\t\t\t\t\t\t\t\t\n<style>\n#image_375892030 {\n  width: 80%;\n}\n<\/style>\n\t<\/div>\n\t\n\n\n\t\t<\/div>\n\t\t\t\t\t<\/div>\n\n\t\n\n<\/div>\n\t<section class=\"section\" id=\"section_1249850733\">\n\t\t<div class=\"bg section-bg fill bg-fill  bg-loaded\" >\n\n\t\t\t\n\t\t\t\n\t\t\t\n\n\t\t<\/div>\n\n\t\t\n\n\t\t<div class=\"section-content relative\">\n\t\t\t\n\n<h4>Wenn Sie eine CNC-Spindel ben\u00f6tigen, senden Sie uns gerne eine Anfrage<\/h4>\n\n\t\t<\/div>\n\n\t\t\n<style>\n#section_1249850733 {\n  padding-top: 30px;\n  padding-bottom: 30px;\n}\n<\/style>\n\t<\/section>\n\t\n\t<section class=\"section\" id=\"section_304838806\">\n\t\t<div class=\"bg section-bg fill bg-fill  bg-loaded\" >\n\n\t\t\t\n\t\t\t\n\t\t\t\n\n\t\t<\/div>\n\n\t\t\n\n\t\t<div class=\"section-content relative\">\n\t\t\t\n\n<div class=\"row row-full-width align-center\"  id=\"row-1459247722\">\n\n\n\t<div id=\"col-607191582\" class=\"col small-12 large-12\"  >\n\t\t\t\t<div class=\"col-inner text-center\"  >\n\t\t\t\n\t\t\t\n\n\t<div id=\"text-3667937205\" class=\"text\">\n\t\t\n\n\n\t\t\n<style>\n#text-3667937205 {\n  text-align: left;\n}\n<\/style>\n\t<\/div>\n\t\n\t<div id=\"text-3960963804\" class=\"text\">\n\t\t\n\n<h2>KONTAKTIEREN SIE UNS<\/h2>\n\t\t\n<style>\n#text-3960963804 {\n  color: rgb(255,255,255);\n}\n#text-3960963804 > * {\n  color: rgb(255,255,255);\n}\n<\/style>\n\t<\/div>\n\t\n\n<div class=\"wpcf7 no-js\" id=\"wpcf7-f280-o1\" lang=\"en-US\" dir=\"ltr\" data-wpcf7-id=\"280\">\n<div class=\"screen-reader-response\"><p role=\"status\" aria-live=\"polite\" aria-atomic=\"true\"><\/p> <ul><\/ul><\/div>\n<form action=\"\/de\/wp-json\/wp\/v2\/pages\/3841#wpcf7-f280-o1\" method=\"post\" class=\"wpcf7-form init\" aria-label=\"Kontaktformular\" novalidate=\"novalidate\" data-status=\"init\" data-trp-original-action=\"\/de\/wp-json\/wp\/v2\/pages\/3841#wpcf7-f280-o1\">\n<div style=\"display: none;\">\n<input type=\"hidden\" name=\"_wpcf7\" value=\"280\" \/>\n<input type=\"hidden\" name=\"_wpcf7_version\" value=\"6.0.6\" \/>\n<input type=\"hidden\" name=\"_wpcf7_locale\" value=\"en_US\" \/>\n<input type=\"hidden\" name=\"_wpcf7_unit_tag\" value=\"wpcf7-f280-o1\" \/>\n<input type=\"hidden\" name=\"_wpcf7_container_post\" value=\"0\" \/>\n<input type=\"hidden\" name=\"_wpcf7_posted_data_hash\" value=\"\" \/>\n<\/div>\n<div class='custom_contact_style'>\n\t<div class=\"row row-small\">\n\t\t<div class=\"col medium-6 small-12 large-6\">\n\t\t\t<div class=\"col-inner\">\n\t\t\t\t<p><span class=\"wpcf7-form-control-wrap\" data-name=\"your-name\"><input size=\"40\" maxlength=\"400\" class=\"wpcf7-form-control wpcf7-text wpcf7-validates-as-required\" aria-required=\"true\" aria-invalid=\"false\" placeholder=\"Name*\" value=\"\" type=\"text\" name=\"your-name\" \/><\/span>\n\t\t\t\t<\/p>\n\t\t\t<\/div>\n\t\t<\/div>\n\t\t<div class=\"col medium-6 small-12 large-6\">\n\t\t\t<div class=\"col-inner\">\n\t\t\t\t<p><span class=\"wpcf7-form-control-wrap\" data-name=\"your-email\"><input size=\"40\" maxlength=\"400\" class=\"wpcf7-form-control wpcf7-email wpcf7-validates-as-required wpcf7-text wpcf7-validates-as-email\" aria-required=\"true\" aria-invalid=\"false\" placeholder=\"E-Mail*\" value=\"\" type=\"email\" name=\"your-email\" \/><\/span>\n\t\t\t\t<\/p>\n\t\t\t<\/div>\n\t\t<\/div>\n\t<\/div>\n\t<div class='cus_contact_form_bottom'>\n\t\t<p><span class=\"wpcf7-form-control-wrap\" data-name=\"your-phone\"><input size=\"40\" maxlength=\"400\" class=\"wpcf7-form-control wpcf7-text\" aria-invalid=\"false\" placeholder=\"Telefon\" value=\"\" type=\"text\" name=\"your-phone\" \/><\/span>\n\t\t<\/p>\n\t<\/div>\n\t<div class='cus_contact_form_bottom'>\n\t\t<p><span class=\"wpcf7-form-control-wrap\" data-name=\"your-country\"><input size=\"40\" maxlength=\"400\" class=\"wpcf7-form-control wpcf7-text\" aria-invalid=\"false\" placeholder=\"Land\" value=\"\" type=\"text\" name=\"your-country\" \/><\/span>\n\t\t<\/p>\n\t<\/div>\n\t<p><span class=\"wpcf7-form-control-wrap\" data-name=\"your-message\"><textarea cols=\"40\" rows=\"10\" maxlength=\"2000\" class=\"wpcf7-form-control wpcf7-textarea wpcf7-validates-as-required\" aria-required=\"true\" aria-invalid=\"false\" placeholder=\"Ihre Nachricht *\" name=\"your-message\"><\/textarea><\/span>\n\t<\/p>\n\t<div style=\"margin-bottom:10px;\">\n\t<\/div>\n\t<p><div id=\"cf7sr-69ff30602ae35\" class=\"cf7sr-g-turnstile\" data-redirect=\"\" data-theme=\"auto\" data-language=\"en\" data-size=\"normal\" \n    data-sitekey=\"0x4AAAAAAA3FLd3Fs0zNyv_e\"><\/div><span class=\"wpcf7-form-control-wrap cf7sr-turnstile\" data-name=\"cf7sr-turnstile\"><input type=\"hidden\" name=\"cf7sr-turnstile\" value=\"\" class=\"wpcf7-form-control\"><\/span><br \/>\n<input class=\"wpcf7-form-control wpcf7-submit has-spinner\" type=\"submit\" value=\"Nachricht senden\" \/>\n\t<\/p>\n<\/div><div class=\"wpcf7-response-output\" aria-hidden=\"true\"><\/div>\n<input type=\"hidden\" name=\"trp-form-language\" value=\"de\"\/><\/form>\n<\/div>\n\n\n\n\t\t<\/div>\n\t\t\t\t\t<\/div>\n\n\t\n\n<\/div>\n\n\t\t<\/div>\n\n\t\t\n<style>\n#section_304838806 {\n  padding-top: 30px;\n  padding-bottom: 30px;\n  background-color: #214184;\n}\n<\/style>\n\t<\/section>","protected":false},"excerpt":{"rendered":"<p>Unsere CNC-Spindelmotoren werden direkt ab Werk geliefert und nicht von den preisg\u00fcnstigsten Lieferanten mit unbekannten Bezugsquellen bezogen. Dadurch wird eine bekannte Qualit\u00e4t und Zuverl\u00e4ssigkeit gew\u00e4hrleistet. Alle CNC-Fr\u00e4sspindeln von RicoCNC sind original und keine F\u00e4lschungen. Der hocheffiziente Profilf\u00fchrungsmotor MJ35B-300 wird h\u00e4ufig in Profilf\u00fchrungs- und Rundungsvorrichtungen f\u00fcr automatische Kantenanleimmaschinen verwendet.<\/p>","protected":false},"author":1,"featured_media":0,"parent":5495,"menu_order":0,"comment_status":"closed","ping_status":"closed","template":"","meta":{"_gspb_post_css":"","footnotes":""},"class_list":["post-3841","page","type-page","status-publish","hentry"],"_links":{"self":[{"href":"https:\/\/spindlemotorshop.com\/de\/wp-json\/wp\/v2\/pages\/3841","targetHints":{"allow":["GET"]}}],"collection":[{"href":"https:\/\/spindlemotorshop.com\/de\/wp-json\/wp\/v2\/pages"}],"about":[{"href":"https:\/\/spindlemotorshop.com\/de\/wp-json\/wp\/v2\/types\/page"}],"author":[{"embeddable":true,"href":"https:\/\/spindlemotorshop.com\/de\/wp-json\/wp\/v2\/users\/1"}],"replies":[{"embeddable":true,"href":"https:\/\/spindlemotorshop.com\/de\/wp-json\/wp\/v2\/comments?post=3841"}],"version-history":[{"count":0,"href":"https:\/\/spindlemotorshop.com\/de\/wp-json\/wp\/v2\/pages\/3841\/revisions"}],"up":[{"embeddable":true,"href":"https:\/\/spindlemotorshop.com\/de\/wp-json\/wp\/v2\/pages\/5495"}],"wp:attachment":[{"href":"https:\/\/spindlemotorshop.com\/de\/wp-json\/wp\/v2\/media?parent=3841"}],"curies":[{"name":"wp","href":"https:\/\/api.w.org\/{rel}","templated":true}]}}