{"id":2187,"date":"2024-07-17T01:04:57","date_gmt":"2024-07-17T01:04:57","guid":{"rendered":"https:\/\/spindlemotorshop.com\/?page_id=2187"},"modified":"2024-10-08T03:15:39","modified_gmt":"2024-10-08T03:15:39","slug":"gdz62-1-2-1200w-water-cooled-spindle","status":"publish","type":"page","link":"https:\/\/spindlemotorshop.com\/eo\/gdz62-1-2-1200w-water-cooled-spindle\/","title":{"rendered":"GDZ62-1.2 1.2kw ER11 akvomalvarmigita spindelo"},"content":{"rendered":"<div class=\"row\"  id=\"row-1754206512\">\n\n\t<div id=\"col-1630266375\" class=\"col medium-6 small-12 large-6\"  >\n\t\t\t\t<div class=\"col-inner\"  >\n\t\t\t\n\t\t\t\n\t<div class=\"img has-hover x md-x lg-x y md-y lg-y\" id=\"image_1449468487\">\n\t\t\t\t\t\t\t\t<div class=\"img-inner image-cover box-shadow-1 dark\" style=\"padding-top:75%;\">\n\t\t\t<img loading=\"lazy\" decoding=\"async\" width=\"800\" height=\"800\" src=\"https:\/\/spindlemotorshop.com\/wp-content\/uploads\/2024\/07\/3963615016400608.jpg\" class=\"attachment-original size-original\" alt=\"GDZ62-1.2 akva spindela produkto\" srcset=\"https:\/\/spindlemotorshop.com\/wp-content\/uploads\/2024\/07\/3963615016400608.jpg 800w, https:\/\/spindlemotorshop.com\/wp-content\/uploads\/2024\/07\/3963615016400608-300x300.jpg 300w, https:\/\/spindlemotorshop.com\/wp-content\/uploads\/2024\/07\/3963615016400608-150x150.jpg 150w, https:\/\/spindlemotorshop.com\/wp-content\/uploads\/2024\/07\/3963615016400608-768x768.jpg 768w, https:\/\/spindlemotorshop.com\/wp-content\/uploads\/2024\/07\/3963615016400608-12x12.jpg 12w, https:\/\/spindlemotorshop.com\/wp-content\/uploads\/2024\/07\/3963615016400608-600x600.jpg 600w, https:\/\/spindlemotorshop.com\/wp-content\/uploads\/2024\/07\/3963615016400608-100x100.jpg 100w\" sizes=\"auto, (max-width: 800px) 100vw, 800px\" \/>\t\t\t\t\t\t\n\t\t\t\t\t<\/div>\n\t\t\t\t\t\t\t\t\n<style>\n#image_1449468487 {\n  width: 100%;\n}\n<\/style>\n\t<\/div>\n\t\n\t\t<\/div>\n\t\t\t\t\t<\/div>\n\n\t\n\n\t<div id=\"col-207514785\" class=\"col medium-6 small-12 large-6\"  >\n\t\t\t\t<div class=\"col-inner text-left\"  >\n\t\t\t\n\t\t\t\n\t<div id=\"text-1091343879\" class=\"text\">\n\t\t\n<h3 class=\"inner-3__prodetailname\">GDZ62-1.2 1.2kw AKVO MALVARIGITA ROUTILSpindelo<\/h3>\n\t\t\n<style>\n#text-1091343879 {\n  font-size: 0.95rem;\n}\n<\/style>\n\t<\/div>\n\t\n\t<div id=\"text-1465256916\" class=\"text\">\n\t\t\n<ul>\n<li style=\"text-align: left;\">GDZ62-1.2<\/li>\n<li style=\"text-align: left;\">ER11 spindelmotoro<\/li>\n<li>60000rpm spindelo<\/li>\n<li>1.2kw spindelmotoro<\/li>\n<li>spindelo CNC-muelado<\/li>\n<li>akvo-malvarmigitaj spindelmotoroj<\/li>\n<li>\u03a662mm spindelmotoro<\/li>\n<li>CNC muelada spindle motoro, CNC graving spindle motoro<\/li>\n<\/ul>\n\t\t\n<style>\n#text-1465256916 {\n  text-align: left;\n}\n<\/style>\n\t<\/div>\n\t\n<a href=\"\/eo\/contact\/\" target=\"_blank\" class=\"button primary\" rel=\"noopener\"  style=\"border-radius:99px;\">\n    <span>kontaktu nin<\/span>\n  <\/a>\n\n\t\t<\/div>\n\t\t\t\t\n<style>\n#col-207514785 > .col-inner {\n  padding: 0px 0px 5px 0px;\n}\n<\/style>\n\t<\/div>\n\n\t\n<\/div>\n<div class=\"text-center\"><div class=\"is-divider divider clearfix\" style=\"margin-top:0.9em;margin-bottom:0.9em;max-width:502px;\"><\/div><\/div>\n<blockquote>\n<ul>\n<li>Niaj spindelaj motoroj estas liveritaj rekte el la fabriko, ne a\u0109etitaj de la plej malaltprezaj provizantoj kun nekonataj fontoj, tiel certigante konatan kvaliton kaj fidindecon. \u0108iuj CNC Router Spindles de RicoCNC estas originalaj, kun Neniu falsa.<\/li>\n<\/ul>\n<\/blockquote>\n\t<section class=\"section\" id=\"section_994653758\">\n\t\t<div class=\"bg section-bg fill bg-fill  bg-loaded\" >\n\n\t\t\t\n\t\t\t\n\t\t\t\n\n\t\t<\/div>\n\n\t\t\n\n\t\t<div class=\"section-content relative\">\n\t\t\t\n<div class=\"row\"  id=\"row-19619282\">\n\n\t<div id=\"col-553908700\" class=\"col medium-6 small-12 large-6\"  >\n\t\t\t\t<div class=\"col-inner\"  >\n\t\t\t\n\t\t\t\n<h2>Teknikaj Karakteriza\u0135oj<\/h2>\n<div class=\"is-divider divider clearfix\" style=\"max-width:91px;background-color:rgb(82, 117, 141);\"><\/div>\n\n<style>\n  \/* \u5b9a\u4e49\u5c45\u4e2d\u7b2c\u4e00\u5217\u5355\u5143\u683c\u7684\u6837\u5f0f *\/<br \/>  .center-first-column {<br \/>    text-align: center; \/* \u6587\u672c\u5c45\u4e2d *\/<br \/>  }<\/p>\n<p>  td, th {<br \/>    padding: 8px; \/* \u5355\u5143\u683c\u5185\u8fb9\u8ddd *\/<br \/>    border: 1px solid #ddd; \/* \u5355\u5143\u683c\u8fb9\u6846 *\/<br \/>  }<\/p>\n<p>  table {<br \/>    width: 100%; \/* \u8868\u683c\u5bbd\u5ea6 *\/<br \/>    border-collapse: collapse; \/* \u8fb9\u6846\u5408\u5e76 *\/<br \/>    font-family: Arial, sans-serif; \/* \u5b57\u4f53 *\/<br \/>  }<br \/><\/style>\n<table border=\"1\">\n<tbody>\n<tr>\n<th class=\"center-first-column\">Spindle Tipo<\/th>\n<td>GDZ62-1.2<\/td>\n<\/tr>\n<tr>\n<th class=\"center-first-column\">Diametro<\/th>\n<td>\u03a662mm<\/td>\n<\/tr>\n<tr>\n<th class=\"center-first-column\">Rapido<\/th>\n<td>60000 rpm<\/td>\n<\/tr>\n<tr>\n<th class=\"center-first-column\">Potenco<\/th>\n<td>1.2kw<\/td>\n<\/tr>\n<tr>\n<th class=\"center-first-column\">Tensio<\/th>\n<td>220v<\/td>\n<\/tr>\n<tr>\n<th class=\"center-first-column\">Nuna<\/th>\n<td>4.5A<\/td>\n<\/tr>\n<tr>\n<th class=\"center-first-column\">Ofteco<\/th>\n<td>1000 HZ<\/td>\n<\/tr>\n<tr>\n<th class=\"center-first-column\">Tordmomanto<\/th>\n<td>0.49 Nm<\/td>\n<\/tr>\n<tr>\n<th class=\"center-first-column\">Collet<\/th>\n<td>ER11<\/td>\n<\/tr>\n<tr>\n<th class=\"center-first-column\">Kola nukso<\/th>\n<td>3.175mm, 4mm, 6mm<\/td>\n<\/tr>\n<tr>\n<th class=\"center-first-column\">portanta tipo<\/th>\n<td>7002CP4*2+7000CP4*2<\/td>\n<\/tr>\n<tr>\n<th class=\"center-first-column\">Pezo<\/th>\n<td>4,4 kg<\/td>\n<\/tr>\n<\/tbody>\n<\/table>\n\n\t\t<\/div>\n\t\t\t\t\t<\/div>\n\n\t\n\n\t<div id=\"col-1919411726\" class=\"col medium-6 small-12 large-6\"  >\n\t\t\t\t<div class=\"col-inner\"  >\n\t\t\t\n\t\t\t\n<h2>Spindle Dezajno<\/h2>\n<div class=\"is-divider divider clearfix\" style=\"max-width:91px;background-color:rgb(82, 117, 141);\"><\/div>\n\t<div class=\"img has-hover x md-x lg-x y md-y lg-y\" id=\"image_1279999171\">\n\t\t\t\t\t\t\t\t<div class=\"img-inner dark\" >\n\t\t\t<img loading=\"lazy\" decoding=\"async\" width=\"745\" height=\"274\" src=\"https:\/\/spindlemotorshop.com\/wp-content\/uploads\/2024\/07\/3492883547_355255932.jpg\" class=\"attachment-original size-original\" alt=\"\" srcset=\"https:\/\/spindlemotorshop.com\/wp-content\/uploads\/2024\/07\/3492883547_355255932.jpg 745w, https:\/\/spindlemotorshop.com\/wp-content\/uploads\/2024\/07\/3492883547_355255932-300x110.jpg 300w, https:\/\/spindlemotorshop.com\/wp-content\/uploads\/2024\/07\/3492883547_355255932-18x7.jpg 18w, https:\/\/spindlemotorshop.com\/wp-content\/uploads\/2024\/07\/3492883547_355255932-600x221.jpg 600w\" sizes=\"auto, (max-width: 745px) 100vw, 745px\" \/>\t\t\t\t\t\t\n\t\t\t\t\t<\/div>\n\t\t\t\t\t\t\t\t\n<style>\n#image_1279999171 {\n  width: 100%;\n}\n<\/style>\n\t<\/div>\n\t\n\t<div class=\"img has-hover x md-x lg-x y md-y lg-y\" id=\"image_1635763385\">\n\t\t\t\t\t\t\t\t<div class=\"img-inner dark\" >\n\t\t\t\t\t\t\t\t\t\n\t\t\t\t\t<\/div>\n\t\t\t\t\t\t\t\t\n<style>\n#image_1635763385 {\n  width: 93%;\n}\n<\/style>\n\t<\/div>\n\t\n\t<div class=\"img has-hover x md-x lg-x y md-y lg-y\" id=\"image_2006743741\">\n\t\t\t\t\t\t\t\t<div class=\"img-inner image-cover dark\" style=\"padding-top:75%;\">\n\t\t\t\t\t\t\t\t\t\n\t\t\t\t\t<\/div>\n\t\t\t\t\t\t\t\t\n<style>\n#image_2006743741 {\n  width: 0%;\n}\n<\/style>\n\t<\/div>\n\t\n\t\t<\/div>\n\t\t\t\t\n<style>\n#col-1919411726 > .col-inner {\n  margin: 0px 0px -96px 0px;\n}\n<\/style>\n\t<\/div>\n\n\t\n<\/div>\n\t\t<\/div>\n\n\t\t\n<style>\n#section_994653758 {\n  padding-top: 30px;\n  padding-bottom: 30px;\n}\n<\/style>\n\t<\/section>\n\t\n\t<section class=\"section\" id=\"section_696496531\">\n\t\t<div class=\"bg section-bg fill bg-fill  bg-loaded\" >\n\n\t\t\t\n\t\t\t\n\t\t\t\n\n\t\t<\/div>\n\n\t\t\n\n\t\t<div class=\"section-content relative\">\n\t\t\t\n<div class=\"row\"  id=\"row-631944866\">\n\n\t<div id=\"col-1343445429\" class=\"col small-12 large-12\"  >\n\t\t\t\t<div class=\"col-inner\"  >\n\t\t\t\n\t\t\t\n<ul>\n<li>Precizaj akvomalvarmigitaj spindeloj disponeblas por viaj CNC-projektoj. \u0108i tiu akvo-malvarmigita spindelo havas potencan 1.2 KW-motoron kaj funkcias glate sur CNC-enkursigiloj, igante \u011din ideala por postulantaj CNC-taskoj. Kun altnivelaj lagroj (7002CP4*2+7000CP4*2), \u011di provizas esceptan fortikecon kaj precizecon por altkvalitaj rezultoj.<\/li>\n<li><strong>GDZ62-1.2 <\/strong>povas pagi malpezan muelan laboron, sed \u011di estos tre utila en \u0109izado<\/li>\n<\/ul>\n\t\t<\/div>\n\t\t\t\t\t<\/div>\n\n\t\n<\/div>\n\t\t<\/div>\n\n\t\t\n<style>\n#section_696496531 {\n  padding-top: 30px;\n  padding-bottom: 30px;\n}\n<\/style>\n\t<\/section>\n\t\n<div class=\"row\"  id=\"row-1451332605\">\n\n\t<div id=\"col-56836056\" class=\"col medium-6 small-12 large-6\"  >\n\t\t\t\t<div class=\"col-inner\"  >\n\t\t\t\n\t\t\t\n\t<div class=\"img has-hover x md-x lg-x y md-y lg-y\" id=\"image_1114189555\">\n\t\t\t\t\t\t\t\t<div class=\"img-inner image-cover dark\" style=\"padding-top:75%;\">\n\t\t\t<img loading=\"lazy\" decoding=\"async\" width=\"800\" height=\"800\" src=\"https:\/\/spindlemotorshop.com\/wp-content\/uploads\/2024\/07\/150164002733.jpg\" class=\"attachment-large size-large\" alt=\"GDZ62-1.2 CNC-spindelbildo\" srcset=\"https:\/\/spindlemotorshop.com\/wp-content\/uploads\/2024\/07\/150164002733.jpg 800w, https:\/\/spindlemotorshop.com\/wp-content\/uploads\/2024\/07\/150164002733-300x300.jpg 300w, https:\/\/spindlemotorshop.com\/wp-content\/uploads\/2024\/07\/150164002733-150x150.jpg 150w, https:\/\/spindlemotorshop.com\/wp-content\/uploads\/2024\/07\/150164002733-768x768.jpg 768w, https:\/\/spindlemotorshop.com\/wp-content\/uploads\/2024\/07\/150164002733-12x12.jpg 12w, https:\/\/spindlemotorshop.com\/wp-content\/uploads\/2024\/07\/150164002733-600x600.jpg 600w, https:\/\/spindlemotorshop.com\/wp-content\/uploads\/2024\/07\/150164002733-100x100.jpg 100w\" sizes=\"auto, (max-width: 800px) 100vw, 800px\" \/>\t\t\t\t\t\t\n\t\t\t\t\t<\/div>\n\t\t\t\t\t\t\t\t\n<style>\n#image_1114189555 {\n  width: 100%;\n}\n<\/style>\n\t<\/div>\n\t\n\t\t<\/div>\n\t\t\t\t\t<\/div>\n\n\t\n\n\t<div id=\"col-84641177\" class=\"col medium-6 small-12 large-6\"  >\n\t\t\t\t<div class=\"col-inner\"  >\n\t\t\t\n\t\t\t\n\t<div class=\"img has-hover x md-x lg-x y md-y lg-y\" id=\"image_1118587118\">\n\t\t\t\t\t\t\t\t<div class=\"img-inner image-cover dark\" style=\"padding-top:75%;\">\n\t\t\t<img loading=\"lazy\" decoding=\"async\" width=\"1020\" height=\"765\" src=\"https:\/\/spindlemotorshop.com\/wp-content\/uploads\/2024\/07\/1-031-1024x768.jpg\" class=\"attachment-large size-large\" alt=\"GDZ62-1.2 aplika\u0135o\" srcset=\"https:\/\/spindlemotorshop.com\/wp-content\/uploads\/2024\/07\/1-031-1024x768.jpg 1024w, https:\/\/spindlemotorshop.com\/wp-content\/uploads\/2024\/07\/1-031-300x225.jpg 300w, https:\/\/spindlemotorshop.com\/wp-content\/uploads\/2024\/07\/1-031-768x576.jpg 768w, https:\/\/spindlemotorshop.com\/wp-content\/uploads\/2024\/07\/1-031-1536x1152.jpg 1536w, https:\/\/spindlemotorshop.com\/wp-content\/uploads\/2024\/07\/1-031-2048x1536.jpg 2048w, https:\/\/spindlemotorshop.com\/wp-content\/uploads\/2024\/07\/1-031-16x12.jpg 16w, https:\/\/spindlemotorshop.com\/wp-content\/uploads\/2024\/07\/1-031-600x450.jpg 600w\" sizes=\"auto, (max-width: 1020px) 100vw, 1020px\" \/>\t\t\t\t\t\t\n\t\t\t\t\t<\/div>\n\t\t\t\t\t\t\t\t\n<style>\n#image_1118587118 {\n  width: 100%;\n}\n<\/style>\n\t<\/div>\n\t\n\t\t<\/div>\n\t\t\t\t\t<\/div>\n\n\t\n<\/div>\n\t<section class=\"section\" id=\"section_722295688\">\n\t\t<div class=\"bg section-bg fill bg-fill  bg-loaded\" >\n\n\t\t\t\n\t\t\t\n\t\t\t\n\n\t\t<\/div>\n\n\t\t\n\n\t\t<div class=\"section-content relative\">\n\t\t\t\n<p>Ni anka\u016d provizas aliajn CNC-spindelmotorojn, Ili anka\u016d estas bonaj. Kiel ekzemple <span style=\"color: #000000;\"><strong><a href=\"https:\/\/spindlemotorshop.com\/eo\/300w-gdz48-300-water-cooled-spindles\/\">GDZ48-300<\/a>, GDZ65-800A, GDZ65-800, ktp.<\/strong><\/span><\/p>\n<p><strong>Se vi bezonas iun CNC-spindelon, bonvenon sendi enketon<\/strong><\/p>\n\t\t<\/div>\n\n\t\t\n<style>\n#section_722295688 {\n  padding-top: 30px;\n  padding-bottom: 30px;\n}\n<\/style>\n\t<\/section>\n\t\n\t<section class=\"section\" id=\"section_1943957719\">\n\t\t<div class=\"bg section-bg fill bg-fill  bg-loaded\" >\n\n\t\t\t\n\t\t\t\n\t\t\t\n\n\t\t<\/div>\n\n\t\t\n\n\t\t<div class=\"section-content relative\">\n\t\t\t\n<div class=\"row row-full-width align-center\"  id=\"row-1562136871\">\n\n\t<div id=\"col-1492414849\" class=\"col small-12 large-12\"  >\n\t\t\t\t<div class=\"col-inner text-center\"  >\n\t\t\t\n\t\t\t\n\t<div id=\"text-1316969674\" class=\"text\">\n\t\t\n\t\t\n<style>\n#text-1316969674 {\n  text-align: left;\n}\n<\/style>\n\t<\/div>\n\t\n\t<div id=\"text-252774740\" class=\"text\">\n\t\t\n<h2>KONTAKTU NIN<\/h2>\n\t\t\n<style>\n#text-252774740 {\n  color: rgb(255,255,255);\n}\n#text-252774740 > * {\n  color: rgb(255,255,255);\n}\n<\/style>\n\t<\/div>\n\t\n\n<div class=\"wpcf7 no-js\" id=\"wpcf7-f280-o1\" lang=\"en-US\" dir=\"ltr\" data-wpcf7-id=\"280\">\n<div class=\"screen-reader-response\"><p role=\"status\" aria-live=\"polite\" aria-atomic=\"true\"><\/p> <ul><\/ul><\/div>\n<form action=\"\/eo\/wp-json\/wp\/v2\/pages\/2187#wpcf7-f280-o1\" method=\"post\" class=\"wpcf7-form init\" aria-label=\"Kontakta formularo\" novalidate=\"novalidate\" data-status=\"init\" data-trp-original-action=\"\/eo\/wp-json\/wp\/v2\/pages\/2187#wpcf7-f280-o1\">\n<div style=\"display: none;\">\n<input type=\"hidden\" name=\"_wpcf7\" value=\"280\" \/>\n<input type=\"hidden\" name=\"_wpcf7_version\" value=\"6.0.6\" \/>\n<input type=\"hidden\" name=\"_wpcf7_locale\" value=\"en_US\" \/>\n<input type=\"hidden\" name=\"_wpcf7_unit_tag\" value=\"wpcf7-f280-o1\" \/>\n<input type=\"hidden\" name=\"_wpcf7_container_post\" value=\"0\" \/>\n<input type=\"hidden\" name=\"_wpcf7_posted_data_hash\" value=\"\" \/>\n<\/div>\n<div class='custom_contact_style'>\n\t<div class=\"row row-small\">\n\t\t<div class=\"col medium-6 small-12 large-6\">\n\t\t\t<div class=\"col-inner\">\n\t\t\t\t<p><span class=\"wpcf7-form-control-wrap\" data-name=\"your-name\"><input size=\"40\" maxlength=\"400\" class=\"wpcf7-form-control wpcf7-text wpcf7-validates-as-required\" aria-required=\"true\" aria-invalid=\"false\" placeholder=\"Nomo*\" value=\"\" type=\"text\" name=\"your-name\" \/><\/span>\n\t\t\t\t<\/p>\n\t\t\t<\/div>\n\t\t<\/div>\n\t\t<div class=\"col medium-6 small-12 large-6\">\n\t\t\t<div class=\"col-inner\">\n\t\t\t\t<p><span class=\"wpcf7-form-control-wrap\" data-name=\"your-email\"><input size=\"40\" maxlength=\"400\" class=\"wpcf7-form-control wpcf7-email wpcf7-validates-as-required wpcf7-text wpcf7-validates-as-email\" aria-required=\"true\" aria-invalid=\"false\" placeholder=\"Retpo\u015dto*\" value=\"\" type=\"email\" name=\"your-email\" \/><\/span>\n\t\t\t\t<\/p>\n\t\t\t<\/div>\n\t\t<\/div>\n\t<\/div>\n\t<div class='cus_contact_form_bottom'>\n\t\t<p><span class=\"wpcf7-form-control-wrap\" data-name=\"your-phone\"><input size=\"40\" maxlength=\"400\" class=\"wpcf7-form-control wpcf7-text\" aria-invalid=\"false\" placeholder=\"Telefono\" value=\"\" type=\"text\" name=\"your-phone\" \/><\/span>\n\t\t<\/p>\n\t<\/div>\n\t<div class='cus_contact_form_bottom'>\n\t\t<p><span class=\"wpcf7-form-control-wrap\" data-name=\"your-country\"><input size=\"40\" maxlength=\"400\" class=\"wpcf7-form-control wpcf7-text\" aria-invalid=\"false\" placeholder=\"Lando\" value=\"\" type=\"text\" name=\"your-country\" \/><\/span>\n\t\t<\/p>\n\t<\/div>\n\t<p><span class=\"wpcf7-form-control-wrap\" data-name=\"your-message\"><textarea cols=\"40\" rows=\"10\" maxlength=\"2000\" class=\"wpcf7-form-control wpcf7-textarea wpcf7-validates-as-required\" aria-required=\"true\" aria-invalid=\"false\" placeholder=\"Via Mesa\u011do *\" name=\"your-message\"><\/textarea><\/span>\n\t<\/p>\n\t<div style=\"margin-bottom:10px;\">\n\t<\/div>\n\t<p><div id=\"cf7sr-69ff30ded6d30\" class=\"cf7sr-g-turnstile\" data-redirect=\"\" data-theme=\"auto\" data-language=\"en\" data-size=\"normal\" \n    data-sitekey=\"0x4AAAAAAA3FLd3Fs0zNyv_e\"><\/div><span class=\"wpcf7-form-control-wrap cf7sr-turnstile\" data-name=\"cf7sr-turnstile\"><input type=\"hidden\" name=\"cf7sr-turnstile\" value=\"\" class=\"wpcf7-form-control\"><\/span><br \/>\n<input class=\"wpcf7-form-control wpcf7-submit has-spinner\" type=\"submit\" value=\"Sendu Mesa\u011don\" \/>\n\t<\/p>\n<\/div><div class=\"wpcf7-response-output\" aria-hidden=\"true\"><\/div>\n<input type=\"hidden\" name=\"trp-form-language\" value=\"eo\"\/><\/form>\n<\/div>\n\n\t\t<\/div>\n\t\t\t\t\t<\/div>\n\n\t\n<\/div>\n\t\t<\/div>\n\n\t\t\n<style>\n#section_1943957719 {\n  padding-top: 30px;\n  padding-bottom: 30px;\n  background-color: #214184;\n}\n<\/style>\n\t<\/section>","protected":false},"excerpt":{"rendered":"<p>Niaj spindelaj motoroj estas liveritaj rekte el la fabriko, ne a\u0109etitaj de la plej malaltprezaj provizantoj kun nekonataj fontoj, tiel certigante konatan kvaliton kaj fidindecon. \u0108iuj CNC Router Spindles de RicoCNC estas originalaj, kun Neniu falsa.<\/p>","protected":false},"author":1,"featured_media":2205,"parent":0,"menu_order":0,"comment_status":"closed","ping_status":"closed","template":"","meta":{"_gspb_post_css":"","footnotes":""},"class_list":["post-2187","page","type-page","status-publish","has-post-thumbnail","hentry"],"_links":{"self":[{"href":"https:\/\/spindlemotorshop.com\/eo\/wp-json\/wp\/v2\/pages\/2187","targetHints":{"allow":["GET"]}}],"collection":[{"href":"https:\/\/spindlemotorshop.com\/eo\/wp-json\/wp\/v2\/pages"}],"about":[{"href":"https:\/\/spindlemotorshop.com\/eo\/wp-json\/wp\/v2\/types\/page"}],"author":[{"embeddable":true,"href":"https:\/\/spindlemotorshop.com\/eo\/wp-json\/wp\/v2\/users\/1"}],"replies":[{"embeddable":true,"href":"https:\/\/spindlemotorshop.com\/eo\/wp-json\/wp\/v2\/comments?post=2187"}],"version-history":[{"count":0,"href":"https:\/\/spindlemotorshop.com\/eo\/wp-json\/wp\/v2\/pages\/2187\/revisions"}],"wp:featuredmedia":[{"embeddable":true,"href":"https:\/\/spindlemotorshop.com\/eo\/wp-json\/wp\/v2\/media\/2205"}],"wp:attachment":[{"href":"https:\/\/spindlemotorshop.com\/eo\/wp-json\/wp\/v2\/media?parent=2187"}],"curies":[{"name":"wp","href":"https:\/\/api.w.org\/{rel}","templated":true}]}}