{"id":2939,"date":"2024-08-01T02:01:09","date_gmt":"2024-08-01T02:01:09","guid":{"rendered":"https:\/\/spindlemotorshop.com\/?page_id=2939"},"modified":"2024-10-08T03:23:41","modified_gmt":"2024-10-08T03:23:41","slug":"gdz80-2-2b-2200w-er20-water-cooling-spindle","status":"publish","type":"page","link":"https:\/\/spindlemotorshop.com\/eo\/gdz80-2-2b-2200w-er20-water-cooling-spindle\/","title":{"rendered":"GDZ80-2.2B 2.2kw ER20 akvo-malvarmiga spindelo"},"content":{"rendered":"<div class=\"row\"  id=\"row-1242613244\">\n\n\t<div id=\"col-1685402589\" class=\"col medium-6 small-12 large-6\"  >\n\t\t\t\t<div class=\"col-inner\"  >\n\t\t\t\n\t\t\t\n\t<div class=\"img has-hover x md-x lg-x y md-y lg-y\" id=\"image_1915478651\">\n\t\t\t\t\t\t\t\t<div class=\"img-inner image-cover box-shadow-1 dark\" style=\"padding-top:75%;\">\n\t\t\t<img loading=\"lazy\" decoding=\"async\" width=\"733\" height=\"733\" src=\"https:\/\/spindlemotorshop.com\/wp-content\/uploads\/2024\/08\/10329615016420120.jpg\" class=\"attachment-original size-original\" alt=\"2.2kw ER20 akvo-malvarmigita spindelo GDZ80-2.2B\" srcset=\"https:\/\/spindlemotorshop.com\/wp-content\/uploads\/2024\/08\/10329615016420120.jpg 733w, https:\/\/spindlemotorshop.com\/wp-content\/uploads\/2024\/08\/10329615016420120-300x300.jpg 300w, https:\/\/spindlemotorshop.com\/wp-content\/uploads\/2024\/08\/10329615016420120-150x150.jpg 150w, https:\/\/spindlemotorshop.com\/wp-content\/uploads\/2024\/08\/10329615016420120-12x12.jpg 12w, https:\/\/spindlemotorshop.com\/wp-content\/uploads\/2024\/08\/10329615016420120-600x600.jpg 600w, https:\/\/spindlemotorshop.com\/wp-content\/uploads\/2024\/08\/10329615016420120-100x100.jpg 100w\" sizes=\"auto, (max-width: 733px) 100vw, 733px\" \/>\t\t\t\t\t\t\n\t\t\t\t\t<\/div>\n\t\t\t\t\t\t\t\t\n<style>\n#image_1915478651 {\n  width: 100%;\n}\n<\/style>\n\t<\/div>\n\t\n\t\t<\/div>\n\t\t\t\t\t<\/div>\n\n\t\n\n\t<div id=\"col-612397901\" class=\"col medium-6 small-12 large-6\"  >\n\t\t\t\t<div class=\"col-inner text-left\"  >\n\t\t\t\n\t\t\t\n\t<div id=\"text-2374288016\" class=\"text\">\n\t\t\n<h3 class=\"inner-3__prodetailname\">GDZ80-2.2B 2.2kw ER20 Akvomalvarmigita \u015dpinilo<\/h3>\n\t\t\n<style>\n#text-2374288016 {\n  font-size: 0.95rem;\n}\n<\/style>\n\t<\/div>\n\t\n\t<div id=\"text-2945078673\" class=\"text\">\n\t\t\n<ul>\n<li style=\"text-align: left;\">GDZ80-2.2B<\/li>\n<li style=\"text-align: left;\">ER20 spindelmotoro<\/li>\n<li>24000rpm spindelo<\/li>\n<li>2.2kw spindelmotoro<\/li>\n<li>220V\/380v elektro-spindelmotoro<\/li>\n<li>akvo-malvarmigitaj spindelmotoroj<\/li>\n<li>\u03a680mm spindelmotoro<\/li>\n<li>CNC muelada spindle motoro, CNC graving spindle motoro<\/li>\n<\/ul>\n\t\t\n<style>\n#text-2945078673 {\n  text-align: left;\n}\n<\/style>\n\t<\/div>\n\t\n<a href=\"\/eo\/contact\/\" target=\"_blank\" class=\"button primary\" rel=\"noopener\"  style=\"border-radius:99px;\">\n    <span>kontaktu nin<\/span>\n  <\/a>\n\n\t\t<\/div>\n\t\t\t\t\n<style>\n#col-612397901 > .col-inner {\n  padding: 0px 0px 5px 0px;\n}\n<\/style>\n\t<\/div>\n\n\t\n<\/div>\n<div class=\"text-center\"><div class=\"is-divider divider clearfix\" style=\"margin-top:0.9em;margin-bottom:0.9em;max-width:502px;\"><\/div><\/div>\n<blockquote>\n<ul>\n<li>Niaj CNC-spindelmotoroj estas liveritaj rekte el la fabriko, ne a\u0109etitaj de la plej malaltprezaj provizantoj kun nekonataj fontoj, tiel certigante konatan kvaliton kaj fidindecon. \u0108iuj CNC Router Spindles de RicoCNC estas originalaj, kun Neniu falsa.<\/li>\n<\/ul>\n<\/blockquote>\n\t<section class=\"section\" id=\"section_167063047\">\n\t\t<div class=\"bg section-bg fill bg-fill  bg-loaded\" >\n\n\t\t\t\n\t\t\t\n\t\t\t\n\n\t\t<\/div>\n\n\t\t\n\n\t\t<div class=\"section-content relative\">\n\t\t\t\n<div class=\"row\"  id=\"row-1623526233\">\n\n\t<div id=\"col-1312181246\" class=\"col medium-6 small-12 large-6\"  >\n\t\t\t\t<div class=\"col-inner\"  >\n\t\t\t\n\t\t\t\n<h2>Teknikaj Karakteriza\u0135oj<\/h2>\n<div class=\"is-divider divider clearfix\" style=\"max-width:91px;background-color:rgb(82, 117, 141);\"><\/div>\n\n<style>\n  \/* \u5b9a\u4e49\u5c45\u4e2d\u7b2c\u4e00\u5217\u5355\u5143\u683c\u7684\u6837\u5f0f *\/<br \/>  .center-first-column {<br \/>    text-align: center; \/* \u6587\u672c\u5c45\u4e2d *\/<br \/>  }<\/p>\n<p>  td, th {<br \/>    padding: 8px; \/* \u5355\u5143\u683c\u5185\u8fb9\u8ddd *\/<br \/>    border: 1px solid #ddd; \/* \u5355\u5143\u683c\u8fb9\u6846 *\/<br \/>  }<\/p>\n<p>  table {<br \/>    width: 100%; \/* \u8868\u683c\u5bbd\u5ea6 *\/<br \/>    border-collapse: collapse; \/* \u8fb9\u6846\u5408\u5e76 *\/<br \/>    font-family: Arial, sans-serif; \/* \u5b57\u4f53 *\/<br \/>  }<br \/><\/style>\n<p>&nbsp;<\/p>\n<table border=\"1\">\n<tbody>\n<tr>\n<th class=\"center-first-column\">Spindle Tipo<\/th>\n<td>GDZ80-2.2B<\/td>\n<\/tr>\n<tr>\n<th class=\"center-first-column\">Diametro<\/th>\n<td>\u03a680mm<\/td>\n<\/tr>\n<tr>\n<th class=\"center-first-column\">Rapido<\/th>\n<td>24000 rpm<\/td>\n<\/tr>\n<tr>\n<th class=\"center-first-column\">Potenco<\/th>\n<td>2.2kw<\/td>\n<\/tr>\n<tr>\n<th class=\"center-first-column\">Tensio<\/th>\n<td>220V\/380v<\/td>\n<\/tr>\n<tr>\n<th class=\"center-first-column\">Nuna<\/th>\n<td>8A,5A<\/td>\n<\/tr>\n<tr>\n<th class=\"center-first-column\">Ofteco<\/th>\n<td>400 HZ<\/td>\n<\/tr>\n<tr>\n<th class=\"center-first-column\">Tordmomanto<\/th>\n<td>0.91 Nm<\/td>\n<\/tr>\n<tr>\n<th class=\"center-first-column\">Collet<\/th>\n<td>ER20<\/td>\n<\/tr>\n<tr>\n<th class=\"center-first-column\">Pezo<\/th>\n<td>5KG<\/td>\n<\/tr>\n<\/tbody>\n<\/table>\n\n\t\t<\/div>\n\t\t\t\t\t<\/div>\n\n\t\n\n\t<div id=\"col-2048668996\" class=\"col medium-6 small-12 large-6\"  >\n\t\t\t\t<div class=\"col-inner\"  >\n\t\t\t\n\t\t\t\n<h2>Spindle Dezajno<\/h2>\n<div class=\"is-divider divider clearfix\" style=\"max-width:91px;background-color:rgb(82, 117, 141);\"><\/div>\n\t<div class=\"img has-hover x md-x lg-x y md-y lg-y\" id=\"image_2077367783\">\n\t\t\t\t\t\t\t\t<div class=\"img-inner dark\" >\n\t\t\t<img loading=\"lazy\" decoding=\"async\" width=\"902\" height=\"677\" src=\"https:\/\/spindlemotorshop.com\/wp-content\/uploads\/2024\/08\/O1CN01dNnZS41rapiRXJkDT_2855035648-0-cib.jpg\" class=\"attachment-original size-original\" alt=\"2.2kw ER20 akvo-malvarmigita spindelo GDZ80-2.2B-desegna\u0135o\" srcset=\"https:\/\/spindlemotorshop.com\/wp-content\/uploads\/2024\/08\/O1CN01dNnZS41rapiRXJkDT_2855035648-0-cib.jpg 902w, https:\/\/spindlemotorshop.com\/wp-content\/uploads\/2024\/08\/O1CN01dNnZS41rapiRXJkDT_2855035648-0-cib-300x225.jpg 300w, https:\/\/spindlemotorshop.com\/wp-content\/uploads\/2024\/08\/O1CN01dNnZS41rapiRXJkDT_2855035648-0-cib-768x576.jpg 768w, https:\/\/spindlemotorshop.com\/wp-content\/uploads\/2024\/08\/O1CN01dNnZS41rapiRXJkDT_2855035648-0-cib-16x12.jpg 16w, https:\/\/spindlemotorshop.com\/wp-content\/uploads\/2024\/08\/O1CN01dNnZS41rapiRXJkDT_2855035648-0-cib-600x450.jpg 600w\" sizes=\"auto, (max-width: 902px) 100vw, 902px\" \/>\t\t\t\t\t\t\n\t\t\t\t\t<\/div>\n\t\t\t\t\t\t\t\t\n<style>\n#image_2077367783 {\n  width: 100%;\n}\n<\/style>\n\t<\/div>\n\t\n\t<div class=\"img has-hover x md-x lg-x y md-y lg-y\" id=\"image_1379135328\">\n\t\t\t\t\t\t\t\t<div class=\"img-inner dark\" >\n\t\t\t\t\t\t\t\t\t\n\t\t\t\t\t<\/div>\n\t\t\t\t\t\t\t\t\n<style>\n#image_1379135328 {\n  width: 93%;\n}\n<\/style>\n\t<\/div>\n\t\n\t<div class=\"img has-hover x md-x lg-x y md-y lg-y\" id=\"image_1711408148\">\n\t\t\t\t\t\t\t\t<div class=\"img-inner image-cover dark\" style=\"padding-top:75%;\">\n\t\t\t\t\t\t\t\t\t\n\t\t\t\t\t<\/div>\n\t\t\t\t\t\t\t\t\n<style>\n#image_1711408148 {\n  width: 0%;\n}\n<\/style>\n\t<\/div>\n\t\n\t\t<\/div>\n\t\t\t\t\n<style>\n#col-2048668996 > .col-inner {\n  margin: 0px 0px -96px 0px;\n}\n<\/style>\n\t<\/div>\n\n\t\n<\/div>\n\t\t<\/div>\n\n\t\t\n<style>\n#section_167063047 {\n  padding-top: 30px;\n  padding-bottom: 30px;\n}\n<\/style>\n\t<\/section>\n\t\n\t<section class=\"section\" id=\"section_1780951964\">\n\t\t<div class=\"bg section-bg fill bg-fill  bg-loaded\" >\n\n\t\t\t\n\t\t\t\n\t\t\t\n\n\t\t<\/div>\n\n\t\t\n\n\t\t<div class=\"section-content relative\">\n\t\t\t\n<div class=\"row\"  id=\"row-835720132\">\n\n\t<div id=\"col-818845486\" class=\"col small-12 large-12\"  >\n\t\t\t\t<div class=\"col-inner\"  >\n\t\t\t\n\t\t\t\n<ul>\n<li>\u0108i tiu akvomalvarmigita 2.2kw CNC-spindelo estas sufi\u0109e potenca por fari la laboron bone. Precipe la gravurado kaj muelado sur plasto a\u016d ligno<\/li>\n<\/ul>\n\t\t<\/div>\n\t\t\t\t\t<\/div>\n\n\t\n<\/div>\n\t\t<\/div>\n\n\t\t\n<style>\n#section_1780951964 {\n  padding-top: 30px;\n  padding-bottom: 30px;\n}\n<\/style>\n\t<\/section>\n\t\n<div class=\"row\"  id=\"row-157304237\">\n\n\t<div id=\"col-219826625\" class=\"col medium-6 small-12 large-6\"  >\n\t\t\t\t<div class=\"col-inner\"  >\n\t\t\t\n\t\t\t\n\t<div class=\"img has-hover x md-x lg-x y md-y lg-y\" id=\"image_150010294\">\n\t\t\t\t\t\t\t\t<div class=\"img-inner image-cover dark\" style=\"padding-top:75%;\">\n\t\t\t<img loading=\"lazy\" decoding=\"async\" width=\"800\" height=\"800\" src=\"https:\/\/spindlemotorshop.com\/wp-content\/uploads\/2024\/08\/5215615016420123.jpg\" class=\"attachment-original size-original\" alt=\"2.2kw ER20 akvo-malvarmigita spindelo GDZ80-2.2B produkto\" srcset=\"https:\/\/spindlemotorshop.com\/wp-content\/uploads\/2024\/08\/5215615016420123.jpg 800w, https:\/\/spindlemotorshop.com\/wp-content\/uploads\/2024\/08\/5215615016420123-300x300.jpg 300w, https:\/\/spindlemotorshop.com\/wp-content\/uploads\/2024\/08\/5215615016420123-150x150.jpg 150w, https:\/\/spindlemotorshop.com\/wp-content\/uploads\/2024\/08\/5215615016420123-768x768.jpg 768w, https:\/\/spindlemotorshop.com\/wp-content\/uploads\/2024\/08\/5215615016420123-12x12.jpg 12w, https:\/\/spindlemotorshop.com\/wp-content\/uploads\/2024\/08\/5215615016420123-600x600.jpg 600w, https:\/\/spindlemotorshop.com\/wp-content\/uploads\/2024\/08\/5215615016420123-100x100.jpg 100w\" sizes=\"auto, (max-width: 800px) 100vw, 800px\" \/>\t\t\t\t\t\t\n\t\t\t\t\t<\/div>\n\t\t\t\t\t\t\t\t\n<style>\n#image_150010294 {\n  width: 100%;\n}\n<\/style>\n\t<\/div>\n\t\n\t\t<\/div>\n\t\t\t\t\t<\/div>\n\n\t\n\n\t<div id=\"col-203566512\" class=\"col medium-6 small-12 large-6\"  >\n\t\t\t\t<div class=\"col-inner\"  >\n\t\t\t\n\t\t\t\n\t<div class=\"img has-hover x md-x lg-x y md-y lg-y\" id=\"image_844005879\">\n\t\t\t\t\t\t\t\t<div class=\"img-inner image-cover dark\" style=\"padding-top:75%;\">\n\t\t\t<img loading=\"lazy\" decoding=\"async\" width=\"2560\" height=\"1920\" src=\"https:\/\/spindlemotorshop.com\/wp-content\/uploads\/2024\/08\/1-031-scaled.jpg\" class=\"attachment-original size-original\" alt=\"2.2kw ER20 akvo-malvarmigita spindelo GDZ80-2.2B aplika\u0135o\" srcset=\"https:\/\/spindlemotorshop.com\/wp-content\/uploads\/2024\/08\/1-031-scaled.jpg 2560w, https:\/\/spindlemotorshop.com\/wp-content\/uploads\/2024\/08\/1-031-300x225.jpg 300w, https:\/\/spindlemotorshop.com\/wp-content\/uploads\/2024\/08\/1-031-1024x768.jpg 1024w, https:\/\/spindlemotorshop.com\/wp-content\/uploads\/2024\/08\/1-031-768x576.jpg 768w, https:\/\/spindlemotorshop.com\/wp-content\/uploads\/2024\/08\/1-031-1536x1152.jpg 1536w, https:\/\/spindlemotorshop.com\/wp-content\/uploads\/2024\/08\/1-031-2048x1536.jpg 2048w, https:\/\/spindlemotorshop.com\/wp-content\/uploads\/2024\/08\/1-031-16x12.jpg 16w, https:\/\/spindlemotorshop.com\/wp-content\/uploads\/2024\/08\/1-031-600x450.jpg 600w\" sizes=\"auto, (max-width: 2560px) 100vw, 2560px\" \/>\t\t\t\t\t\t\n\t\t\t\t\t<\/div>\n\t\t\t\t\t\t\t\t\n<style>\n#image_844005879 {\n  width: 98%;\n}\n<\/style>\n\t<\/div>\n\t\n\t\t<\/div>\n\t\t\t\t\t<\/div>\n\n\t\n<\/div>\n\t<section class=\"section\" id=\"section_702018513\">\n\t\t<div class=\"bg section-bg fill bg-fill  bg-loaded\" >\n\n\t\t\t\n\t\t\t\n\t\t\t\n\n\t\t<\/div>\n\n\t\t\n\n\t\t<div class=\"section-content relative\">\n\t\t\t\n<p>Simila tipo, <strong>GDZ85-2.2<\/strong>, anka\u016d haveblas \u0109i tie\u3002<\/p>\n<h4>Se vi bezonas iun CNC-spindelon, bonvenon sendi enketon<\/h4>\n\t\t<\/div>\n\n\t\t\n<style>\n#section_702018513 {\n  padding-top: 30px;\n  padding-bottom: 30px;\n}\n<\/style>\n\t<\/section>\n\t\n\t<section class=\"section\" id=\"section_896054024\">\n\t\t<div class=\"bg section-bg fill bg-fill  bg-loaded\" >\n\n\t\t\t\n\t\t\t\n\t\t\t\n\n\t\t<\/div>\n\n\t\t\n\n\t\t<div class=\"section-content relative\">\n\t\t\t\n<div class=\"row row-full-width align-center\"  id=\"row-1772440126\">\n\n\t<div id=\"col-731709025\" class=\"col small-12 large-12\"  >\n\t\t\t\t<div class=\"col-inner text-center\"  >\n\t\t\t\n\t\t\t\n\t<div id=\"text-553218559\" class=\"text\">\n\t\t\n\t\t\n<style>\n#text-553218559 {\n  text-align: left;\n}\n<\/style>\n\t<\/div>\n\t\n\t<div id=\"text-3378748749\" class=\"text\">\n\t\t\n<h2>KONTAKTU NIN<\/h2>\n\t\t\n<style>\n#text-3378748749 {\n  color: rgb(255,255,255);\n}\n#text-3378748749 > * {\n  color: rgb(255,255,255);\n}\n<\/style>\n\t<\/div>\n\t\n\n<div class=\"wpcf7 no-js\" id=\"wpcf7-f280-o1\" lang=\"en-US\" dir=\"ltr\" data-wpcf7-id=\"280\">\n<div class=\"screen-reader-response\"><p role=\"status\" aria-live=\"polite\" aria-atomic=\"true\"><\/p> <ul><\/ul><\/div>\n<form action=\"\/eo\/wp-json\/wp\/v2\/pages\/2939#wpcf7-f280-o1\" method=\"post\" class=\"wpcf7-form init\" aria-label=\"Kontakta formularo\" novalidate=\"novalidate\" data-status=\"init\" data-trp-original-action=\"\/eo\/wp-json\/wp\/v2\/pages\/2939#wpcf7-f280-o1\">\n<div style=\"display: none;\">\n<input type=\"hidden\" name=\"_wpcf7\" value=\"280\" \/>\n<input type=\"hidden\" name=\"_wpcf7_version\" value=\"6.0.6\" \/>\n<input type=\"hidden\" name=\"_wpcf7_locale\" value=\"en_US\" \/>\n<input type=\"hidden\" name=\"_wpcf7_unit_tag\" value=\"wpcf7-f280-o1\" \/>\n<input type=\"hidden\" name=\"_wpcf7_container_post\" value=\"0\" \/>\n<input type=\"hidden\" name=\"_wpcf7_posted_data_hash\" value=\"\" \/>\n<\/div>\n<div class='custom_contact_style'>\n\t<div class=\"row row-small\">\n\t\t<div class=\"col medium-6 small-12 large-6\">\n\t\t\t<div class=\"col-inner\">\n\t\t\t\t<p><span class=\"wpcf7-form-control-wrap\" data-name=\"your-name\"><input size=\"40\" maxlength=\"400\" class=\"wpcf7-form-control wpcf7-text wpcf7-validates-as-required\" aria-required=\"true\" aria-invalid=\"false\" placeholder=\"Nomo*\" value=\"\" type=\"text\" name=\"your-name\" \/><\/span>\n\t\t\t\t<\/p>\n\t\t\t<\/div>\n\t\t<\/div>\n\t\t<div class=\"col medium-6 small-12 large-6\">\n\t\t\t<div class=\"col-inner\">\n\t\t\t\t<p><span class=\"wpcf7-form-control-wrap\" data-name=\"your-email\"><input size=\"40\" maxlength=\"400\" class=\"wpcf7-form-control wpcf7-email wpcf7-validates-as-required wpcf7-text wpcf7-validates-as-email\" aria-required=\"true\" aria-invalid=\"false\" placeholder=\"Retpo\u015dto*\" value=\"\" type=\"email\" name=\"your-email\" \/><\/span>\n\t\t\t\t<\/p>\n\t\t\t<\/div>\n\t\t<\/div>\n\t<\/div>\n\t<div class='cus_contact_form_bottom'>\n\t\t<p><span class=\"wpcf7-form-control-wrap\" data-name=\"your-phone\"><input size=\"40\" maxlength=\"400\" class=\"wpcf7-form-control wpcf7-text\" aria-invalid=\"false\" placeholder=\"Telefono\" value=\"\" type=\"text\" name=\"your-phone\" \/><\/span>\n\t\t<\/p>\n\t<\/div>\n\t<div class='cus_contact_form_bottom'>\n\t\t<p><span class=\"wpcf7-form-control-wrap\" data-name=\"your-country\"><input size=\"40\" maxlength=\"400\" class=\"wpcf7-form-control wpcf7-text\" aria-invalid=\"false\" placeholder=\"Lando\" value=\"\" type=\"text\" name=\"your-country\" \/><\/span>\n\t\t<\/p>\n\t<\/div>\n\t<p><span class=\"wpcf7-form-control-wrap\" data-name=\"your-message\"><textarea cols=\"40\" rows=\"10\" maxlength=\"2000\" class=\"wpcf7-form-control wpcf7-textarea wpcf7-validates-as-required\" aria-required=\"true\" aria-invalid=\"false\" placeholder=\"Via Mesa\u011do *\" name=\"your-message\"><\/textarea><\/span>\n\t<\/p>\n\t<div style=\"margin-bottom:10px;\">\n\t<\/div>\n\t<p><div id=\"cf7sr-69ff30d4a1e95\" class=\"cf7sr-g-turnstile\" data-redirect=\"\" data-theme=\"auto\" data-language=\"en\" data-size=\"normal\" \n    data-sitekey=\"0x4AAAAAAA3FLd3Fs0zNyv_e\"><\/div><span class=\"wpcf7-form-control-wrap cf7sr-turnstile\" data-name=\"cf7sr-turnstile\"><input type=\"hidden\" name=\"cf7sr-turnstile\" value=\"\" class=\"wpcf7-form-control\"><\/span><br \/>\n<input class=\"wpcf7-form-control wpcf7-submit has-spinner\" type=\"submit\" value=\"Sendu Mesa\u011don\" \/>\n\t<\/p>\n<\/div><div class=\"wpcf7-response-output\" aria-hidden=\"true\"><\/div>\n<input type=\"hidden\" name=\"trp-form-language\" value=\"eo\"\/><\/form>\n<\/div>\n\n\t\t<\/div>\n\t\t\t\t\t<\/div>\n\n\t\n<\/div>\n\t\t<\/div>\n\n\t\t\n<style>\n#section_896054024 {\n  padding-top: 30px;\n  padding-bottom: 30px;\n  background-color: #214184;\n}\n<\/style>\n\t<\/section>","protected":false},"excerpt":{"rendered":"<p>Niaj CNC-spindelmotoroj estas liveritaj rekte el la fabriko, ne a\u0109etitaj de la plej malaltprezaj provizantoj kun nekonataj fontoj, tiel certigante konatan kvaliton kaj fidindecon. \u0108iuj CNC Router Spindles de RicoCNC estas originalaj, kun Neniu falsa.<\/p>","protected":false},"author":1,"featured_media":2981,"parent":0,"menu_order":0,"comment_status":"closed","ping_status":"closed","template":"","meta":{"_gspb_post_css":"","footnotes":""},"class_list":["post-2939","page","type-page","status-publish","has-post-thumbnail","hentry"],"_links":{"self":[{"href":"https:\/\/spindlemotorshop.com\/eo\/wp-json\/wp\/v2\/pages\/2939","targetHints":{"allow":["GET"]}}],"collection":[{"href":"https:\/\/spindlemotorshop.com\/eo\/wp-json\/wp\/v2\/pages"}],"about":[{"href":"https:\/\/spindlemotorshop.com\/eo\/wp-json\/wp\/v2\/types\/page"}],"author":[{"embeddable":true,"href":"https:\/\/spindlemotorshop.com\/eo\/wp-json\/wp\/v2\/users\/1"}],"replies":[{"embeddable":true,"href":"https:\/\/spindlemotorshop.com\/eo\/wp-json\/wp\/v2\/comments?post=2939"}],"version-history":[{"count":0,"href":"https:\/\/spindlemotorshop.com\/eo\/wp-json\/wp\/v2\/pages\/2939\/revisions"}],"wp:featuredmedia":[{"embeddable":true,"href":"https:\/\/spindlemotorshop.com\/eo\/wp-json\/wp\/v2\/media\/2981"}],"wp:attachment":[{"href":"https:\/\/spindlemotorshop.com\/eo\/wp-json\/wp\/v2\/media?parent=2939"}],"curies":[{"name":"wp","href":"https:\/\/api.w.org\/{rel}","templated":true}]}}