{"id":3369,"date":"2024-08-07T03:52:42","date_gmt":"2024-08-07T03:52:42","guid":{"rendered":"https:\/\/spindlemotorshop.com\/?page_id=3369"},"modified":"2024-10-08T03:13:03","modified_gmt":"2024-10-08T03:13:03","slug":"gdz120103-7-5-7500w-er32-air-cooling-spindle","status":"publish","type":"page","link":"https:\/\/spindlemotorshop.com\/eo\/gdz120103-7-5-7500w-er32-air-cooling-spindle\/","title":{"rendered":"GDZ120 * 103-7.5 7.5kw ER32-aera malvarmiga spindelo"},"content":{"rendered":"<div class=\"row\"  id=\"row-1524456626\">\n\n\t<div id=\"col-177557637\" class=\"col medium-6 small-12 large-6\"  >\n\t\t\t\t<div class=\"col-inner\"  >\n\t\t\t\n\t\t\t\n\t<div class=\"img has-hover x md-x lg-x y md-y lg-y\" id=\"image_1321189202\">\n\t\t\t\t\t\t\t\t<div class=\"img-inner image-cover box-shadow-1 dark\" style=\"padding-top:75%;\">\n\t\t\t<img loading=\"lazy\" decoding=\"async\" width=\"800\" height=\"800\" src=\"https:\/\/spindlemotorshop.com\/wp-content\/uploads\/2024\/08\/150165105549.jpg\" class=\"attachment-original size-original\" alt=\"7.5kw ER32 GDZ120 * 103-7.5 aero-malvarmiga spindelo\" srcset=\"https:\/\/spindlemotorshop.com\/wp-content\/uploads\/2024\/08\/150165105549.jpg 800w, https:\/\/spindlemotorshop.com\/wp-content\/uploads\/2024\/08\/150165105549-300x300.jpg 300w, https:\/\/spindlemotorshop.com\/wp-content\/uploads\/2024\/08\/150165105549-150x150.jpg 150w, https:\/\/spindlemotorshop.com\/wp-content\/uploads\/2024\/08\/150165105549-768x768.jpg 768w, https:\/\/spindlemotorshop.com\/wp-content\/uploads\/2024\/08\/150165105549-12x12.jpg 12w, https:\/\/spindlemotorshop.com\/wp-content\/uploads\/2024\/08\/150165105549-600x600.jpg 600w, https:\/\/spindlemotorshop.com\/wp-content\/uploads\/2024\/08\/150165105549-100x100.jpg 100w\" sizes=\"auto, (max-width: 800px) 100vw, 800px\" \/>\t\t\t\t\t\t\n\t\t\t\t\t<\/div>\n\t\t\t\t\t\t\t\t\n<style>\n#image_1321189202 {\n  width: 100%;\n}\n<\/style>\n\t<\/div>\n\t\n\t\t<\/div>\n\t\t\t\t\t<\/div>\n\n\t\n\n\t<div id=\"col-702379163\" class=\"col medium-6 small-12 large-6\"  >\n\t\t\t\t<div class=\"col-inner text-left\"  >\n\t\t\t\n\t\t\t\n\t<div id=\"text-3168279625\" class=\"text\">\n\t\t\n<h3 class=\"inner-3__prodetailname\">7.5kw ER32 GDZ120 * 103-7.5 aero-malvarmiga spindelo<\/h3>\n\t\t\n<style>\n#text-3168279625 {\n  font-size: 0.95rem;\n}\n<\/style>\n\t<\/div>\n\t\n\t<div id=\"text-878574480\" class=\"text\">\n\t\t\n<ul>\n<li style=\"text-align: left;\">GDZ120*103-7.5<\/li>\n<li style=\"text-align: left;\">ER32 spindelmotoro<\/li>\n<li>18000rpm CNC-spindelo<\/li>\n<li>7.5kw aero-malvarmigita spindelmotoro<\/li>\n<li>380V elektro-spindelmotoro<\/li>\n<li>CNC borado, muelado spindelo motoro<\/li>\n<li>kvadrata aero-malvarmiga spindelo<\/li>\n<li>Ta\u016dga por kontinue \u015dan\u011di\u011dema rapido<\/li>\n<li>kun flan\u011do, facile konekti<\/li>\n<\/ul>\n\t\t\n<style>\n#text-878574480 {\n  text-align: left;\n}\n<\/style>\n\t<\/div>\n\t\n<a href=\"\/eo\/contact\/\" target=\"_blank\" class=\"button primary\" rel=\"noopener\"  style=\"border-radius:99px;\">\n    <span>kontaktu nin<\/span>\n  <\/a>\n\n\t\t<\/div>\n\t\t\t\t\n<style>\n#col-702379163 > .col-inner {\n  padding: 0px 0px 5px 0px;\n}\n<\/style>\n\t<\/div>\n\n\t\n<\/div>\n<div class=\"text-center\"><div class=\"is-divider divider clearfix\" style=\"margin-top:0.9em;margin-bottom:0.9em;max-width:502px;\"><\/div><\/div>\n<blockquote>\n<ul>\n<li>Niaj CNC-spindelmotoroj estas liveritaj rekte el la fabriko, ne a\u0109etitaj de la plej malaltprezaj provizantoj kun nekonataj fontoj, tiel certigante konatan kvaliton kaj fidindecon. \u0108iuj CNC Router Spindles de RicoCNC estas originalaj, kun Neniu falsa.<\/li>\n<\/ul>\n<\/blockquote>\n\t<section class=\"section\" id=\"section_1267328285\">\n\t\t<div class=\"bg section-bg fill bg-fill  bg-loaded\" >\n\n\t\t\t\n\t\t\t\n\t\t\t\n\n\t\t<\/div>\n\n\t\t\n\n\t\t<div class=\"section-content relative\">\n\t\t\t\n<div class=\"row\"  id=\"row-1637238329\">\n\n\t<div id=\"col-1772120197\" class=\"col medium-6 small-12 large-6\"  >\n\t\t\t\t<div class=\"col-inner\"  >\n\t\t\t\n\t\t\t\n<h2>Teknikaj Karakteriza\u0135oj<\/h2>\n<div class=\"is-divider divider clearfix\" style=\"max-width:91px;background-color:rgb(82, 117, 141);\"><\/div>\n\n<table border=\"1\">\n<tbody>\n<tr>\n<th class=\"center-first-column\">Spindle Tipo<\/th>\n<td>GDZ120*103-7.5<\/td>\n<\/tr>\n<tr>\n<th class=\"center-first-column\">Kvadrato<\/th>\n<td>120&#215;103<\/td>\n<\/tr>\n<tr>\n<th class=\"center-first-column\">Rapido<\/th>\n<td>18000 rpm<\/td>\n<\/tr>\n<tr>\n<th class=\"center-first-column\">Potenco<\/th>\n<td>7.5KW<\/td>\n<\/tr>\n<tr>\n<th class=\"center-first-column\">Tensio<\/th>\n<td>380V<\/td>\n<\/tr>\n<tr>\n<th class=\"center-first-column\">Nuna<\/th>\n<td>14.5A<\/td>\n<\/tr>\n<tr>\n<th class=\"center-first-column\">Ofteco<\/th>\n<td>300 HZ<\/td>\n<\/tr>\n<tr>\n<th class=\"center-first-column\">Lub<\/th>\n<td>Graso<\/td>\n<\/tr>\n<tr>\n<th class=\"center-first-column\">Pezo<\/th>\n<td>18 KG<\/td>\n<\/tr>\n<tr>\n<th class=\"center-first-column\">Tordmomanto<\/th>\n<td>3.98 Nm<\/td>\n<\/tr>\n<tr>\n<th class=\"center-first-column\">Collet<\/th>\n<td>ER32<\/td>\n<\/tr>\n<tr>\n<th class=\"center-first-column\">Lagro Tipo<\/th>\n<td>7008*2+7004*2<\/td>\n<\/tr>\n<\/tbody>\n<\/table>\n\n\t\t<\/div>\n\t\t\t\t\t<\/div>\n\n\t\n\n\t<div id=\"col-1433804032\" class=\"col medium-6 small-12 large-6\"  >\n\t\t\t\t<div class=\"col-inner text-left\"  >\n\t\t\t\n\t\t\t\n<h2>Spindle Dezajno<\/h2>\n<div class=\"is-divider divider clearfix\" style=\"max-width:91px;background-color:rgb(82, 117, 141);\"><\/div>\n\t<div class=\"img has-hover x md-x lg-x y md-y lg-y\" id=\"image_1333939019\">\n\t\t\t\t\t\t\t\t<div class=\"img-inner image-cover dark\" style=\"padding-top:238px;\">\n\t\t\t<img loading=\"lazy\" decoding=\"async\" width=\"700\" height=\"281\" src=\"https:\/\/spindlemotorshop.com\/wp-content\/uploads\/2024\/08\/2775414794522613.jpg\" class=\"attachment-original size-original\" alt=\"7.5kw ER32 GDZ120 * 103-7.5 aero-malvarmiga spindelo desegno\" srcset=\"https:\/\/spindlemotorshop.com\/wp-content\/uploads\/2024\/08\/2775414794522613.jpg 700w, https:\/\/spindlemotorshop.com\/wp-content\/uploads\/2024\/08\/2775414794522613-300x120.jpg 300w, https:\/\/spindlemotorshop.com\/wp-content\/uploads\/2024\/08\/2775414794522613-18x7.jpg 18w, https:\/\/spindlemotorshop.com\/wp-content\/uploads\/2024\/08\/2775414794522613-600x241.jpg 600w\" sizes=\"auto, (max-width: 700px) 100vw, 700px\" \/>\t\t\t\t\t\t\n\t\t\t\t\t<\/div>\n\t\t\t\t\t\t\t\t\n<style>\n#image_1333939019 {\n  width: 100%;\n}\n<\/style>\n\t<\/div>\n\t\n\t<div class=\"img has-hover x md-x lg-x y md-y lg-y\" id=\"image_489369267\">\n\t\t\t\t\t\t\t\t<div class=\"img-inner dark\" >\n\t\t\t\t\t\t\t\t\t\n\t\t\t\t\t<\/div>\n\t\t\t\t\t\t\t\t\n<style>\n#image_489369267 {\n  width: 93%;\n}\n<\/style>\n\t<\/div>\n\t\n\t<div class=\"img has-hover x md-x lg-x y md-y lg-y\" id=\"image_1302242022\">\n\t\t\t\t\t\t\t\t<div class=\"img-inner image-cover dark\" style=\"padding-top:75%;\">\n\t\t\t\t\t\t\t\t\t\n\t\t\t\t\t<\/div>\n\t\t\t\t\t\t\t\t\n<style>\n#image_1302242022 {\n  width: 0%;\n}\n<\/style>\n\t<\/div>\n\t\n\t\t<\/div>\n\t\t\t\t\n<style>\n#col-1433804032 > .col-inner {\n  margin: 0px 0px -96px 0px;\n}\n<\/style>\n\t<\/div>\n\n\t\n<\/div>\n<ul>\n<li>\n<p class=\"inner-3__prodetailname\">La <strong>GDZ120*103-7.5<\/strong> CNC-enkursigilo-spindelo estas alt-efikeca aero-malvarmigita spindelo desegnita por severaj industriaj medioj, provizante senekzemplan agadon kaj stabilecon por diversaj grandskalaj pretigaj taskoj.<\/p>\n<\/li>\n<\/ul>\n\t\t<\/div>\n\n\t\t\n<style>\n#section_1267328285 {\n  padding-top: 30px;\n  padding-bottom: 30px;\n}\n<\/style>\n\t<\/section>\n\t\n<div class=\"row\"  id=\"row-2073208503\">\n\n\t<div id=\"col-247589841\" class=\"col medium-6 small-12 large-6\"  >\n\t\t\t\t<div class=\"col-inner\"  >\n\t\t\t\n\t\t\t\n\t<div class=\"img has-hover x md-x lg-x y md-y lg-y\" id=\"image_240450461\">\n\t\t\t\t\t\t\t\t<div class=\"img-inner image-cover dark\" style=\"padding-top:75%;\">\n\t\t\t<img loading=\"lazy\" decoding=\"async\" width=\"700\" height=\"700\" src=\"https:\/\/spindlemotorshop.com\/wp-content\/uploads\/2024\/08\/3673514794530447.jpg\" class=\"attachment-original size-original\" alt=\"7.5kw ER32 GDZ120 * 103-7.5 aero-malvarmigaj spindetaloj\" srcset=\"https:\/\/spindlemotorshop.com\/wp-content\/uploads\/2024\/08\/3673514794530447.jpg 700w, https:\/\/spindlemotorshop.com\/wp-content\/uploads\/2024\/08\/3673514794530447-300x300.jpg 300w, https:\/\/spindlemotorshop.com\/wp-content\/uploads\/2024\/08\/3673514794530447-150x150.jpg 150w, https:\/\/spindlemotorshop.com\/wp-content\/uploads\/2024\/08\/3673514794530447-12x12.jpg 12w, https:\/\/spindlemotorshop.com\/wp-content\/uploads\/2024\/08\/3673514794530447-600x600.jpg 600w, https:\/\/spindlemotorshop.com\/wp-content\/uploads\/2024\/08\/3673514794530447-100x100.jpg 100w\" sizes=\"auto, (max-width: 700px) 100vw, 700px\" \/>\t\t\t\t\t\t\n\t\t\t\t\t<\/div>\n\t\t\t\t\t\t\t\t\n<style>\n#image_240450461 {\n  width: 100%;\n}\n<\/style>\n\t<\/div>\n\t\n\t\t<\/div>\n\t\t\t\t\t<\/div>\n\n\t\n\n\t<div id=\"col-1369621219\" class=\"col medium-6 small-12 large-6\"  >\n\t\t\t\t<div class=\"col-inner\"  >\n\t\t\t\n\t\t\t\n\t<div class=\"img has-hover x md-x lg-x y md-y lg-y\" id=\"image_1549307101\">\n\t\t\t\t\t\t\t\t<div class=\"img-inner image-cover dark\" style=\"padding-top:75%;\">\n\t\t\t<img loading=\"lazy\" decoding=\"async\" width=\"1727\" height=\"1096\" src=\"https:\/\/spindlemotorshop.com\/wp-content\/uploads\/2024\/08\/IMAG5029.jpg\" class=\"attachment-original size-original\" alt=\"7.5kw ER32 GDZ120 * 103-7.5-aera malvarmiga spindela aplika\u0135o\" srcset=\"https:\/\/spindlemotorshop.com\/wp-content\/uploads\/2024\/08\/IMAG5029.jpg 1727w, https:\/\/spindlemotorshop.com\/wp-content\/uploads\/2024\/08\/IMAG5029-300x190.jpg 300w, https:\/\/spindlemotorshop.com\/wp-content\/uploads\/2024\/08\/IMAG5029-1024x650.jpg 1024w, https:\/\/spindlemotorshop.com\/wp-content\/uploads\/2024\/08\/IMAG5029-768x487.jpg 768w, https:\/\/spindlemotorshop.com\/wp-content\/uploads\/2024\/08\/IMAG5029-1536x975.jpg 1536w, https:\/\/spindlemotorshop.com\/wp-content\/uploads\/2024\/08\/IMAG5029-18x12.jpg 18w, https:\/\/spindlemotorshop.com\/wp-content\/uploads\/2024\/08\/IMAG5029-600x381.jpg 600w\" sizes=\"auto, (max-width: 1727px) 100vw, 1727px\" \/>\t\t\t\t\t\t\n\t\t\t\t\t<\/div>\n\t\t\t\t\t\t\t\t\n<style>\n#image_1549307101 {\n  width: 98%;\n}\n<\/style>\n\t<\/div>\n\t\n\t\t<\/div>\n\t\t\t\t\t<\/div>\n\n\t\n<\/div>\n\t<section class=\"section\" id=\"section_1879971001\">\n\t\t<div class=\"bg section-bg fill bg-fill  bg-loaded\" >\n\n\t\t\t\n\t\t\t\n\t\t\t\n\n\t\t<\/div>\n\n\t\t\n\n\t\t<div class=\"section-content relative\">\n\t\t\t\n<h4>Se vi bezonas iun CNC-spindelon, bonvenon sendi enketon<\/h4>\n\t\t<\/div>\n\n\t\t\n<style>\n#section_1879971001 {\n  padding-top: 30px;\n  padding-bottom: 30px;\n}\n<\/style>\n\t<\/section>\n\t\n\t<section class=\"section\" id=\"section_2002090731\">\n\t\t<div class=\"bg section-bg fill bg-fill  bg-loaded\" >\n\n\t\t\t\n\t\t\t\n\t\t\t\n\n\t\t<\/div>\n\n\t\t\n\n\t\t<div class=\"section-content relative\">\n\t\t\t\n<div class=\"row row-full-width align-center\"  id=\"row-399998425\">\n\n\t<div id=\"col-1197166626\" class=\"col small-12 large-12\"  >\n\t\t\t\t<div class=\"col-inner text-center\"  >\n\t\t\t\n\t\t\t\n\t<div id=\"text-727700234\" class=\"text\">\n\t\t\n\t\t\n<style>\n#text-727700234 {\n  text-align: left;\n}\n<\/style>\n\t<\/div>\n\t\n\t<div id=\"text-3462674627\" class=\"text\">\n\t\t\n<h2>KONTAKTU NIN<\/h2>\n\t\t\n<style>\n#text-3462674627 {\n  color: rgb(255,255,255);\n}\n#text-3462674627 > * {\n  color: rgb(255,255,255);\n}\n<\/style>\n\t<\/div>\n\t\n\n<div class=\"wpcf7 no-js\" id=\"wpcf7-f280-o1\" lang=\"en-US\" dir=\"ltr\" data-wpcf7-id=\"280\">\n<div class=\"screen-reader-response\"><p role=\"status\" aria-live=\"polite\" aria-atomic=\"true\"><\/p> <ul><\/ul><\/div>\n<form action=\"\/eo\/wp-json\/wp\/v2\/pages\/3369#wpcf7-f280-o1\" method=\"post\" class=\"wpcf7-form init\" aria-label=\"Kontakta formularo\" novalidate=\"novalidate\" data-status=\"init\" data-trp-original-action=\"\/eo\/wp-json\/wp\/v2\/pages\/3369#wpcf7-f280-o1\">\n<div style=\"display: none;\">\n<input type=\"hidden\" name=\"_wpcf7\" value=\"280\" \/>\n<input type=\"hidden\" name=\"_wpcf7_version\" value=\"6.0.6\" \/>\n<input type=\"hidden\" name=\"_wpcf7_locale\" value=\"en_US\" \/>\n<input type=\"hidden\" name=\"_wpcf7_unit_tag\" value=\"wpcf7-f280-o1\" \/>\n<input type=\"hidden\" name=\"_wpcf7_container_post\" value=\"0\" \/>\n<input type=\"hidden\" name=\"_wpcf7_posted_data_hash\" value=\"\" \/>\n<\/div>\n<div class='custom_contact_style'>\n\t<div class=\"row row-small\">\n\t\t<div class=\"col medium-6 small-12 large-6\">\n\t\t\t<div class=\"col-inner\">\n\t\t\t\t<p><span class=\"wpcf7-form-control-wrap\" data-name=\"your-name\"><input size=\"40\" maxlength=\"400\" class=\"wpcf7-form-control wpcf7-text wpcf7-validates-as-required\" aria-required=\"true\" aria-invalid=\"false\" placeholder=\"Nomo*\" value=\"\" type=\"text\" name=\"your-name\" \/><\/span>\n\t\t\t\t<\/p>\n\t\t\t<\/div>\n\t\t<\/div>\n\t\t<div class=\"col medium-6 small-12 large-6\">\n\t\t\t<div class=\"col-inner\">\n\t\t\t\t<p><span class=\"wpcf7-form-control-wrap\" data-name=\"your-email\"><input size=\"40\" maxlength=\"400\" class=\"wpcf7-form-control wpcf7-email wpcf7-validates-as-required wpcf7-text wpcf7-validates-as-email\" aria-required=\"true\" aria-invalid=\"false\" placeholder=\"Retpo\u015dto*\" value=\"\" type=\"email\" name=\"your-email\" \/><\/span>\n\t\t\t\t<\/p>\n\t\t\t<\/div>\n\t\t<\/div>\n\t<\/div>\n\t<div class='cus_contact_form_bottom'>\n\t\t<p><span class=\"wpcf7-form-control-wrap\" data-name=\"your-phone\"><input size=\"40\" maxlength=\"400\" class=\"wpcf7-form-control wpcf7-text\" aria-invalid=\"false\" placeholder=\"Telefono\" value=\"\" type=\"text\" name=\"your-phone\" \/><\/span>\n\t\t<\/p>\n\t<\/div>\n\t<div class='cus_contact_form_bottom'>\n\t\t<p><span class=\"wpcf7-form-control-wrap\" data-name=\"your-country\"><input size=\"40\" maxlength=\"400\" class=\"wpcf7-form-control wpcf7-text\" aria-invalid=\"false\" placeholder=\"Lando\" value=\"\" type=\"text\" name=\"your-country\" \/><\/span>\n\t\t<\/p>\n\t<\/div>\n\t<p><span class=\"wpcf7-form-control-wrap\" data-name=\"your-message\"><textarea cols=\"40\" rows=\"10\" maxlength=\"2000\" class=\"wpcf7-form-control wpcf7-textarea wpcf7-validates-as-required\" aria-required=\"true\" aria-invalid=\"false\" placeholder=\"Via Mesa\u011do *\" name=\"your-message\"><\/textarea><\/span>\n\t<\/p>\n\t<div style=\"margin-bottom:10px;\">\n\t<\/div>\n\t<p><div id=\"cf7sr-69ff30a40c7a2\" class=\"cf7sr-g-turnstile\" data-redirect=\"\" data-theme=\"auto\" data-language=\"en\" data-size=\"normal\" \n    data-sitekey=\"0x4AAAAAAA3FLd3Fs0zNyv_e\"><\/div><span class=\"wpcf7-form-control-wrap cf7sr-turnstile\" data-name=\"cf7sr-turnstile\"><input type=\"hidden\" name=\"cf7sr-turnstile\" value=\"\" class=\"wpcf7-form-control\"><\/span><br \/>\n<input class=\"wpcf7-form-control wpcf7-submit has-spinner\" type=\"submit\" value=\"Sendu Mesa\u011don\" \/>\n\t<\/p>\n<\/div><div class=\"wpcf7-response-output\" aria-hidden=\"true\"><\/div>\n<input type=\"hidden\" name=\"trp-form-language\" value=\"eo\"\/><\/form>\n<\/div>\n\n\t\t<\/div>\n\t\t\t\t\t<\/div>\n\n\t\n<\/div>\n\t\t<\/div>\n\n\t\t\n<style>\n#section_2002090731 {\n  padding-top: 30px;\n  padding-bottom: 30px;\n  background-color: #214184;\n}\n<\/style>\n\t<\/section>","protected":false},"excerpt":{"rendered":"<p>Niaj CNC-spindelmotoroj estas liveritaj rekte el la fabriko, ne a\u0109etitaj de la plej malaltprezaj provizantoj kun nekonataj fontoj, tiel certigante konatan kvaliton kaj fidindecon. \u0108iuj CNC Router Spindles de RicoCNC estas originalaj, kun Neniu falsa.<\/p>","protected":false},"author":1,"featured_media":0,"parent":0,"menu_order":0,"comment_status":"closed","ping_status":"closed","template":"","meta":{"_gspb_post_css":"","footnotes":""},"class_list":["post-3369","page","type-page","status-publish","hentry"],"_links":{"self":[{"href":"https:\/\/spindlemotorshop.com\/eo\/wp-json\/wp\/v2\/pages\/3369","targetHints":{"allow":["GET"]}}],"collection":[{"href":"https:\/\/spindlemotorshop.com\/eo\/wp-json\/wp\/v2\/pages"}],"about":[{"href":"https:\/\/spindlemotorshop.com\/eo\/wp-json\/wp\/v2\/types\/page"}],"author":[{"embeddable":true,"href":"https:\/\/spindlemotorshop.com\/eo\/wp-json\/wp\/v2\/users\/1"}],"replies":[{"embeddable":true,"href":"https:\/\/spindlemotorshop.com\/eo\/wp-json\/wp\/v2\/comments?post=3369"}],"version-history":[{"count":0,"href":"https:\/\/spindlemotorshop.com\/eo\/wp-json\/wp\/v2\/pages\/3369\/revisions"}],"wp:attachment":[{"href":"https:\/\/spindlemotorshop.com\/eo\/wp-json\/wp\/v2\/media?parent=3369"}],"curies":[{"name":"wp","href":"https:\/\/api.w.org\/{rel}","templated":true}]}}