{"id":3431,"date":"2024-08-08T01:29:04","date_gmt":"2024-08-08T01:29:04","guid":{"rendered":"https:\/\/spindlemotorshop.com\/?page_id=3431"},"modified":"2024-10-08T02:34:28","modified_gmt":"2024-10-08T02:34:28","slug":"gdz-15-800w-er11-water-cooled-spindle","status":"publish","type":"page","link":"https:\/\/spindlemotorshop.com\/eo\/gdz-15-800w-er11-water-cooled-spindle\/","title":{"rendered":"GDZ-15 800w ER11 akvo-malvarmigita spindelo"},"content":{"rendered":"<div class=\"row\"  id=\"row-640630055\">\n\n\t<div id=\"col-1795469056\" class=\"col medium-6 small-12 large-6\"  >\n\t\t\t\t<div class=\"col-inner\"  >\n\t\t\t\n\t\t\t\n\t<div class=\"img has-hover x md-x lg-x y md-y lg-y\" id=\"image_1988133474\">\n\t\t\t\t\t\t\t\t<div class=\"img-inner image-cover box-shadow-1 dark\" style=\"padding-top:75%;\">\n\t\t\t<img loading=\"lazy\" decoding=\"async\" width=\"600\" height=\"600\" src=\"https:\/\/spindlemotorshop.com\/wp-content\/uploads\/2024\/08\/1682579405956988.jpg\" class=\"attachment-original size-original\" alt=\"800w ER11 GDZ-15 akvomalvarmigita spindelo\" srcset=\"https:\/\/spindlemotorshop.com\/wp-content\/uploads\/2024\/08\/1682579405956988.jpg 600w, https:\/\/spindlemotorshop.com\/wp-content\/uploads\/2024\/08\/1682579405956988-300x300.jpg 300w, https:\/\/spindlemotorshop.com\/wp-content\/uploads\/2024\/08\/1682579405956988-150x150.jpg 150w, https:\/\/spindlemotorshop.com\/wp-content\/uploads\/2024\/08\/1682579405956988-12x12.jpg 12w, https:\/\/spindlemotorshop.com\/wp-content\/uploads\/2024\/08\/1682579405956988-100x100.jpg 100w\" sizes=\"auto, (max-width: 600px) 100vw, 600px\" \/>\t\t\t\t\t\t\n\t\t\t\t\t<\/div>\n\t\t\t\t\t\t\t\t\n<style>\n#image_1988133474 {\n  width: 100%;\n}\n<\/style>\n\t<\/div>\n\t\n\t\t<\/div>\n\t\t\t\t\t<\/div>\n\n\t\n\n\t<div id=\"col-46910796\" class=\"col medium-6 small-12 large-6\"  >\n\t\t\t\t<div class=\"col-inner text-left\"  >\n\t\t\t\n\t\t\t\n\t<div id=\"text-156371018\" class=\"text\">\n\t\t\n<h3 class=\"inner-3__prodetailname\">800w ER11 GDZ-15 akvomalvarmigita spindelo<\/h3>\n\t\t\n<style>\n#text-156371018 {\n  font-size: 0.95rem;\n}\n<\/style>\n\t<\/div>\n\t\n\t<div id=\"text-1485314524\" class=\"text\">\n\t\t\n<ul>\n<li style=\"text-align: left;\">GDZ-15<\/li>\n<li style=\"text-align: left;\">ER11 CNC-spindelmotoro<\/li>\n<li>24000rpm CNC-spindelo<\/li>\n<li>0.8kw spindelmotoro<\/li>\n<li>akvo-malvarmigitaj spindelmotoroj<\/li>\n<li>\u03a665mm spindelmotoro<\/li>\n<li>CNC-grava spindelo-motoro<\/li>\n<li>Duobla portanta strukturo<\/li>\n<\/ul>\n\t\t\n<style>\n#text-1485314524 {\n  text-align: left;\n}\n<\/style>\n\t<\/div>\n\t\n<a href=\"\/eo\/contact\/\" target=\"_blank\" class=\"button primary\" rel=\"noopener\"  style=\"border-radius:99px;\">\n    <span>kontaktu nin<\/span>\n  <\/a>\n\n\t\t<\/div>\n\t\t\t\t\n<style>\n#col-46910796 > .col-inner {\n  padding: 0px 0px 5px 0px;\n}\n<\/style>\n\t<\/div>\n\n\t\n<\/div>\n<div class=\"text-center\"><div class=\"is-divider divider clearfix\" style=\"margin-top:0.9em;margin-bottom:0.9em;max-width:502px;\"><\/div><\/div>\n<blockquote>\n<ul>\n<li>Niaj CNC-spindelmotoroj estas liveritaj rekte el la fabriko, ne a\u0109etitaj de la plej malaltprezaj provizantoj kun nekonataj fontoj, tiel certigante konatan kvaliton kaj fidindecon. \u0108iuj CNC Router Spindles de RicoCNC estas originalaj, kun Neniu falsa.<\/li>\n<\/ul>\n<\/blockquote>\n\t<section class=\"section\" id=\"section_2059262537\">\n\t\t<div class=\"bg section-bg fill bg-fill  bg-loaded\" >\n\n\t\t\t\n\t\t\t\n\t\t\t\n\n\t\t<\/div>\n\n\t\t\n\n\t\t<div class=\"section-content relative\">\n\t\t\t\n<div class=\"row\"  id=\"row-2108954374\">\n\n\t<div id=\"col-1366225856\" class=\"col medium-6 small-12 large-6\"  >\n\t\t\t\t<div class=\"col-inner\"  >\n\t\t\t\n\t\t\t\n<h2>Teknikaj Karakteriza\u0135oj<\/h2>\n<div class=\"is-divider divider clearfix\" style=\"max-width:91px;background-color:rgb(82, 117, 141);\"><\/div>\n\n<table border=\"1\">\n<tbody>\n<tr>\n<th class=\"center-first-column\">Tajpu<\/th>\n<td>GDZ-15<\/td>\n<\/tr>\n<tr>\n<th class=\"center-first-column\">Dimensioj<\/th>\n<td>\u03a665*160mm<\/td>\n<\/tr>\n<tr>\n<th class=\"center-first-column\">Rapido<\/th>\n<td>24000RP<\/td>\n<\/tr>\n<tr>\n<th class=\"center-first-column\">Potenco<\/th>\n<td>0,8 KW<\/td>\n<\/tr>\n<tr>\n<th class=\"center-first-column\">Tensio<\/th>\n<td>220V<\/td>\n<\/tr>\n<tr>\n<th class=\"center-first-column\">Nuna<\/th>\n<td>6.5A<\/td>\n<\/tr>\n<tr>\n<th class=\"center-first-column\">Ofteco<\/th>\n<td>400 HZ<\/td>\n<\/tr>\n<tr>\n<th class=\"center-first-column\">Lagro<\/th>\n<td>7002C\/P4*1, 7000C\/P4*1<\/td>\n<\/tr>\n<tr>\n<th class=\"center-first-column\">Collet<\/th>\n<td>ER11<\/td>\n<\/tr>\n<tr>\n<th class=\"center-first-column\">Nombro de Fazoj<\/th>\n<td>3<\/td>\n<\/tr>\n<\/tbody>\n<\/table>\n\n\t\t<\/div>\n\t\t\t\t\t<\/div>\n\n\t\n\n\t<div id=\"col-1959403989\" class=\"col medium-6 small-12 large-6\"  >\n\t\t\t\t<div class=\"col-inner\"  >\n\t\t\t\n\t\t\t\n<h2>Spindle Dezajno<\/h2>\n<div class=\"is-divider divider clearfix\" style=\"max-width:91px;background-color:rgb(82, 117, 141);\"><\/div>\n\t<div class=\"img has-hover x md-x lg-x y md-y lg-y\" id=\"image_132922614\">\n\t\t\t\t\t\t\t\t<div class=\"img-inner dark\" >\n\t\t\t<img loading=\"lazy\" decoding=\"async\" width=\"800\" height=\"363\" src=\"https:\/\/spindlemotorshop.com\/wp-content\/uploads\/2024\/08\/TB23oDlspXXXXbWXpXXXXXXXXXX___130318475.jpg_Q75.jpg_.jpg\" class=\"attachment-original size-original\" alt=\"800w ER11 GDZ-15 akvomalvarmigita spindela detalo desegna\u0135o\" srcset=\"https:\/\/spindlemotorshop.com\/wp-content\/uploads\/2024\/08\/TB23oDlspXXXXbWXpXXXXXXXXXX___130318475.jpg_Q75.jpg_.jpg 800w, https:\/\/spindlemotorshop.com\/wp-content\/uploads\/2024\/08\/TB23oDlspXXXXbWXpXXXXXXXXXX___130318475.jpg_Q75.jpg_-300x136.jpg 300w, https:\/\/spindlemotorshop.com\/wp-content\/uploads\/2024\/08\/TB23oDlspXXXXbWXpXXXXXXXXXX___130318475.jpg_Q75.jpg_-768x348.jpg 768w, https:\/\/spindlemotorshop.com\/wp-content\/uploads\/2024\/08\/TB23oDlspXXXXbWXpXXXXXXXXXX___130318475.jpg_Q75.jpg_-18x8.jpg 18w, https:\/\/spindlemotorshop.com\/wp-content\/uploads\/2024\/08\/TB23oDlspXXXXbWXpXXXXXXXXXX___130318475.jpg_Q75.jpg_-600x272.jpg 600w\" sizes=\"auto, (max-width: 800px) 100vw, 800px\" \/>\t\t\t\t\t\t\n\t\t\t\t\t<\/div>\n\t\t\t\t\t\t\t\t\n<style>\n#image_132922614 {\n  width: 100%;\n}\n<\/style>\n\t<\/div>\n\t\n\t<div class=\"img has-hover x md-x lg-x y md-y lg-y\" id=\"image_9277070\">\n\t\t\t\t\t\t\t\t<div class=\"img-inner dark\" >\n\t\t\t\t\t\t\t\t\t\n\t\t\t\t\t<\/div>\n\t\t\t\t\t\t\t\t\n<style>\n#image_9277070 {\n  width: 93%;\n}\n<\/style>\n\t<\/div>\n\t\n\t<div class=\"img has-hover x md-x lg-x y md-y lg-y\" id=\"image_241610002\">\n\t\t\t\t\t\t\t\t<div class=\"img-inner image-cover dark\" style=\"padding-top:75%;\">\n\t\t\t\t\t\t\t\t\t\n\t\t\t\t\t<\/div>\n\t\t\t\t\t\t\t\t\n<style>\n#image_241610002 {\n  width: 0%;\n}\n<\/style>\n\t<\/div>\n\t\n\t\t<\/div>\n\t\t\t\t\n<style>\n#col-1959403989 > .col-inner {\n  margin: 0px 0px -96px 0px;\n}\n<\/style>\n\t<\/div>\n\n\t\n<\/div>\n\t\t<\/div>\n\n\t\t\n<style>\n#section_2059262537 {\n  padding-top: 8px;\n  padding-bottom: 8px;\n}\n<\/style>\n\t<\/section>\n\t\n<ul>\n<li><strong>GDZ-15<\/strong> alt-efikeca akvomalvarmigita elektra spindelo konvenas al diversaj malgrandaj \u011dis mezgrandaj CNC-ma\u015dinoj. \u011ci havas duoblan P4-gradan portantan strukturon uzas precizegajn angulajn kontaktajn pilkajn lagrojn por certigi stabilecon kaj precizecon \u0109e altaj rapidoj.<\/li>\n<\/ul>\n\t<div id=\"gap-275443378\" class=\"gap-element clearfix\" style=\"display:block; height:auto;\">\n\t\t\n<style>\n#gap-275443378 {\n  padding-top: 30px;\n}\n<\/style>\n\t<\/div>\n\t\n<div class=\"row\"  id=\"row-392009296\">\n\n\t<div id=\"col-530534855\" class=\"col medium-6 small-12 large-6\"  >\n\t\t\t\t<div class=\"col-inner text-center\"  >\n\t\t\t\n\t\t\t\n\t<div class=\"img has-hover x md-x lg-x y md-y lg-y\" id=\"image_978986323\">\n\t\t\t\t\t\t\t\t<div class=\"img-inner dark\" >\n\t\t\t<img loading=\"lazy\" decoding=\"async\" width=\"150\" height=\"150\" src=\"https:\/\/spindlemotorshop.com\/wp-content\/uploads\/2024\/08\/TB2lKmMsXXXXXcrXpXXXXXXXXXX_130318475.jpg_240x10000Q75.jpg_-150x150.jpeg\" class=\"attachment-thumbnail size-thumbnail\" alt=\"800w ER11 GDZ-15 akvomalvarmigita spindetalo detalo\" srcset=\"https:\/\/spindlemotorshop.com\/wp-content\/uploads\/2024\/08\/TB2lKmMsXXXXXcrXpXXXXXXXXXX_130318475.jpg_240x10000Q75.jpg_-150x150.jpeg 150w, https:\/\/spindlemotorshop.com\/wp-content\/uploads\/2024\/08\/TB2lKmMsXXXXXcrXpXXXXXXXXXX_130318475.jpg_240x10000Q75.jpg_-12x12.jpeg 12w, https:\/\/spindlemotorshop.com\/wp-content\/uploads\/2024\/08\/TB2lKmMsXXXXXcrXpXXXXXXXXXX_130318475.jpg_240x10000Q75.jpg_-100x100.jpeg 100w, https:\/\/spindlemotorshop.com\/wp-content\/uploads\/2024\/08\/TB2lKmMsXXXXXcrXpXXXXXXXXXX_130318475.jpg_240x10000Q75.jpg_.jpeg 240w\" sizes=\"auto, (max-width: 150px) 100vw, 150px\" \/>\t\t\t\t\t\t\n\t\t\t\t\t<\/div>\n\t\t\t\t\t\t\t\t\n<style>\n#image_978986323 {\n  width: 74%;\n}\n<\/style>\n\t<\/div>\n\t\n\t\t<\/div>\n\t\t\t\t\t<\/div>\n\n\t\n\n\t<div id=\"col-1099086933\" class=\"col medium-6 small-12 large-6\"  >\n\t\t\t\t<div class=\"col-inner\"  >\n\t\t\t\n\t\t\t\n\t<div class=\"img has-hover x md-x lg-x y md-y lg-y\" id=\"image_2087459482\">\n\t\t\t\t\t\t\t\t<div class=\"img-inner image-cover dark\" style=\"padding-top:75%;\">\n\t\t\t<img loading=\"lazy\" decoding=\"async\" width=\"2560\" height=\"1920\" src=\"https:\/\/spindlemotorshop.com\/wp-content\/uploads\/2024\/08\/DSC01759-scaled.jpg\" class=\"attachment-original size-original\" alt=\"800w ER11 GDZ-15 akvomalvarmigita spindeta detala aplika\u0135o\" srcset=\"https:\/\/spindlemotorshop.com\/wp-content\/uploads\/2024\/08\/DSC01759-scaled.jpg 2560w, https:\/\/spindlemotorshop.com\/wp-content\/uploads\/2024\/08\/DSC01759-300x225.jpg 300w, https:\/\/spindlemotorshop.com\/wp-content\/uploads\/2024\/08\/DSC01759-1024x768.jpg 1024w, https:\/\/spindlemotorshop.com\/wp-content\/uploads\/2024\/08\/DSC01759-768x576.jpg 768w, https:\/\/spindlemotorshop.com\/wp-content\/uploads\/2024\/08\/DSC01759-1536x1152.jpg 1536w, https:\/\/spindlemotorshop.com\/wp-content\/uploads\/2024\/08\/DSC01759-2048x1536.jpg 2048w, https:\/\/spindlemotorshop.com\/wp-content\/uploads\/2024\/08\/DSC01759-16x12.jpg 16w, https:\/\/spindlemotorshop.com\/wp-content\/uploads\/2024\/08\/DSC01759-600x450.jpg 600w\" sizes=\"auto, (max-width: 2560px) 100vw, 2560px\" \/>\t\t\t\t\t\t\n\t\t\t\t\t<\/div>\n\t\t\t\t\t\t\t\t\n<style>\n#image_2087459482 {\n  width: 98%;\n}\n<\/style>\n\t<\/div>\n\t\n\t\t<\/div>\n\t\t\t\t\t<\/div>\n\n\t\n<\/div>\n\t<section class=\"section\" id=\"section_1820209194\">\n\t\t<div class=\"bg section-bg fill bg-fill  bg-loaded\" >\n\n\t\t\t\n\t\t\t\n\t\t\t\n\n\t\t<\/div>\n\n\t\t\n\n\t\t<div class=\"section-content relative\">\n\t\t\t\n<h4>Se vi bezonas iun CNC-spindelon, bonvenon sendi enketon<\/h4>\n\t\t<\/div>\n\n\t\t\n<style>\n#section_1820209194 {\n  padding-top: 30px;\n  padding-bottom: 30px;\n}\n<\/style>\n\t<\/section>\n\t\n\t<section class=\"section\" id=\"section_2079998727\">\n\t\t<div class=\"bg section-bg fill bg-fill  bg-loaded\" >\n\n\t\t\t\n\t\t\t\n\t\t\t\n\n\t\t<\/div>\n\n\t\t\n\n\t\t<div class=\"section-content relative\">\n\t\t\t\n<div class=\"row row-full-width align-center\"  id=\"row-437111076\">\n\n\t<div id=\"col-1111971286\" class=\"col small-12 large-12\"  >\n\t\t\t\t<div class=\"col-inner text-center\"  >\n\t\t\t\n\t\t\t\n\t<div id=\"text-3422501485\" class=\"text\">\n\t\t\n\t\t\n<style>\n#text-3422501485 {\n  text-align: left;\n}\n<\/style>\n\t<\/div>\n\t\n\t<div id=\"text-3035914320\" class=\"text\">\n\t\t\n<h2>KONTAKTU NIN<\/h2>\n\t\t\n<style>\n#text-3035914320 {\n  color: rgb(255,255,255);\n}\n#text-3035914320 > * {\n  color: rgb(255,255,255);\n}\n<\/style>\n\t<\/div>\n\t\n\n<div class=\"wpcf7 no-js\" id=\"wpcf7-f280-o1\" lang=\"en-US\" dir=\"ltr\" data-wpcf7-id=\"280\">\n<div class=\"screen-reader-response\"><p role=\"status\" aria-live=\"polite\" aria-atomic=\"true\"><\/p> <ul><\/ul><\/div>\n<form action=\"\/eo\/wp-json\/wp\/v2\/pages\/3431#wpcf7-f280-o1\" method=\"post\" class=\"wpcf7-form init\" aria-label=\"Kontakta formularo\" novalidate=\"novalidate\" data-status=\"init\" data-trp-original-action=\"\/eo\/wp-json\/wp\/v2\/pages\/3431#wpcf7-f280-o1\">\n<div style=\"display: none;\">\n<input type=\"hidden\" name=\"_wpcf7\" value=\"280\" \/>\n<input type=\"hidden\" name=\"_wpcf7_version\" value=\"6.0.6\" \/>\n<input type=\"hidden\" name=\"_wpcf7_locale\" value=\"en_US\" \/>\n<input type=\"hidden\" name=\"_wpcf7_unit_tag\" value=\"wpcf7-f280-o1\" \/>\n<input type=\"hidden\" name=\"_wpcf7_container_post\" value=\"0\" \/>\n<input type=\"hidden\" name=\"_wpcf7_posted_data_hash\" value=\"\" \/>\n<\/div>\n<div class='custom_contact_style'>\n\t<div class=\"row row-small\">\n\t\t<div class=\"col medium-6 small-12 large-6\">\n\t\t\t<div class=\"col-inner\">\n\t\t\t\t<p><span class=\"wpcf7-form-control-wrap\" data-name=\"your-name\"><input size=\"40\" maxlength=\"400\" class=\"wpcf7-form-control wpcf7-text wpcf7-validates-as-required\" aria-required=\"true\" aria-invalid=\"false\" placeholder=\"Nomo*\" value=\"\" type=\"text\" name=\"your-name\" \/><\/span>\n\t\t\t\t<\/p>\n\t\t\t<\/div>\n\t\t<\/div>\n\t\t<div class=\"col medium-6 small-12 large-6\">\n\t\t\t<div class=\"col-inner\">\n\t\t\t\t<p><span class=\"wpcf7-form-control-wrap\" data-name=\"your-email\"><input size=\"40\" maxlength=\"400\" class=\"wpcf7-form-control wpcf7-email wpcf7-validates-as-required wpcf7-text wpcf7-validates-as-email\" aria-required=\"true\" aria-invalid=\"false\" placeholder=\"Retpo\u015dto*\" value=\"\" type=\"email\" name=\"your-email\" \/><\/span>\n\t\t\t\t<\/p>\n\t\t\t<\/div>\n\t\t<\/div>\n\t<\/div>\n\t<div class='cus_contact_form_bottom'>\n\t\t<p><span class=\"wpcf7-form-control-wrap\" data-name=\"your-phone\"><input size=\"40\" maxlength=\"400\" class=\"wpcf7-form-control wpcf7-text\" aria-invalid=\"false\" placeholder=\"Telefono\" value=\"\" type=\"text\" name=\"your-phone\" \/><\/span>\n\t\t<\/p>\n\t<\/div>\n\t<div class='cus_contact_form_bottom'>\n\t\t<p><span class=\"wpcf7-form-control-wrap\" data-name=\"your-country\"><input size=\"40\" maxlength=\"400\" class=\"wpcf7-form-control wpcf7-text\" aria-invalid=\"false\" placeholder=\"Lando\" value=\"\" type=\"text\" name=\"your-country\" \/><\/span>\n\t\t<\/p>\n\t<\/div>\n\t<p><span class=\"wpcf7-form-control-wrap\" data-name=\"your-message\"><textarea cols=\"40\" rows=\"10\" maxlength=\"2000\" class=\"wpcf7-form-control wpcf7-textarea wpcf7-validates-as-required\" aria-required=\"true\" aria-invalid=\"false\" placeholder=\"Via Mesa\u011do *\" name=\"your-message\"><\/textarea><\/span>\n\t<\/p>\n\t<div style=\"margin-bottom:10px;\">\n\t<\/div>\n\t<p><div id=\"cf7sr-69ff30ffad1e4\" class=\"cf7sr-g-turnstile\" data-redirect=\"\" data-theme=\"auto\" data-language=\"en\" data-size=\"normal\" \n    data-sitekey=\"0x4AAAAAAA3FLd3Fs0zNyv_e\"><\/div><span class=\"wpcf7-form-control-wrap cf7sr-turnstile\" data-name=\"cf7sr-turnstile\"><input type=\"hidden\" name=\"cf7sr-turnstile\" value=\"\" class=\"wpcf7-form-control\"><\/span><br \/>\n<input class=\"wpcf7-form-control wpcf7-submit has-spinner\" type=\"submit\" value=\"Sendu Mesa\u011don\" \/>\n\t<\/p>\n<\/div><div class=\"wpcf7-response-output\" aria-hidden=\"true\"><\/div>\n<input type=\"hidden\" name=\"trp-form-language\" value=\"eo\"\/><\/form>\n<\/div>\n\n\t\t<\/div>\n\t\t\t\t\t<\/div>\n\n\t\n<\/div>\n\t\t<\/div>\n\n\t\t\n<style>\n#section_2079998727 {\n  padding-top: 30px;\n  padding-bottom: 30px;\n  background-color: #214184;\n}\n<\/style>\n\t<\/section>","protected":false},"excerpt":{"rendered":"<p>Niaj CNC-spindelmotoroj estas liveritaj rekte el la fabriko, ne a\u0109etitaj de la plej malaltprezaj provizantoj kun nekonataj fontoj, tiel certigante konatan kvaliton kaj fidindecon. \u0108iuj CNC Router Spindles de RicoCNC estas originalaj, kun Neniu falsa. GDZ-15 alt-efikeca akvomalvarmigita elektra spindelo konvenas al diversaj malgrandaj \u011dis mezgrandaj CNC-ma\u015dinoj. \u011ci havas duoblan P4-gradon...<\/p>","protected":false},"author":1,"featured_media":0,"parent":0,"menu_order":0,"comment_status":"closed","ping_status":"closed","template":"","meta":{"_gspb_post_css":"","footnotes":""},"class_list":["post-3431","page","type-page","status-publish","hentry"],"_links":{"self":[{"href":"https:\/\/spindlemotorshop.com\/eo\/wp-json\/wp\/v2\/pages\/3431","targetHints":{"allow":["GET"]}}],"collection":[{"href":"https:\/\/spindlemotorshop.com\/eo\/wp-json\/wp\/v2\/pages"}],"about":[{"href":"https:\/\/spindlemotorshop.com\/eo\/wp-json\/wp\/v2\/types\/page"}],"author":[{"embeddable":true,"href":"https:\/\/spindlemotorshop.com\/eo\/wp-json\/wp\/v2\/users\/1"}],"replies":[{"embeddable":true,"href":"https:\/\/spindlemotorshop.com\/eo\/wp-json\/wp\/v2\/comments?post=3431"}],"version-history":[{"count":0,"href":"https:\/\/spindlemotorshop.com\/eo\/wp-json\/wp\/v2\/pages\/3431\/revisions"}],"wp:attachment":[{"href":"https:\/\/spindlemotorshop.com\/eo\/wp-json\/wp\/v2\/media?parent=3431"}],"curies":[{"name":"wp","href":"https:\/\/api.w.org\/{rel}","templated":true}]}}