{"id":3471,"date":"2024-08-08T06:03:04","date_gmt":"2024-08-08T06:03:04","guid":{"rendered":"https:\/\/spindlemotorshop.com\/?page_id=3471"},"modified":"2024-10-15T15:01:51","modified_gmt":"2024-10-15T15:01:51","slug":"gdz-18-2-800w-er11-water-cooled-spindle","status":"publish","type":"page","link":"https:\/\/spindlemotorshop.com\/eo\/gdz-18-2-800w-er11-water-cooled-spindle\/","title":{"rendered":"GDZ-18-2 0.8kw ER11 akvo-malvarmigita spindelo"},"content":{"rendered":"<div class=\"row\"  id=\"row-367699848\">\r\n\r\n\n\t<div id=\"col-1577232680\" class=\"col medium-6 small-12 large-6\"  >\n\t\t\t\t<div class=\"col-inner text-center\"  >\n\t\t\t\n\t\t\t\r\n\r\n\t<div class=\"img has-hover x md-x lg-x y md-y lg-y\" id=\"image_1669280332\">\n\t\t\t\t\t\t\t\t<div class=\"img-inner image-cover box-shadow-1 dark\" style=\"padding-top:75%;\">\n\t\t\t<img loading=\"lazy\" decoding=\"async\" width=\"800\" height=\"800\" src=\"https:\/\/spindlemotorshop.com\/wp-content\/uploads\/2024\/08\/1686540651651684.jpg\" class=\"attachment-original size-original\" alt=\"0.8kw ER11 GDZ-18-2 akvo-malvarmigita spindelo\" srcset=\"https:\/\/spindlemotorshop.com\/wp-content\/uploads\/2024\/08\/1686540651651684.jpg 800w, https:\/\/spindlemotorshop.com\/wp-content\/uploads\/2024\/08\/1686540651651684-300x300.jpg 300w, https:\/\/spindlemotorshop.com\/wp-content\/uploads\/2024\/08\/1686540651651684-150x150.jpg 150w, https:\/\/spindlemotorshop.com\/wp-content\/uploads\/2024\/08\/1686540651651684-768x768.jpg 768w, https:\/\/spindlemotorshop.com\/wp-content\/uploads\/2024\/08\/1686540651651684-12x12.jpg 12w, https:\/\/spindlemotorshop.com\/wp-content\/uploads\/2024\/08\/1686540651651684-600x600.jpg 600w, https:\/\/spindlemotorshop.com\/wp-content\/uploads\/2024\/08\/1686540651651684-100x100.jpg 100w\" sizes=\"auto, (max-width: 800px) 100vw, 800px\" \/>\t\t\t\t\t\t\n\t\t\t\t\t<\/div>\n\t\t\t\t\t\t\t\t\n<style>\n#image_1669280332 {\n  width: 100%;\n}\n<\/style>\n\t<\/div>\n\t\r\n\r\n\t\t<\/div>\n\t\t\t\t\t<\/div>\n\n\t\r\n\n\t<div id=\"col-439993873\" class=\"col medium-6 small-12 large-6\"  >\n\t\t\t\t<div class=\"col-inner text-left\"  >\n\t\t\t\n\t\t\t\r\n\r\n\t<div id=\"text-1435323127\" class=\"text\">\n\t\t\r\n<h3 class=\"inner-3__prodetailname\">0.8kw ER11 GDZ-18-2 akvo-malvarmigita spindelo<\/h3>\r\n\t\t\n<style>\n#text-1435323127 {\n  font-size: 0.95rem;\n}\n<\/style>\n\t<\/div>\n\t\r\n\t<div id=\"text-1534064950\" class=\"text\">\n\t\t\r\n<ul>\r\n \t<li style=\"text-align: left;\">GDZ-18-2<\/li>\r\n \t<li style=\"text-align: left;\">ER11 CNC-spindelmotoro<\/li>\r\n \t<li>24000rpm CNC-spindelo<\/li>\r\n \t<li>0.8kw spindelmotoro<\/li>\r\n \t<li>akvo-malvarmigitaj spindelmotoroj<\/li>\r\n \t<li>\u03a665mm spindelmotoro<\/li>\r\n \t<li>CNC-gravado, muelanta spindelmotoro<\/li>\r\n \t<li>Kvar portanta strukturo<\/li>\r\n<\/ul>\r\n\t\t\n<style>\n#text-1534064950 {\n  text-align: left;\n}\n<\/style>\n\t<\/div>\n\t\r\n<a href=\"\/eo\/contact\/\" target=\"_blank\" class=\"button primary\" rel=\"noopener\"  style=\"border-radius:99px;\">\n    <span>kontaktu nin<\/span>\n  <\/a>\n\r\n\r\n\t\t<\/div>\n\t\t\t\t\n<style>\n#col-439993873 > .col-inner {\n  padding: 0px 0px 5px 0px;\n}\n<\/style>\n\t<\/div>\n\n\t\r\n\r\n<\/div>\r\n<div class=\"text-center\"><div class=\"is-divider divider clearfix\" style=\"margin-top:0.9em;margin-bottom:0.9em;max-width:502px;\"><\/div><\/div>\r\n<blockquote>\r\n<ul>\r\n \t<li>Niaj CNC-spindelmotoroj estas liveritaj rekte el la fabriko, ne a\u0109etitaj de la plej malaltprezaj provizantoj kun nekonataj fontoj, tiel certigante konatan kvaliton kaj fidindecon. \u0108iuj CNC Router Spindles de RicoCNC estas originalaj, kun Neniu falsa.<\/li>\r\n<\/ul>\r\n<\/blockquote>\r\n\t<section class=\"section\" id=\"section_464194076\">\n\t\t<div class=\"bg section-bg fill bg-fill  bg-loaded\" >\n\n\t\t\t\n\t\t\t\n\t\t\t\n\n\t\t<\/div>\n\n\t\t\n\n\t\t<div class=\"section-content relative\">\n\t\t\t\r\n\r\n<div class=\"row\"  id=\"row-1728962420\">\r\n\r\n\n\t<div id=\"col-930105766\" class=\"col medium-6 small-12 large-6\"  >\n\t\t\t\t<div class=\"col-inner\"  >\n\t\t\t\n\t\t\t\r\n<h2>Teknikaj Karakteriza\u0135oj<\/h2>\r\n<div class=\"is-divider divider clearfix\" style=\"max-width:91px;background-color:rgb(82, 117, 141);\"><\/div>\r\n\r\n\r\n\r\n&nbsp;\r\n<table border=\"1\">\r\n<tbody>\r\n<tr>\r\n<th class=\"center-first-column\">Tajpu<\/th>\r\n<td>GDZ-18-2<\/td>\r\n<!-- Assuming the type remains GDZ-18B based on previous context --><\/tr>\r\n<tr>\r\n<th class=\"center-first-column\">Dimensioj<\/th>\r\n<td>\u03a665 * 210mm<\/td>\r\n<\/tr>\r\n<tr>\r\n<th class=\"center-first-column\">Rapido<\/th>\r\n<td>24000 RPM<\/td>\r\n<\/tr>\r\n<tr>\r\n<th class=\"center-first-column\">Potenco<\/th>\r\n<td>0.8KW<\/td>\r\n<\/tr>\r\n<tr>\r\n<th class=\"center-first-column\">Tensio<\/th>\r\n<td>220V<\/td>\r\n<\/tr>\r\n<tr>\r\n<th class=\"center-first-column\">Nuna<\/th>\r\n<td>5A<\/td>\r\n<\/tr>\r\n<tr>\r\n<th class=\"center-first-column\">Ofteco<\/th>\r\n<td>400 HZ<\/td>\r\n<\/tr>\r\n<tr>\r\n<th class=\"center-first-column\">Lagro<\/th>\r\n<td>7002C\/P4*2, 7000C\/P4*2<\/td>\r\n<\/tr>\r\n<tr>\r\n<th class=\"center-first-column\">Collet<\/th>\r\n<td>ER11<\/td>\r\n<\/tr>\r\n<tr>\r\n<th class=\"center-first-column\">Nombro de Fazoj<\/th>\r\n<td>3<\/td>\r\n<\/tr>\r\n<\/tbody>\r\n<\/table>\r\n\r\n\r\n\t\t<\/div>\n\t\t\t\t\t<\/div>\n\n\t\r\n\n\t<div id=\"col-1519247634\" class=\"col medium-6 small-12 large-6\"  >\n\t\t\t\t<div class=\"col-inner\"  >\n\t\t\t\n\t\t\t\r\n<h2>Spindle Dezajno<\/h2>\r\n<div class=\"is-divider divider clearfix\" style=\"max-width:91px;background-color:rgb(82, 117, 141);\"><\/div>\r\n\r\n\t<div class=\"img has-hover x md-x lg-x y md-y lg-y\" id=\"image_403795662\">\n\t\t\t\t\t\t\t\t<div class=\"img-inner dark\" >\n\t\t\t<img loading=\"lazy\" decoding=\"async\" width=\"790\" height=\"370\" src=\"https:\/\/spindlemotorshop.com\/wp-content\/uploads\/2024\/08\/TB2wdg5spXXXXXPXXXXXXXXXXXX___130318475.jpg\" class=\"attachment-original size-original\" alt=\"0.8kw ER11 GDZ-18-2 akvo-malvarmigita spindelo desegna\u0135o\" srcset=\"https:\/\/spindlemotorshop.com\/wp-content\/uploads\/2024\/08\/TB2wdg5spXXXXXPXXXXXXXXXXXX___130318475.jpg 790w, https:\/\/spindlemotorshop.com\/wp-content\/uploads\/2024\/08\/TB2wdg5spXXXXXPXXXXXXXXXXXX___130318475-300x141.jpg 300w, https:\/\/spindlemotorshop.com\/wp-content\/uploads\/2024\/08\/TB2wdg5spXXXXXPXXXXXXXXXXXX___130318475-768x360.jpg 768w, https:\/\/spindlemotorshop.com\/wp-content\/uploads\/2024\/08\/TB2wdg5spXXXXXPXXXXXXXXXXXX___130318475-18x8.jpg 18w, https:\/\/spindlemotorshop.com\/wp-content\/uploads\/2024\/08\/TB2wdg5spXXXXXPXXXXXXXXXXXX___130318475-600x281.jpg 600w\" sizes=\"auto, (max-width: 790px) 100vw, 790px\" \/>\t\t\t\t\t\t\n\t\t\t\t\t<\/div>\n\t\t\t\t\t\t\t\t\n<style>\n#image_403795662 {\n  width: 100%;\n}\n<\/style>\n\t<\/div>\n\t\r\n\r\n\t<div class=\"img has-hover x md-x lg-x y md-y lg-y\" id=\"image_1679371998\">\n\t\t\t\t\t\t\t\t<div class=\"img-inner dark\" >\n\t\t\t\t\t\t\t\t\t\n\t\t\t\t\t<\/div>\n\t\t\t\t\t\t\t\t\n<style>\n#image_1679371998 {\n  width: 93%;\n}\n<\/style>\n\t<\/div>\n\t\r\n\r\n\t<div class=\"img has-hover x md-x lg-x y md-y lg-y\" id=\"image_1600771970\">\n\t\t\t\t\t\t\t\t<div class=\"img-inner image-cover dark\" style=\"padding-top:75%;\">\n\t\t\t\t\t\t\t\t\t\n\t\t\t\t\t<\/div>\n\t\t\t\t\t\t\t\t\n<style>\n#image_1600771970 {\n  width: 0%;\n}\n<\/style>\n\t<\/div>\n\t\r\n\r\n\t\t<\/div>\n\t\t\t\t\n<style>\n#col-1519247634 > .col-inner {\n  margin: 0px 0px -96px 0px;\n}\n<\/style>\n\t<\/div>\n\n\t\r\n\r\n<\/div>\r\n\r\n\t\t<\/div>\n\n\t\t\n<style>\n#section_464194076 {\n  padding-top: 8px;\n  padding-bottom: 8px;\n}\n<\/style>\n\t<\/section>\n\t\r\n<ul>\r\n \t<li><strong>Komparo inter GDZ-18B, GDZ-18 kaj GDZ-18-2:<\/strong><\/li>\r\n \t<li>La grandeco de GDZ-18 estas iomete pli longa ol tiu de GDZ-18B. La grandeco de GDZ-18-2 estas la sama kiel tiu de GDZ-18B, sed la spindellongo estas iomete pli mallonga, kio povas esti pli ta\u016dga por aplikoj kun limigita ma\u015dinspaco. La potenco de GDZ-18-2 estas pli malalta ol tiu de la aliaj du modeloj (0.8KW), kiu ta\u016dgas por precizecaj ma\u015dinaj taskoj kun malpezaj \u015dar\u011doj. La porta modelo kaj nombro anka\u016d estas malsamaj.<\/li>\r\n \t<li>GDZ-18 kaj GDZ-18B uzas pilojn ER16, kiuj ta\u016dgas por iloj kun pli grandaj diametroj. GDZ-18-2 uzas ER11-kukojn, kiuj ta\u016dgas por iloj kun pli malgrandaj diametroj, kiuj povas influi \u011dian aplikeblan ma\u015dinan gamon.<\/li>\r\n \t<li>Depende de la specifaj bezonoj de la ma\u015dinilo kaj la karakteriza\u0135oj de la ma\u015dina tasko, elektraj spindeloj kun malsamaj potenco kaj chuck-specifoj povas esti elektitaj. Ekzemple, GDZ-18 a\u016d GDZ-18B povas esti elektitaj por okazoj postulantaj pli altan potencon kaj pli grandajn chucks, dum GDZ-18-2 povas esti elektita por okazoj kun pli alta precizeco kaj pli malaltaj potencpostuloj.<\/li>\r\n<\/ul>\r\n\t<div id=\"gap-1510114153\" class=\"gap-element clearfix\" style=\"display:block; height:auto;\">\n\t\t\n<style>\n#gap-1510114153 {\n  padding-top: 30px;\n}\n<\/style>\n\t<\/div>\n\t\r\n\r\n<div class=\"row\"  id=\"row-1773324628\">\r\n\r\n\n\t<div id=\"col-40547764\" class=\"col medium-6 small-12 large-6\"  >\n\t\t\t\t<div class=\"col-inner text-center\"  >\n\t\t\t\n\t\t\t\r\n\r\n\t<div class=\"img has-hover x md-x lg-x y md-y lg-y\" id=\"image_73681601\">\n\t\t\t\t\t\t\t\t<div class=\"img-inner image-cover box-shadow-1 dark\" style=\"padding-top:75%;\">\n\t\t\t<img loading=\"lazy\" decoding=\"async\" width=\"800\" height=\"800\" src=\"https:\/\/spindlemotorshop.com\/wp-content\/uploads\/2024\/08\/1686380539166229.jpg\" class=\"attachment-original size-original\" alt=\"dorso de 0.8kw ER11 GDZ-18-2 akvomalvarmigita spindesegna\u0135o\" srcset=\"https:\/\/spindlemotorshop.com\/wp-content\/uploads\/2024\/08\/1686380539166229.jpg 800w, https:\/\/spindlemotorshop.com\/wp-content\/uploads\/2024\/08\/1686380539166229-300x300.jpg 300w, https:\/\/spindlemotorshop.com\/wp-content\/uploads\/2024\/08\/1686380539166229-150x150.jpg 150w, https:\/\/spindlemotorshop.com\/wp-content\/uploads\/2024\/08\/1686380539166229-768x768.jpg 768w, https:\/\/spindlemotorshop.com\/wp-content\/uploads\/2024\/08\/1686380539166229-12x12.jpg 12w, https:\/\/spindlemotorshop.com\/wp-content\/uploads\/2024\/08\/1686380539166229-600x600.jpg 600w, https:\/\/spindlemotorshop.com\/wp-content\/uploads\/2024\/08\/1686380539166229-100x100.jpg 100w\" sizes=\"auto, (max-width: 800px) 100vw, 800px\" \/>\t\t\t\t\t\t\n\t\t\t\t\t<\/div>\n\t\t\t\t\t\t\t\t\n<style>\n#image_73681601 {\n  width: 96%;\n}\n<\/style>\n\t<\/div>\n\t\r\n\r\n\t\t<\/div>\n\t\t\t\t\t<\/div>\n\n\t\r\n\n\t<div id=\"col-273970102\" class=\"col medium-6 small-12 large-6\"  >\n\t\t\t\t<div class=\"col-inner text-center\"  >\n\t\t\t\n\t\t\t\r\n\r\n\t<div class=\"img has-hover x md-x lg-x y md-y lg-y\" id=\"image_2002354219\">\n\t\t\t\t\t\t\t\t<div class=\"img-inner image-cover box-shadow-1 dark\" style=\"padding-top:80%;\">\n\t\t\t<img loading=\"lazy\" decoding=\"async\" width=\"800\" height=\"800\" src=\"https:\/\/spindlemotorshop.com\/wp-content\/uploads\/2024\/08\/1686380539163095.jpg\" class=\"attachment-original size-original\" alt=\"0.8kw ER11 GDZ-18-2 akvomalvarmigita spindetalo detalo\" srcset=\"https:\/\/spindlemotorshop.com\/wp-content\/uploads\/2024\/08\/1686380539163095.jpg 800w, https:\/\/spindlemotorshop.com\/wp-content\/uploads\/2024\/08\/1686380539163095-300x300.jpg 300w, https:\/\/spindlemotorshop.com\/wp-content\/uploads\/2024\/08\/1686380539163095-150x150.jpg 150w, https:\/\/spindlemotorshop.com\/wp-content\/uploads\/2024\/08\/1686380539163095-768x768.jpg 768w, https:\/\/spindlemotorshop.com\/wp-content\/uploads\/2024\/08\/1686380539163095-12x12.jpg 12w, https:\/\/spindlemotorshop.com\/wp-content\/uploads\/2024\/08\/1686380539163095-600x600.jpg 600w, https:\/\/spindlemotorshop.com\/wp-content\/uploads\/2024\/08\/1686380539163095-100x100.jpg 100w\" sizes=\"auto, (max-width: 800px) 100vw, 800px\" \/>\t\t\t\t\t\t\n\t\t\t\t\t<\/div>\n\t\t\t\t\t\t\t\t\n<style>\n#image_2002354219 {\n  width: 90%;\n}\n<\/style>\n\t<\/div>\n\t\r\n\r\n\t\t<\/div>\n\t\t\t\t\t<\/div>\n\n\t\r\n\r\n<\/div>\r\n\t<section class=\"section\" id=\"section_103547795\">\n\t\t<div class=\"bg section-bg fill bg-fill  bg-loaded\" >\n\n\t\t\t\n\t\t\t\n\t\t\t\n\n\t\t<\/div>\n\n\t\t\n\n\t\t<div class=\"section-content relative\">\n\t\t\t\r\n<h4>Se vi bezonas iun CNC-spindelon, bonvenon sendi enketon<\/h4>\r\n\t\t<\/div>\n\n\t\t\n<style>\n#section_103547795 {\n  padding-top: 30px;\n  padding-bottom: 30px;\n}\n<\/style>\n\t<\/section>\n\t\r\n\t<section class=\"section\" id=\"section_1637806204\">\n\t\t<div class=\"bg section-bg fill bg-fill  bg-loaded\" >\n\n\t\t\t\n\t\t\t\n\t\t\t\n\n\t\t<\/div>\n\n\t\t\n\n\t\t<div class=\"section-content relative\">\n\t\t\t\r\n\r\n<div class=\"row row-full-width align-center\"  id=\"row-1039603591\">\r\n\r\n\n\t<div id=\"col-1717366957\" class=\"col small-12 large-12\"  >\n\t\t\t\t<div class=\"col-inner text-center\"  >\n\t\t\t\n\t\t\t\r\n\r\n\t<div id=\"text-3316148960\" class=\"text\">\n\t\t\r\n\r\n\t\t\n<style>\n#text-3316148960 {\n  text-align: left;\n}\n<\/style>\n\t<\/div>\n\t\r\n\t<div id=\"text-3655459576\" class=\"text\">\n\t\t\r\n<h2>KONTAKTU NIN<\/h2>\r\n\t\t\n<style>\n#text-3655459576 {\n  color: rgb(255,255,255);\n}\n#text-3655459576 > * {\n  color: rgb(255,255,255);\n}\n<\/style>\n\t<\/div>\n\t\r\n\n<div class=\"wpcf7 no-js\" id=\"wpcf7-f280-o1\" lang=\"en-US\" dir=\"ltr\" data-wpcf7-id=\"280\">\n<div class=\"screen-reader-response\"><p role=\"status\" aria-live=\"polite\" aria-atomic=\"true\"><\/p> <ul><\/ul><\/div>\n<form action=\"\/eo\/wp-json\/wp\/v2\/pages\/3471#wpcf7-f280-o1\" method=\"post\" class=\"wpcf7-form init\" aria-label=\"Kontakta formularo\" novalidate=\"novalidate\" data-status=\"init\" data-trp-original-action=\"\/eo\/wp-json\/wp\/v2\/pages\/3471#wpcf7-f280-o1\">\n<div style=\"display: none;\">\n<input type=\"hidden\" name=\"_wpcf7\" value=\"280\" \/>\n<input type=\"hidden\" name=\"_wpcf7_version\" value=\"6.0.6\" \/>\n<input type=\"hidden\" name=\"_wpcf7_locale\" value=\"en_US\" \/>\n<input type=\"hidden\" name=\"_wpcf7_unit_tag\" value=\"wpcf7-f280-o1\" \/>\n<input type=\"hidden\" name=\"_wpcf7_container_post\" value=\"0\" \/>\n<input type=\"hidden\" name=\"_wpcf7_posted_data_hash\" value=\"\" \/>\n<\/div>\n<div class='custom_contact_style'>\n\t<div class=\"row row-small\">\n\t\t<div class=\"col medium-6 small-12 large-6\">\n\t\t\t<div class=\"col-inner\">\n\t\t\t\t<p><span class=\"wpcf7-form-control-wrap\" data-name=\"your-name\"><input size=\"40\" maxlength=\"400\" class=\"wpcf7-form-control wpcf7-text wpcf7-validates-as-required\" aria-required=\"true\" aria-invalid=\"false\" placeholder=\"Nomo*\" value=\"\" type=\"text\" name=\"your-name\" \/><\/span>\n\t\t\t\t<\/p>\n\t\t\t<\/div>\n\t\t<\/div>\n\t\t<div class=\"col medium-6 small-12 large-6\">\n\t\t\t<div class=\"col-inner\">\n\t\t\t\t<p><span class=\"wpcf7-form-control-wrap\" data-name=\"your-email\"><input size=\"40\" maxlength=\"400\" class=\"wpcf7-form-control wpcf7-email wpcf7-validates-as-required wpcf7-text wpcf7-validates-as-email\" aria-required=\"true\" aria-invalid=\"false\" placeholder=\"Retpo\u015dto*\" value=\"\" type=\"email\" name=\"your-email\" \/><\/span>\n\t\t\t\t<\/p>\n\t\t\t<\/div>\n\t\t<\/div>\n\t<\/div>\n\t<div class='cus_contact_form_bottom'>\n\t\t<p><span class=\"wpcf7-form-control-wrap\" data-name=\"your-phone\"><input size=\"40\" maxlength=\"400\" class=\"wpcf7-form-control wpcf7-text\" aria-invalid=\"false\" placeholder=\"Telefono\" value=\"\" type=\"text\" name=\"your-phone\" \/><\/span>\n\t\t<\/p>\n\t<\/div>\n\t<div class='cus_contact_form_bottom'>\n\t\t<p><span class=\"wpcf7-form-control-wrap\" data-name=\"your-country\"><input size=\"40\" maxlength=\"400\" class=\"wpcf7-form-control wpcf7-text\" aria-invalid=\"false\" placeholder=\"Lando\" value=\"\" type=\"text\" name=\"your-country\" \/><\/span>\n\t\t<\/p>\n\t<\/div>\n\t<p><span class=\"wpcf7-form-control-wrap\" data-name=\"your-message\"><textarea cols=\"40\" rows=\"10\" maxlength=\"2000\" class=\"wpcf7-form-control wpcf7-textarea wpcf7-validates-as-required\" aria-required=\"true\" aria-invalid=\"false\" placeholder=\"Via Mesa\u011do *\" name=\"your-message\"><\/textarea><\/span>\n\t<\/p>\n\t<div style=\"margin-bottom:10px;\">\n\t<\/div>\n\t<p><div id=\"cf7sr-69ff30dfc8dad\" class=\"cf7sr-g-turnstile\" data-redirect=\"\" data-theme=\"auto\" data-language=\"en\" data-size=\"normal\" \n    data-sitekey=\"0x4AAAAAAA3FLd3Fs0zNyv_e\"><\/div><span class=\"wpcf7-form-control-wrap cf7sr-turnstile\" data-name=\"cf7sr-turnstile\"><input type=\"hidden\" name=\"cf7sr-turnstile\" value=\"\" class=\"wpcf7-form-control\"><\/span><br \/>\n<input class=\"wpcf7-form-control wpcf7-submit has-spinner\" type=\"submit\" value=\"Sendu Mesa\u011don\" \/>\n\t<\/p>\n<\/div><div class=\"wpcf7-response-output\" aria-hidden=\"true\"><\/div>\n<input type=\"hidden\" name=\"trp-form-language\" value=\"eo\"\/><\/form>\n<\/div>\n\r\n\r\n\t\t<\/div>\n\t\t\t\t\t<\/div>\n\n\t\r\n\r\n<\/div>\r\n\r\n\t\t<\/div>\n\n\t\t\n<style>\n#section_1637806204 {\n  padding-top: 30px;\n  padding-bottom: 30px;\n  background-color: #214184;\n}\n<\/style>\n\t<\/section>","protected":false},"excerpt":{"rendered":"<p>Niaj CNC-spindelmotoroj estas liveritaj rekte el la fabriko, ne a\u0109etitaj de la plej malaltprezaj provizantoj kun nekonataj fontoj, tiel certigante konatan kvaliton kaj fidindecon. \u0108iuj CNC Router Spindles de RicoCNC estas originalaj, kun Neniu falsa. Komparo inter GDZ-18B, GDZ-18 kaj GDZ-18-2: La grandeco de GDZ-18 estas iomete pli longa ol tiu de GDZ-18B. La grandeco\u2026<\/p>","protected":false},"author":1,"featured_media":0,"parent":0,"menu_order":0,"comment_status":"closed","ping_status":"closed","template":"","meta":{"_gspb_post_css":"","footnotes":""},"class_list":["post-3471","page","type-page","status-publish","hentry"],"_links":{"self":[{"href":"https:\/\/spindlemotorshop.com\/eo\/wp-json\/wp\/v2\/pages\/3471","targetHints":{"allow":["GET"]}}],"collection":[{"href":"https:\/\/spindlemotorshop.com\/eo\/wp-json\/wp\/v2\/pages"}],"about":[{"href":"https:\/\/spindlemotorshop.com\/eo\/wp-json\/wp\/v2\/types\/page"}],"author":[{"embeddable":true,"href":"https:\/\/spindlemotorshop.com\/eo\/wp-json\/wp\/v2\/users\/1"}],"replies":[{"embeddable":true,"href":"https:\/\/spindlemotorshop.com\/eo\/wp-json\/wp\/v2\/comments?post=3471"}],"version-history":[{"count":0,"href":"https:\/\/spindlemotorshop.com\/eo\/wp-json\/wp\/v2\/pages\/3471\/revisions"}],"wp:attachment":[{"href":"https:\/\/spindlemotorshop.com\/eo\/wp-json\/wp\/v2\/media?parent=3471"}],"curies":[{"name":"wp","href":"https:\/\/api.w.org\/{rel}","templated":true}]}}