{"id":3421,"date":"2024-08-08T00:45:14","date_gmt":"2024-08-08T00:45:14","guid":{"rendered":"https:\/\/spindlemotorshop.com\/?page_id=3421"},"modified":"2024-10-08T02:16:24","modified_gmt":"2024-10-08T02:16:24","slug":"gdz-12-300w-er8-water-cooled-spindle","status":"publish","type":"page","link":"https:\/\/spindlemotorshop.com\/es\/gdz-12-300w-er8-water-cooled-spindle\/","title":{"rendered":"Husillo refrigerado por agua ER8 de 300 W GDZ-12"},"content":{"rendered":"<div class=\"row\"  id=\"row-358006947\">\n\n\t<div id=\"col-1757683186\" class=\"col medium-6 small-12 large-6\"  >\n\t\t\t\t<div class=\"col-inner\"  >\n\t\t\t\n\t\t\t\n\t<div class=\"img has-hover x md-x lg-x y md-y lg-y\" id=\"image_1960906062\">\n\t\t\t\t\t\t\t\t<div class=\"img-inner image-cover box-shadow-1 dark\" style=\"padding-top:75%;\">\n\t\t\t<img loading=\"lazy\" decoding=\"async\" width=\"800\" height=\"640\" src=\"https:\/\/spindlemotorshop.com\/wp-content\/uploads\/2024\/08\/12682839772_1260352854.jpg\" class=\"attachment-original size-original\" alt=\"Husillo refrigerado por agua ER8 GDZ-12 de 300 W\" srcset=\"https:\/\/spindlemotorshop.com\/wp-content\/uploads\/2024\/08\/12682839772_1260352854.jpg 800w, https:\/\/spindlemotorshop.com\/wp-content\/uploads\/2024\/08\/12682839772_1260352854-300x240.jpg 300w, https:\/\/spindlemotorshop.com\/wp-content\/uploads\/2024\/08\/12682839772_1260352854-768x614.jpg 768w, https:\/\/spindlemotorshop.com\/wp-content\/uploads\/2024\/08\/12682839772_1260352854-15x12.jpg 15w, https:\/\/spindlemotorshop.com\/wp-content\/uploads\/2024\/08\/12682839772_1260352854-600x480.jpg 600w\" sizes=\"auto, (max-width: 800px) 100vw, 800px\" \/>\t\t\t\t\t\t\n\t\t\t\t\t<\/div>\n\t\t\t\t\t\t\t\t\n<style>\n#image_1960906062 {\n  width: 100%;\n}\n<\/style>\n\t<\/div>\n\t\n\t\t<\/div>\n\t\t\t\t\t<\/div>\n\n\t\n\n\t<div id=\"col-314217762\" class=\"col medium-6 small-12 large-6\"  >\n\t\t\t\t<div class=\"col-inner text-left\"  >\n\t\t\t\n\t\t\t\n\t<div id=\"text-117508655\" class=\"text\">\n\t\t\n<h3 class=\"inner-3__prodetailname\">Husillo refrigerado por agua ER8 de 300 W GDZ-12<\/h3>\n\t\t\n<style>\n#text-117508655 {\n  font-size: 0.95rem;\n}\n<\/style>\n\t<\/div>\n\t\n\t<div id=\"text-2064733532\" class=\"text\">\n\t\t\n<ul>\n<li style=\"text-align: left;\">GDZ-12<\/li>\n<li style=\"text-align: left;\">Motor de husillo CNC ER8<\/li>\n<li>Husillo CNC de 60000 rpm<\/li>\n<li>Motor de husillo de 0,3 kW<\/li>\n<li>Motores de husillo refrigerados por agua<\/li>\n<li>Motor de husillo de \u03a648 mm<\/li>\n<li>Motor de husillo de grabado CNC<\/li>\n<\/ul>\n\t\t\n<style>\n#text-2064733532 {\n  text-align: left;\n}\n<\/style>\n\t<\/div>\n\t\n<a href=\"\/es\/contact\/\" target=\"_blank\" class=\"button primary\" rel=\"noopener\"  style=\"border-radius:99px;\">\n    <span>Cont\u00e1ctenos<\/span>\n  <\/a>\n\n\t\t<\/div>\n\t\t\t\t\n<style>\n#col-314217762 > .col-inner {\n  padding: 0px 0px 5px 0px;\n}\n<\/style>\n\t<\/div>\n\n\t\n<\/div>\n<div class=\"text-center\"><div class=\"is-divider divider clearfix\" style=\"margin-top:0.9em;margin-bottom:0.9em;max-width:502px;\"><\/div><\/div>\n<blockquote>\n<ul>\n<li>Nuestros motores de husillo CNC se suministran directamente de f\u00e1brica, no se compran a proveedores con los precios m\u00e1s bajos de fuentes desconocidas, lo que garantiza una calidad y una fiabilidad reconocidas. Todos los husillos para fresadoras CNC de RicoCNC son originales, sin falsificaciones.<\/li>\n<\/ul>\n<\/blockquote>\n\t<section class=\"section\" id=\"section_1918084312\">\n\t\t<div class=\"bg section-bg fill bg-fill  bg-loaded\" >\n\n\t\t\t\n\t\t\t\n\t\t\t\n\n\t\t<\/div>\n\n\t\t\n\n\t\t<div class=\"section-content relative\">\n\t\t\t\n<div class=\"row\"  id=\"row-918015980\">\n\n\t<div id=\"col-459785436\" class=\"col medium-6 small-12 large-6\"  >\n\t\t\t\t<div class=\"col-inner\"  >\n\t\t\t\n\t\t\t\n<h2>Caracter\u00edsticas t\u00e9cnicas<\/h2>\n<div class=\"is-divider divider clearfix\" style=\"max-width:91px;background-color:rgb(82, 117, 141);\"><\/div>\n\n<table border=\"1\">\n<tbody>\n<tr>\n<th class=\"center-first-column\">Tipo<\/th>\n<td>GDZ-12<\/td>\n<\/tr>\n<tr>\n<th class=\"center-first-column\">Dimensiones<\/th>\n<td>Di\u00e1metro 48 x 130 mm<\/td>\n<\/tr>\n<tr>\n<th class=\"center-first-column\">Velocidad<\/th>\n<td>10000-60000 RPM<\/td>\n<\/tr>\n<tr>\n<th class=\"center-first-column\">Fuerza<\/th>\n<td>0,3 kW<\/td>\n<\/tr>\n<tr>\n<th class=\"center-first-column\">Voltaje<\/th>\n<td>75 V<\/td>\n<\/tr>\n<tr>\n<th class=\"center-first-column\">Actual<\/th>\n<td>2-5A<\/td>\n<\/tr>\n<tr>\n<th class=\"center-first-column\">Frecuencia<\/th>\n<td>160-1000 Hz<\/td>\n<\/tr>\n<tr>\n<th class=\"center-first-column\">Cojinete<\/th>\n<td>C136101JN, C136018JN<\/td>\n<\/tr>\n<tr>\n<th class=\"center-first-column\">Coronilla<\/th>\n<td>ER8<\/td>\n<\/tr>\n<tr>\n<th class=\"center-first-column\">N\u00famero de fases<\/th>\n<td>3<\/td>\n<\/tr>\n<\/tbody>\n<\/table>\n\n\t\t<\/div>\n\t\t\t\t\t<\/div>\n\n\t\n\n\t<div id=\"col-1719244381\" class=\"col medium-6 small-12 large-6\"  >\n\t\t\t\t<div class=\"col-inner\"  >\n\t\t\t\n\t\t\t\n<h2>Dise\u00f1o de husillo<\/h2>\n<div class=\"is-divider divider clearfix\" style=\"max-width:91px;background-color:rgb(82, 117, 141);\"><\/div>\n\t<div class=\"img has-hover x md-x lg-x y md-y lg-y\" id=\"image_1613280839\">\n\t\t\t\t\t\t\t\t<div class=\"img-inner dark\" >\n\t\t\t<img loading=\"lazy\" decoding=\"async\" width=\"533\" height=\"269\" src=\"https:\/\/spindlemotorshop.com\/wp-content\/uploads\/2024\/08\/12760214633_1260352854.jpg\" class=\"attachment-original size-original\" alt=\"Dibujo de husillo refrigerado por agua ER8 GDZ-12 de 300 W\" srcset=\"https:\/\/spindlemotorshop.com\/wp-content\/uploads\/2024\/08\/12760214633_1260352854.jpg 533w, https:\/\/spindlemotorshop.com\/wp-content\/uploads\/2024\/08\/12760214633_1260352854-300x151.jpg 300w, https:\/\/spindlemotorshop.com\/wp-content\/uploads\/2024\/08\/12760214633_1260352854-18x9.jpg 18w\" sizes=\"auto, (max-width: 533px) 100vw, 533px\" \/>\t\t\t\t\t\t\n\t\t\t\t\t<\/div>\n\t\t\t\t\t\t\t\t\n<style>\n#image_1613280839 {\n  width: 100%;\n}\n<\/style>\n\t<\/div>\n\t\n\t<div class=\"img has-hover x md-x lg-x y md-y lg-y\" id=\"image_1361691914\">\n\t\t\t\t\t\t\t\t<div class=\"img-inner dark\" >\n\t\t\t\t\t\t\t\t\t\n\t\t\t\t\t<\/div>\n\t\t\t\t\t\t\t\t\n<style>\n#image_1361691914 {\n  width: 93%;\n}\n<\/style>\n\t<\/div>\n\t\n\t<div class=\"img has-hover x md-x lg-x y md-y lg-y\" id=\"image_1050833013\">\n\t\t\t\t\t\t\t\t<div class=\"img-inner image-cover dark\" style=\"padding-top:75%;\">\n\t\t\t\t\t\t\t\t\t\n\t\t\t\t\t<\/div>\n\t\t\t\t\t\t\t\t\n<style>\n#image_1050833013 {\n  width: 0%;\n}\n<\/style>\n\t<\/div>\n\t\n\t\t<\/div>\n\t\t\t\t\n<style>\n#col-1719244381 > .col-inner {\n  margin: 0px 0px -96px 0px;\n}\n<\/style>\n\t<\/div>\n\n\t\n<\/div>\n\t\t<\/div>\n\n\t\t\n<style>\n#section_1918084312 {\n  padding-top: 8px;\n  padding-bottom: 8px;\n}\n<\/style>\n\t<\/section>\n\t\n<ul>\n<li><strong>GDZ-12<\/strong> El husillo el\u00e9ctrico es adecuado para tareas de procesamiento peque\u00f1as y precisas. Tiene una amplia gama de velocidades de rotaci\u00f3n de 10 000 a 60 000 RPM. Es especialmente adecuado para el procesamiento de precisi\u00f3n local de alta velocidad en las industrias de fabricaci\u00f3n de joyas, piezas peque\u00f1as y dispositivos m\u00e9dicos.<\/li>\n<\/ul>\n\t<div id=\"gap-1952411638\" class=\"gap-element clearfix\" style=\"display:block; height:auto;\">\n\t\t\n<style>\n#gap-1952411638 {\n  padding-top: 30px;\n}\n<\/style>\n\t<\/div>\n\t\n<div class=\"row\"  id=\"row-340635512\">\n\n\t<div id=\"col-1705820933\" class=\"col medium-6 small-12 large-6\"  >\n\t\t\t\t<div class=\"col-inner\"  >\n\t\t\t\n\t\t\t\n\t<div class=\"img has-hover x md-x lg-x y md-y lg-y\" id=\"image_585798546\">\n\t\t\t\t\t\t\t\t<div class=\"img-inner image-cover dark\" style=\"padding-top:75%;\">\n\t\t\t<img loading=\"lazy\" decoding=\"async\" width=\"800\" height=\"800\" src=\"https:\/\/spindlemotorshop.com\/wp-content\/uploads\/2024\/08\/TB2DIu8sXXXXXagXpXXXXXXXXXX_130318475.avif\" class=\"attachment-original size-original\" alt=\"Dibujo de la parte posterior del husillo refrigerado por agua ER8 GDZ-12 de 300 W\" srcset=\"https:\/\/spindlemotorshop.com\/wp-content\/uploads\/2024\/08\/TB2DIu8sXXXXXagXpXXXXXXXXXX_130318475.avif 800w, https:\/\/spindlemotorshop.com\/wp-content\/uploads\/2024\/08\/TB2DIu8sXXXXXagXpXXXXXXXXXX_130318475-300x300.avif 300w, https:\/\/spindlemotorshop.com\/wp-content\/uploads\/2024\/08\/TB2DIu8sXXXXXagXpXXXXXXXXXX_130318475-150x150.avif 150w, https:\/\/spindlemotorshop.com\/wp-content\/uploads\/2024\/08\/TB2DIu8sXXXXXagXpXXXXXXXXXX_130318475-768x768.avif 768w, https:\/\/spindlemotorshop.com\/wp-content\/uploads\/2024\/08\/TB2DIu8sXXXXXagXpXXXXXXXXXX_130318475-12x12.avif 12w, https:\/\/spindlemotorshop.com\/wp-content\/uploads\/2024\/08\/TB2DIu8sXXXXXagXpXXXXXXXXXX_130318475-600x600.avif 600w, https:\/\/spindlemotorshop.com\/wp-content\/uploads\/2024\/08\/TB2DIu8sXXXXXagXpXXXXXXXXXX_130318475-100x100.avif 100w\" sizes=\"auto, (max-width: 800px) 100vw, 800px\" \/>\t\t\t\t\t\t\n\t\t\t\t\t<\/div>\n\t\t\t\t\t\t\t\t\n<style>\n#image_585798546 {\n  width: 100%;\n}\n<\/style>\n\t<\/div>\n\t\n\t\t<\/div>\n\t\t\t\t\t<\/div>\n\n\t\n\n\t<div id=\"col-65990449\" class=\"col medium-6 small-12 large-6\"  >\n\t\t\t\t<div class=\"col-inner\"  >\n\t\t\t\n\t\t\t\n\t<div class=\"img has-hover x md-x lg-x y md-y lg-y\" id=\"image_620650503\">\n\t\t\t\t\t\t\t\t<div class=\"img-inner image-cover dark\" style=\"padding-top:75%;\">\n\t\t\t<img loading=\"lazy\" decoding=\"async\" width=\"664\" height=\"615\" src=\"https:\/\/spindlemotorshop.com\/wp-content\/uploads\/2024\/08\/IMG_0278.jpg\" class=\"attachment-original size-original\" alt=\"Aplicaci\u00f3n de husillo refrigerado por agua ER8 GDZ-12 de 300 W\" srcset=\"https:\/\/spindlemotorshop.com\/wp-content\/uploads\/2024\/08\/IMG_0278.jpg 664w, https:\/\/spindlemotorshop.com\/wp-content\/uploads\/2024\/08\/IMG_0278-300x278.jpg 300w, https:\/\/spindlemotorshop.com\/wp-content\/uploads\/2024\/08\/IMG_0278-13x12.jpg 13w, https:\/\/spindlemotorshop.com\/wp-content\/uploads\/2024\/08\/IMG_0278-600x556.jpg 600w\" sizes=\"auto, (max-width: 664px) 100vw, 664px\" \/>\t\t\t\t\t\t\n\t\t\t\t\t<\/div>\n\t\t\t\t\t\t\t\t\n<style>\n#image_620650503 {\n  width: 98%;\n}\n<\/style>\n\t<\/div>\n\t\n\t\t<\/div>\n\t\t\t\t\t<\/div>\n\n\t\n<\/div>\n\t<section class=\"section\" id=\"section_725487109\">\n\t\t<div class=\"bg section-bg fill bg-fill  bg-loaded\" >\n\n\t\t\t\n\t\t\t\n\t\t\t\n\n\t\t<\/div>\n\n\t\t\n\n\t\t<div class=\"section-content relative\">\n\t\t\t\n<h4>Si necesita alg\u00fan husillo CNC, le invitamos a enviar una consulta.<\/h4>\n\t\t<\/div>\n\n\t\t\n<style>\n#section_725487109 {\n  padding-top: 30px;\n  padding-bottom: 30px;\n}\n<\/style>\n\t<\/section>\n\t\n\t<section class=\"section\" id=\"section_175699339\">\n\t\t<div class=\"bg section-bg fill bg-fill  bg-loaded\" >\n\n\t\t\t\n\t\t\t\n\t\t\t\n\n\t\t<\/div>\n\n\t\t\n\n\t\t<div class=\"section-content relative\">\n\t\t\t\n<div class=\"row row-full-width align-center\"  id=\"row-2034397693\">\n\n\t<div id=\"col-1475621005\" class=\"col small-12 large-12\"  >\n\t\t\t\t<div class=\"col-inner text-center\"  >\n\t\t\t\n\t\t\t\n\t<div id=\"text-1856909213\" class=\"text\">\n\t\t\n\t\t\n<style>\n#text-1856909213 {\n  text-align: left;\n}\n<\/style>\n\t<\/div>\n\t\n\t<div id=\"text-4198769371\" class=\"text\">\n\t\t\n<h2>CONT\u00c1CTENOS<\/h2>\n\t\t\n<style>\n#text-4198769371 {\n  color: rgb(255,255,255);\n}\n#text-4198769371 > * {\n  color: rgb(255,255,255);\n}\n<\/style>\n\t<\/div>\n\t\n\n<div class=\"wpcf7 no-js\" id=\"wpcf7-f280-o1\" lang=\"en-US\" dir=\"ltr\" data-wpcf7-id=\"280\">\n<div class=\"screen-reader-response\"><p role=\"status\" aria-live=\"polite\" aria-atomic=\"true\"><\/p> <ul><\/ul><\/div>\n<form action=\"\/es\/wp-json\/wp\/v2\/pages\/3421#wpcf7-f280-o1\" method=\"post\" class=\"wpcf7-form init\" aria-label=\"Formulario de contacto\" novalidate=\"novalidate\" data-status=\"init\" data-trp-original-action=\"\/es\/wp-json\/wp\/v2\/pages\/3421#wpcf7-f280-o1\">\n<div style=\"display: none;\">\n<input type=\"hidden\" name=\"_wpcf7\" value=\"280\" \/>\n<input type=\"hidden\" name=\"_wpcf7_version\" value=\"6.0.6\" \/>\n<input type=\"hidden\" name=\"_wpcf7_locale\" value=\"en_US\" \/>\n<input type=\"hidden\" name=\"_wpcf7_unit_tag\" value=\"wpcf7-f280-o1\" \/>\n<input type=\"hidden\" name=\"_wpcf7_container_post\" value=\"0\" \/>\n<input type=\"hidden\" name=\"_wpcf7_posted_data_hash\" value=\"\" \/>\n<\/div>\n<div class='custom_contact_style'>\n\t<div class=\"row row-small\">\n\t\t<div class=\"col medium-6 small-12 large-6\">\n\t\t\t<div class=\"col-inner\">\n\t\t\t\t<p><span class=\"wpcf7-form-control-wrap\" data-name=\"your-name\"><input size=\"40\" maxlength=\"400\" class=\"wpcf7-form-control wpcf7-text wpcf7-validates-as-required\" aria-required=\"true\" aria-invalid=\"false\" placeholder=\"Nombre*\" value=\"\" type=\"text\" name=\"your-name\" \/><\/span>\n\t\t\t\t<\/p>\n\t\t\t<\/div>\n\t\t<\/div>\n\t\t<div class=\"col medium-6 small-12 large-6\">\n\t\t\t<div class=\"col-inner\">\n\t\t\t\t<p><span class=\"wpcf7-form-control-wrap\" data-name=\"your-email\"><input size=\"40\" maxlength=\"400\" class=\"wpcf7-form-control wpcf7-email wpcf7-validates-as-required wpcf7-text wpcf7-validates-as-email\" aria-required=\"true\" aria-invalid=\"false\" placeholder=\"Correo electr\u00f3nico*\" value=\"\" type=\"email\" name=\"your-email\" \/><\/span>\n\t\t\t\t<\/p>\n\t\t\t<\/div>\n\t\t<\/div>\n\t<\/div>\n\t<div class='cus_contact_form_bottom'>\n\t\t<p><span class=\"wpcf7-form-control-wrap\" data-name=\"your-phone\"><input size=\"40\" maxlength=\"400\" class=\"wpcf7-form-control wpcf7-text\" aria-invalid=\"false\" placeholder=\"Tel\u00e9fono\" value=\"\" type=\"text\" name=\"your-phone\" \/><\/span>\n\t\t<\/p>\n\t<\/div>\n\t<div class='cus_contact_form_bottom'>\n\t\t<p><span class=\"wpcf7-form-control-wrap\" data-name=\"your-country\"><input size=\"40\" maxlength=\"400\" class=\"wpcf7-form-control wpcf7-text\" aria-invalid=\"false\" placeholder=\"Pa\u00eds\" value=\"\" type=\"text\" name=\"your-country\" \/><\/span>\n\t\t<\/p>\n\t<\/div>\n\t<p><span class=\"wpcf7-form-control-wrap\" data-name=\"your-message\"><textarea cols=\"40\" rows=\"10\" maxlength=\"2000\" class=\"wpcf7-form-control wpcf7-textarea wpcf7-validates-as-required\" aria-required=\"true\" aria-invalid=\"false\" placeholder=\"Tu mensaje *\" name=\"your-message\"><\/textarea><\/span>\n\t<\/p>\n\t<div style=\"margin-bottom:10px;\">\n\t<\/div>\n\t<p><div id=\"cf7sr-69ff310563eac\" class=\"cf7sr-g-turnstile\" data-redirect=\"\" data-theme=\"auto\" data-language=\"en\" data-size=\"normal\" \n    data-sitekey=\"0x4AAAAAAA3FLd3Fs0zNyv_e\"><\/div><span class=\"wpcf7-form-control-wrap cf7sr-turnstile\" data-name=\"cf7sr-turnstile\"><input type=\"hidden\" name=\"cf7sr-turnstile\" value=\"\" class=\"wpcf7-form-control\"><\/span><br \/>\n<input class=\"wpcf7-form-control wpcf7-submit has-spinner\" type=\"submit\" value=\"Enviar mensaje\" \/>\n\t<\/p>\n<\/div><div class=\"wpcf7-response-output\" aria-hidden=\"true\"><\/div>\n<input type=\"hidden\" name=\"trp-form-language\" value=\"es\"\/><\/form>\n<\/div>\n\n\t\t<\/div>\n\t\t\t\t\t<\/div>\n\n\t\n<\/div>\n\t\t<\/div>\n\n\t\t\n<style>\n#section_175699339 {\n  padding-top: 30px;\n  padding-bottom: 30px;\n  background-color: #214184;\n}\n<\/style>\n\t<\/section>","protected":false},"excerpt":{"rendered":"<p>Nuestros motores de husillo CNC se suministran directamente de f\u00e1brica, no se compran a proveedores con los precios m\u00e1s bajos de fuentes desconocidas, lo que garantiza una calidad y una fiabilidad reconocidas. Todos los husillos para fresadoras CNC de RicoCNC son originales, sin falsificaciones. El husillo el\u00e9ctrico GDZ-12 es adecuado para tareas de procesamiento peque\u00f1as y precisas. Tiene una amplia gama de velocidades de rotaci\u00f3n\u2026<\/p>","protected":false},"author":1,"featured_media":0,"parent":0,"menu_order":0,"comment_status":"closed","ping_status":"closed","template":"","meta":{"_gspb_post_css":"","footnotes":""},"class_list":["post-3421","page","type-page","status-publish","hentry"],"_links":{"self":[{"href":"https:\/\/spindlemotorshop.com\/es\/wp-json\/wp\/v2\/pages\/3421","targetHints":{"allow":["GET"]}}],"collection":[{"href":"https:\/\/spindlemotorshop.com\/es\/wp-json\/wp\/v2\/pages"}],"about":[{"href":"https:\/\/spindlemotorshop.com\/es\/wp-json\/wp\/v2\/types\/page"}],"author":[{"embeddable":true,"href":"https:\/\/spindlemotorshop.com\/es\/wp-json\/wp\/v2\/users\/1"}],"replies":[{"embeddable":true,"href":"https:\/\/spindlemotorshop.com\/es\/wp-json\/wp\/v2\/comments?post=3421"}],"version-history":[{"count":0,"href":"https:\/\/spindlemotorshop.com\/es\/wp-json\/wp\/v2\/pages\/3421\/revisions"}],"wp:attachment":[{"href":"https:\/\/spindlemotorshop.com\/es\/wp-json\/wp\/v2\/media?parent=3421"}],"curies":[{"name":"wp","href":"https:\/\/api.w.org\/{rel}","templated":true}]}}