{"id":3615,"date":"2024-08-09T08:55:18","date_gmt":"2024-08-09T08:55:18","guid":{"rendered":"https:\/\/spindlemotorshop.com\/?page_id=3615"},"modified":"2024-10-08T15:04:02","modified_gmt":"2024-10-08T15:04:02","slug":"mj35b-370-370w-12000rpm-edge-bander-spindle","status":"publish","type":"page","link":"https:\/\/spindlemotorshop.com\/es\/mj35b-370-370w-12000rpm-edge-bander-spindle\/","title":{"rendered":"Motor de husillo de corte de extremos MJ35B-370 de 0,37 kW y 12 000 rpm para m\u00e1quina encoladora de cantos"},"content":{"rendered":"<div class=\"row\"  id=\"row-1471650184\">\n\n\t<div id=\"col-319284926\" class=\"col medium-6 small-12 large-6\"  >\n\t\t\t\t<div class=\"col-inner\"  >\n\t\t\t\n\t\t\t\n\t<div class=\"img has-hover x md-x lg-x y md-y lg-y\" id=\"image_572924328\">\n\t\t\t\t\t\t\t\t<div class=\"img-inner image-cover box-shadow-1 dark\" style=\"padding-top:75%;\">\n\t\t\t<img loading=\"lazy\" decoding=\"async\" width=\"1000\" height=\"1000\" src=\"https:\/\/spindlemotorshop.com\/wp-content\/uploads\/2024\/08\/O1CN015owkJA1rhhgqRjw3B_2620755663.png_.jpeg\" class=\"attachment-original size-original\" alt=\"Motor de corte de extremos MJ35B-370 de 0,37 kW y 12 000 rpm para m\u00e1quina de encolado de cantos\" srcset=\"https:\/\/spindlemotorshop.com\/wp-content\/uploads\/2024\/08\/O1CN015owkJA1rhhgqRjw3B_2620755663.png_.jpeg 1000w, https:\/\/spindlemotorshop.com\/wp-content\/uploads\/2024\/08\/O1CN015owkJA1rhhgqRjw3B_2620755663.png_-300x300.jpeg 300w, https:\/\/spindlemotorshop.com\/wp-content\/uploads\/2024\/08\/O1CN015owkJA1rhhgqRjw3B_2620755663.png_-150x150.jpeg 150w, https:\/\/spindlemotorshop.com\/wp-content\/uploads\/2024\/08\/O1CN015owkJA1rhhgqRjw3B_2620755663.png_-768x768.jpeg 768w, https:\/\/spindlemotorshop.com\/wp-content\/uploads\/2024\/08\/O1CN015owkJA1rhhgqRjw3B_2620755663.png_-12x12.jpeg 12w, https:\/\/spindlemotorshop.com\/wp-content\/uploads\/2024\/08\/O1CN015owkJA1rhhgqRjw3B_2620755663.png_-600x600.jpeg 600w, https:\/\/spindlemotorshop.com\/wp-content\/uploads\/2024\/08\/O1CN015owkJA1rhhgqRjw3B_2620755663.png_-100x100.jpeg 100w\" sizes=\"auto, (max-width: 1000px) 100vw, 1000px\" \/>\t\t\t\t\t\t\n\t\t\t\t\t<\/div>\n\t\t\t\t\t\t\t\t\n<style>\n#image_572924328 {\n  width: 100%;\n}\n<\/style>\n\t<\/div>\n\t\n\t\t<\/div>\n\t\t\t\t\t<\/div>\n\n\t\n\n\t<div id=\"col-236243205\" class=\"col medium-6 small-12 large-6\"  >\n\t\t\t\t<div class=\"col-inner text-left\"  >\n\t\t\t\n\t\t\t\n\t<div id=\"text-4142608873\" class=\"text\">\n\t\t\n<h3 class=\"inner-3__prodetailname\">Motor de husillo de corte de extremos MJ35B-370 de 0,37 kW y 12 000 rpm para m\u00e1quina encoladora de cantos<\/h3>\n\t\t\n<style>\n#text-4142608873 {\n  font-size: 0.95rem;\n}\n<\/style>\n\t<\/div>\n\t\n\t<div id=\"text-1578810048\" class=\"text\">\n\t\t\n<ul>\n<li style=\"text-align: left;\">MJ35B-370<\/li>\n<li style=\"text-align: left;\">Motor del husillo de corte de extremos<\/li>\n<li>Motor de husillo para encoladora de bordes de 12000 rpm<\/li>\n<li>Husillo de 0,37 kW para enchapado de cantos<\/li>\n<li>Motor de husillo para enchapadora de cantos<\/li>\n<li>motor de m\u00e1quina de enchapado de cantos<\/li>\n<\/ul>\n\t\t\n<style>\n#text-1578810048 {\n  text-align: left;\n}\n<\/style>\n\t<\/div>\n\t\n<a href=\"\/es\/contact\/\" target=\"_blank\" class=\"button primary\" rel=\"noopener\"  style=\"border-radius:99px;\">\n    <span>Cont\u00e1ctenos<\/span>\n  <\/a>\n\n\t\t<\/div>\n\t\t\t\t\n<style>\n#col-236243205 > .col-inner {\n  padding: 0px 0px 5px 0px;\n}\n<\/style>\n\t<\/div>\n\n\t\n<\/div>\n<div class=\"text-center\"><div class=\"is-divider divider clearfix\" style=\"margin-top:0.9em;margin-bottom:0.9em;max-width:502px;\"><\/div><\/div>\n<blockquote>\n<ul>\n<li>Nuestros motores de husillo CNC se suministran directamente de f\u00e1brica, no se compran a proveedores con los precios m\u00e1s bajos de fuentes desconocidas, lo que garantiza una calidad y una fiabilidad reconocidas. Todos los husillos para fresadoras CNC de RicoCNC son originales, sin falsificaciones.<\/li>\n<\/ul>\n<\/blockquote>\n\t<section class=\"section\" id=\"section_1951881456\">\n\t\t<div class=\"bg section-bg fill bg-fill  bg-loaded\" >\n\n\t\t\t\n\t\t\t\n\t\t\t\n\n\t\t<\/div>\n\n\t\t\n\n\t\t<div class=\"section-content relative\">\n\t\t\t\n<div class=\"row\"  id=\"row-1446246735\">\n\n\t<div id=\"col-1176128174\" class=\"col medium-6 small-12 large-6\"  >\n\t\t\t\t<div class=\"col-inner\"  >\n\t\t\t\n\t\t\t\n<h2>Caracter\u00edsticas t\u00e9cnicas<\/h2>\n<div class=\"is-divider divider clearfix\" style=\"max-width:91px;background-color:rgb(82, 117, 141);\"><\/div>\n\n<table border=\"1\">\n<tbody>\n<tr>\n<th>tipo<\/th>\n<td>MJ35B-370<\/td>\n<\/tr>\n<tr>\n<th>Fuerza<\/th>\n<td>0,37 kW<\/td>\n<\/tr>\n<tr>\n<th>Voltaje<\/th>\n<td>380\/220 V<\/td>\n<\/tr>\n<tr>\n<th>Actual<\/th>\n<td>1.16\/2.01A<\/td>\n<\/tr>\n<tr>\n<th>Velocidad<\/th>\n<td>12000 rpm<\/td>\n<\/tr>\n<tr>\n<th>Frecuencia<\/th>\n<td>200 Hz<\/td>\n<\/tr>\n<tr>\n<th>Ciclo de trabajo<\/th>\n<td>S1<\/td>\n<\/tr>\n<\/tbody>\n<\/table>\n\n\t\t<\/div>\n\t\t\t\t\t<\/div>\n\n\t\n\n\t<div id=\"col-1131837380\" class=\"col medium-6 small-12 large-6\"  >\n\t\t\t\t<div class=\"col-inner\"  >\n\t\t\t\n\t\t\t\n<h2>Dise\u00f1o de husillo<\/h2>\n<div class=\"is-divider divider clearfix\" style=\"max-width:91px;background-color:rgb(82, 117, 141);\"><\/div>\n\t<div class=\"img has-hover x md-x lg-x y md-y lg-y\" id=\"image_749133644\">\n\t\t\t\t\t\t\t\t<div class=\"img-inner dark\" >\n\t\t\t<img loading=\"lazy\" decoding=\"async\" width=\"750\" height=\"542\" src=\"https:\/\/spindlemotorshop.com\/wp-content\/uploads\/2024\/08\/CgAGfFufaxOAG1V5AAE9DzZsa_E168.png\" class=\"attachment-original size-original\" alt=\"Motor de corte de extremos MJ35B-370 de 0,37 kW y 12 000 rpm Dibujo del husillo de la m\u00e1quina de encolado de cantos\" srcset=\"https:\/\/spindlemotorshop.com\/wp-content\/uploads\/2024\/08\/CgAGfFufaxOAG1V5AAE9DzZsa_E168.png 750w, https:\/\/spindlemotorshop.com\/wp-content\/uploads\/2024\/08\/CgAGfFufaxOAG1V5AAE9DzZsa_E168-300x217.png 300w, https:\/\/spindlemotorshop.com\/wp-content\/uploads\/2024\/08\/CgAGfFufaxOAG1V5AAE9DzZsa_E168-18x12.png 18w, https:\/\/spindlemotorshop.com\/wp-content\/uploads\/2024\/08\/CgAGfFufaxOAG1V5AAE9DzZsa_E168-600x434.png 600w\" sizes=\"auto, (max-width: 750px) 100vw, 750px\" \/>\t\t\t\t\t\t\n\t\t\t\t\t<\/div>\n\t\t\t\t\t\t\t\t\n<style>\n#image_749133644 {\n  width: 83%;\n}\n<\/style>\n\t<\/div>\n\t\n\t<div class=\"img has-hover x md-x lg-x y md-y lg-y\" id=\"image_123724465\">\n\t\t\t\t\t\t\t\t<div class=\"img-inner dark\" >\n\t\t\t\t\t\t\t\t\t\n\t\t\t\t\t<\/div>\n\t\t\t\t\t\t\t\t\n<style>\n#image_123724465 {\n  width: 93%;\n}\n<\/style>\n\t<\/div>\n\t\n\t<div class=\"img has-hover x md-x lg-x y md-y lg-y\" id=\"image_1186849994\">\n\t\t\t\t\t\t\t\t<div class=\"img-inner image-cover dark\" style=\"padding-top:75%;\">\n\t\t\t\t\t\t\t\t\t\n\t\t\t\t\t<\/div>\n\t\t\t\t\t\t\t\t\n<style>\n#image_1186849994 {\n  width: 0%;\n}\n<\/style>\n\t<\/div>\n\t\n\t\t<\/div>\n\t\t\t\t\n<style>\n#col-1131837380 > .col-inner {\n  margin: 0px 0px -96px 0px;\n}\n<\/style>\n\t<\/div>\n\n\t\n<\/div>\n\t\t<\/div>\n\n\t\t\n<style>\n#section_1951881456 {\n  padding-top: 8px;\n  padding-bottom: 8px;\n}\n<\/style>\n\t<\/section>\n\t\n\t<div id=\"gap-55979651\" class=\"gap-element clearfix\" style=\"display:block; height:auto;\">\n\t\t\n<style>\n#gap-55979651 {\n  padding-top: 30px;\n}\n<\/style>\n\t<\/div>\n\t\n<ul>\n<li><strong>MJ35B-370<\/strong> Est\u00e1 especialmente dise\u00f1ado para el enchapado de cantos a alta velocidad, lo que garantiza una alta eficiencia y una excelente calidad del proceso de enchapado de cantos. Garantiza un enchapado de cantos limpio y sin rebabas. El dise\u00f1o de alto nivel de protecci\u00f3n prolonga la vida \u00fatil del motor y reduce los costos de mantenimiento.<\/li>\n<\/ul>\n\t<div id=\"gap-1635073840\" class=\"gap-element clearfix\" style=\"display:block; height:auto;\">\n\t\t\n<style>\n#gap-1635073840 {\n  padding-top: 30px;\n}\n<\/style>\n\t<\/div>\n\t\n<div class=\"row\"  id=\"row-405755893\">\n\n\t<div id=\"col-1392971972\" class=\"col medium-6 small-12 large-6\"  >\n\t\t\t\t<div class=\"col-inner text-center\"  >\n\t\t\t\n\t\t\t\n\t<div class=\"img has-hover x md-x lg-x y md-y lg-y\" id=\"image_1288537537\">\n\t\t\t\t\t\t\t\t<div class=\"img-inner image-cover box-shadow-1 dark\" style=\"padding-top:75%;\">\n\t\t\t<img loading=\"lazy\" decoding=\"async\" width=\"1000\" height=\"1000\" src=\"https:\/\/spindlemotorshop.com\/wp-content\/uploads\/2024\/08\/O1CN01k9JTKZ1rhhgqZgVIu_2620755663.png_.jpeg\" class=\"attachment-original size-original\" alt=\"Dibujo del husillo de la m\u00e1quina cortadora de bordes MJ35B-370 de 0,37 kW y 12 000 rpm\" srcset=\"https:\/\/spindlemotorshop.com\/wp-content\/uploads\/2024\/08\/O1CN01k9JTKZ1rhhgqZgVIu_2620755663.png_.jpeg 1000w, https:\/\/spindlemotorshop.com\/wp-content\/uploads\/2024\/08\/O1CN01k9JTKZ1rhhgqZgVIu_2620755663.png_-300x300.jpeg 300w, https:\/\/spindlemotorshop.com\/wp-content\/uploads\/2024\/08\/O1CN01k9JTKZ1rhhgqZgVIu_2620755663.png_-150x150.jpeg 150w, https:\/\/spindlemotorshop.com\/wp-content\/uploads\/2024\/08\/O1CN01k9JTKZ1rhhgqZgVIu_2620755663.png_-768x768.jpeg 768w, https:\/\/spindlemotorshop.com\/wp-content\/uploads\/2024\/08\/O1CN01k9JTKZ1rhhgqZgVIu_2620755663.png_-12x12.jpeg 12w, https:\/\/spindlemotorshop.com\/wp-content\/uploads\/2024\/08\/O1CN01k9JTKZ1rhhgqZgVIu_2620755663.png_-600x600.jpeg 600w, https:\/\/spindlemotorshop.com\/wp-content\/uploads\/2024\/08\/O1CN01k9JTKZ1rhhgqZgVIu_2620755663.png_-100x100.jpeg 100w\" sizes=\"auto, (max-width: 1000px) 100vw, 1000px\" \/>\t\t\t\t\t\t\n\t\t\t\t\t<\/div>\n\t\t\t\t\t\t\t\t\n<style>\n#image_1288537537 {\n  width: 100%;\n}\n<\/style>\n\t<\/div>\n\t\n\t\t<\/div>\n\t\t\t\t\t<\/div>\n\n\t\n\n\t<div id=\"col-939042351\" class=\"col medium-6 small-12 large-6\"  >\n\t\t\t\t<div class=\"col-inner text-center\"  >\n\t\t\t\n\t\t\t\n\t<div class=\"img has-hover x md-x lg-x y md-y lg-y\" id=\"image_153803314\">\n\t\t\t\t\t\t\t\t<div class=\"img-inner image-cover box-shadow-1 dark\" style=\"padding-top:75%;\">\n\t\t\t<img loading=\"lazy\" decoding=\"async\" width=\"1000\" height=\"1000\" src=\"https:\/\/spindlemotorshop.com\/wp-content\/uploads\/2024\/08\/O1CN01orYuRn1rhhgv1Aa2w_2620755663.png_.jpeg\" class=\"attachment-original size-original\" alt=\"Motor de corte de extremos MJ35B-370 de 0,37 kW y 12 000 rpm. Producto de dibujo del husillo de la m\u00e1quina de encolado de cantos\" srcset=\"https:\/\/spindlemotorshop.com\/wp-content\/uploads\/2024\/08\/O1CN01orYuRn1rhhgv1Aa2w_2620755663.png_.jpeg 1000w, https:\/\/spindlemotorshop.com\/wp-content\/uploads\/2024\/08\/O1CN01orYuRn1rhhgv1Aa2w_2620755663.png_-300x300.jpeg 300w, https:\/\/spindlemotorshop.com\/wp-content\/uploads\/2024\/08\/O1CN01orYuRn1rhhgv1Aa2w_2620755663.png_-150x150.jpeg 150w, https:\/\/spindlemotorshop.com\/wp-content\/uploads\/2024\/08\/O1CN01orYuRn1rhhgv1Aa2w_2620755663.png_-768x768.jpeg 768w, https:\/\/spindlemotorshop.com\/wp-content\/uploads\/2024\/08\/O1CN01orYuRn1rhhgv1Aa2w_2620755663.png_-12x12.jpeg 12w, https:\/\/spindlemotorshop.com\/wp-content\/uploads\/2024\/08\/O1CN01orYuRn1rhhgv1Aa2w_2620755663.png_-600x600.jpeg 600w, https:\/\/spindlemotorshop.com\/wp-content\/uploads\/2024\/08\/O1CN01orYuRn1rhhgv1Aa2w_2620755663.png_-100x100.jpeg 100w\" sizes=\"auto, (max-width: 1000px) 100vw, 1000px\" \/>\t\t\t\t\t\t\n\t\t\t\t\t<\/div>\n\t\t\t\t\t\t\t\t\n<style>\n#image_153803314 {\n  width: 100%;\n}\n<\/style>\n\t<\/div>\n\t\n\t\t<\/div>\n\t\t\t\t\t<\/div>\n\n\t\n<\/div>\n\t<section class=\"section\" id=\"section_105139265\">\n\t\t<div class=\"bg section-bg fill bg-fill  bg-loaded\" >\n\n\t\t\t\n\t\t\t\n\t\t\t\n\n\t\t<\/div>\n\n\t\t\n\n\t\t<div class=\"section-content relative\">\n\t\t\t\n<h4>Si necesita alg\u00fan husillo CNC, le invitamos a enviar una consulta.<\/h4>\n\t\t<\/div>\n\n\t\t\n<style>\n#section_105139265 {\n  padding-top: 30px;\n  padding-bottom: 30px;\n}\n<\/style>\n\t<\/section>\n\t\n\t<section class=\"section\" id=\"section_1495647421\">\n\t\t<div class=\"bg section-bg fill bg-fill  bg-loaded\" >\n\n\t\t\t\n\t\t\t\n\t\t\t\n\n\t\t<\/div>\n\n\t\t\n\n\t\t<div class=\"section-content relative\">\n\t\t\t\n<div class=\"row row-full-width align-center\"  id=\"row-735397230\">\n\n\t<div id=\"col-1719650154\" class=\"col small-12 large-12\"  >\n\t\t\t\t<div class=\"col-inner text-center\"  >\n\t\t\t\n\t\t\t\n\t<div id=\"text-239614072\" class=\"text\">\n\t\t\n\t\t\n<style>\n#text-239614072 {\n  text-align: left;\n}\n<\/style>\n\t<\/div>\n\t\n\t<div id=\"text-2397718077\" class=\"text\">\n\t\t\n<h2>CONT\u00c1CTENOS<\/h2>\n\t\t\n<style>\n#text-2397718077 {\n  color: rgb(255,255,255);\n}\n#text-2397718077 > * {\n  color: rgb(255,255,255);\n}\n<\/style>\n\t<\/div>\n\t\n\n<div class=\"wpcf7 no-js\" id=\"wpcf7-f280-o1\" lang=\"en-US\" dir=\"ltr\" data-wpcf7-id=\"280\">\n<div class=\"screen-reader-response\"><p role=\"status\" aria-live=\"polite\" aria-atomic=\"true\"><\/p> <ul><\/ul><\/div>\n<form action=\"\/es\/wp-json\/wp\/v2\/pages\/3615#wpcf7-f280-o1\" method=\"post\" class=\"wpcf7-form init\" aria-label=\"Formulario de contacto\" novalidate=\"novalidate\" data-status=\"init\" data-trp-original-action=\"\/es\/wp-json\/wp\/v2\/pages\/3615#wpcf7-f280-o1\">\n<div style=\"display: none;\">\n<input type=\"hidden\" name=\"_wpcf7\" value=\"280\" \/>\n<input type=\"hidden\" name=\"_wpcf7_version\" value=\"6.0.6\" \/>\n<input type=\"hidden\" name=\"_wpcf7_locale\" value=\"en_US\" \/>\n<input type=\"hidden\" name=\"_wpcf7_unit_tag\" value=\"wpcf7-f280-o1\" \/>\n<input type=\"hidden\" name=\"_wpcf7_container_post\" value=\"0\" \/>\n<input type=\"hidden\" name=\"_wpcf7_posted_data_hash\" value=\"\" \/>\n<\/div>\n<div class='custom_contact_style'>\n\t<div class=\"row row-small\">\n\t\t<div class=\"col medium-6 small-12 large-6\">\n\t\t\t<div class=\"col-inner\">\n\t\t\t\t<p><span class=\"wpcf7-form-control-wrap\" data-name=\"your-name\"><input size=\"40\" maxlength=\"400\" class=\"wpcf7-form-control wpcf7-text wpcf7-validates-as-required\" aria-required=\"true\" aria-invalid=\"false\" placeholder=\"Nombre*\" value=\"\" type=\"text\" name=\"your-name\" \/><\/span>\n\t\t\t\t<\/p>\n\t\t\t<\/div>\n\t\t<\/div>\n\t\t<div class=\"col medium-6 small-12 large-6\">\n\t\t\t<div class=\"col-inner\">\n\t\t\t\t<p><span class=\"wpcf7-form-control-wrap\" data-name=\"your-email\"><input size=\"40\" maxlength=\"400\" class=\"wpcf7-form-control wpcf7-email wpcf7-validates-as-required wpcf7-text wpcf7-validates-as-email\" aria-required=\"true\" aria-invalid=\"false\" placeholder=\"Correo electr\u00f3nico*\" value=\"\" type=\"email\" name=\"your-email\" \/><\/span>\n\t\t\t\t<\/p>\n\t\t\t<\/div>\n\t\t<\/div>\n\t<\/div>\n\t<div class='cus_contact_form_bottom'>\n\t\t<p><span class=\"wpcf7-form-control-wrap\" data-name=\"your-phone\"><input size=\"40\" maxlength=\"400\" class=\"wpcf7-form-control wpcf7-text\" aria-invalid=\"false\" placeholder=\"Tel\u00e9fono\" value=\"\" type=\"text\" name=\"your-phone\" \/><\/span>\n\t\t<\/p>\n\t<\/div>\n\t<div class='cus_contact_form_bottom'>\n\t\t<p><span class=\"wpcf7-form-control-wrap\" data-name=\"your-country\"><input size=\"40\" maxlength=\"400\" class=\"wpcf7-form-control wpcf7-text\" aria-invalid=\"false\" placeholder=\"Pa\u00eds\" value=\"\" type=\"text\" name=\"your-country\" \/><\/span>\n\t\t<\/p>\n\t<\/div>\n\t<p><span class=\"wpcf7-form-control-wrap\" data-name=\"your-message\"><textarea cols=\"40\" rows=\"10\" maxlength=\"2000\" class=\"wpcf7-form-control wpcf7-textarea wpcf7-validates-as-required\" aria-required=\"true\" aria-invalid=\"false\" placeholder=\"Tu mensaje *\" name=\"your-message\"><\/textarea><\/span>\n\t<\/p>\n\t<div style=\"margin-bottom:10px;\">\n\t<\/div>\n\t<p><div id=\"cf7sr-69ff30ec3acee\" class=\"cf7sr-g-turnstile\" data-redirect=\"\" data-theme=\"auto\" data-language=\"en\" data-size=\"normal\" \n    data-sitekey=\"0x4AAAAAAA3FLd3Fs0zNyv_e\"><\/div><span class=\"wpcf7-form-control-wrap cf7sr-turnstile\" data-name=\"cf7sr-turnstile\"><input type=\"hidden\" name=\"cf7sr-turnstile\" value=\"\" class=\"wpcf7-form-control\"><\/span><br \/>\n<input class=\"wpcf7-form-control wpcf7-submit has-spinner\" type=\"submit\" value=\"Enviar mensaje\" \/>\n\t<\/p>\n<\/div><div class=\"wpcf7-response-output\" aria-hidden=\"true\"><\/div>\n<input type=\"hidden\" name=\"trp-form-language\" value=\"es\"\/><\/form>\n<\/div>\n\n\t\t<\/div>\n\t\t\t\t\t<\/div>\n\n\t\n<\/div>\n\t\t<\/div>\n\n\t\t\n<style>\n#section_1495647421 {\n  padding-top: 30px;\n  padding-bottom: 30px;\n  background-color: #214184;\n}\n<\/style>\n\t<\/section>","protected":false},"excerpt":{"rendered":"<p>Nuestros motores de husillo CNC se suministran directamente de f\u00e1brica, no se compran a proveedores con los precios m\u00e1s bajos de fuentes desconocidas, lo que garantiza una calidad y confiabilidad reconocidas. Todos los husillos para enrutadores CNC de RicoCNC son originales, sin falsificaciones. El MJ35B-370 est\u00e1 especialmente dise\u00f1ado para el enchapado de cantos a alta velocidad, lo que garantiza una alta eficiencia y una excelente calidad del proceso de enchapado de cantos\u2026<\/p>","protected":false},"author":1,"featured_media":0,"parent":0,"menu_order":0,"comment_status":"closed","ping_status":"closed","template":"","meta":{"_gspb_post_css":"","footnotes":""},"class_list":["post-3615","page","type-page","status-publish","hentry"],"_links":{"self":[{"href":"https:\/\/spindlemotorshop.com\/es\/wp-json\/wp\/v2\/pages\/3615","targetHints":{"allow":["GET"]}}],"collection":[{"href":"https:\/\/spindlemotorshop.com\/es\/wp-json\/wp\/v2\/pages"}],"about":[{"href":"https:\/\/spindlemotorshop.com\/es\/wp-json\/wp\/v2\/types\/page"}],"author":[{"embeddable":true,"href":"https:\/\/spindlemotorshop.com\/es\/wp-json\/wp\/v2\/users\/1"}],"replies":[{"embeddable":true,"href":"https:\/\/spindlemotorshop.com\/es\/wp-json\/wp\/v2\/comments?post=3615"}],"version-history":[{"count":0,"href":"https:\/\/spindlemotorshop.com\/es\/wp-json\/wp\/v2\/pages\/3615\/revisions"}],"wp:attachment":[{"href":"https:\/\/spindlemotorshop.com\/es\/wp-json\/wp\/v2\/media?parent=3615"}],"curies":[{"name":"wp","href":"https:\/\/api.w.org\/{rel}","templated":true}]}}