{"id":2220,"date":"2024-07-17T03:49:34","date_gmt":"2024-07-17T03:49:34","guid":{"rendered":"https:\/\/spindlemotorshop.com\/?page_id=2220"},"modified":"2024-10-08T03:19:51","modified_gmt":"2024-10-08T03:19:51","slug":"gdz65-800a-800w-water-cooled-spindle","status":"publish","type":"page","link":"https:\/\/spindlemotorshop.com\/fr\/gdz65-800a-800w-water-cooled-spindle\/","title":{"rendered":"Broche refroidie par eau GDZ65-800A 800w ER11"},"content":{"rendered":"<section class=\"section\" id=\"section_941729727\">\n\t\t<div class=\"bg section-bg fill bg-fill  bg-loaded\" >\n\n\t\t\t\n\t\t\t\n\t\t\t\n\n\t\t<\/div>\n\n\t\t\n\n\t\t<div class=\"section-content relative\">\n\t\t\t\n<div class=\"row\"  id=\"row-1300357897\">\n\n\t<div id=\"col-239546131\" class=\"col medium-6 small-12 large-6\"  >\n\t\t\t\t<div class=\"col-inner\"  >\n\t\t\t\n\t\t\t\n\t<div class=\"img has-hover x md-x lg-x y md-y lg-y\" id=\"image_803355078\">\n\t\t\t\t\t\t\t\t<div class=\"img-inner image-cover box-shadow-1 dark\" style=\"padding-top:79%;\">\n\t\t\t<img loading=\"lazy\" decoding=\"async\" width=\"800\" height=\"800\" src=\"https:\/\/spindlemotorshop.com\/wp-content\/uploads\/2024\/07\/150164017559.jpg\" class=\"attachment-original size-original\" alt=\"Broche de routeur CNC GDZ65-800A\" srcset=\"https:\/\/spindlemotorshop.com\/wp-content\/uploads\/2024\/07\/150164017559.jpg 800w, https:\/\/spindlemotorshop.com\/wp-content\/uploads\/2024\/07\/150164017559-300x300.jpg 300w, https:\/\/spindlemotorshop.com\/wp-content\/uploads\/2024\/07\/150164017559-150x150.jpg 150w, https:\/\/spindlemotorshop.com\/wp-content\/uploads\/2024\/07\/150164017559-768x768.jpg 768w, https:\/\/spindlemotorshop.com\/wp-content\/uploads\/2024\/07\/150164017559-12x12.jpg 12w, https:\/\/spindlemotorshop.com\/wp-content\/uploads\/2024\/07\/150164017559-600x600.jpg 600w, https:\/\/spindlemotorshop.com\/wp-content\/uploads\/2024\/07\/150164017559-100x100.jpg 100w\" sizes=\"auto, (max-width: 800px) 100vw, 800px\" \/>\t\t\t\t\t\t\n\t\t\t\t\t<\/div>\n\t\t\t\t\t\t\t\t\n<style>\n#image_803355078 {\n  width: 100%;\n}\n<\/style>\n\t<\/div>\n\t\n\t\t<\/div>\n\t\t\t\t\t<\/div>\n\n\t\n\n\t<div id=\"col-971262200\" class=\"col medium-6 small-12 large-6\"  >\n\t\t\t\t<div class=\"col-inner text-left\" style=\"background-color:rgb(255,255,255);\" >\n\t\t\t\n\t\t\t\n\t<div id=\"text-2593085841\" class=\"text\">\n\t\t\n<h3 class=\"inner-3__prodetailname\">BROCHE DE ROUTEUR REFROIDIE PAR EAU GDZ65-800A 800W<\/h3>\n\t\t\n<style>\n#text-2593085841 {\n  font-size: 0.95rem;\n}\n<\/style>\n\t<\/div>\n\t\n\t<div id=\"text-3149521333\" class=\"text\">\n\t\t\n<ul>\n<li style=\"text-align: left;\">GDZ65-800A<\/li>\n<li style=\"text-align: left;\">Moteur de broche ER11<\/li>\n<li>Broche 24000 tr\/min<\/li>\n<li>Moteur de broche 800w<\/li>\n<li>fraisage CNC \u00e0 broche<\/li>\n<li>moteurs de broche refroidis par eau<\/li>\n<li>Moteur de broche \u03a665mm<\/li>\n<li>Moteur de broche de fraisage CNC, moteur de broche de gravure CNC<\/li>\n<\/ul>\n\t\t\n<style>\n#text-3149521333 {\n  text-align: left;\n}\n<\/style>\n\t<\/div>\n\t\n<a href=\"\/fr\/contact\/\" target=\"_blank\" class=\"button primary\" rel=\"noopener\"  style=\"border-radius:99px;\">\n    <span>Contactez-nous<\/span>\n  <\/a>\n\n\t\t<\/div>\n\t\t\t\t\n<style>\n#col-971262200 > .col-inner {\n  padding: 0px 0px 0px 0px;\n}\n<\/style>\n\t<\/div>\n\n\t\n<\/div>\n\t\t<\/div>\n\n\t\t\n<style>\n#section_941729727 {\n  padding-top: 30px;\n  padding-bottom: 30px;\n}\n<\/style>\n\t<\/section>\n\t\n<div class=\"text-center\"><div class=\"is-divider divider clearfix\" style=\"margin-top:0.9em;margin-bottom:0.9em;max-width:502px;\"><\/div><\/div>\n<blockquote>\n<ul>\n<li>Nos moteurs de broche CNC sont fournis directement depuis l&#039;usine, et non achet\u00e9s aupr\u00e8s des fournisseurs les moins chers de sources inconnues, ce qui garantit une qualit\u00e9 et une fiabilit\u00e9 connues. Toutes les broches de routeur CNC de RicoCNC sont originales, sans contrefa\u00e7on.<\/li>\n<\/ul>\n<\/blockquote>\n\t<section class=\"section\" id=\"section_604282400\">\n\t\t<div class=\"bg section-bg fill bg-fill  bg-loaded\" >\n\n\t\t\t\n\t\t\t\n\t\t\t\n\n\t\t<\/div>\n\n\t\t\n\n\t\t<div class=\"section-content relative\">\n\t\t\t\n<div class=\"row\"  id=\"row-57052776\">\n\n\t<div id=\"col-1388253679\" class=\"col medium-6 small-12 large-6\"  >\n\t\t\t\t<div class=\"col-inner\"  >\n\t\t\t\n\t\t\t\n<h2>Caract\u00e9ristiques techniques<\/h2>\n<div class=\"is-divider divider clearfix\" style=\"max-width:91px;background-color:rgb(82, 117, 141);\"><\/div>\n\n<style>\n  \/* \u5b9a\u4e49\u5c45\u4e2d\u7b2c\u4e00\u5217\u5355\u5143\u683c\u7684\u6837\u5f0f *\/<br \/>  .center-first-column {<br \/>    text-align: center; \/* \u6587\u672c\u5c45\u4e2d *\/<br \/>  }<\/p>\n<p>  td, th {<br \/>    padding: 8px; \/* \u5355\u5143\u683c\u5185\u8fb9\u8ddd *\/<br \/>    border: 1px solid #ddd; \/* \u5355\u5143\u683c\u8fb9\u6846 *\/<br \/>  }<\/p>\n<p>  table {<br \/>    width: 100%; \/* \u8868\u683c\u5bbd\u5ea6 *\/<br \/>    border-collapse: collapse; \/* \u8fb9\u6846\u5408\u5e76 *\/<br \/>    font-family: Arial, sans-serif; \/* \u5b57\u4f53 *\/<br \/>  }<br \/><\/style>\n<table border=\"1\">\n<tbody>\n<tr>\n<th class=\"center-first-column\">Type de broche<\/th>\n<td>GDZ65-800A<\/td>\n<\/tr>\n<tr>\n<th class=\"center-first-column\">Diam\u00e8tre<\/th>\n<td>\u03a665mm<\/td>\n<\/tr>\n<tr>\n<th class=\"center-first-column\">Vitesse<\/th>\n<td>24000 tr\/min<\/td>\n<\/tr>\n<tr>\n<th class=\"center-first-column\">Pouvoir<\/th>\n<td>800w<\/td>\n<\/tr>\n<tr>\n<th class=\"center-first-column\">Tension<\/th>\n<td>220v<\/td>\n<\/tr>\n<tr>\n<th class=\"center-first-column\">Actuel<\/th>\n<td>5A<\/td>\n<\/tr>\n<tr>\n<th class=\"center-first-column\">Fr\u00e9quence<\/th>\n<td>400 Hz<\/td>\n<\/tr>\n<tr>\n<th class=\"center-first-column\">Couple<\/th>\n<td>0,33 Nm<\/td>\n<\/tr>\n<tr>\n<th class=\"center-first-column\">Collet<\/th>\n<td>ER11<\/td>\n<\/tr>\n<tr>\n<th class=\"center-first-column\">type de roulement<\/th>\n<td>7002CP4*2+7000CP4*2<\/td>\n<\/tr>\n<tr>\n<th class=\"center-first-column\">\u00c9crou de serrage<\/th>\n<td>3,175 mm, 4 mm, 6 mm<\/td>\n<\/tr>\n<tr>\n<th class=\"center-first-column\">Poids<\/th>\n<td>3 kg<\/td>\n<\/tr>\n<\/tbody>\n<\/table>\n\n\t\t<\/div>\n\t\t\t\t\t<\/div>\n\n\t\n\n\t<div id=\"col-1493981640\" class=\"col medium-6 small-12 large-6\"  >\n\t\t\t\t<div class=\"col-inner\"  >\n\t\t\t\n\t\t\t\n<h2>Conception de la broche<\/h2>\n<div class=\"is-divider divider clearfix\" style=\"max-width:91px;background-color:rgb(82, 117, 141);\"><\/div>\n\t<div class=\"img has-hover x md-x lg-x y md-y lg-y\" id=\"image_1851015433\">\n\t\t\t\t\t\t\t\t<div class=\"img-inner dark\" style=\"margin:40px 0px 0px 0px;\">\n\t\t\t<img loading=\"lazy\" decoding=\"async\" width=\"750\" height=\"229\" src=\"https:\/\/spindlemotorshop.com\/wp-content\/uploads\/2024\/07\/3491630003_355255932.jpg\" class=\"attachment-original size-original\" alt=\"\" srcset=\"https:\/\/spindlemotorshop.com\/wp-content\/uploads\/2024\/07\/3491630003_355255932.jpg 750w, https:\/\/spindlemotorshop.com\/wp-content\/uploads\/2024\/07\/3491630003_355255932-300x92.jpg 300w, https:\/\/spindlemotorshop.com\/wp-content\/uploads\/2024\/07\/3491630003_355255932-18x5.jpg 18w, https:\/\/spindlemotorshop.com\/wp-content\/uploads\/2024\/07\/3491630003_355255932-600x183.jpg 600w\" sizes=\"auto, (max-width: 750px) 100vw, 750px\" \/>\t\t\t\t\t\t\n\t\t\t\t\t<\/div>\n\t\t\t\t\t\t\t\t\n<style>\n#image_1851015433 {\n  width: 100%;\n}\n<\/style>\n\t<\/div>\n\t\n\t<div class=\"img has-hover x md-x lg-x y md-y lg-y\" id=\"image_1540462443\">\n\t\t\t\t\t\t\t\t<div class=\"img-inner dark\" >\n\t\t\t\t\t\t\t\t\t\n\t\t\t\t\t<\/div>\n\t\t\t\t\t\t\t\t\n<style>\n#image_1540462443 {\n  width: 93%;\n}\n<\/style>\n\t<\/div>\n\t\n\t<div class=\"img has-hover x md-x lg-x y md-y lg-y\" id=\"image_1872919889\">\n\t\t\t\t\t\t\t\t<div class=\"img-inner image-cover dark\" style=\"padding-top:75%;\">\n\t\t\t\t\t\t\t\t\t\n\t\t\t\t\t<\/div>\n\t\t\t\t\t\t\t\t\n<style>\n#image_1872919889 {\n  width: 0%;\n}\n<\/style>\n\t<\/div>\n\t\n\t\t<\/div>\n\t\t\t\t\t<\/div>\n\n\t\n<\/div>\n\t\t<\/div>\n\n\t\t\n<style>\n#section_604282400 {\n  padding-top: 30px;\n  padding-bottom: 30px;\n}\n<\/style>\n\t<\/section>\n\t\n\t<section class=\"section\" id=\"section_364380128\">\n\t\t<div class=\"bg section-bg fill bg-fill  bg-loaded\" >\n\n\t\t\t\n\t\t\t\n\t\t\t\n\n\t\t<\/div>\n\n\t\t\n\n\t\t<div class=\"section-content relative\">\n\t\t\t\n<div class=\"row\"  id=\"row-282808219\">\n\n\t<div id=\"col-894013333\" class=\"col small-12 large-12\"  >\n\t\t\t\t<div class=\"col-inner\"  >\n\t\t\t\n\t\t\t\n<ul>\n<li>Des broches pr\u00e9cises refroidies par eau sont disponibles pour vos projets CNC. Cette broche refroidie par eau est dot\u00e9e d&#039;un puissant moteur de 1,2 kW et fonctionne en douceur sur les machines de toupie CNC, ce qui la rend id\u00e9ale pour les t\u00e2ches CNC exigeantes. Avec des roulements de haut niveau (7002CP4*2+7000CP4*2), elle offre une durabilit\u00e9 et une pr\u00e9cision exceptionnelles pour des r\u00e9sultats de haute qualit\u00e9.<\/li>\n<li>Le <strong>GDZ65-800A<\/strong> a une puissance relativement faible, elle ne peut donc effectuer que des travaux de fraisage petits et l\u00e9gers. <strong>GDZ65-800A<\/strong> est plus adapt\u00e9 pour effectuer des t\u00e2ches de sculpture l\u00e9g\u00e8res.<\/li>\n<\/ul>\n\t\t<\/div>\n\t\t\t\t\t<\/div>\n\n\t\n<\/div>\n\t\t<\/div>\n\n\t\t\n<style>\n#section_364380128 {\n  padding-top: 30px;\n  padding-bottom: 30px;\n}\n<\/style>\n\t<\/section>\n\t\n<div class=\"row\"  id=\"row-832575710\">\n\n\t<div id=\"col-2030794718\" class=\"col medium-6 small-12 large-6\"  >\n\t\t\t\t<div class=\"col-inner\"  >\n\t\t\t\n\t\t\t\n\t<div class=\"img has-hover x md-x lg-x y md-y lg-y\" id=\"image_491038487\">\n\t\t\t\t\t\t\t\t<div class=\"img-inner image-cover dark\" style=\"padding-top:75%;\">\n\t\t\t<img loading=\"lazy\" decoding=\"async\" width=\"800\" height=\"800\" src=\"https:\/\/spindlemotorshop.com\/wp-content\/uploads\/2024\/07\/5263415016401897.jpg\" class=\"attachment-large size-large\" alt=\"Produit de broche GDZ65-800A\" srcset=\"https:\/\/spindlemotorshop.com\/wp-content\/uploads\/2024\/07\/5263415016401897.jpg 800w, https:\/\/spindlemotorshop.com\/wp-content\/uploads\/2024\/07\/5263415016401897-300x300.jpg 300w, https:\/\/spindlemotorshop.com\/wp-content\/uploads\/2024\/07\/5263415016401897-150x150.jpg 150w, https:\/\/spindlemotorshop.com\/wp-content\/uploads\/2024\/07\/5263415016401897-768x768.jpg 768w, https:\/\/spindlemotorshop.com\/wp-content\/uploads\/2024\/07\/5263415016401897-12x12.jpg 12w, https:\/\/spindlemotorshop.com\/wp-content\/uploads\/2024\/07\/5263415016401897-600x600.jpg 600w, https:\/\/spindlemotorshop.com\/wp-content\/uploads\/2024\/07\/5263415016401897-100x100.jpg 100w\" sizes=\"auto, (max-width: 800px) 100vw, 800px\" \/>\t\t\t\t\t\t\n\t\t\t\t\t<\/div>\n\t\t\t\t\t\t\t\t\n<style>\n#image_491038487 {\n  width: 100%;\n}\n<\/style>\n\t<\/div>\n\t\n\t\t<\/div>\n\t\t\t\t\t<\/div>\n\n\t\n\n\t<div id=\"col-2127856372\" class=\"col medium-6 small-12 large-6\"  >\n\t\t\t\t<div class=\"col-inner\"  >\n\t\t\t\n\t\t\t\n\t<div class=\"img has-hover x md-x lg-x y md-y lg-y\" id=\"image_15968108\">\n\t\t\t\t\t\t\t\t<div class=\"img-inner image-cover dark\" style=\"padding-top:75%;\">\n\t\t\t<img loading=\"lazy\" decoding=\"async\" width=\"1920\" height=\"2560\" src=\"https:\/\/spindlemotorshop.com\/wp-content\/uploads\/2024\/07\/IMG_20151218_143333-scaled.jpg\" class=\"attachment-original size-original\" alt=\"Application de la broche GDZ65-800A\" srcset=\"https:\/\/spindlemotorshop.com\/wp-content\/uploads\/2024\/07\/IMG_20151218_143333-scaled.jpg 1920w, https:\/\/spindlemotorshop.com\/wp-content\/uploads\/2024\/07\/IMG_20151218_143333-225x300.jpg 225w, https:\/\/spindlemotorshop.com\/wp-content\/uploads\/2024\/07\/IMG_20151218_143333-768x1024.jpg 768w, https:\/\/spindlemotorshop.com\/wp-content\/uploads\/2024\/07\/IMG_20151218_143333-1152x1536.jpg 1152w, https:\/\/spindlemotorshop.com\/wp-content\/uploads\/2024\/07\/IMG_20151218_143333-1536x2048.jpg 1536w, https:\/\/spindlemotorshop.com\/wp-content\/uploads\/2024\/07\/IMG_20151218_143333-9x12.jpg 9w, https:\/\/spindlemotorshop.com\/wp-content\/uploads\/2024\/07\/IMG_20151218_143333-600x800.jpg 600w\" sizes=\"auto, (max-width: 1920px) 100vw, 1920px\" \/>\t\t\t\t\t\t\n\t\t\t\t\t<\/div>\n\t\t\t\t\t\t\t\t\n<style>\n#image_15968108 {\n  width: 100%;\n}\n<\/style>\n\t<\/div>\n\t\n\t\t<\/div>\n\t\t\t\t\t<\/div>\n\n\t\n<\/div>\n\t<section class=\"section\" id=\"section_16414629\">\n\t\t<div class=\"bg section-bg fill bg-fill  bg-loaded\" >\n\n\t\t\t\n\t\t\t\n\t\t\t\n\n\t\t<\/div>\n\n\t\t\n\n\t\t<div class=\"section-content relative\">\n\t\t\t\n<p>Nous fournissons \u00e9galement d&#039;autres moteurs de broche CNC, ils sont \u00e9galement bons. Tel que <span style=\"color: #000000;\"><strong><a href=\"https:\/\/spindlemotorshop.com\/fr\/300w-gdz48-300-water-cooled-spindles\/\">GDZ48-300<\/a>, <a href=\"https:\/\/spindlemotorshop.com\/fr\/1-2kw-gdz62-1-2-water-cooled-spindle\/\">GDZ62-1.2<\/a>, GDZ65-800, etc.<\/strong><\/span><\/p>\n<p>Si vous avez besoin d&#039;une broche CNC, n&#039;h\u00e9sitez pas \u00e0 envoyer une demande<\/p>\n\t\t<\/div>\n\n\t\t\n<style>\n#section_16414629 {\n  padding-top: 30px;\n  padding-bottom: 30px;\n}\n<\/style>\n\t<\/section>\n\t\n\t<section class=\"section\" id=\"section_654824620\">\n\t\t<div class=\"bg section-bg fill bg-fill  bg-loaded\" >\n\n\t\t\t\n\t\t\t\n\t\t\t\n\n\t\t<\/div>\n\n\t\t\n\n\t\t<div class=\"section-content relative\">\n\t\t\t\n<div class=\"row row-full-width align-center\"  id=\"row-1613546773\">\n\n\t<div id=\"col-1938633775\" class=\"col small-12 large-12\"  >\n\t\t\t\t<div class=\"col-inner text-center\"  >\n\t\t\t\n\t\t\t\n\t<div id=\"text-1509741036\" class=\"text\">\n\t\t\n\t\t\n<style>\n#text-1509741036 {\n  text-align: left;\n}\n<\/style>\n\t<\/div>\n\t\n\t<div id=\"text-2019940467\" class=\"text\">\n\t\t\n<h2>CONTACTEZ-NOUS<\/h2>\n\t\t\n<style>\n#text-2019940467 {\n  color: rgb(255,255,255);\n}\n#text-2019940467 > * {\n  color: rgb(255,255,255);\n}\n<\/style>\n\t<\/div>\n\t\n\n<div class=\"wpcf7 no-js\" id=\"wpcf7-f280-o1\" lang=\"en-US\" dir=\"ltr\" data-wpcf7-id=\"280\">\n<div class=\"screen-reader-response\"><p role=\"status\" aria-live=\"polite\" aria-atomic=\"true\"><\/p> <ul><\/ul><\/div>\n<form action=\"\/fr\/wp-json\/wp\/v2\/pages\/2220#wpcf7-f280-o1\" method=\"post\" class=\"wpcf7-form init\" aria-label=\"Formulaire de contact\" novalidate=\"novalidate\" data-status=\"init\" data-trp-original-action=\"\/fr\/wp-json\/wp\/v2\/pages\/2220#wpcf7-f280-o1\">\n<div style=\"display: none;\">\n<input type=\"hidden\" name=\"_wpcf7\" value=\"280\" \/>\n<input type=\"hidden\" name=\"_wpcf7_version\" value=\"6.0.6\" \/>\n<input type=\"hidden\" name=\"_wpcf7_locale\" value=\"en_US\" \/>\n<input type=\"hidden\" name=\"_wpcf7_unit_tag\" value=\"wpcf7-f280-o1\" \/>\n<input type=\"hidden\" name=\"_wpcf7_container_post\" value=\"0\" \/>\n<input type=\"hidden\" name=\"_wpcf7_posted_data_hash\" value=\"\" \/>\n<\/div>\n<div class='custom_contact_style'>\n\t<div class=\"row row-small\">\n\t\t<div class=\"col medium-6 small-12 large-6\">\n\t\t\t<div class=\"col-inner\">\n\t\t\t\t<p><span class=\"wpcf7-form-control-wrap\" data-name=\"your-name\"><input size=\"40\" maxlength=\"400\" class=\"wpcf7-form-control wpcf7-text wpcf7-validates-as-required\" aria-required=\"true\" aria-invalid=\"false\" placeholder=\"Nom*\" value=\"\" type=\"text\" name=\"your-name\" \/><\/span>\n\t\t\t\t<\/p>\n\t\t\t<\/div>\n\t\t<\/div>\n\t\t<div class=\"col medium-6 small-12 large-6\">\n\t\t\t<div class=\"col-inner\">\n\t\t\t\t<p><span class=\"wpcf7-form-control-wrap\" data-name=\"your-email\"><input size=\"40\" maxlength=\"400\" class=\"wpcf7-form-control wpcf7-email wpcf7-validates-as-required wpcf7-text wpcf7-validates-as-email\" aria-required=\"true\" aria-invalid=\"false\" placeholder=\"E-mail*\" value=\"\" type=\"email\" name=\"your-email\" \/><\/span>\n\t\t\t\t<\/p>\n\t\t\t<\/div>\n\t\t<\/div>\n\t<\/div>\n\t<div class='cus_contact_form_bottom'>\n\t\t<p><span class=\"wpcf7-form-control-wrap\" data-name=\"your-phone\"><input size=\"40\" maxlength=\"400\" class=\"wpcf7-form-control wpcf7-text\" aria-invalid=\"false\" placeholder=\"T\u00e9l\u00e9phone\" value=\"\" type=\"text\" name=\"your-phone\" \/><\/span>\n\t\t<\/p>\n\t<\/div>\n\t<div class='cus_contact_form_bottom'>\n\t\t<p><span class=\"wpcf7-form-control-wrap\" data-name=\"your-country\"><input size=\"40\" maxlength=\"400\" class=\"wpcf7-form-control wpcf7-text\" aria-invalid=\"false\" placeholder=\"Pays\" value=\"\" type=\"text\" name=\"your-country\" \/><\/span>\n\t\t<\/p>\n\t<\/div>\n\t<p><span class=\"wpcf7-form-control-wrap\" data-name=\"your-message\"><textarea cols=\"40\" rows=\"10\" maxlength=\"2000\" class=\"wpcf7-form-control wpcf7-textarea wpcf7-validates-as-required\" aria-required=\"true\" aria-invalid=\"false\" placeholder=\"Votre message *\" name=\"your-message\"><\/textarea><\/span>\n\t<\/p>\n\t<div style=\"margin-bottom:10px;\">\n\t<\/div>\n\t<p><div id=\"cf7sr-69ff30fc8a0ea\" class=\"cf7sr-g-turnstile\" data-redirect=\"\" data-theme=\"auto\" data-language=\"en\" data-size=\"normal\" \n    data-sitekey=\"0x4AAAAAAA3FLd3Fs0zNyv_e\"><\/div><span class=\"wpcf7-form-control-wrap cf7sr-turnstile\" data-name=\"cf7sr-turnstile\"><input type=\"hidden\" name=\"cf7sr-turnstile\" value=\"\" class=\"wpcf7-form-control\"><\/span><br \/>\n<input class=\"wpcf7-form-control wpcf7-submit has-spinner\" type=\"submit\" value=\"Envoyer un message\" \/>\n\t<\/p>\n<\/div><div class=\"wpcf7-response-output\" aria-hidden=\"true\"><\/div>\n<input type=\"hidden\" name=\"trp-form-language\" value=\"fr\"\/><\/form>\n<\/div>\n\n\t\t<\/div>\n\t\t\t\t\t<\/div>\n\n\t\n<\/div>\n\t\t<\/div>\n\n\t\t\n<style>\n#section_654824620 {\n  padding-top: 30px;\n  padding-bottom: 30px;\n  background-color: #214184;\n}\n<\/style>\n\t<\/section>","protected":false},"excerpt":{"rendered":"<p>Nos moteurs de broche CNC sont fournis directement depuis l&#039;usine, et non achet\u00e9s aupr\u00e8s des fournisseurs les moins chers de sources inconnues, ce qui garantit une qualit\u00e9 et une fiabilit\u00e9 connues. Toutes les broches de routeur CNC de RicoCNC sont originales, sans contrefa\u00e7on.<\/p>","protected":false},"author":1,"featured_media":2225,"parent":0,"menu_order":0,"comment_status":"closed","ping_status":"closed","template":"","meta":{"_gspb_post_css":"","footnotes":""},"class_list":["post-2220","page","type-page","status-publish","has-post-thumbnail","hentry"],"_links":{"self":[{"href":"https:\/\/spindlemotorshop.com\/fr\/wp-json\/wp\/v2\/pages\/2220","targetHints":{"allow":["GET"]}}],"collection":[{"href":"https:\/\/spindlemotorshop.com\/fr\/wp-json\/wp\/v2\/pages"}],"about":[{"href":"https:\/\/spindlemotorshop.com\/fr\/wp-json\/wp\/v2\/types\/page"}],"author":[{"embeddable":true,"href":"https:\/\/spindlemotorshop.com\/fr\/wp-json\/wp\/v2\/users\/1"}],"replies":[{"embeddable":true,"href":"https:\/\/spindlemotorshop.com\/fr\/wp-json\/wp\/v2\/comments?post=2220"}],"version-history":[{"count":0,"href":"https:\/\/spindlemotorshop.com\/fr\/wp-json\/wp\/v2\/pages\/2220\/revisions"}],"wp:featuredmedia":[{"embeddable":true,"href":"https:\/\/spindlemotorshop.com\/fr\/wp-json\/wp\/v2\/media\/2225"}],"wp:attachment":[{"href":"https:\/\/spindlemotorshop.com\/fr\/wp-json\/wp\/v2\/media?parent=2220"}],"curies":[{"name":"wp","href":"https:\/\/api.w.org\/{rel}","templated":true}]}}