{"id":2298,"date":"2024-07-17T09:24:36","date_gmt":"2024-07-17T09:24:36","guid":{"rendered":"https:\/\/spindlemotorshop.com\/?page_id=2298"},"modified":"2024-10-08T03:22:35","modified_gmt":"2024-10-08T03:22:35","slug":"gdz80-1-5b-1500w-water-cooled-spindle","status":"publish","type":"page","link":"https:\/\/spindlemotorshop.com\/fr\/gdz80-1-5b-1500w-water-cooled-spindle\/","title":{"rendered":"Broche refroidie par eau GDZ80-1.5B 1,5 kW ER11"},"content":{"rendered":"<section class=\"section\" id=\"section_503448829\">\n\t\t<div class=\"bg section-bg fill bg-fill  bg-loaded\" >\n\n\t\t\t\n\t\t\t\n\t\t\t\n\n\t\t<\/div>\n\n\t\t\n\n\t\t<div class=\"section-content relative\">\n\t\t\t\n<div class=\"row\"  id=\"row-952516556\">\n\n\t<div id=\"col-638254951\" class=\"col medium-6 small-12 large-6\"  >\n\t\t\t\t<div class=\"col-inner\"  >\n\t\t\t\n\t\t\t\n\t<div class=\"img has-hover x md-x lg-x y md-y lg-y\" id=\"image_627197154\">\n\t\t\t\t\t\t\t\t<div class=\"img-inner image-cover box-shadow-1 dark\" style=\"padding-top:75%;\">\n\t\t\t<img loading=\"lazy\" decoding=\"async\" width=\"800\" height=\"800\" src=\"https:\/\/spindlemotorshop.com\/wp-content\/uploads\/2024\/07\/9366915016418522.jpg\" class=\"attachment-original size-original\" alt=\"Broche GDZ80-1.5B\" srcset=\"https:\/\/spindlemotorshop.com\/wp-content\/uploads\/2024\/07\/9366915016418522.jpg 800w, https:\/\/spindlemotorshop.com\/wp-content\/uploads\/2024\/07\/9366915016418522-300x300.jpg 300w, https:\/\/spindlemotorshop.com\/wp-content\/uploads\/2024\/07\/9366915016418522-150x150.jpg 150w, https:\/\/spindlemotorshop.com\/wp-content\/uploads\/2024\/07\/9366915016418522-768x768.jpg 768w, https:\/\/spindlemotorshop.com\/wp-content\/uploads\/2024\/07\/9366915016418522-12x12.jpg 12w, https:\/\/spindlemotorshop.com\/wp-content\/uploads\/2024\/07\/9366915016418522-600x600.jpg 600w, https:\/\/spindlemotorshop.com\/wp-content\/uploads\/2024\/07\/9366915016418522-100x100.jpg 100w\" sizes=\"auto, (max-width: 800px) 100vw, 800px\" \/>\t\t\t\t\t\t\n\t\t\t\t\t<\/div>\n\t\t\t\t\t\t\t\t\n<style>\n#image_627197154 {\n  width: 100%;\n}\n<\/style>\n\t<\/div>\n\t\n\t\t<\/div>\n\t\t\t\t\t<\/div>\n\n\t\n\n\t<div id=\"col-105438583\" class=\"col medium-6 small-12 large-6\"  >\n\t\t\t\t<div class=\"col-inner text-left\"  >\n\t\t\t\n\t\t\t\n\t<div id=\"text-2017434079\" class=\"text\">\n\t\t\n<h3 class=\"inner-3__prodetailname\">BROCHE DE ROUTEUR REFROIDIE PAR EAU GDZ80-1.5B 1,5 kW<\/h3>\n\t\t\n<style>\n#text-2017434079 {\n  font-size: 0.95rem;\n}\n<\/style>\n\t<\/div>\n\t\n\t<div id=\"text-333278316\" class=\"text\">\n\t\t\n<ul>\n<li style=\"text-align: left;\">GDZ80-1.5B<\/li>\n<li style=\"text-align: left;\">Moteur de broche ER11<\/li>\n<li>Broche 24000 tr\/min<\/li>\n<li>Moteur de broche de 1,5 kW<\/li>\n<li>Moteur de broche \u00e9lectrique 1,5 kW 220 V<\/li>\n<li>moteurs de broche refroidis par eau<\/li>\n<li>Moteur de broche \u03a680 mm<\/li>\n<li>Moteur de broche de fraisage CNC, moteur de broche de gravure CNC<\/li>\n<\/ul>\n\t\t\n<style>\n#text-333278316 {\n  text-align: left;\n}\n<\/style>\n\t<\/div>\n\t\n<a href=\"\/fr\/contact\/\" target=\"_blank\" class=\"button primary\" rel=\"noopener\"  style=\"border-radius:99px;\">\n    <span>Contactez-nous<\/span>\n  <\/a>\n\n\t\t<\/div>\n\t\t\t\t\n<style>\n#col-105438583 > .col-inner {\n  padding: 0px 0px 5px 0px;\n}\n<\/style>\n\t<\/div>\n\n\t\n<\/div>\n\t\t<\/div>\n\n\t\t\n<style>\n#section_503448829 {\n  padding-top: 30px;\n  padding-bottom: 30px;\n}\n<\/style>\n\t<\/section>\n\t\n<div class=\"text-center\"><div class=\"is-divider divider clearfix\" style=\"margin-top:0.9em;margin-bottom:0.9em;max-width:502px;\"><\/div><\/div>\n<blockquote>\n<ul>\n<li>Nos moteurs de broche CNC sont fournis directement depuis l&#039;usine, et non achet\u00e9s aupr\u00e8s des fournisseurs les moins chers de sources inconnues, ce qui garantit une qualit\u00e9 et une fiabilit\u00e9 connues. Toutes les broches de routeur CNC de RicoCNC sont originales, sans contrefa\u00e7on.<\/li>\n<\/ul>\n<\/blockquote>\n\t<section class=\"section\" id=\"section_1852094390\">\n\t\t<div class=\"bg section-bg fill bg-fill  bg-loaded\" >\n\n\t\t\t\n\t\t\t\n\t\t\t\n\n\t\t<\/div>\n\n\t\t\n\n\t\t<div class=\"section-content relative\">\n\t\t\t\n<div class=\"row\"  id=\"row-1520656694\">\n\n\t<div id=\"col-1910666065\" class=\"col medium-6 small-12 large-6\"  >\n\t\t\t\t<div class=\"col-inner\"  >\n\t\t\t\n\t\t\t\n<h2>Caract\u00e9ristiques techniques<\/h2>\n<div class=\"is-divider divider clearfix\" style=\"max-width:91px;background-color:rgb(82, 117, 141);\"><\/div>\n\n<style>\n  \/* \u5b9a\u4e49\u5c45\u4e2d\u7b2c\u4e00\u5217\u5355\u5143\u683c\u7684\u6837\u5f0f *\/<br \/>  .center-first-column {<br \/>    text-align: center; \/* \u6587\u672c\u5c45\u4e2d *\/<br \/>  }<\/p>\n<p>  td, th {<br \/>    padding: 8px; \/* \u5355\u5143\u683c\u5185\u8fb9\u8ddd *\/<br \/>    border: 1px solid #ddd; \/* \u5355\u5143\u683c\u8fb9\u6846 *\/<br \/>  }<\/p>\n<p>  table {<br \/>    width: 100%; \/* \u8868\u683c\u5bbd\u5ea6 *\/<br \/>    border-collapse: collapse; \/* \u8fb9\u6846\u5408\u5e76 *\/<br \/>    font-family: Arial, sans-serif; \/* \u5b57\u4f53 *\/<br \/>  }<br \/><\/style>\n<table border=\"1\">\n<tbody>\n<tr>\n<th class=\"center-first-column\">Type de broche<\/th>\n<td>GDZ80-1.5B<\/td>\n<\/tr>\n<tr>\n<th class=\"center-first-column\">Diam\u00e8tre<\/th>\n<td>\u03a680mm<\/td>\n<\/tr>\n<tr>\n<th class=\"center-first-column\">Vitesse<\/th>\n<td>24000 tr\/min<\/td>\n<\/tr>\n<tr>\n<th class=\"center-first-column\">Pouvoir<\/th>\n<td>1,5 kW<\/td>\n<\/tr>\n<tr>\n<th class=\"center-first-column\">Tension<\/th>\n<td>220v<\/td>\n<\/tr>\n<tr>\n<th class=\"center-first-column\">Actuel<\/th>\n<td>5A<\/td>\n<\/tr>\n<tr>\n<th class=\"center-first-column\">Fr\u00e9quence<\/th>\n<td>400 Hz<\/td>\n<\/tr>\n<tr>\n<th class=\"center-first-column\">Couple<\/th>\n<td>0,62 Nm<\/td>\n<\/tr>\n<tr>\n<th class=\"center-first-column\">Collet<\/th>\n<td>ER11<\/td>\n<\/tr>\n<tr>\n<th class=\"center-first-column\">type de roulement<\/th>\n<td>7002*2+7002*1<\/td>\n<\/tr>\n<tr>\n<th class=\"center-first-column\">Poids<\/th>\n<td>4,4 kg<\/td>\n<\/tr>\n<\/tbody>\n<\/table>\n\n\t\t<\/div>\n\t\t\t\t\t<\/div>\n\n\t\n\n\t<div id=\"col-178241612\" class=\"col medium-6 small-12 large-6\"  >\n\t\t\t\t<div class=\"col-inner\"  >\n\t\t\t\n\t\t\t\n<h2>Conception de la broche<\/h2>\n<div class=\"is-divider divider clearfix\" style=\"max-width:91px;background-color:rgb(82, 117, 141);\"><\/div>\n\t<div class=\"img has-hover x md-x lg-x y md-y lg-y\" id=\"image_1432267254\">\n\t\t\t\t\t\t\t\t<div class=\"img-inner dark\" >\n\t\t\t<img loading=\"lazy\" decoding=\"async\" width=\"750\" height=\"216\" src=\"https:\/\/spindlemotorshop.com\/wp-content\/uploads\/2024\/07\/5.jpg\" class=\"attachment-original size-original\" alt=\"Disposition du GDZ80-1.5B\" srcset=\"https:\/\/spindlemotorshop.com\/wp-content\/uploads\/2024\/07\/5.jpg 750w, https:\/\/spindlemotorshop.com\/wp-content\/uploads\/2024\/07\/5-300x86.jpg 300w, https:\/\/spindlemotorshop.com\/wp-content\/uploads\/2024\/07\/5-18x5.jpg 18w, https:\/\/spindlemotorshop.com\/wp-content\/uploads\/2024\/07\/5-600x173.jpg 600w\" sizes=\"auto, (max-width: 750px) 100vw, 750px\" \/>\t\t\t\t\t\t\n\t\t\t\t\t<\/div>\n\t\t\t\t\t\t\t\t\n<style>\n#image_1432267254 {\n  width: 100%;\n}\n<\/style>\n\t<\/div>\n\t\n\t<div class=\"img has-hover x md-x lg-x y md-y lg-y\" id=\"image_183575073\">\n\t\t\t\t\t\t\t\t<div class=\"img-inner dark\" >\n\t\t\t\t\t\t\t\t\t\n\t\t\t\t\t<\/div>\n\t\t\t\t\t\t\t\t\n<style>\n#image_183575073 {\n  width: 93%;\n}\n<\/style>\n\t<\/div>\n\t\n\t<div class=\"img has-hover x md-x lg-x y md-y lg-y\" id=\"image_980468830\">\n\t\t\t\t\t\t\t\t<div class=\"img-inner image-cover dark\" style=\"padding-top:75%;\">\n\t\t\t\t\t\t\t\t\t\n\t\t\t\t\t<\/div>\n\t\t\t\t\t\t\t\t\n<style>\n#image_980468830 {\n  width: 0%;\n}\n<\/style>\n\t<\/div>\n\t\n\t\t<\/div>\n\t\t\t\t\n<style>\n#col-178241612 > .col-inner {\n  margin: 0px 0px -96px 0px;\n}\n<\/style>\n\t<\/div>\n\n\t\n<\/div>\n\t\t<\/div>\n\n\t\t\n<style>\n#section_1852094390 {\n  padding-top: 30px;\n  padding-bottom: 30px;\n}\n<\/style>\n\t<\/section>\n\t\n\t<section class=\"section\" id=\"section_1780483487\">\n\t\t<div class=\"bg section-bg fill bg-fill  bg-loaded\" >\n\n\t\t\t\n\t\t\t\n\t\t\t\n\n\t\t<\/div>\n\n\t\t\n\n\t\t<div class=\"section-content relative\">\n\t\t\t\n<div class=\"row\"  id=\"row-1361891771\">\n\n\t<div id=\"col-1354895695\" class=\"col small-12 large-12\"  >\n\t\t\t\t<div class=\"col-inner\"  >\n\t\t\t\n\t\t\t\n<ul>\n<li>C&#039;est <strong>GDZ80-1.5B, <\/strong>qui est diff\u00e9rent de <strong>GDZ80-1.5<\/strong>, la principale diff\u00e9rence est la pince, la<strong> GDZ80-1.5B<\/strong> utilise le <span style=\"color: #ed1c24;\"><strong>ER11<\/strong><\/span>, et le <strong>GDZ80-1.5<\/strong> utilise le <span style=\"color: #ed1c24;\"><strong>ER16<\/strong><\/span>, donc avant de commander, veuillez v\u00e9rifier la pince pour \u00e9viter d&#039;acheter le mauvais type.<strong><br \/>\n<\/strong><\/li>\n<li>Outre les diff\u00e9rences entre les pinces, le nombre et le type de roulements varient \u00e9galement.<strong> GDZ80-1.5B<\/strong> utilise le 7002CP4*2+7002CP4*1, et le GDZ80-1.5 utilise le 7004cp4*2+7002cp4*1. Veuillez confirmer soigneusement avant de passer une commande pour \u00e9viter tout inconv\u00e9nient caus\u00e9 par l&#039;achat du mauvais type.<\/li>\n<\/ul>\n\t\t<\/div>\n\t\t\t\t\t<\/div>\n\n\t\n<\/div>\n\t\t<\/div>\n\n\t\t\n<style>\n#section_1780483487 {\n  padding-top: 30px;\n  padding-bottom: 30px;\n}\n<\/style>\n\t<\/section>\n\t\n<div class=\"row\"  id=\"row-1770372469\">\n\n\t<div id=\"col-363464356\" class=\"col medium-6 small-12 large-6\"  >\n\t\t\t\t<div class=\"col-inner\"  >\n\t\t\t\n\t\t\t\n\t<div class=\"img has-hover x md-x lg-x y md-y lg-y\" id=\"image_1970660438\">\n\t\t\t\t\t\t\t\t<div class=\"img-inner image-cover dark\" style=\"padding-top:75%;\">\n\t\t\t<img loading=\"lazy\" decoding=\"async\" width=\"800\" height=\"800\" src=\"https:\/\/spindlemotorshop.com\/wp-content\/uploads\/2024\/07\/4492815016418523.jpg\" class=\"attachment-original size-original\" alt=\"Image de la broche GDZ80-1.5B\" srcset=\"https:\/\/spindlemotorshop.com\/wp-content\/uploads\/2024\/07\/4492815016418523.jpg 800w, https:\/\/spindlemotorshop.com\/wp-content\/uploads\/2024\/07\/4492815016418523-300x300.jpg 300w, https:\/\/spindlemotorshop.com\/wp-content\/uploads\/2024\/07\/4492815016418523-150x150.jpg 150w, https:\/\/spindlemotorshop.com\/wp-content\/uploads\/2024\/07\/4492815016418523-768x768.jpg 768w, https:\/\/spindlemotorshop.com\/wp-content\/uploads\/2024\/07\/4492815016418523-12x12.jpg 12w, https:\/\/spindlemotorshop.com\/wp-content\/uploads\/2024\/07\/4492815016418523-600x600.jpg 600w, https:\/\/spindlemotorshop.com\/wp-content\/uploads\/2024\/07\/4492815016418523-100x100.jpg 100w\" sizes=\"auto, (max-width: 800px) 100vw, 800px\" \/>\t\t\t\t\t\t\n\t\t\t\t\t<\/div>\n\t\t\t\t\t\t\t\t\n<style>\n#image_1970660438 {\n  width: 100%;\n}\n<\/style>\n\t<\/div>\n\t\n\t\t<\/div>\n\t\t\t\t\t<\/div>\n\n\t\n\n\t<div id=\"col-862199475\" class=\"col medium-6 small-12 large-6\"  >\n\t\t\t\t<div class=\"col-inner\"  >\n\t\t\t\n\t\t\t\n\t<div class=\"img has-hover x md-x lg-x y md-y lg-y\" id=\"image_1394291966\">\n\t\t\t\t\t\t\t\t<div class=\"img-inner image-cover dark\" style=\"padding-top:75%;\">\n\t\t\t<img loading=\"lazy\" decoding=\"async\" width=\"1200\" height=\"1600\" src=\"https:\/\/spindlemotorshop.com\/wp-content\/uploads\/2024\/07\/2012-09-15_08-43-32_324.jpg\" class=\"attachment-original size-original\" alt=\"Application de la broche GDZ80-1.5\" srcset=\"https:\/\/spindlemotorshop.com\/wp-content\/uploads\/2024\/07\/2012-09-15_08-43-32_324.jpg 1200w, https:\/\/spindlemotorshop.com\/wp-content\/uploads\/2024\/07\/2012-09-15_08-43-32_324-225x300.jpg 225w, https:\/\/spindlemotorshop.com\/wp-content\/uploads\/2024\/07\/2012-09-15_08-43-32_324-768x1024.jpg 768w, https:\/\/spindlemotorshop.com\/wp-content\/uploads\/2024\/07\/2012-09-15_08-43-32_324-1152x1536.jpg 1152w, https:\/\/spindlemotorshop.com\/wp-content\/uploads\/2024\/07\/2012-09-15_08-43-32_324-9x12.jpg 9w, https:\/\/spindlemotorshop.com\/wp-content\/uploads\/2024\/07\/2012-09-15_08-43-32_324-600x800.jpg 600w\" sizes=\"auto, (max-width: 1200px) 100vw, 1200px\" \/>\t\t\t\t\t\t\n\t\t\t\t\t<\/div>\n\t\t\t\t\t\t\t\t\n<style>\n#image_1394291966 {\n  width: 98%;\n}\n<\/style>\n\t<\/div>\n\t\n\t\t<\/div>\n\t\t\t\t\t<\/div>\n\n\t\n<\/div>\n\t<section class=\"section\" id=\"section_22423401\">\n\t\t<div class=\"bg section-bg fill bg-fill  bg-loaded\" >\n\n\t\t\t\n\t\t\t\n\t\t\t\n\n\t\t<\/div>\n\n\t\t\n\n\t\t<div class=\"section-content relative\">\n\t\t\t\n<p>Le type similaire : <strong>GDZ80-1.5B<\/strong> est \u00e9galement disponible ici, \u00e0 c\u00f4t\u00e9, nous avons d&#039;autres produits merveilleux tels que <strong>GDZ62-1.2, GDZ48-300<\/strong><\/p>\n<p>Si vous avez besoin d&#039;une broche CNC, n&#039;h\u00e9sitez pas \u00e0 envoyer une demande<\/p>\n\t\t<\/div>\n\n\t\t\n<style>\n#section_22423401 {\n  padding-top: 30px;\n  padding-bottom: 30px;\n}\n<\/style>\n\t<\/section>\n\t\n\t<section class=\"section\" id=\"section_1759431955\">\n\t\t<div class=\"bg section-bg fill bg-fill  bg-loaded\" >\n\n\t\t\t\n\t\t\t\n\t\t\t\n\n\t\t<\/div>\n\n\t\t\n\n\t\t<div class=\"section-content relative\">\n\t\t\t\n<div class=\"row row-full-width align-center\"  id=\"row-613722019\">\n\n\t<div id=\"col-412778958\" class=\"col small-12 large-12\"  >\n\t\t\t\t<div class=\"col-inner text-center\"  >\n\t\t\t\n\t\t\t\n\t<div id=\"text-70643265\" class=\"text\">\n\t\t\n\t\t\n<style>\n#text-70643265 {\n  text-align: left;\n}\n<\/style>\n\t<\/div>\n\t\n\t<div id=\"text-1446502121\" class=\"text\">\n\t\t\n<h2>CONTACTEZ-NOUS<\/h2>\n\t\t\n<style>\n#text-1446502121 {\n  color: rgb(255,255,255);\n}\n#text-1446502121 > * {\n  color: rgb(255,255,255);\n}\n<\/style>\n\t<\/div>\n\t\n\n<div class=\"wpcf7 no-js\" id=\"wpcf7-f280-o1\" lang=\"en-US\" dir=\"ltr\" data-wpcf7-id=\"280\">\n<div class=\"screen-reader-response\"><p role=\"status\" aria-live=\"polite\" aria-atomic=\"true\"><\/p> <ul><\/ul><\/div>\n<form action=\"\/fr\/wp-json\/wp\/v2\/pages\/2298#wpcf7-f280-o1\" method=\"post\" class=\"wpcf7-form init\" aria-label=\"Formulaire de contact\" novalidate=\"novalidate\" data-status=\"init\" data-trp-original-action=\"\/fr\/wp-json\/wp\/v2\/pages\/2298#wpcf7-f280-o1\">\n<div style=\"display: none;\">\n<input type=\"hidden\" name=\"_wpcf7\" value=\"280\" \/>\n<input type=\"hidden\" name=\"_wpcf7_version\" value=\"6.0.6\" \/>\n<input type=\"hidden\" name=\"_wpcf7_locale\" value=\"en_US\" \/>\n<input type=\"hidden\" name=\"_wpcf7_unit_tag\" value=\"wpcf7-f280-o1\" \/>\n<input type=\"hidden\" name=\"_wpcf7_container_post\" value=\"0\" \/>\n<input type=\"hidden\" name=\"_wpcf7_posted_data_hash\" value=\"\" \/>\n<\/div>\n<div class='custom_contact_style'>\n\t<div class=\"row row-small\">\n\t\t<div class=\"col medium-6 small-12 large-6\">\n\t\t\t<div class=\"col-inner\">\n\t\t\t\t<p><span class=\"wpcf7-form-control-wrap\" data-name=\"your-name\"><input size=\"40\" maxlength=\"400\" class=\"wpcf7-form-control wpcf7-text wpcf7-validates-as-required\" aria-required=\"true\" aria-invalid=\"false\" placeholder=\"Nom*\" value=\"\" type=\"text\" name=\"your-name\" \/><\/span>\n\t\t\t\t<\/p>\n\t\t\t<\/div>\n\t\t<\/div>\n\t\t<div class=\"col medium-6 small-12 large-6\">\n\t\t\t<div class=\"col-inner\">\n\t\t\t\t<p><span class=\"wpcf7-form-control-wrap\" data-name=\"your-email\"><input size=\"40\" maxlength=\"400\" class=\"wpcf7-form-control wpcf7-email wpcf7-validates-as-required wpcf7-text wpcf7-validates-as-email\" aria-required=\"true\" aria-invalid=\"false\" placeholder=\"E-mail*\" value=\"\" type=\"email\" name=\"your-email\" \/><\/span>\n\t\t\t\t<\/p>\n\t\t\t<\/div>\n\t\t<\/div>\n\t<\/div>\n\t<div class='cus_contact_form_bottom'>\n\t\t<p><span class=\"wpcf7-form-control-wrap\" data-name=\"your-phone\"><input size=\"40\" maxlength=\"400\" class=\"wpcf7-form-control wpcf7-text\" aria-invalid=\"false\" placeholder=\"T\u00e9l\u00e9phone\" value=\"\" type=\"text\" name=\"your-phone\" \/><\/span>\n\t\t<\/p>\n\t<\/div>\n\t<div class='cus_contact_form_bottom'>\n\t\t<p><span class=\"wpcf7-form-control-wrap\" data-name=\"your-country\"><input size=\"40\" maxlength=\"400\" class=\"wpcf7-form-control wpcf7-text\" aria-invalid=\"false\" placeholder=\"Pays\" value=\"\" type=\"text\" name=\"your-country\" \/><\/span>\n\t\t<\/p>\n\t<\/div>\n\t<p><span class=\"wpcf7-form-control-wrap\" data-name=\"your-message\"><textarea cols=\"40\" rows=\"10\" maxlength=\"2000\" class=\"wpcf7-form-control wpcf7-textarea wpcf7-validates-as-required\" aria-required=\"true\" aria-invalid=\"false\" placeholder=\"Votre message *\" name=\"your-message\"><\/textarea><\/span>\n\t<\/p>\n\t<div style=\"margin-bottom:10px;\">\n\t<\/div>\n\t<p><div id=\"cf7sr-69ff30b5dda0d\" class=\"cf7sr-g-turnstile\" data-redirect=\"\" data-theme=\"auto\" data-language=\"en\" data-size=\"normal\" \n    data-sitekey=\"0x4AAAAAAA3FLd3Fs0zNyv_e\"><\/div><span class=\"wpcf7-form-control-wrap cf7sr-turnstile\" data-name=\"cf7sr-turnstile\"><input type=\"hidden\" name=\"cf7sr-turnstile\" value=\"\" class=\"wpcf7-form-control\"><\/span><br \/>\n<input class=\"wpcf7-form-control wpcf7-submit has-spinner\" type=\"submit\" value=\"Envoyer un message\" \/>\n\t<\/p>\n<\/div><div class=\"wpcf7-response-output\" aria-hidden=\"true\"><\/div>\n<input type=\"hidden\" name=\"trp-form-language\" value=\"fr\"\/><\/form>\n<\/div>\n\n\t\t<\/div>\n\t\t\t\t\t<\/div>\n\n\t\n<\/div>\n\t\t<\/div>\n\n\t\t\n<style>\n#section_1759431955 {\n  padding-top: 30px;\n  padding-bottom: 30px;\n  background-color: #214184;\n}\n<\/style>\n\t<\/section>","protected":false},"excerpt":{"rendered":"<p>Nos moteurs de broche CNC sont fournis directement depuis l&#039;usine, et non achet\u00e9s aupr\u00e8s des fournisseurs les moins chers de sources inconnues, ce qui garantit une qualit\u00e9 et une fiabilit\u00e9 connues. Toutes les broches de routeur CNC de RicoCNC sont originales, sans contrefa\u00e7on.<\/p>","protected":false},"author":1,"featured_media":2302,"parent":0,"menu_order":0,"comment_status":"closed","ping_status":"closed","template":"","meta":{"_gspb_post_css":"","footnotes":""},"class_list":["post-2298","page","type-page","status-publish","has-post-thumbnail","hentry"],"_links":{"self":[{"href":"https:\/\/spindlemotorshop.com\/fr\/wp-json\/wp\/v2\/pages\/2298","targetHints":{"allow":["GET"]}}],"collection":[{"href":"https:\/\/spindlemotorshop.com\/fr\/wp-json\/wp\/v2\/pages"}],"about":[{"href":"https:\/\/spindlemotorshop.com\/fr\/wp-json\/wp\/v2\/types\/page"}],"author":[{"embeddable":true,"href":"https:\/\/spindlemotorshop.com\/fr\/wp-json\/wp\/v2\/users\/1"}],"replies":[{"embeddable":true,"href":"https:\/\/spindlemotorshop.com\/fr\/wp-json\/wp\/v2\/comments?post=2298"}],"version-history":[{"count":0,"href":"https:\/\/spindlemotorshop.com\/fr\/wp-json\/wp\/v2\/pages\/2298\/revisions"}],"wp:featuredmedia":[{"embeddable":true,"href":"https:\/\/spindlemotorshop.com\/fr\/wp-json\/wp\/v2\/media\/2302"}],"wp:attachment":[{"href":"https:\/\/spindlemotorshop.com\/fr\/wp-json\/wp\/v2\/media?parent=2298"}],"curies":[{"name":"wp","href":"https:\/\/api.w.org\/{rel}","templated":true}]}}