{"id":3296,"date":"2024-08-06T08:08:30","date_gmt":"2024-08-06T08:08:30","guid":{"rendered":"https:\/\/spindlemotorshop.com\/?page_id=3296"},"modified":"2024-10-08T03:36:02","modified_gmt":"2024-10-08T03:36:02","slug":"gdz93x82-2-2-2200w-er25-square-air-cooling-spindle","status":"publish","type":"page","link":"https:\/\/spindlemotorshop.com\/fr\/gdz93x82-2-2-2200w-er25-square-air-cooling-spindle\/","title":{"rendered":"Broche de refroidissement \u00e0 air carr\u00e9e GDZ93X82-2.2 2.2KW ER25"},"content":{"rendered":"<div class=\"row\"  id=\"row-193000756\">\n\n\t<div id=\"col-1400786368\" class=\"col medium-6 small-12 large-6\"  >\n\t\t\t\t<div class=\"col-inner\"  >\n\t\t\t\n\t\t\t\n\t<div class=\"img has-hover x md-x lg-x y md-y lg-y\" id=\"image_1300609232\">\n\t\t\t\t\t\t\t\t<div class=\"img-inner image-cover box-shadow-1 dark\" style=\"padding-top:75%;\">\n\t\t\t<img loading=\"lazy\" decoding=\"async\" width=\"700\" height=\"700\" src=\"https:\/\/spindlemotorshop.com\/wp-content\/uploads\/2024\/08\/147937342336.jpg\" class=\"attachment-original size-original\" alt=\"Broche de refroidissement \u00e0 air carr\u00e9e 2,2 kW GDZ93X82 2,2 kW\" srcset=\"https:\/\/spindlemotorshop.com\/wp-content\/uploads\/2024\/08\/147937342336.jpg 700w, https:\/\/spindlemotorshop.com\/wp-content\/uploads\/2024\/08\/147937342336-300x300.jpg 300w, https:\/\/spindlemotorshop.com\/wp-content\/uploads\/2024\/08\/147937342336-150x150.jpg 150w, https:\/\/spindlemotorshop.com\/wp-content\/uploads\/2024\/08\/147937342336-12x12.jpg 12w, https:\/\/spindlemotorshop.com\/wp-content\/uploads\/2024\/08\/147937342336-600x600.jpg 600w, https:\/\/spindlemotorshop.com\/wp-content\/uploads\/2024\/08\/147937342336-100x100.jpg 100w\" sizes=\"auto, (max-width: 700px) 100vw, 700px\" \/>\t\t\t\t\t\t\n\t\t\t\t\t<\/div>\n\t\t\t\t\t\t\t\t\n<style>\n#image_1300609232 {\n  width: 100%;\n}\n<\/style>\n\t<\/div>\n\t\n\t\t<\/div>\n\t\t\t\t\t<\/div>\n\n\t\n\n\t<div id=\"col-1325641737\" class=\"col medium-6 small-12 large-6\"  >\n\t\t\t\t<div class=\"col-inner text-left\"  >\n\t\t\t\n\t\t\t\n\t<div id=\"text-2135448576\" class=\"text\">\n\t\t\n<h3 class=\"inner-3__prodetailname\">Broche de refroidissement \u00e0 air carr\u00e9e 2,2 kW GDZ93x82-2,2<\/h3>\n\t\t\n<style>\n#text-2135448576 {\n  font-size: 0.95rem;\n}\n<\/style>\n\t<\/div>\n\t\n\t<div id=\"text-1972735816\" class=\"text\">\n\t\t\n<ul>\n<li style=\"text-align: left;\">GDZ93x82-2.2<\/li>\n<li style=\"text-align: left;\">Moteur de broche ER25<\/li>\n<li>Broche CNC 18000 tr\/min<\/li>\n<li>Moteur de broche refroidi par air de 2,2 kW<\/li>\n<li>Moteur \u00e9lectrobroche 220V\/380V<\/li>\n<li>Moteur de broche de per\u00e7age et de fraisage CNC<\/li>\n<li>broche carr\u00e9e refroidie par air<\/li>\n<li>Convient pour une vitesse variable en continu<\/li>\n<\/ul>\n\t\t\n<style>\n#text-1972735816 {\n  text-align: left;\n}\n<\/style>\n\t<\/div>\n\t\n<a href=\"\/fr\/contact\/\" target=\"_blank\" class=\"button primary\" rel=\"noopener\"  style=\"border-radius:99px;\">\n    <span>Contactez-nous<\/span>\n  <\/a>\n\n\t\t<\/div>\n\t\t\t\t\n<style>\n#col-1325641737 > .col-inner {\n  padding: 0px 0px 5px 0px;\n}\n<\/style>\n\t<\/div>\n\n\t\n<\/div>\n<div class=\"text-center\"><div class=\"is-divider divider clearfix\" style=\"margin-top:0.9em;margin-bottom:0.9em;max-width:502px;\"><\/div><\/div>\n<blockquote>\n<ul>\n<li>Nos moteurs de broche CNC sont fournis directement depuis l&#039;usine, et non achet\u00e9s aupr\u00e8s des fournisseurs les moins chers de sources inconnues, ce qui garantit une qualit\u00e9 et une fiabilit\u00e9 connues. Toutes les broches de routeur CNC de RicoCNC sont originales, sans contrefa\u00e7on.<\/li>\n<\/ul>\n<\/blockquote>\n\t<section class=\"section\" id=\"section_1494996511\">\n\t\t<div class=\"bg section-bg fill bg-fill  bg-loaded\" >\n\n\t\t\t\n\t\t\t\n\t\t\t\n\n\t\t<\/div>\n\n\t\t\n\n\t\t<div class=\"section-content relative\">\n\t\t\t\n<div class=\"row\"  id=\"row-112932938\">\n\n\t<div id=\"col-36031617\" class=\"col medium-6 small-12 large-6\"  >\n\t\t\t\t<div class=\"col-inner\"  >\n\t\t\t\n\t\t\t\n<h2>Caract\u00e9ristiques techniques<\/h2>\n<div class=\"is-divider divider clearfix\" style=\"max-width:91px;background-color:rgb(82, 117, 141);\"><\/div>\n\n<table border=\"1\">\n<tbody>\n<tr>\n<th class=\"center-first-column\">Taper<\/th>\n<td>GDZ93x82-2.2<\/td>\n<\/tr>\n<tr>\n<th class=\"center-first-column\">M\u00e9thode de refroidissement<\/th>\n<td>Refroidissement par air<\/td>\n<\/tr>\n<tr>\n<th class=\"center-first-column\">Pouvoir<\/th>\n<td>2,2 kW<\/td>\n<\/tr>\n<tr>\n<th class=\"center-first-column\">Dimensions<\/th>\n<td>93&#215;82<\/td>\n<\/tr>\n<tr>\n<th class=\"center-first-column\">Tension<\/th>\n<td>220V \/ 380V<\/td>\n<\/tr>\n<tr>\n<th class=\"center-first-column\">Actuel<\/th>\n<td>10 A \/ 5,5 A<\/td>\n<\/tr>\n<tr>\n<th class=\"center-first-column\">Fr\u00e9quence<\/th>\n<td>300 Hz<\/td>\n<\/tr>\n<tr>\n<th class=\"center-first-column\">Vitesse<\/th>\n<td>18000 tr\/min<\/td>\n<\/tr>\n<tr>\n<th class=\"center-first-column\">Collet<\/th>\n<td>ER25<\/td>\n<\/tr>\n<tr>\n<th class=\"center-first-column\">Type de roulement<\/th>\n<td>7007*2+7002*2<\/td>\n<\/tr>\n<tr>\n<th class=\"center-first-column\">Poids<\/th>\n<td>8 kg<\/td>\n<\/tr>\n<\/tbody>\n<\/table>\n\n\t\t<\/div>\n\t\t\t\t\t<\/div>\n\n\t\n\n\t<div id=\"col-944547805\" class=\"col medium-6 small-12 large-6\"  >\n\t\t\t\t<div class=\"col-inner text-left\"  >\n\t\t\t\n\t\t\t\n<h2>Conception de la broche<\/h2>\n<div class=\"is-divider divider clearfix\" style=\"max-width:91px;background-color:rgb(82, 117, 141);\"><\/div>\n\t<div class=\"img has-hover x md-x lg-x y md-y lg-y\" id=\"image_2113124488\">\n\t\t\t\t\t\t\t\t<div class=\"img-inner dark\" style=\"margin:-100px 0px 0px 0px;\">\n\t\t\t<img loading=\"lazy\" decoding=\"async\" width=\"700\" height=\"700\" src=\"https:\/\/spindlemotorshop.com\/wp-content\/uploads\/2024\/08\/5184214793734775.jpg\" class=\"attachment-original size-original\" alt=\"Dessin de broche de refroidissement par air carr\u00e9 2,2 kW GDZ93X82 2,2 kW\" srcset=\"https:\/\/spindlemotorshop.com\/wp-content\/uploads\/2024\/08\/5184214793734775.jpg 700w, https:\/\/spindlemotorshop.com\/wp-content\/uploads\/2024\/08\/5184214793734775-300x300.jpg 300w, https:\/\/spindlemotorshop.com\/wp-content\/uploads\/2024\/08\/5184214793734775-150x150.jpg 150w, https:\/\/spindlemotorshop.com\/wp-content\/uploads\/2024\/08\/5184214793734775-12x12.jpg 12w, https:\/\/spindlemotorshop.com\/wp-content\/uploads\/2024\/08\/5184214793734775-600x600.jpg 600w, https:\/\/spindlemotorshop.com\/wp-content\/uploads\/2024\/08\/5184214793734775-100x100.jpg 100w\" sizes=\"auto, (max-width: 700px) 100vw, 700px\" \/>\t\t\t\t\t\t\n\t\t\t\t\t<\/div>\n\t\t\t\t\t\t\t\t\n<style>\n#image_2113124488 {\n  width: 100%;\n}\n<\/style>\n\t<\/div>\n\t\n\t<div class=\"img has-hover x md-x lg-x y md-y lg-y\" id=\"image_1210505529\">\n\t\t\t\t\t\t\t\t<div class=\"img-inner dark\" >\n\t\t\t\t\t\t\t\t\t\n\t\t\t\t\t<\/div>\n\t\t\t\t\t\t\t\t\n<style>\n#image_1210505529 {\n  width: 93%;\n}\n<\/style>\n\t<\/div>\n\t\n\t<div class=\"img has-hover x md-x lg-x y md-y lg-y\" id=\"image_1450399461\">\n\t\t\t\t\t\t\t\t<div class=\"img-inner image-cover dark\" style=\"padding-top:75%;\">\n\t\t\t\t\t\t\t\t\t\n\t\t\t\t\t<\/div>\n\t\t\t\t\t\t\t\t\n<style>\n#image_1450399461 {\n  width: 0%;\n}\n<\/style>\n\t<\/div>\n\t\n\t\t<\/div>\n\t\t\t\t\n<style>\n#col-944547805 > .col-inner {\n  margin: 0px 0px -96px 0px;\n}\n<\/style>\n\t<\/div>\n\n\t\n<\/div>\n\t<div id=\"gap-1932272983\" class=\"gap-element clearfix\" style=\"display:block; height:auto;\">\n\t\t\n<style>\n#gap-1932272983 {\n  padding-top: 30px;\n}\n<\/style>\n\t<\/div>\n\t\n<ul>\n<li>\n<p class=\"inner-3__prodetailname\">2,2 kW <strong>GDZ93x82-2.2<\/strong> broche carr\u00e9e de refroidissement par air. <span style=\"color: #333333;\">Utilisez des roulements de qualit\u00e9 p4 7007 \u00d7 2 + 7002 \u00d7 2 pour garantir la stabilit\u00e9 de fonctionnement et la pr\u00e9cision du traitement. 93x82 mm, adapt\u00e9 aux \u00e9quipements de taille moyenne et au traitement fin.<\/span><\/p>\n<\/li>\n<\/ul>\n\t\t<\/div>\n\n\t\t\n<style>\n#section_1494996511 {\n  padding-top: 30px;\n  padding-bottom: 30px;\n}\n<\/style>\n\t<\/section>\n\t\n<div class=\"row\"  id=\"row-931468409\">\n\n\t<div id=\"col-2132667760\" class=\"col medium-6 small-12 large-6\"  >\n\t\t\t\t<div class=\"col-inner\"  >\n\t\t\t\n\t\t\t\n\t<div class=\"img has-hover x md-x lg-x y md-y lg-y\" id=\"image_1559471623\">\n\t\t\t\t\t\t\t\t<div class=\"img-inner image-cover dark\" style=\"padding-top:75%;\">\n\t\t\t<img loading=\"lazy\" decoding=\"async\" width=\"700\" height=\"700\" src=\"https:\/\/spindlemotorshop.com\/wp-content\/uploads\/2024\/08\/3968814793736589.jpg\" class=\"attachment-original size-original\" alt=\"Broche de refroidissement \u00e0 air carr\u00e9e 2,2 kW GDZ93X82 2,2 kW\" srcset=\"https:\/\/spindlemotorshop.com\/wp-content\/uploads\/2024\/08\/3968814793736589.jpg 700w, https:\/\/spindlemotorshop.com\/wp-content\/uploads\/2024\/08\/3968814793736589-300x300.jpg 300w, https:\/\/spindlemotorshop.com\/wp-content\/uploads\/2024\/08\/3968814793736589-150x150.jpg 150w, https:\/\/spindlemotorshop.com\/wp-content\/uploads\/2024\/08\/3968814793736589-12x12.jpg 12w, https:\/\/spindlemotorshop.com\/wp-content\/uploads\/2024\/08\/3968814793736589-600x600.jpg 600w, https:\/\/spindlemotorshop.com\/wp-content\/uploads\/2024\/08\/3968814793736589-100x100.jpg 100w\" sizes=\"auto, (max-width: 700px) 100vw, 700px\" \/>\t\t\t\t\t\t\n\t\t\t\t\t<\/div>\n\t\t\t\t\t\t\t\t\n<style>\n#image_1559471623 {\n  width: 100%;\n}\n<\/style>\n\t<\/div>\n\t\n\t\t<\/div>\n\t\t\t\t\t<\/div>\n\n\t\n\n\t<div id=\"col-602968143\" class=\"col medium-6 small-12 large-6\"  >\n\t\t\t\t<div class=\"col-inner\"  >\n\t\t\t\n\t\t\t\n\t<div class=\"img has-hover x md-x lg-x y md-y lg-y\" id=\"image_1879181788\">\n\t\t\t\t\t\t\t\t<div class=\"img-inner image-cover dark\" style=\"padding-top:75%;\">\n\t\t\t<img loading=\"lazy\" decoding=\"async\" width=\"2560\" height=\"1533\" src=\"https:\/\/spindlemotorshop.com\/wp-content\/uploads\/2024\/08\/IMAG3413-scaled.jpg\" class=\"attachment-original size-original\" alt=\"Application de broche de refroidissement par air carr\u00e9 2,2 kW GDZ93X82 2,2 kW\" srcset=\"https:\/\/spindlemotorshop.com\/wp-content\/uploads\/2024\/08\/IMAG3413-scaled.jpg 2560w, https:\/\/spindlemotorshop.com\/wp-content\/uploads\/2024\/08\/IMAG3413-300x180.jpg 300w, https:\/\/spindlemotorshop.com\/wp-content\/uploads\/2024\/08\/IMAG3413-1024x613.jpg 1024w, https:\/\/spindlemotorshop.com\/wp-content\/uploads\/2024\/08\/IMAG3413-768x460.jpg 768w, https:\/\/spindlemotorshop.com\/wp-content\/uploads\/2024\/08\/IMAG3413-1536x920.jpg 1536w, https:\/\/spindlemotorshop.com\/wp-content\/uploads\/2024\/08\/IMAG3413-2048x1226.jpg 2048w, https:\/\/spindlemotorshop.com\/wp-content\/uploads\/2024\/08\/IMAG3413-18x12.jpg 18w, https:\/\/spindlemotorshop.com\/wp-content\/uploads\/2024\/08\/IMAG3413-600x359.jpg 600w\" sizes=\"auto, (max-width: 2560px) 100vw, 2560px\" \/>\t\t\t\t\t\t\n\t\t\t\t\t<\/div>\n\t\t\t\t\t\t\t\t\n<style>\n#image_1879181788 {\n  width: 98%;\n}\n<\/style>\n\t<\/div>\n\t\n\t\t<\/div>\n\t\t\t\t\t<\/div>\n\n\t\n<\/div>\n\t<section class=\"section\" id=\"section_1615835835\">\n\t\t<div class=\"bg section-bg fill bg-fill  bg-loaded\" >\n\n\t\t\t\n\t\t\t\n\t\t\t\n\n\t\t<\/div>\n\n\t\t\n\n\t\t<div class=\"section-content relative\">\n\t\t\t\n<h4>Si vous avez besoin d&#039;une broche CNC, n&#039;h\u00e9sitez pas \u00e0 envoyer une demande<\/h4>\n\t\t<\/div>\n\n\t\t\n<style>\n#section_1615835835 {\n  padding-top: 30px;\n  padding-bottom: 30px;\n}\n<\/style>\n\t<\/section>\n\t\n\t<section class=\"section\" id=\"section_442738640\">\n\t\t<div class=\"bg section-bg fill bg-fill  bg-loaded\" >\n\n\t\t\t\n\t\t\t\n\t\t\t\n\n\t\t<\/div>\n\n\t\t\n\n\t\t<div class=\"section-content relative\">\n\t\t\t\n<div class=\"row row-full-width align-center\"  id=\"row-1675005451\">\n\n\t<div id=\"col-361979050\" class=\"col small-12 large-12\"  >\n\t\t\t\t<div class=\"col-inner text-center\"  >\n\t\t\t\n\t\t\t\n\t<div id=\"text-1686516630\" class=\"text\">\n\t\t\n\t\t\n<style>\n#text-1686516630 {\n  text-align: left;\n}\n<\/style>\n\t<\/div>\n\t\n\t<div id=\"text-180077347\" class=\"text\">\n\t\t\n<h2>CONTACTEZ-NOUS<\/h2>\n\t\t\n<style>\n#text-180077347 {\n  color: rgb(255,255,255);\n}\n#text-180077347 > * {\n  color: rgb(255,255,255);\n}\n<\/style>\n\t<\/div>\n\t\n\n<div class=\"wpcf7 no-js\" id=\"wpcf7-f280-o1\" lang=\"en-US\" dir=\"ltr\" data-wpcf7-id=\"280\">\n<div class=\"screen-reader-response\"><p role=\"status\" aria-live=\"polite\" aria-atomic=\"true\"><\/p> <ul><\/ul><\/div>\n<form action=\"\/fr\/wp-json\/wp\/v2\/pages\/3296#wpcf7-f280-o1\" method=\"post\" class=\"wpcf7-form init\" aria-label=\"Formulaire de contact\" novalidate=\"novalidate\" data-status=\"init\" data-trp-original-action=\"\/fr\/wp-json\/wp\/v2\/pages\/3296#wpcf7-f280-o1\">\n<div style=\"display: none;\">\n<input type=\"hidden\" name=\"_wpcf7\" value=\"280\" \/>\n<input type=\"hidden\" name=\"_wpcf7_version\" value=\"6.0.6\" \/>\n<input type=\"hidden\" name=\"_wpcf7_locale\" value=\"en_US\" \/>\n<input type=\"hidden\" name=\"_wpcf7_unit_tag\" value=\"wpcf7-f280-o1\" \/>\n<input type=\"hidden\" name=\"_wpcf7_container_post\" value=\"0\" \/>\n<input type=\"hidden\" name=\"_wpcf7_posted_data_hash\" value=\"\" \/>\n<\/div>\n<div class='custom_contact_style'>\n\t<div class=\"row row-small\">\n\t\t<div class=\"col medium-6 small-12 large-6\">\n\t\t\t<div class=\"col-inner\">\n\t\t\t\t<p><span class=\"wpcf7-form-control-wrap\" data-name=\"your-name\"><input size=\"40\" maxlength=\"400\" class=\"wpcf7-form-control wpcf7-text wpcf7-validates-as-required\" aria-required=\"true\" aria-invalid=\"false\" placeholder=\"Nom*\" value=\"\" type=\"text\" name=\"your-name\" \/><\/span>\n\t\t\t\t<\/p>\n\t\t\t<\/div>\n\t\t<\/div>\n\t\t<div class=\"col medium-6 small-12 large-6\">\n\t\t\t<div class=\"col-inner\">\n\t\t\t\t<p><span class=\"wpcf7-form-control-wrap\" data-name=\"your-email\"><input size=\"40\" maxlength=\"400\" class=\"wpcf7-form-control wpcf7-email wpcf7-validates-as-required wpcf7-text wpcf7-validates-as-email\" aria-required=\"true\" aria-invalid=\"false\" placeholder=\"E-mail*\" value=\"\" type=\"email\" name=\"your-email\" \/><\/span>\n\t\t\t\t<\/p>\n\t\t\t<\/div>\n\t\t<\/div>\n\t<\/div>\n\t<div class='cus_contact_form_bottom'>\n\t\t<p><span class=\"wpcf7-form-control-wrap\" data-name=\"your-phone\"><input size=\"40\" maxlength=\"400\" class=\"wpcf7-form-control wpcf7-text\" aria-invalid=\"false\" placeholder=\"T\u00e9l\u00e9phone\" value=\"\" type=\"text\" name=\"your-phone\" \/><\/span>\n\t\t<\/p>\n\t<\/div>\n\t<div class='cus_contact_form_bottom'>\n\t\t<p><span class=\"wpcf7-form-control-wrap\" data-name=\"your-country\"><input size=\"40\" maxlength=\"400\" class=\"wpcf7-form-control wpcf7-text\" aria-invalid=\"false\" placeholder=\"Pays\" value=\"\" type=\"text\" name=\"your-country\" \/><\/span>\n\t\t<\/p>\n\t<\/div>\n\t<p><span class=\"wpcf7-form-control-wrap\" data-name=\"your-message\"><textarea cols=\"40\" rows=\"10\" maxlength=\"2000\" class=\"wpcf7-form-control wpcf7-textarea wpcf7-validates-as-required\" aria-required=\"true\" aria-invalid=\"false\" placeholder=\"Votre message *\" name=\"your-message\"><\/textarea><\/span>\n\t<\/p>\n\t<div style=\"margin-bottom:10px;\">\n\t<\/div>\n\t<p><div id=\"cf7sr-69ff30de8aa29\" class=\"cf7sr-g-turnstile\" data-redirect=\"\" data-theme=\"auto\" data-language=\"en\" data-size=\"normal\" \n    data-sitekey=\"0x4AAAAAAA3FLd3Fs0zNyv_e\"><\/div><span class=\"wpcf7-form-control-wrap cf7sr-turnstile\" data-name=\"cf7sr-turnstile\"><input type=\"hidden\" name=\"cf7sr-turnstile\" value=\"\" class=\"wpcf7-form-control\"><\/span><br \/>\n<input class=\"wpcf7-form-control wpcf7-submit has-spinner\" type=\"submit\" value=\"Envoyer un message\" \/>\n\t<\/p>\n<\/div><div class=\"wpcf7-response-output\" aria-hidden=\"true\"><\/div>\n<input type=\"hidden\" name=\"trp-form-language\" value=\"fr\"\/><\/form>\n<\/div>\n\n\t\t<\/div>\n\t\t\t\t\t<\/div>\n\n\t\n<\/div>\n\t\t<\/div>\n\n\t\t\n<style>\n#section_442738640 {\n  padding-top: 30px;\n  padding-bottom: 30px;\n  background-color: #214184;\n}\n<\/style>\n\t<\/section>","protected":false},"excerpt":{"rendered":"<p>Nos moteurs de broche CNC sont fournis directement depuis l&#039;usine, et non achet\u00e9s aupr\u00e8s des fournisseurs les moins chers de sources inconnues, ce qui garantit une qualit\u00e9 et une fiabilit\u00e9 connues. Toutes les broches de routeur CNC de RicoCNC sont originales, sans contrefa\u00e7on.<\/p>","protected":false},"author":1,"featured_media":0,"parent":0,"menu_order":0,"comment_status":"closed","ping_status":"closed","template":"","meta":{"_gspb_post_css":"","footnotes":""},"class_list":["post-3296","page","type-page","status-publish","hentry"],"_links":{"self":[{"href":"https:\/\/spindlemotorshop.com\/fr\/wp-json\/wp\/v2\/pages\/3296","targetHints":{"allow":["GET"]}}],"collection":[{"href":"https:\/\/spindlemotorshop.com\/fr\/wp-json\/wp\/v2\/pages"}],"about":[{"href":"https:\/\/spindlemotorshop.com\/fr\/wp-json\/wp\/v2\/types\/page"}],"author":[{"embeddable":true,"href":"https:\/\/spindlemotorshop.com\/fr\/wp-json\/wp\/v2\/users\/1"}],"replies":[{"embeddable":true,"href":"https:\/\/spindlemotorshop.com\/fr\/wp-json\/wp\/v2\/comments?post=3296"}],"version-history":[{"count":0,"href":"https:\/\/spindlemotorshop.com\/fr\/wp-json\/wp\/v2\/pages\/3296\/revisions"}],"wp:attachment":[{"href":"https:\/\/spindlemotorshop.com\/fr\/wp-json\/wp\/v2\/media?parent=3296"}],"curies":[{"name":"wp","href":"https:\/\/api.w.org\/{rel}","templated":true}]}}