{"id":3481,"date":"2024-08-08T06:47:40","date_gmt":"2024-08-08T06:47:40","guid":{"rendered":"https:\/\/spindlemotorshop.com\/?page_id=3481"},"modified":"2024-10-08T02:39:44","modified_gmt":"2024-10-08T02:39:44","slug":"gdz-18b-1500w-er16-water-cooled-spindle","status":"publish","type":"page","link":"https:\/\/spindlemotorshop.com\/fr\/gdz-18b-1500w-er16-water-cooled-spindle\/","title":{"rendered":"Broche refroidie par eau GDZ-18B 1,5 kW ER16"},"content":{"rendered":"<div class=\"row\"  id=\"row-684861459\">\n\n\t<div id=\"col-396415674\" class=\"col medium-6 small-12 large-6\"  >\n\t\t\t\t<div class=\"col-inner\"  >\n\t\t\t\n\t\t\t\n\t<div class=\"img has-hover x md-x lg-x y md-y lg-y\" id=\"image_1172684440\">\n\t\t\t\t\t\t\t\t<div class=\"img-inner image-cover box-shadow-1 dark\" style=\"padding-top:50%;\">\n\t\t\t<img loading=\"lazy\" decoding=\"async\" width=\"800\" height=\"800\" src=\"https:\/\/spindlemotorshop.com\/wp-content\/uploads\/2024\/08\/1675230425655183.jpg\" class=\"attachment-original size-original\" alt=\"Broche refroidie par eau 1,5 kW ER16 GDZ-18B\" srcset=\"https:\/\/spindlemotorshop.com\/wp-content\/uploads\/2024\/08\/1675230425655183.jpg 800w, https:\/\/spindlemotorshop.com\/wp-content\/uploads\/2024\/08\/1675230425655183-300x300.jpg 300w, https:\/\/spindlemotorshop.com\/wp-content\/uploads\/2024\/08\/1675230425655183-150x150.jpg 150w, https:\/\/spindlemotorshop.com\/wp-content\/uploads\/2024\/08\/1675230425655183-768x768.jpg 768w, https:\/\/spindlemotorshop.com\/wp-content\/uploads\/2024\/08\/1675230425655183-12x12.jpg 12w, https:\/\/spindlemotorshop.com\/wp-content\/uploads\/2024\/08\/1675230425655183-600x600.jpg 600w, https:\/\/spindlemotorshop.com\/wp-content\/uploads\/2024\/08\/1675230425655183-100x100.jpg 100w\" sizes=\"auto, (max-width: 800px) 100vw, 800px\" \/>\t\t\t\t\t\t\n\t\t\t\t\t<\/div>\n\t\t\t\t\t\t\t\t\n<style>\n#image_1172684440 {\n  width: 100%;\n}\n<\/style>\n\t<\/div>\n\t\n\t\t<\/div>\n\t\t\t\t\t<\/div>\n\n\t\n\n\t<div id=\"col-1002957062\" class=\"col medium-6 small-12 large-6\"  >\n\t\t\t\t<div class=\"col-inner text-left\"  >\n\t\t\t\n\t\t\t\n\t<div id=\"text-965622930\" class=\"text\">\n\t\t\n<h3 class=\"inner-3__prodetailname\">Broche refroidie par eau 1,5 kW ER16 GDZ-18B<\/h3>\n\t\t\n<style>\n#text-965622930 {\n  font-size: 0.95rem;\n}\n<\/style>\n\t<\/div>\n\t\n\t<div id=\"text-3018522345\" class=\"text\">\n\t\t\n<ul>\n<li style=\"text-align: left;\">GDZ-18B<\/li>\n<li style=\"text-align: left;\">Moteur de broche CNC ER16<\/li>\n<li>Broche CNC 24000 tr\/min<\/li>\n<li>Moteur de broche de 1,5 kW<\/li>\n<li>moteurs de broche refroidis par eau<\/li>\n<li>Moteur de broche \u03a665mm<\/li>\n<li>Gravure CNC, moteur de broche de fraisage<\/li>\n<li>Structure \u00e0 quatre paliers<\/li>\n<\/ul>\n\t\t\n<style>\n#text-3018522345 {\n  text-align: left;\n}\n<\/style>\n\t<\/div>\n\t\n<a href=\"\/fr\/contact\/\" target=\"_blank\" class=\"button primary\" rel=\"noopener\"  style=\"border-radius:99px;\">\n    <span>Contactez-nous<\/span>\n  <\/a>\n\n\t\t<\/div>\n\t\t\t\t\n<style>\n#col-1002957062 > .col-inner {\n  padding: 0px 0px 5px 0px;\n}\n<\/style>\n\t<\/div>\n\n\t\n<\/div>\n<div class=\"text-center\"><div class=\"is-divider divider clearfix\" style=\"margin-top:0.9em;margin-bottom:0.9em;max-width:502px;\"><\/div><\/div>\n<blockquote>\n<ul>\n<li>Nos moteurs de broche CNC sont fournis directement depuis l&#039;usine, et non achet\u00e9s aupr\u00e8s des fournisseurs les moins chers de sources inconnues, ce qui garantit une qualit\u00e9 et une fiabilit\u00e9 connues. Toutes les broches de routeur CNC de RicoCNC sont originales, sans contrefa\u00e7on.<\/li>\n<\/ul>\n<\/blockquote>\n\t<section class=\"section\" id=\"section_1232065954\">\n\t\t<div class=\"bg section-bg fill bg-fill  bg-loaded\" >\n\n\t\t\t\n\t\t\t\n\t\t\t\n\n\t\t<\/div>\n\n\t\t\n\n\t\t<div class=\"section-content relative\">\n\t\t\t\n<div class=\"row\"  id=\"row-1354852747\">\n\n\t<div id=\"col-1950822269\" class=\"col medium-6 small-12 large-6\"  >\n\t\t\t\t<div class=\"col-inner\"  >\n\t\t\t\n\t\t\t\n<h2>Caract\u00e9ristiques techniques<\/h2>\n<div class=\"is-divider divider clearfix\" style=\"max-width:91px;background-color:rgb(82, 117, 141);\"><\/div>\n\n<table border=\"1\">\n<tbody>\n<tr>\n<th class=\"center-first-column\">Taper<\/th>\n<td>GDZ-18B<\/td>\n<\/tr>\n<tr>\n<th class=\"center-first-column\">Dimensions<\/th>\n<td>\u03a665*230mm<\/td>\n<\/tr>\n<tr>\n<th class=\"center-first-column\">Vitesse<\/th>\n<td>24000 tr\/min<\/td>\n<\/tr>\n<tr>\n<th class=\"center-first-column\">Pouvoir<\/th>\n<td>1,5 kW<\/td>\n<\/tr>\n<tr>\n<th class=\"center-first-column\">Tension<\/th>\n<td>220V<\/td>\n<\/tr>\n<tr>\n<th class=\"center-first-column\">Actuel<\/th>\n<td>5A<\/td>\n<\/tr>\n<tr>\n<th class=\"center-first-column\">Fr\u00e9quence<\/th>\n<td>400 Hz<\/td>\n<\/tr>\n<tr>\n<th class=\"center-first-column\">Palier<\/th>\n<td>7004C\/P*2, 7001C\/P*2<\/td>\n<\/tr>\n<tr>\n<th class=\"center-first-column\">Collet<\/th>\n<td>ER16<\/td>\n<\/tr>\n<tr>\n<th class=\"center-first-column\">Nombre de phases<\/th>\n<td>3<\/td>\n<\/tr>\n<\/tbody>\n<\/table>\n\n\t\t<\/div>\n\t\t\t\t\t<\/div>\n\n\t\n\n\t<div id=\"col-1212256775\" class=\"col medium-6 small-12 large-6\"  >\n\t\t\t\t<div class=\"col-inner\"  >\n\t\t\t\n\t\t\t\n<h2>Conception de la broche<\/h2>\n<div class=\"is-divider divider clearfix\" style=\"max-width:91px;background-color:rgb(82, 117, 141);\"><\/div>\n\t<div class=\"img has-hover x md-x lg-x y md-y lg-y\" id=\"image_1802937067\">\n\t\t\t\t\t\t\t\t<div class=\"img-inner dark\" >\n\t\t\t<img loading=\"lazy\" decoding=\"async\" width=\"738\" height=\"372\" src=\"https:\/\/spindlemotorshop.com\/wp-content\/uploads\/2024\/08\/O1CN01lSCu0H2CTbH3965sx___130318475.jpg\" class=\"attachment-original size-original\" alt=\"Dessin de broche refroidie par eau 1,5 kW ER16 GDZ-18B\" srcset=\"https:\/\/spindlemotorshop.com\/wp-content\/uploads\/2024\/08\/O1CN01lSCu0H2CTbH3965sx___130318475.jpg 738w, https:\/\/spindlemotorshop.com\/wp-content\/uploads\/2024\/08\/O1CN01lSCu0H2CTbH3965sx___130318475-300x151.jpg 300w, https:\/\/spindlemotorshop.com\/wp-content\/uploads\/2024\/08\/O1CN01lSCu0H2CTbH3965sx___130318475-18x9.jpg 18w, https:\/\/spindlemotorshop.com\/wp-content\/uploads\/2024\/08\/O1CN01lSCu0H2CTbH3965sx___130318475-600x302.jpg 600w\" sizes=\"auto, (max-width: 738px) 100vw, 738px\" \/>\t\t\t\t\t\t\n\t\t\t\t\t<\/div>\n\t\t\t\t\t\t\t\t\n<style>\n#image_1802937067 {\n  width: 100%;\n}\n<\/style>\n\t<\/div>\n\t\n\t<div class=\"img has-hover x md-x lg-x y md-y lg-y\" id=\"image_2096108472\">\n\t\t\t\t\t\t\t\t<div class=\"img-inner dark\" >\n\t\t\t\t\t\t\t\t\t\n\t\t\t\t\t<\/div>\n\t\t\t\t\t\t\t\t\n<style>\n#image_2096108472 {\n  width: 93%;\n}\n<\/style>\n\t<\/div>\n\t\n\t<div class=\"img has-hover x md-x lg-x y md-y lg-y\" id=\"image_396057083\">\n\t\t\t\t\t\t\t\t<div class=\"img-inner image-cover dark\" style=\"padding-top:75%;\">\n\t\t\t\t\t\t\t\t\t\n\t\t\t\t\t<\/div>\n\t\t\t\t\t\t\t\t\n<style>\n#image_396057083 {\n  width: 0%;\n}\n<\/style>\n\t<\/div>\n\t\n\t\t<\/div>\n\t\t\t\t\n<style>\n#col-1212256775 > .col-inner {\n  margin: 0px 0px -96px 0px;\n}\n<\/style>\n\t<\/div>\n\n\t\n<\/div>\n\t\t<\/div>\n\n\t\t\n<style>\n#section_1232065954 {\n  padding-top: 8px;\n  padding-bottom: 8px;\n}\n<\/style>\n\t<\/section>\n\t\n<ul>\n<li><strong>GDZ-18B<\/strong> est une version \u00e9tendue de <strong>GDZ-18<\/strong>Il utilise un mandrin diff\u00e9rent de celui <strong>GDZ-18<\/strong>. En m\u00eame temps, <strong>GDZ-18B<\/strong> utilise une structure \u00e0 quatre paliers, tandis que <strong>GDZ-18<\/strong> utilise une structure \u00e0 trois paliers. Veuillez v\u00e9rifier avant de passer une commande pour \u00e9viter les probl\u00e8mes caus\u00e9s par une mauvaise commande.<\/li>\n<\/ul>\n\t<div id=\"gap-1133601645\" class=\"gap-element clearfix\" style=\"display:block; height:auto;\">\n\t\t\n<style>\n#gap-1133601645 {\n  padding-top: 30px;\n}\n<\/style>\n\t<\/div>\n\t\n<div class=\"row\"  id=\"row-342843393\">\n\n\t<div id=\"col-1992638375\" class=\"col medium-6 small-12 large-6\"  >\n\t\t\t\t<div class=\"col-inner text-center\"  >\n\t\t\t\n\t\t\t\n\t<div class=\"img has-hover x md-x lg-x y md-y lg-y\" id=\"image_700523794\">\n\t\t\t\t\t\t\t\t<div class=\"img-inner image-cover box-shadow-1 dark\" style=\"padding-top:75%;\">\n\t\t\t<img loading=\"lazy\" decoding=\"async\" width=\"500\" height=\"308\" src=\"https:\/\/spindlemotorshop.com\/wp-content\/uploads\/2024\/08\/1701334067838775.jpg\" class=\"attachment-original size-original\" alt=\"Produit de broche refroidi par eau ER16 GDZ-18B de 1,5 kW\" srcset=\"https:\/\/spindlemotorshop.com\/wp-content\/uploads\/2024\/08\/1701334067838775.jpg 500w, https:\/\/spindlemotorshop.com\/wp-content\/uploads\/2024\/08\/1701334067838775-300x185.jpg 300w, https:\/\/spindlemotorshop.com\/wp-content\/uploads\/2024\/08\/1701334067838775-18x12.jpg 18w\" sizes=\"auto, (max-width: 500px) 100vw, 500px\" \/>\t\t\t\t\t\t\n\t\t\t\t\t<\/div>\n\t\t\t\t\t\t\t\t\n<style>\n#image_700523794 {\n  width: 96%;\n}\n<\/style>\n\t<\/div>\n\t\n\t\t<\/div>\n\t\t\t\t\t<\/div>\n\n\t\n\n\t<div id=\"col-1194278424\" class=\"col medium-6 small-12 large-6\"  >\n\t\t\t\t<div class=\"col-inner text-center\"  >\n\t\t\t\n\t\t\t\n\t<div class=\"img has-hover x md-x lg-x y md-y lg-y\" id=\"image_1305277584\">\n\t\t\t\t\t\t\t\t<div class=\"img-inner image-cover box-shadow-1 dark\" style=\"padding-top:100%;\">\n\t\t\t<img loading=\"lazy\" decoding=\"async\" width=\"1236\" height=\"1408\" src=\"https:\/\/spindlemotorshop.com\/wp-content\/uploads\/2024\/08\/IMG_0406-scaled-e1723098928223.jpg\" class=\"attachment-original size-original\" alt=\"Application de broche refroidie par eau 1,5 kW ER16 GDZ-18B\" srcset=\"https:\/\/spindlemotorshop.com\/wp-content\/uploads\/2024\/08\/IMG_0406-scaled-e1723098928223.jpg 1236w, https:\/\/spindlemotorshop.com\/wp-content\/uploads\/2024\/08\/IMG_0406-scaled-e1723098928223-263x300.jpg 263w, https:\/\/spindlemotorshop.com\/wp-content\/uploads\/2024\/08\/IMG_0406-scaled-e1723098928223-899x1024.jpg 899w, https:\/\/spindlemotorshop.com\/wp-content\/uploads\/2024\/08\/IMG_0406-scaled-e1723098928223-768x875.jpg 768w, https:\/\/spindlemotorshop.com\/wp-content\/uploads\/2024\/08\/IMG_0406-scaled-e1723098928223-11x12.jpg 11w, https:\/\/spindlemotorshop.com\/wp-content\/uploads\/2024\/08\/IMG_0406-scaled-e1723098928223-600x683.jpg 600w\" sizes=\"auto, (max-width: 1236px) 100vw, 1236px\" \/>\t\t\t\t\t\t\n\t\t\t\t\t<\/div>\n\t\t\t\t\t\t\t\t\n<style>\n#image_1305277584 {\n  width: 80%;\n}\n<\/style>\n\t<\/div>\n\t\n\t\t<\/div>\n\t\t\t\t\t<\/div>\n\n\t\n<\/div>\n\t<section class=\"section\" id=\"section_1708946116\">\n\t\t<div class=\"bg section-bg fill bg-fill  bg-loaded\" >\n\n\t\t\t\n\t\t\t\n\t\t\t\n\n\t\t<\/div>\n\n\t\t\n\n\t\t<div class=\"section-content relative\">\n\t\t\t\n<h4>Si vous avez besoin d&#039;une broche CNC, n&#039;h\u00e9sitez pas \u00e0 envoyer une demande<\/h4>\n\t\t<\/div>\n\n\t\t\n<style>\n#section_1708946116 {\n  padding-top: 30px;\n  padding-bottom: 30px;\n}\n<\/style>\n\t<\/section>\n\t\n\t<section class=\"section\" id=\"section_1520260059\">\n\t\t<div class=\"bg section-bg fill bg-fill  bg-loaded\" >\n\n\t\t\t\n\t\t\t\n\t\t\t\n\n\t\t<\/div>\n\n\t\t\n\n\t\t<div class=\"section-content relative\">\n\t\t\t\n<div class=\"row row-full-width align-center\"  id=\"row-307591806\">\n\n\t<div id=\"col-533594039\" class=\"col small-12 large-12\"  >\n\t\t\t\t<div class=\"col-inner text-center\"  >\n\t\t\t\n\t\t\t\n\t<div id=\"text-1938612761\" class=\"text\">\n\t\t\n\t\t\n<style>\n#text-1938612761 {\n  text-align: left;\n}\n<\/style>\n\t<\/div>\n\t\n\t<div id=\"text-2666234529\" class=\"text\">\n\t\t\n<h2>CONTACTEZ-NOUS<\/h2>\n\t\t\n<style>\n#text-2666234529 {\n  color: rgb(255,255,255);\n}\n#text-2666234529 > * {\n  color: rgb(255,255,255);\n}\n<\/style>\n\t<\/div>\n\t\n\n<div class=\"wpcf7 no-js\" id=\"wpcf7-f280-o1\" lang=\"en-US\" dir=\"ltr\" data-wpcf7-id=\"280\">\n<div class=\"screen-reader-response\"><p role=\"status\" aria-live=\"polite\" aria-atomic=\"true\"><\/p> <ul><\/ul><\/div>\n<form action=\"\/fr\/wp-json\/wp\/v2\/pages\/3481#wpcf7-f280-o1\" method=\"post\" class=\"wpcf7-form init\" aria-label=\"Formulaire de contact\" novalidate=\"novalidate\" data-status=\"init\" data-trp-original-action=\"\/fr\/wp-json\/wp\/v2\/pages\/3481#wpcf7-f280-o1\">\n<div style=\"display: none;\">\n<input type=\"hidden\" name=\"_wpcf7\" value=\"280\" \/>\n<input type=\"hidden\" name=\"_wpcf7_version\" value=\"6.0.6\" \/>\n<input type=\"hidden\" name=\"_wpcf7_locale\" value=\"en_US\" \/>\n<input type=\"hidden\" name=\"_wpcf7_unit_tag\" value=\"wpcf7-f280-o1\" \/>\n<input type=\"hidden\" name=\"_wpcf7_container_post\" value=\"0\" \/>\n<input type=\"hidden\" name=\"_wpcf7_posted_data_hash\" value=\"\" \/>\n<\/div>\n<div class='custom_contact_style'>\n\t<div class=\"row row-small\">\n\t\t<div class=\"col medium-6 small-12 large-6\">\n\t\t\t<div class=\"col-inner\">\n\t\t\t\t<p><span class=\"wpcf7-form-control-wrap\" data-name=\"your-name\"><input size=\"40\" maxlength=\"400\" class=\"wpcf7-form-control wpcf7-text wpcf7-validates-as-required\" aria-required=\"true\" aria-invalid=\"false\" placeholder=\"Nom*\" value=\"\" type=\"text\" name=\"your-name\" \/><\/span>\n\t\t\t\t<\/p>\n\t\t\t<\/div>\n\t\t<\/div>\n\t\t<div class=\"col medium-6 small-12 large-6\">\n\t\t\t<div class=\"col-inner\">\n\t\t\t\t<p><span class=\"wpcf7-form-control-wrap\" data-name=\"your-email\"><input size=\"40\" maxlength=\"400\" class=\"wpcf7-form-control wpcf7-email wpcf7-validates-as-required wpcf7-text wpcf7-validates-as-email\" aria-required=\"true\" aria-invalid=\"false\" placeholder=\"E-mail*\" value=\"\" type=\"email\" name=\"your-email\" \/><\/span>\n\t\t\t\t<\/p>\n\t\t\t<\/div>\n\t\t<\/div>\n\t<\/div>\n\t<div class='cus_contact_form_bottom'>\n\t\t<p><span class=\"wpcf7-form-control-wrap\" data-name=\"your-phone\"><input size=\"40\" maxlength=\"400\" class=\"wpcf7-form-control wpcf7-text\" aria-invalid=\"false\" placeholder=\"T\u00e9l\u00e9phone\" value=\"\" type=\"text\" name=\"your-phone\" \/><\/span>\n\t\t<\/p>\n\t<\/div>\n\t<div class='cus_contact_form_bottom'>\n\t\t<p><span class=\"wpcf7-form-control-wrap\" data-name=\"your-country\"><input size=\"40\" maxlength=\"400\" class=\"wpcf7-form-control wpcf7-text\" aria-invalid=\"false\" placeholder=\"Pays\" value=\"\" type=\"text\" name=\"your-country\" \/><\/span>\n\t\t<\/p>\n\t<\/div>\n\t<p><span class=\"wpcf7-form-control-wrap\" data-name=\"your-message\"><textarea cols=\"40\" rows=\"10\" maxlength=\"2000\" class=\"wpcf7-form-control wpcf7-textarea wpcf7-validates-as-required\" aria-required=\"true\" aria-invalid=\"false\" placeholder=\"Votre message *\" name=\"your-message\"><\/textarea><\/span>\n\t<\/p>\n\t<div style=\"margin-bottom:10px;\">\n\t<\/div>\n\t<p><div id=\"cf7sr-69ff3e69a32dc\" class=\"cf7sr-g-turnstile\" data-redirect=\"\" data-theme=\"auto\" data-language=\"en\" data-size=\"normal\" \n    data-sitekey=\"0x4AAAAAAA3FLd3Fs0zNyv_e\"><\/div><span class=\"wpcf7-form-control-wrap cf7sr-turnstile\" data-name=\"cf7sr-turnstile\"><input type=\"hidden\" name=\"cf7sr-turnstile\" value=\"\" class=\"wpcf7-form-control\"><\/span><br \/>\n<input class=\"wpcf7-form-control wpcf7-submit has-spinner\" type=\"submit\" value=\"Envoyer un message\" \/>\n\t<\/p>\n<\/div><div class=\"wpcf7-response-output\" aria-hidden=\"true\"><\/div>\n<input type=\"hidden\" name=\"trp-form-language\" value=\"fr\"\/><\/form>\n<\/div>\n\n\t\t<\/div>\n\t\t\t\t\t<\/div>\n\n\t\n<\/div>\n\t\t<\/div>\n\n\t\t\n<style>\n#section_1520260059 {\n  padding-top: 30px;\n  padding-bottom: 30px;\n  background-color: #214184;\n}\n<\/style>\n\t<\/section>","protected":false},"excerpt":{"rendered":"<p>Nos moteurs de broche CNC sont fournis directement de l&#039;usine, et non achet\u00e9s aupr\u00e8s des fournisseurs les moins chers de sources inconnues, garantissant ainsi une qualit\u00e9 et une fiabilit\u00e9 connues. Toutes les broches de routeur CNC de RicoCNC sont originales, sans contrefa\u00e7on. GDZ-18B est une version \u00e9tendue de GDZ-18. Il utilise un mandrin diff\u00e9rent de celui du GDZ-18. En m\u00eame temps, GDZ-18B\u2026<\/p>","protected":false},"author":1,"featured_media":0,"parent":0,"menu_order":0,"comment_status":"closed","ping_status":"closed","template":"","meta":{"_gspb_post_css":"","footnotes":""},"class_list":["post-3481","page","type-page","status-publish","hentry"],"_links":{"self":[{"href":"https:\/\/spindlemotorshop.com\/fr\/wp-json\/wp\/v2\/pages\/3481","targetHints":{"allow":["GET"]}}],"collection":[{"href":"https:\/\/spindlemotorshop.com\/fr\/wp-json\/wp\/v2\/pages"}],"about":[{"href":"https:\/\/spindlemotorshop.com\/fr\/wp-json\/wp\/v2\/types\/page"}],"author":[{"embeddable":true,"href":"https:\/\/spindlemotorshop.com\/fr\/wp-json\/wp\/v2\/users\/1"}],"replies":[{"embeddable":true,"href":"https:\/\/spindlemotorshop.com\/fr\/wp-json\/wp\/v2\/comments?post=3481"}],"version-history":[{"count":0,"href":"https:\/\/spindlemotorshop.com\/fr\/wp-json\/wp\/v2\/pages\/3481\/revisions"}],"wp:attachment":[{"href":"https:\/\/spindlemotorshop.com\/fr\/wp-json\/wp\/v2\/media?parent=3481"}],"curies":[{"name":"wp","href":"https:\/\/api.w.org\/{rel}","templated":true}]}}