{"id":3796,"date":"2024-08-12T01:01:58","date_gmt":"2024-08-12T01:01:58","guid":{"rendered":"https:\/\/spindlemotorshop.com\/?page_id=3796"},"modified":"2024-10-15T15:06:47","modified_gmt":"2024-10-15T15:06:47","slug":"mj55-4012f-4kw-12000rpm-pre-milling-spindle-motor","status":"publish","type":"page","link":"https:\/\/spindlemotorshop.com\/fr\/mj55-4012f-4kw-12000rpm-pre-milling-spindle-motor\/","title":{"rendered":"Moteur de broche de pr\u00e9-fraisage MJ55-4012F 4kw 12000rpm pour plaqueuse de chants"},"content":{"rendered":"<div class=\"row\"  id=\"row-205840911\">\n\n\n\t<div id=\"col-1279614699\" class=\"col medium-6 small-12 large-6\"  >\n\t\t\t\t<div class=\"col-inner\"  >\n\t\t\t\n\t\t\t\n\n\t<div class=\"img has-hover x md-x lg-x y md-y lg-y\" id=\"image_453964512\">\n\t\t\t\t\t\t\t\t<div class=\"img-inner image-cover box-shadow-1 dark\" style=\"padding-top:75%;\">\n\t\t\t<img loading=\"lazy\" decoding=\"async\" width=\"800\" height=\"600\" src=\"https:\/\/spindlemotorshop.com\/wp-content\/uploads\/2024\/08\/CgAGfFufG8mAA6OhAAGUGmfXAIE179.jpg\" class=\"attachment-original size-original\" alt=\"Moteur de broche de pr\u00e9-fraisage MJ55-4012F 4kw 12000rpm pour plaqueuse de chants\" srcset=\"https:\/\/spindlemotorshop.com\/wp-content\/uploads\/2024\/08\/CgAGfFufG8mAA6OhAAGUGmfXAIE179.jpg 800w, https:\/\/spindlemotorshop.com\/wp-content\/uploads\/2024\/08\/CgAGfFufG8mAA6OhAAGUGmfXAIE179-300x225.jpg 300w, https:\/\/spindlemotorshop.com\/wp-content\/uploads\/2024\/08\/CgAGfFufG8mAA6OhAAGUGmfXAIE179-768x576.jpg 768w, https:\/\/spindlemotorshop.com\/wp-content\/uploads\/2024\/08\/CgAGfFufG8mAA6OhAAGUGmfXAIE179-16x12.jpg 16w, https:\/\/spindlemotorshop.com\/wp-content\/uploads\/2024\/08\/CgAGfFufG8mAA6OhAAGUGmfXAIE179-600x450.jpg 600w\" sizes=\"auto, (max-width: 800px) 100vw, 800px\" \/>\t\t\t\t\t\t\n\t\t\t\t\t<\/div>\n\t\t\t\t\t\t\t\t\n<style>\n#image_453964512 {\n  width: 100%;\n}\n<\/style>\n\t<\/div>\n\t\n\n\n\t\t<\/div>\n\t\t\t\t\t<\/div>\n\n\t\n\n\t<div id=\"col-2120327206\" class=\"col medium-6 small-12 large-6\"  >\n\t\t\t\t<div class=\"col-inner text-left\"  >\n\t\t\t\n\t\t\t\n\n\t<div id=\"text-330901051\" class=\"text\">\n\t\t\n\n<h3 class=\"inner-3__prodetailname\">Moteur de broche de pr\u00e9-fraisage MJ55-4012F 4kw 12000rpm pour plaqueuse de chants<\/h3>\n\t\t\n<style>\n#text-330901051 {\n  font-size: 0.95rem;\n}\n<\/style>\n\t<\/div>\n\t\n\t<div id=\"text-2285415232\" class=\"text\">\n\t\t\n\n<ul>\n<li style=\"text-align: left;\">MJ55-4012F<\/li>\n<li style=\"text-align: left;\">Moteur de broche de pr\u00e9-fraisage<\/li>\n<li>Moteur de broche de plaqueuse de chants 12 000 tr\/min<\/li>\n<li>Broche de 4 kW pour le placage de chants<\/li>\n<li>moteur de broche pour plaqueuse de chants<\/li>\n<li>moteur de plaqueuse de chants<\/li>\n<\/ul>\n\t\t\n<style>\n#text-2285415232 {\n  text-align: left;\n}\n<\/style>\n\t<\/div>\n\t\n<a href=\"\/fr\/contact\/\" target=\"_blank\" class=\"button primary\" rel=\"noopener\"  style=\"border-radius:99px;\">\n    <span>Contactez-nous<\/span>\n  <\/a>\n\n\n\n\t\t<\/div>\n\t\t\t\t\n<style>\n#col-2120327206 > .col-inner {\n  padding: 0px 0px 5px 0px;\n}\n<\/style>\n\t<\/div>\n\n\t\n\n<\/div>\n<div class=\"text-center\"><div class=\"is-divider divider clearfix\" style=\"margin-top:0.9em;margin-bottom:0.9em;max-width:502px;\"><\/div><\/div>\n\n<blockquote>\n<ul>\n<li>Nos moteurs de broche CNC sont fournis directement depuis l&#039;usine, et non achet\u00e9s aupr\u00e8s des fournisseurs les moins chers de sources inconnues, ce qui garantit une qualit\u00e9 et une fiabilit\u00e9 connues. Toutes les broches de routeur CNC de RicoCNC sont originales, sans contrefa\u00e7on.<\/li>\n<\/ul>\n<\/blockquote>\n\t<section class=\"section\" id=\"section_2044681742\">\n\t\t<div class=\"bg section-bg fill bg-fill  bg-loaded\" >\n\n\t\t\t\n\t\t\t\n\t\t\t\n\n\t\t<\/div>\n\n\t\t\n\n\t\t<div class=\"section-content relative\">\n\t\t\t\n\n<div class=\"row\"  id=\"row-1651509302\">\n\n\n\t<div id=\"col-1696630067\" class=\"col medium-6 small-12 large-6\"  >\n\t\t\t\t<div class=\"col-inner\"  >\n\t\t\t\n\t\t\t\n\n<h2>Caract\u00e9ristiques techniques<\/h2>\n<div class=\"is-divider divider clearfix\" style=\"max-width:91px;background-color:rgb(82, 117, 141);\"><\/div>\n\n\n\n<table border=\"1\">\n<tbody>\n<tr>\n<th>Taper<\/th>\n<td>MJ55-4012F<\/td>\n<\/tr>\n<tr>\n<th>Pouvoir<\/th>\n<td>4,0 kW<\/td>\n<\/tr>\n<tr>\n<th>Tension<\/th>\n<td>380V<\/td>\n<\/tr>\n<tr>\n<th>Actuel<\/th>\n<td>8.3A<\/td>\n<\/tr>\n<tr>\n<th>Vitesse<\/th>\n<td>12000 tr\/min<\/td>\n<\/tr>\n<tr>\n<th>Fr\u00e9quence<\/th>\n<td>200 Hz<\/td>\n<\/tr>\n<tr>\n<th>Cycle de service<\/th>\n<td>S1<\/td>\n<\/tr>\n<\/tbody>\n<\/table>\n\n\n\t\t<\/div>\n\t\t\t\t\t<\/div>\n\n\t\n\n\t<div id=\"col-248043723\" class=\"col medium-6 small-12 large-6\"  >\n\t\t\t\t<div class=\"col-inner\"  >\n\t\t\t\n\t\t\t\n\n<h2>Conception de la broche<\/h2>\n<div class=\"is-divider divider clearfix\" style=\"max-width:91px;background-color:rgb(82, 117, 141);\"><\/div>\n\n\t<div class=\"img has-hover x md-x lg-x y md-y lg-y\" id=\"image_608216082\">\n\t\t\t\t\t\t\t\t<div class=\"img-inner dark\" style=\"margin:-12px 0px 0px 0px;\">\n\t\t\t<img loading=\"lazy\" decoding=\"async\" width=\"750\" height=\"511\" src=\"https:\/\/spindlemotorshop.com\/wp-content\/uploads\/2024\/08\/CgAGfFufG66AJGI2AAEud3w8_iM239.jpg\" class=\"attachment-original size-original\" alt=\"Moteur de broche de pr\u00e9-fraisage MJ55-4012F 4kw 12000rpm pour plaqueuse de chants dessin\" srcset=\"https:\/\/spindlemotorshop.com\/wp-content\/uploads\/2024\/08\/CgAGfFufG66AJGI2AAEud3w8_iM239.jpg 750w, https:\/\/spindlemotorshop.com\/wp-content\/uploads\/2024\/08\/CgAGfFufG66AJGI2AAEud3w8_iM239-300x204.jpg 300w, https:\/\/spindlemotorshop.com\/wp-content\/uploads\/2024\/08\/CgAGfFufG66AJGI2AAEud3w8_iM239-18x12.jpg 18w, https:\/\/spindlemotorshop.com\/wp-content\/uploads\/2024\/08\/CgAGfFufG66AJGI2AAEud3w8_iM239-600x409.jpg 600w\" sizes=\"auto, (max-width: 750px) 100vw, 750px\" \/>\t\t\t\t\t\t\n\t\t\t\t\t<\/div>\n\t\t\t\t\t\t\t\t\n<style>\n#image_608216082 {\n  width: 88%;\n}\n<\/style>\n\t<\/div>\n\t\n\n\t<div class=\"img has-hover x md-x lg-x y md-y lg-y\" id=\"image_141696368\">\n\t\t\t\t\t\t\t\t<div class=\"img-inner dark\" >\n\t\t\t\t\t\t\t\t\t\n\t\t\t\t\t<\/div>\n\t\t\t\t\t\t\t\t\n<style>\n#image_141696368 {\n  width: 93%;\n}\n<\/style>\n\t<\/div>\n\t\n\n\t<div class=\"img has-hover x md-x lg-x y md-y lg-y\" id=\"image_1338056125\">\n\t\t\t\t\t\t\t\t<div class=\"img-inner image-cover dark\" style=\"padding-top:75%;\">\n\t\t\t\t\t\t\t\t\t\n\t\t\t\t\t<\/div>\n\t\t\t\t\t\t\t\t\n<style>\n#image_1338056125 {\n  width: 0%;\n}\n<\/style>\n\t<\/div>\n\t\n\n\n\t\t<\/div>\n\t\t\t\t\n<style>\n#col-248043723 > .col-inner {\n  margin: 0px 0px -96px 0px;\n}\n<\/style>\n\t<\/div>\n\n\t\n\n<\/div>\n\n\t\t<\/div>\n\n\t\t\n<style>\n#section_2044681742 {\n  padding-top: 8px;\n  padding-bottom: 8px;\n}\n<\/style>\n\t<\/section>\n\t\n<ul>\n<li><strong>MJ55-4012F<\/strong> Il peut remplacer des produits \u00e9trangers similaires et est largement utilis\u00e9 dans le processus de pr\u00e9-fraisage de la plaqueuse de chants automatique de l&#039;industrie du bois. Il garantit que les parties sup\u00e9rieure et inf\u00e9rieure de la planche coup\u00e9e sont lisses et plates. Il peut atteindre une excellente vitesse et un contr\u00f4le pr\u00e9cis et constitue un choix id\u00e9al pour le processus de pr\u00e9-fraisage.<\/li>\n<\/ul>\n\t<section class=\"section\" id=\"section_1134491697\">\n\t\t<div class=\"bg section-bg fill bg-fill  bg-loaded\" >\n\n\t\t\t\n\t\t\t\n\t\t\t\n\n\t\t<\/div>\n\n\t\t\n\n\t\t<div class=\"section-content relative\">\n\t\t\t\n\n<h4>Si vous avez besoin d&#039;une broche CNC, n&#039;h\u00e9sitez pas \u00e0 envoyer une demande<\/h4>\n\n\t\t<\/div>\n\n\t\t\n<style>\n#section_1134491697 {\n  padding-top: 30px;\n  padding-bottom: 30px;\n}\n<\/style>\n\t<\/section>\n\t\n\t<section class=\"section\" id=\"section_2013277967\">\n\t\t<div class=\"bg section-bg fill bg-fill  bg-loaded\" >\n\n\t\t\t\n\t\t\t\n\t\t\t\n\n\t\t<\/div>\n\n\t\t\n\n\t\t<div class=\"section-content relative\">\n\t\t\t\n\n<div class=\"row row-full-width align-center\"  id=\"row-2145649633\">\n\n\n\t<div id=\"col-1393653236\" class=\"col small-12 large-12\"  >\n\t\t\t\t<div class=\"col-inner text-center\"  >\n\t\t\t\n\t\t\t\n\n\t<div id=\"text-2389674569\" class=\"text\">\n\t\t\n\n\n\t\t\n<style>\n#text-2389674569 {\n  text-align: left;\n}\n<\/style>\n\t<\/div>\n\t\n\t<div id=\"text-3828101473\" class=\"text\">\n\t\t\n\n<h2>CONTACTEZ-NOUS<\/h2>\n\t\t\n<style>\n#text-3828101473 {\n  color: rgb(255,255,255);\n}\n#text-3828101473 > * {\n  color: rgb(255,255,255);\n}\n<\/style>\n\t<\/div>\n\t\n\n<div class=\"wpcf7 no-js\" id=\"wpcf7-f280-o1\" lang=\"en-US\" dir=\"ltr\" data-wpcf7-id=\"280\">\n<div class=\"screen-reader-response\"><p role=\"status\" aria-live=\"polite\" aria-atomic=\"true\"><\/p> <ul><\/ul><\/div>\n<form action=\"\/fr\/wp-json\/wp\/v2\/pages\/3796#wpcf7-f280-o1\" method=\"post\" class=\"wpcf7-form init\" aria-label=\"Formulaire de contact\" novalidate=\"novalidate\" data-status=\"init\" data-trp-original-action=\"\/fr\/wp-json\/wp\/v2\/pages\/3796#wpcf7-f280-o1\">\n<div style=\"display: none;\">\n<input type=\"hidden\" name=\"_wpcf7\" value=\"280\" \/>\n<input type=\"hidden\" name=\"_wpcf7_version\" value=\"6.0.6\" \/>\n<input type=\"hidden\" name=\"_wpcf7_locale\" value=\"en_US\" \/>\n<input type=\"hidden\" name=\"_wpcf7_unit_tag\" value=\"wpcf7-f280-o1\" \/>\n<input type=\"hidden\" name=\"_wpcf7_container_post\" value=\"0\" \/>\n<input type=\"hidden\" name=\"_wpcf7_posted_data_hash\" value=\"\" \/>\n<\/div>\n<div class='custom_contact_style'>\n\t<div class=\"row row-small\">\n\t\t<div class=\"col medium-6 small-12 large-6\">\n\t\t\t<div class=\"col-inner\">\n\t\t\t\t<p><span class=\"wpcf7-form-control-wrap\" data-name=\"your-name\"><input size=\"40\" maxlength=\"400\" class=\"wpcf7-form-control wpcf7-text wpcf7-validates-as-required\" aria-required=\"true\" aria-invalid=\"false\" placeholder=\"Nom*\" value=\"\" type=\"text\" name=\"your-name\" \/><\/span>\n\t\t\t\t<\/p>\n\t\t\t<\/div>\n\t\t<\/div>\n\t\t<div class=\"col medium-6 small-12 large-6\">\n\t\t\t<div class=\"col-inner\">\n\t\t\t\t<p><span class=\"wpcf7-form-control-wrap\" data-name=\"your-email\"><input size=\"40\" maxlength=\"400\" class=\"wpcf7-form-control wpcf7-email wpcf7-validates-as-required wpcf7-text wpcf7-validates-as-email\" aria-required=\"true\" aria-invalid=\"false\" placeholder=\"E-mail*\" value=\"\" type=\"email\" name=\"your-email\" \/><\/span>\n\t\t\t\t<\/p>\n\t\t\t<\/div>\n\t\t<\/div>\n\t<\/div>\n\t<div class='cus_contact_form_bottom'>\n\t\t<p><span class=\"wpcf7-form-control-wrap\" data-name=\"your-phone\"><input size=\"40\" maxlength=\"400\" class=\"wpcf7-form-control wpcf7-text\" aria-invalid=\"false\" placeholder=\"T\u00e9l\u00e9phone\" value=\"\" type=\"text\" name=\"your-phone\" \/><\/span>\n\t\t<\/p>\n\t<\/div>\n\t<div class='cus_contact_form_bottom'>\n\t\t<p><span class=\"wpcf7-form-control-wrap\" data-name=\"your-country\"><input size=\"40\" maxlength=\"400\" class=\"wpcf7-form-control wpcf7-text\" aria-invalid=\"false\" placeholder=\"Pays\" value=\"\" type=\"text\" name=\"your-country\" \/><\/span>\n\t\t<\/p>\n\t<\/div>\n\t<p><span class=\"wpcf7-form-control-wrap\" data-name=\"your-message\"><textarea cols=\"40\" rows=\"10\" maxlength=\"2000\" class=\"wpcf7-form-control wpcf7-textarea wpcf7-validates-as-required\" aria-required=\"true\" aria-invalid=\"false\" placeholder=\"Votre message *\" name=\"your-message\"><\/textarea><\/span>\n\t<\/p>\n\t<div style=\"margin-bottom:10px;\">\n\t<\/div>\n\t<p><div id=\"cf7sr-69ff30fcd745e\" class=\"cf7sr-g-turnstile\" data-redirect=\"\" data-theme=\"auto\" data-language=\"en\" data-size=\"normal\" \n    data-sitekey=\"0x4AAAAAAA3FLd3Fs0zNyv_e\"><\/div><span class=\"wpcf7-form-control-wrap cf7sr-turnstile\" data-name=\"cf7sr-turnstile\"><input type=\"hidden\" name=\"cf7sr-turnstile\" value=\"\" class=\"wpcf7-form-control\"><\/span><br \/>\n<input class=\"wpcf7-form-control wpcf7-submit has-spinner\" type=\"submit\" value=\"Envoyer un message\" \/>\n\t<\/p>\n<\/div><div class=\"wpcf7-response-output\" aria-hidden=\"true\"><\/div>\n<input type=\"hidden\" name=\"trp-form-language\" value=\"fr\"\/><\/form>\n<\/div>\n\n\n\n\t\t<\/div>\n\t\t\t\t\t<\/div>\n\n\t\n\n<\/div>\n\n\t\t<\/div>\n\n\t\t\n<style>\n#section_2013277967 {\n  padding-top: 30px;\n  padding-bottom: 30px;\n  background-color: #214184;\n}\n<\/style>\n\t<\/section>","protected":false},"excerpt":{"rendered":"<p>Nos moteurs de broche CNC sont fournis directement de l&#039;usine, et non achet\u00e9s aupr\u00e8s des fournisseurs les moins chers de sources inconnues, garantissant ainsi une qualit\u00e9 et une fiabilit\u00e9 connues. Toutes les broches de routeur CNC de RicoCNC sont originales, sans contrefa\u00e7on. Le MJ55-4012F peut remplacer des produits \u00e9trangers similaires et est largement utilis\u00e9 dans le processus de pr\u00e9-fraisage de l&#039;industrie du bois de la machine automatique\u2026<\/p>","protected":false},"author":1,"featured_media":0,"parent":0,"menu_order":0,"comment_status":"closed","ping_status":"closed","template":"","meta":{"_gspb_post_css":"","footnotes":""},"class_list":["post-3796","page","type-page","status-publish","hentry"],"_links":{"self":[{"href":"https:\/\/spindlemotorshop.com\/fr\/wp-json\/wp\/v2\/pages\/3796","targetHints":{"allow":["GET"]}}],"collection":[{"href":"https:\/\/spindlemotorshop.com\/fr\/wp-json\/wp\/v2\/pages"}],"about":[{"href":"https:\/\/spindlemotorshop.com\/fr\/wp-json\/wp\/v2\/types\/page"}],"author":[{"embeddable":true,"href":"https:\/\/spindlemotorshop.com\/fr\/wp-json\/wp\/v2\/users\/1"}],"replies":[{"embeddable":true,"href":"https:\/\/spindlemotorshop.com\/fr\/wp-json\/wp\/v2\/comments?post=3796"}],"version-history":[{"count":0,"href":"https:\/\/spindlemotorshop.com\/fr\/wp-json\/wp\/v2\/pages\/3796\/revisions"}],"wp:attachment":[{"href":"https:\/\/spindlemotorshop.com\/fr\/wp-json\/wp\/v2\/media?parent=3796"}],"curies":[{"name":"wp","href":"https:\/\/api.w.org\/{rel}","templated":true}]}}