{"id":2272,"date":"2024-07-17T06:54:14","date_gmt":"2024-07-17T06:54:14","guid":{"rendered":"https:\/\/spindlemotorshop.com\/?page_id=2272"},"modified":"2024-10-08T03:16:27","modified_gmt":"2024-10-08T03:16:27","slug":"gdz65-800-800w-spindle-water-cooled-router-spindle","status":"publish","type":"page","link":"https:\/\/spindlemotorshop.com\/it\/gdz65-800-800w-spindle-water-cooled-router-spindle\/","title":{"rendered":"Mandrino raffreddato ad acqua GDZ65-800 800w ER11"},"content":{"rendered":"<section class=\"section\" id=\"section_378658380\">\n\t\t<div class=\"bg section-bg fill bg-fill  bg-loaded\" >\n\n\t\t\t\n\t\t\t\n\t\t\t\n\n\t\t<\/div>\n\n\t\t\n\n\t\t<div class=\"section-content relative\">\n\t\t\t\n<div class=\"row\"  id=\"row-2106447032\">\n\n\t<div id=\"col-987511804\" class=\"col medium-6 small-12 large-6\"  >\n\t\t\t\t<div class=\"col-inner\"  >\n\t\t\t\n\t\t\t\n\t<div class=\"img has-hover x md-x lg-x y md-y lg-y\" id=\"image_1482784866\">\n\t\t\t\t\t\t\t\t<div class=\"img-inner image-cover box-shadow-1 dark\" style=\"padding-top:79%;\">\n\t\t\t<img loading=\"lazy\" decoding=\"async\" width=\"800\" height=\"800\" src=\"https:\/\/spindlemotorshop.com\/wp-content\/uploads\/2024\/07\/10591015016438162.jpg\" class=\"attachment-original size-original\" alt=\"Mandrino raffreddato ad acqua GDZ65-800\" srcset=\"https:\/\/spindlemotorshop.com\/wp-content\/uploads\/2024\/07\/10591015016438162.jpg 800w, https:\/\/spindlemotorshop.com\/wp-content\/uploads\/2024\/07\/10591015016438162-300x300.jpg 300w, https:\/\/spindlemotorshop.com\/wp-content\/uploads\/2024\/07\/10591015016438162-150x150.jpg 150w, https:\/\/spindlemotorshop.com\/wp-content\/uploads\/2024\/07\/10591015016438162-768x768.jpg 768w, https:\/\/spindlemotorshop.com\/wp-content\/uploads\/2024\/07\/10591015016438162-12x12.jpg 12w, https:\/\/spindlemotorshop.com\/wp-content\/uploads\/2024\/07\/10591015016438162-600x600.jpg 600w, https:\/\/spindlemotorshop.com\/wp-content\/uploads\/2024\/07\/10591015016438162-100x100.jpg 100w\" sizes=\"auto, (max-width: 800px) 100vw, 800px\" \/>\t\t\t\t\t\t\n\t\t\t\t\t<\/div>\n\t\t\t\t\t\t\t\t\n<style>\n#image_1482784866 {\n  width: 100%;\n}\n<\/style>\n\t<\/div>\n\t\n\t\t<\/div>\n\t\t\t\t\t<\/div>\n\n\t\n\n\t<div id=\"col-1636721401\" class=\"col medium-6 small-12 large-6\"  >\n\t\t\t\t<div class=\"col-inner text-left\" style=\"background-color:rgb(255,255,255);\" >\n\t\t\t\n\t\t\t\n\t<div id=\"text-2453730724\" class=\"text\">\n\t\t\n<h3 class=\"inner-3__prodetailname\">GDZ65-800 800W MANDRINO RAFFREDDATO AD ACQUA MANDRINO FRESA<\/h3>\n\t\t\n<style>\n#text-2453730724 {\n  font-size: 0.95rem;\n}\n<\/style>\n\t<\/div>\n\t\n\t<div id=\"text-1842210998\" class=\"text\">\n\t\t\n<ul>\n<li style=\"text-align: left;\">Modello GDZ65-800<\/li>\n<li style=\"text-align: left;\">Motore mandrino ER11<\/li>\n<li>Mandrino da 24000 giri\/min<\/li>\n<li>Motore mandrino da 800 W<\/li>\n<li>fresatura CNC a mandrino<\/li>\n<li>motori mandrino raffreddati ad acqua<\/li>\n<li>Motore mandrino \u03a665mm<\/li>\n<li>Motore mandrino di fresatura CNC, motore mandrino di incisione CNC<\/li>\n<\/ul>\n\t\t\n<style>\n#text-1842210998 {\n  text-align: left;\n}\n<\/style>\n\t<\/div>\n\t\n<a href=\"\/it\/contact\/\" target=\"_blank\" class=\"button primary\" rel=\"noopener\"  style=\"border-radius:99px;\">\n    <span>contattaci<\/span>\n  <\/a>\n\n\t\t<\/div>\n\t\t\t\t\n<style>\n#col-1636721401 > .col-inner {\n  padding: 0px 0px 0px 0px;\n}\n<\/style>\n\t<\/div>\n\n\t\n<\/div>\n\t\t<\/div>\n\n\t\t\n<style>\n#section_378658380 {\n  padding-top: 30px;\n  padding-bottom: 30px;\n}\n<\/style>\n\t<\/section>\n\t\n<div class=\"text-center\"><div class=\"is-divider divider clearfix\" style=\"margin-top:0.9em;margin-bottom:0.9em;max-width:502px;\"><\/div><\/div>\n<blockquote>\n<ul>\n<li>I nostri motori mandrino CNC sono forniti direttamente dalla fabbrica, non acquistati dai fornitori pi\u00f9 economici con fonti sconosciute, garantendo cos\u00ec qualit\u00e0 e affidabilit\u00e0 note. Tutti i mandrini router CNC di RicoCNC sono originali, senza falsi.<\/li>\n<\/ul>\n<\/blockquote>\n\t<section class=\"section\" id=\"section_881301147\">\n\t\t<div class=\"bg section-bg fill bg-fill  bg-loaded\" >\n\n\t\t\t\n\t\t\t\n\t\t\t\n\n\t\t<\/div>\n\n\t\t\n\n\t\t<div class=\"section-content relative\">\n\t\t\t\n<div class=\"row\"  id=\"row-1689886153\">\n\n\t<div id=\"col-246397706\" class=\"col medium-6 small-12 large-6\"  >\n\t\t\t\t<div class=\"col-inner\"  >\n\t\t\t\n\t\t\t\n<h2>Caratteristiche tecniche<\/h2>\n<div class=\"is-divider divider clearfix\" style=\"max-width:91px;background-color:rgb(82, 117, 141);\"><\/div>\n\n<style>\n  \/* \u5b9a\u4e49\u5c45\u4e2d\u7b2c\u4e00\u5217\u5355\u5143\u683c\u7684\u6837\u5f0f *\/<br \/>  .center-first-column {<br \/>    text-align: center; \/* \u6587\u672c\u5c45\u4e2d *\/<br \/>  }<\/p>\n<p>  td, th {<br \/>    padding: 8px; \/* \u5355\u5143\u683c\u5185\u8fb9\u8ddd *\/<br \/>    border: 1px solid #ddd; \/* \u5355\u5143\u683c\u8fb9\u6846 *\/<br \/>  }<\/p>\n<p>  table {<br \/>    width: 100%; \/* \u8868\u683c\u5bbd\u5ea6 *\/<br \/>    border-collapse: collapse; \/* \u8fb9\u6846\u5408\u5e76 *\/<br \/>    font-family: Arial, sans-serif; \/* \u5b57\u4f53 *\/<br \/>  }<br \/><\/style>\n<p>Peso2,6 kg<\/p>\n<table border=\"1\">\n<tbody>\n<tr>\n<th class=\"center-first-column\">Tipo di mandrino<\/th>\n<td>Modello GDZ65-800<\/td>\n<\/tr>\n<tr>\n<th class=\"center-first-column\">Diametro<\/th>\n<td>\u03a665mm<\/td>\n<\/tr>\n<tr>\n<th class=\"center-first-column\">Velocit\u00e0<\/th>\n<td>24000 giri al minuto<\/td>\n<\/tr>\n<tr>\n<th class=\"center-first-column\">Energia<\/th>\n<td>800W<\/td>\n<\/tr>\n<tr>\n<th class=\"center-first-column\">Voltaggio<\/th>\n<td>220V<\/td>\n<\/tr>\n<tr>\n<th class=\"center-first-column\">Attuale<\/th>\n<td>5A<\/td>\n<\/tr>\n<tr>\n<th class=\"center-first-column\">Frequenza<\/th>\n<td>400 Hz<\/td>\n<\/tr>\n<tr>\n<th class=\"center-first-column\">Coppia<\/th>\n<td>0,33 Nm<\/td>\n<\/tr>\n<tr>\n<th class=\"center-first-column\">Colletto<\/th>\n<td>ER11<\/td>\n<\/tr>\n<tr>\n<th class=\"center-first-column\">Dado di serraggio<\/th>\n<td>3,175 mm, 4 mm, 6 mm<\/td>\n<\/tr>\n<tr>\n<th class=\"center-first-column\">tipo di cuscinetto<\/th>\n<td>7002CP4*1+7000CP4*1<\/td>\n<\/tr>\n<\/tbody>\n<\/table>\n\n\t\t<\/div>\n\t\t\t\t\t<\/div>\n\n\t\n\n\t<div id=\"col-312259593\" class=\"col medium-6 small-12 large-6\"  >\n\t\t\t\t<div class=\"col-inner\"  >\n\t\t\t\n\t\t\t\n<h2>Progettazione del mandrino<\/h2>\n<div class=\"is-divider divider clearfix\" style=\"max-width:91px;background-color:rgb(82, 117, 141);\"><\/div>\n\t<div class=\"img has-hover x md-x lg-x y md-y lg-y\" id=\"image_314064591\">\n\t\t\t\t\t\t\t\t<div class=\"img-inner dark\" style=\"margin:40px 0px 0px 0px;\">\n\t\t\t<img loading=\"lazy\" decoding=\"async\" width=\"750\" height=\"338\" src=\"https:\/\/spindlemotorshop.com\/wp-content\/uploads\/2024\/07\/3491612856_355255932-1.jpg\" class=\"attachment-original size-original\" alt=\"\" srcset=\"https:\/\/spindlemotorshop.com\/wp-content\/uploads\/2024\/07\/3491612856_355255932-1.jpg 750w, https:\/\/spindlemotorshop.com\/wp-content\/uploads\/2024\/07\/3491612856_355255932-1-300x135.jpg 300w, https:\/\/spindlemotorshop.com\/wp-content\/uploads\/2024\/07\/3491612856_355255932-1-18x8.jpg 18w, https:\/\/spindlemotorshop.com\/wp-content\/uploads\/2024\/07\/3491612856_355255932-1-600x270.jpg 600w\" sizes=\"auto, (max-width: 750px) 100vw, 750px\" \/>\t\t\t\t\t\t\n\t\t\t\t\t<\/div>\n\t\t\t\t\t\t\t\t\n<style>\n#image_314064591 {\n  width: 100%;\n}\n<\/style>\n\t<\/div>\n\t\n\t<div class=\"img has-hover x md-x lg-x y md-y lg-y\" id=\"image_490132783\">\n\t\t\t\t\t\t\t\t<div class=\"img-inner dark\" >\n\t\t\t\t\t\t\t\t\t\n\t\t\t\t\t<\/div>\n\t\t\t\t\t\t\t\t\n<style>\n#image_490132783 {\n  width: 93%;\n}\n<\/style>\n\t<\/div>\n\t\n\t<div class=\"img has-hover x md-x lg-x y md-y lg-y\" id=\"image_326460381\">\n\t\t\t\t\t\t\t\t<div class=\"img-inner image-cover dark\" style=\"padding-top:75%;\">\n\t\t\t\t\t\t\t\t\t\n\t\t\t\t\t<\/div>\n\t\t\t\t\t\t\t\t\n<style>\n#image_326460381 {\n  width: 0%;\n}\n<\/style>\n\t<\/div>\n\t\n\t\t<\/div>\n\t\t\t\t\t<\/div>\n\n\t\n<\/div>\n\t\t<\/div>\n\n\t\t\n<style>\n#section_881301147 {\n  padding-top: 30px;\n  padding-bottom: 30px;\n}\n<\/style>\n\t<\/section>\n\t\n\t<section class=\"section\" id=\"section_808377314\">\n\t\t<div class=\"bg section-bg fill bg-fill  bg-loaded\" >\n\n\t\t\t\n\t\t\t\n\t\t\t\n\n\t\t<\/div>\n\n\t\t\n\n\t\t<div class=\"section-content relative\">\n\t\t\t\n<div class=\"row\"  id=\"row-1052094572\">\n\n\t<div id=\"col-903001371\" class=\"col small-12 large-12\"  >\n\t\t\t\t<div class=\"col-inner\"  >\n\t\t\t\n\t\t\t\n<h3><span style=\"color: #ed1c24;\">ATTENZIONE! Questo \u00e8 <strong>Modello GDZ65-800,\u00a0<\/strong>\u00e8 diverso da <strong>Modello GDZ65-800A.<\/strong><\/span><\/h3>\n<ul>\n<li>IL <strong>Modello GDZ65-800 <\/strong>\u00e8 diverso da<strong> Modello GDZ65-800A,<\/strong> la differenza principale \u00e8 il conteggio dei cuscinetti. Il tipo di cuscinetto di\u00a0<strong>Modello GDZ65-800<\/strong>\u00a0\u00e8 7002CP4*1+7000CP4*1, mentre il <strong>Modello GDZ65-800A<\/strong> utilizzare 7002CP4*2+7000CP4*2<\/li>\n<li>IL <strong>Modello GDZ65-800<\/strong> presenta un design a doppio cuscinetto, che non \u00e8 stabile in termini di precisione come la serie a quattro cuscinetti. Pertanto, \u00e8 pi\u00f9 adatto per l&#039;intaglio grezzo o la lavorazione di pubblicit\u00e0 e targhette. La sua durata non \u00e8 lunga quanto quella della serie a quattro cuscinetti, ma allo stesso tempo offre un prezzo pi\u00f9 conveniente.<\/li>\n<\/ul>\n\t\t<\/div>\n\t\t\t\t\t<\/div>\n\n\t\n<\/div>\n\t\t<\/div>\n\n\t\t\n<style>\n#section_808377314 {\n  padding-top: 30px;\n  padding-bottom: 30px;\n}\n<\/style>\n\t<\/section>\n\t\n<div class=\"row\"  id=\"row-1161115836\">\n\n\t<div id=\"col-491766534\" class=\"col medium-6 small-12 large-6\"  >\n\t\t\t\t<div class=\"col-inner\"  >\n\t\t\t\n\t\t\t\n\t<div class=\"img has-hover x md-x lg-x y md-y lg-y\" id=\"image_1115330701\">\n\t\t\t\t\t\t\t\t<div class=\"img-inner image-cover dark\" style=\"padding-top:75%;\">\n\t\t\t<img loading=\"lazy\" decoding=\"async\" width=\"800\" height=\"800\" src=\"https:\/\/spindlemotorshop.com\/wp-content\/uploads\/2024\/07\/10591015016438162.jpg\" class=\"attachment-large size-large\" alt=\"Mandrino raffreddato ad acqua GDZ65-800\" srcset=\"https:\/\/spindlemotorshop.com\/wp-content\/uploads\/2024\/07\/10591015016438162.jpg 800w, https:\/\/spindlemotorshop.com\/wp-content\/uploads\/2024\/07\/10591015016438162-300x300.jpg 300w, https:\/\/spindlemotorshop.com\/wp-content\/uploads\/2024\/07\/10591015016438162-150x150.jpg 150w, https:\/\/spindlemotorshop.com\/wp-content\/uploads\/2024\/07\/10591015016438162-768x768.jpg 768w, https:\/\/spindlemotorshop.com\/wp-content\/uploads\/2024\/07\/10591015016438162-12x12.jpg 12w, https:\/\/spindlemotorshop.com\/wp-content\/uploads\/2024\/07\/10591015016438162-600x600.jpg 600w, https:\/\/spindlemotorshop.com\/wp-content\/uploads\/2024\/07\/10591015016438162-100x100.jpg 100w\" sizes=\"auto, (max-width: 800px) 100vw, 800px\" \/>\t\t\t\t\t\t\n\t\t\t\t\t<\/div>\n\t\t\t\t\t\t\t\t\n<style>\n#image_1115330701 {\n  width: 100%;\n}\n<\/style>\n\t<\/div>\n\t\n\t\t<\/div>\n\t\t\t\t\t<\/div>\n\n\t\n\n\t<div id=\"col-36332380\" class=\"col medium-6 small-12 large-6\"  >\n\t\t\t\t<div class=\"col-inner\"  >\n\t\t\t\n\t\t\t\n\t<div class=\"img has-hover x md-x lg-x y md-y lg-y\" id=\"image_18010121\">\n\t\t\t\t\t\t\t\t<div class=\"img-inner image-cover dark\" style=\"padding-top:75%;\">\n\t\t\t<img loading=\"lazy\" decoding=\"async\" width=\"1600\" height=\"1200\" src=\"https:\/\/spindlemotorshop.com\/wp-content\/uploads\/2024\/07\/4.jpg\" class=\"attachment-original size-original\" alt=\"Applicazione mandrino raffreddato ad acqua GDZ65-800\" srcset=\"https:\/\/spindlemotorshop.com\/wp-content\/uploads\/2024\/07\/4.jpg 1600w, https:\/\/spindlemotorshop.com\/wp-content\/uploads\/2024\/07\/4-300x225.jpg 300w, https:\/\/spindlemotorshop.com\/wp-content\/uploads\/2024\/07\/4-1024x768.jpg 1024w, https:\/\/spindlemotorshop.com\/wp-content\/uploads\/2024\/07\/4-768x576.jpg 768w, https:\/\/spindlemotorshop.com\/wp-content\/uploads\/2024\/07\/4-1536x1152.jpg 1536w, https:\/\/spindlemotorshop.com\/wp-content\/uploads\/2024\/07\/4-16x12.jpg 16w, https:\/\/spindlemotorshop.com\/wp-content\/uploads\/2024\/07\/4-600x450.jpg 600w\" sizes=\"auto, (max-width: 1600px) 100vw, 1600px\" \/>\t\t\t\t\t\t\n\t\t\t\t\t<\/div>\n\t\t\t\t\t\t\t\t\n<style>\n#image_18010121 {\n  width: 100%;\n}\n<\/style>\n\t<\/div>\n\t\n\t\t<\/div>\n\t\t\t\t\t<\/div>\n\n\t\n<\/div>\n\t<section class=\"section\" id=\"section_194180889\">\n\t\t<div class=\"bg section-bg fill bg-fill  bg-loaded\" >\n\n\t\t\t\n\t\t\t\n\t\t\t\n\n\t\t<\/div>\n\n\t\t\n\n\t\t<div class=\"section-content relative\">\n\t\t\t\n<p>Offriamo anche il tipo simile: <strong>Modello GDZ65-800A<\/strong><\/p>\n<p>Se hai bisogno di un mandrino CNC, ti invitiamo a inviare una richiesta<\/p>\n\t\t<\/div>\n\n\t\t\n<style>\n#section_194180889 {\n  padding-top: 30px;\n  padding-bottom: 30px;\n}\n<\/style>\n\t<\/section>\n\t\n\t<section class=\"section\" id=\"section_820187244\">\n\t\t<div class=\"bg section-bg fill bg-fill  bg-loaded\" >\n\n\t\t\t\n\t\t\t\n\t\t\t\n\n\t\t<\/div>\n\n\t\t\n\n\t\t<div class=\"section-content relative\">\n\t\t\t\n<div class=\"row row-full-width align-center\"  id=\"row-1412640287\">\n\n\t<div id=\"col-152432144\" class=\"col small-12 large-12\"  >\n\t\t\t\t<div class=\"col-inner text-center\"  >\n\t\t\t\n\t\t\t\n\t<div id=\"text-3063098263\" class=\"text\">\n\t\t\n\t\t\n<style>\n#text-3063098263 {\n  text-align: left;\n}\n<\/style>\n\t<\/div>\n\t\n\t<div id=\"text-4269772022\" class=\"text\">\n\t\t\n<h2>CONTATTACI<\/h2>\n\t\t\n<style>\n#text-4269772022 {\n  color: rgb(255,255,255);\n}\n#text-4269772022 > * {\n  color: rgb(255,255,255);\n}\n<\/style>\n\t<\/div>\n\t\n\n<div class=\"wpcf7 no-js\" id=\"wpcf7-f280-o1\" lang=\"en-US\" dir=\"ltr\" data-wpcf7-id=\"280\">\n<div class=\"screen-reader-response\"><p role=\"status\" aria-live=\"polite\" aria-atomic=\"true\"><\/p> <ul><\/ul><\/div>\n<form action=\"\/it\/wp-json\/wp\/v2\/pages\/2272#wpcf7-f280-o1\" method=\"post\" class=\"wpcf7-form init\" aria-label=\"Modulo di contatto\" novalidate=\"novalidate\" data-status=\"init\" data-trp-original-action=\"\/it\/wp-json\/wp\/v2\/pages\/2272#wpcf7-f280-o1\">\n<div style=\"display: none;\">\n<input type=\"hidden\" name=\"_wpcf7\" value=\"280\" \/>\n<input type=\"hidden\" name=\"_wpcf7_version\" value=\"6.0.6\" \/>\n<input type=\"hidden\" name=\"_wpcf7_locale\" value=\"en_US\" \/>\n<input type=\"hidden\" name=\"_wpcf7_unit_tag\" value=\"wpcf7-f280-o1\" \/>\n<input type=\"hidden\" name=\"_wpcf7_container_post\" value=\"0\" \/>\n<input type=\"hidden\" name=\"_wpcf7_posted_data_hash\" value=\"\" \/>\n<\/div>\n<div class='custom_contact_style'>\n\t<div class=\"row row-small\">\n\t\t<div class=\"col medium-6 small-12 large-6\">\n\t\t\t<div class=\"col-inner\">\n\t\t\t\t<p><span class=\"wpcf7-form-control-wrap\" data-name=\"your-name\"><input size=\"40\" maxlength=\"400\" class=\"wpcf7-form-control wpcf7-text wpcf7-validates-as-required\" aria-required=\"true\" aria-invalid=\"false\" placeholder=\"Nome*\" value=\"\" type=\"text\" name=\"your-name\" \/><\/span>\n\t\t\t\t<\/p>\n\t\t\t<\/div>\n\t\t<\/div>\n\t\t<div class=\"col medium-6 small-12 large-6\">\n\t\t\t<div class=\"col-inner\">\n\t\t\t\t<p><span class=\"wpcf7-form-control-wrap\" data-name=\"your-email\"><input size=\"40\" maxlength=\"400\" class=\"wpcf7-form-control wpcf7-email wpcf7-validates-as-required wpcf7-text wpcf7-validates-as-email\" aria-required=\"true\" aria-invalid=\"false\" placeholder=\"E-mail*\" value=\"\" type=\"email\" name=\"your-email\" \/><\/span>\n\t\t\t\t<\/p>\n\t\t\t<\/div>\n\t\t<\/div>\n\t<\/div>\n\t<div class='cus_contact_form_bottom'>\n\t\t<p><span class=\"wpcf7-form-control-wrap\" data-name=\"your-phone\"><input size=\"40\" maxlength=\"400\" class=\"wpcf7-form-control wpcf7-text\" aria-invalid=\"false\" placeholder=\"Telefono\" value=\"\" type=\"text\" name=\"your-phone\" \/><\/span>\n\t\t<\/p>\n\t<\/div>\n\t<div class='cus_contact_form_bottom'>\n\t\t<p><span class=\"wpcf7-form-control-wrap\" data-name=\"your-country\"><input size=\"40\" maxlength=\"400\" class=\"wpcf7-form-control wpcf7-text\" aria-invalid=\"false\" placeholder=\"Paese\" value=\"\" type=\"text\" name=\"your-country\" \/><\/span>\n\t\t<\/p>\n\t<\/div>\n\t<p><span class=\"wpcf7-form-control-wrap\" data-name=\"your-message\"><textarea cols=\"40\" rows=\"10\" maxlength=\"2000\" class=\"wpcf7-form-control wpcf7-textarea wpcf7-validates-as-required\" aria-required=\"true\" aria-invalid=\"false\" placeholder=\"Il tuo messaggio *\" name=\"your-message\"><\/textarea><\/span>\n\t<\/p>\n\t<div style=\"margin-bottom:10px;\">\n\t<\/div>\n\t<p><div id=\"cf7sr-69ff304a60229\" class=\"cf7sr-g-turnstile\" data-redirect=\"\" data-theme=\"auto\" data-language=\"en\" data-size=\"normal\" \n    data-sitekey=\"0x4AAAAAAA3FLd3Fs0zNyv_e\"><\/div><span class=\"wpcf7-form-control-wrap cf7sr-turnstile\" data-name=\"cf7sr-turnstile\"><input type=\"hidden\" name=\"cf7sr-turnstile\" value=\"\" class=\"wpcf7-form-control\"><\/span><br \/>\n<input class=\"wpcf7-form-control wpcf7-submit has-spinner\" type=\"submit\" value=\"Invia messaggio\" \/>\n\t<\/p>\n<\/div><div class=\"wpcf7-response-output\" aria-hidden=\"true\"><\/div>\n<input type=\"hidden\" name=\"trp-form-language\" value=\"it\"\/><\/form>\n<\/div>\n\n\t\t<\/div>\n\t\t\t\t\t<\/div>\n\n\t\n<\/div>\n\t\t<\/div>\n\n\t\t\n<style>\n#section_820187244 {\n  padding-top: 30px;\n  padding-bottom: 30px;\n  background-color: #214184;\n}\n<\/style>\n\t<\/section>","protected":false},"excerpt":{"rendered":"<p>I nostri motori mandrino CNC sono forniti direttamente dalla fabbrica, non acquistati dai fornitori pi\u00f9 economici con fonti sconosciute, garantendo cos\u00ec qualit\u00e0 e affidabilit\u00e0 note. Tutti i mandrini router CNC di RicoCNC sono originali, senza falsi.<\/p>","protected":false},"author":1,"featured_media":2226,"parent":0,"menu_order":0,"comment_status":"closed","ping_status":"closed","template":"","meta":{"_gspb_post_css":"","footnotes":""},"class_list":["post-2272","page","type-page","status-publish","has-post-thumbnail","hentry"],"_links":{"self":[{"href":"https:\/\/spindlemotorshop.com\/it\/wp-json\/wp\/v2\/pages\/2272","targetHints":{"allow":["GET"]}}],"collection":[{"href":"https:\/\/spindlemotorshop.com\/it\/wp-json\/wp\/v2\/pages"}],"about":[{"href":"https:\/\/spindlemotorshop.com\/it\/wp-json\/wp\/v2\/types\/page"}],"author":[{"embeddable":true,"href":"https:\/\/spindlemotorshop.com\/it\/wp-json\/wp\/v2\/users\/1"}],"replies":[{"embeddable":true,"href":"https:\/\/spindlemotorshop.com\/it\/wp-json\/wp\/v2\/comments?post=2272"}],"version-history":[{"count":0,"href":"https:\/\/spindlemotorshop.com\/it\/wp-json\/wp\/v2\/pages\/2272\/revisions"}],"wp:featuredmedia":[{"embeddable":true,"href":"https:\/\/spindlemotorshop.com\/it\/wp-json\/wp\/v2\/media\/2226"}],"wp:attachment":[{"href":"https:\/\/spindlemotorshop.com\/it\/wp-json\/wp\/v2\/media?parent=2272"}],"curies":[{"name":"wp","href":"https:\/\/api.w.org\/{rel}","templated":true}]}}