{"id":3162,"date":"2024-08-02T07:53:26","date_gmt":"2024-08-02T07:53:26","guid":{"rendered":"https:\/\/spindlemotorshop.com\/?page_id=3162"},"modified":"2024-10-08T03:26:18","modified_gmt":"2024-10-08T03:26:18","slug":"gdz80f-2-2-2200w-er16-air-cooling-spindle","status":"publish","type":"page","link":"https:\/\/spindlemotorshop.com\/it\/gdz80f-2-2-2200w-er16-air-cooling-spindle\/","title":{"rendered":"Mandrino raffreddato ad aria GDZ80F-2.2 2.2kw ER16 rotondo"},"content":{"rendered":"<div class=\"row\"  id=\"row-1302776167\">\n\n\t<div id=\"col-1090769869\" class=\"col medium-6 small-12 large-6\"  >\n\t\t\t\t<div class=\"col-inner\"  >\n\t\t\t\n\t\t\t\n\t<div class=\"img has-hover x md-x lg-x y md-y lg-y\" id=\"image_1604743990\">\n\t\t\t\t\t\t\t\t<div class=\"img-inner image-cover box-shadow-1 dark\" style=\"padding-top:75%;\">\n\t\t\t<img loading=\"lazy\" decoding=\"async\" width=\"800\" height=\"800\" src=\"https:\/\/spindlemotorshop.com\/wp-content\/uploads\/2024\/08\/150164271030.jpg\" class=\"attachment-original size-original\" alt=\"MANDRINO RAFFREDDATO AD ARIA 2,2 kW ER16 GDZ80F-2.2\" srcset=\"https:\/\/spindlemotorshop.com\/wp-content\/uploads\/2024\/08\/150164271030.jpg 800w, https:\/\/spindlemotorshop.com\/wp-content\/uploads\/2024\/08\/150164271030-300x300.jpg 300w, https:\/\/spindlemotorshop.com\/wp-content\/uploads\/2024\/08\/150164271030-150x150.jpg 150w, https:\/\/spindlemotorshop.com\/wp-content\/uploads\/2024\/08\/150164271030-768x768.jpg 768w, https:\/\/spindlemotorshop.com\/wp-content\/uploads\/2024\/08\/150164271030-12x12.jpg 12w, https:\/\/spindlemotorshop.com\/wp-content\/uploads\/2024\/08\/150164271030-600x600.jpg 600w, https:\/\/spindlemotorshop.com\/wp-content\/uploads\/2024\/08\/150164271030-100x100.jpg 100w\" sizes=\"auto, (max-width: 800px) 100vw, 800px\" \/>\t\t\t\t\t\t\n\t\t\t\t\t<\/div>\n\t\t\t\t\t\t\t\t\n<style>\n#image_1604743990 {\n  width: 100%;\n}\n<\/style>\n\t<\/div>\n\t\n\t\t<\/div>\n\t\t\t\t\t<\/div>\n\n\t\n\n\t<div id=\"col-1831287294\" class=\"col medium-6 small-12 large-6\"  >\n\t\t\t\t<div class=\"col-inner text-left\"  >\n\t\t\t\n\t\t\t\n\t<div id=\"text-195649875\" class=\"text\">\n\t\t\n<h3 class=\"inner-3__prodetailname\">MANDRINO RAFFREDDATO AD ARIA 2,2 kW ER16 GDZ80F-2.2<\/h3>\n\t\t\n<style>\n#text-195649875 {\n  font-size: 0.95rem;\n}\n<\/style>\n\t<\/div>\n\t\n\t<div id=\"text-3153408228\" class=\"text\">\n\t\t\n<ul>\n<li style=\"text-align: left;\">Modello GDZ80F-2.2<\/li>\n<li style=\"text-align: left;\">Motore mandrino ER16<\/li>\n<li>Mandrino CNC da 24000 giri\/min<\/li>\n<li>Motore mandrino raffreddato ad aria da 2,2 kW<\/li>\n<li>Motore elettromandrino 220V<\/li>\n<li>Fresatura CNC, motore mandrino di incisione<\/li>\n<li>Motore mandrino \u03a680mm<\/li>\n<li>mandrino di raffreddamento ad aria circolare<\/li>\n<\/ul>\n\t\t\n<style>\n#text-3153408228 {\n  text-align: left;\n}\n<\/style>\n\t<\/div>\n\t\n<a href=\"\/it\/contact\/\" target=\"_blank\" class=\"button primary\" rel=\"noopener\"  style=\"border-radius:99px;\">\n    <span>contattaci<\/span>\n  <\/a>\n\n\t\t<\/div>\n\t\t\t\t\n<style>\n#col-1831287294 > .col-inner {\n  padding: 0px 0px 5px 0px;\n}\n<\/style>\n\t<\/div>\n\n\t\n<\/div>\n<div class=\"text-center\"><div class=\"is-divider divider clearfix\" style=\"margin-top:0.9em;margin-bottom:0.9em;max-width:502px;\"><\/div><\/div>\n<blockquote>\n<ul>\n<li>I nostri motori mandrino CNC sono forniti direttamente dalla fabbrica, non acquistati dai fornitori pi\u00f9 economici con fonti sconosciute, garantendo cos\u00ec qualit\u00e0 e affidabilit\u00e0 note. Tutti i mandrini router CNC di RicoCNC sono originali, senza falsi.<\/li>\n<\/ul>\n<\/blockquote>\n\t<section class=\"section\" id=\"section_1483450607\">\n\t\t<div class=\"bg section-bg fill bg-fill  bg-loaded\" >\n\n\t\t\t\n\t\t\t\n\t\t\t\n\n\t\t<\/div>\n\n\t\t\n\n\t\t<div class=\"section-content relative\">\n\t\t\t\n<div class=\"row\"  id=\"row-1135891033\">\n\n\t<div id=\"col-343246467\" class=\"col medium-6 small-12 large-6\"  >\n\t\t\t\t<div class=\"col-inner\"  >\n\t\t\t\n\t\t\t\n<h2>Caratteristiche tecniche<\/h2>\n<div class=\"is-divider divider clearfix\" style=\"max-width:91px;background-color:rgb(82, 117, 141);\"><\/div>\n\n<p>&nbsp;<\/p>\n<table border=\"1\">\n<tbody>\n<tr>\n<th class=\"center-first-column\">Tipo di mandrino<\/th>\n<td>Modello GDZ80F-2.2<\/td>\n<\/tr>\n<tr>\n<th class=\"center-first-column\">Diametro<\/th>\n<td>\u03a680mm<\/td>\n<\/tr>\n<tr>\n<th class=\"center-first-column\">Velocit\u00e0<\/th>\n<td>24000 giri al minuto<\/td>\n<\/tr>\n<tr>\n<th class=\"center-first-column\">Energia<\/th>\n<td>2,2 kW<\/td>\n<\/tr>\n<tr>\n<th class=\"center-first-column\">Voltaggio<\/th>\n<td>220V<\/td>\n<\/tr>\n<tr>\n<th class=\"center-first-column\">Attuale<\/th>\n<td>5A<\/td>\n<\/tr>\n<tr>\n<th class=\"center-first-column\">Frequenza<\/th>\n<td>400 Hz<\/td>\n<\/tr>\n<tr>\n<th class=\"center-first-column\">Coppia<\/th>\n<td>0,91 Nm<\/td>\n<\/tr>\n<tr>\n<th class=\"center-first-column\">Colletto<\/th>\n<td>ER16<\/td>\n<\/tr>\n<tr>\n<th class=\"center-first-column\">tipo di cuscinetto<\/th>\n<td>7004*2+7002*2<\/td>\n<\/tr>\n<tr>\n<th class=\"center-first-column\">Peso<\/th>\n<td>3,2 kg<\/td>\n<\/tr>\n<\/tbody>\n<\/table>\n\n\t\t<\/div>\n\t\t\t\t\t<\/div>\n\n\t\n\n\t<div id=\"col-1379444190\" class=\"col medium-6 small-12 large-6\"  >\n\t\t\t\t<div class=\"col-inner\"  >\n\t\t\t\n\t\t\t\n<h2>Progettazione del mandrino<\/h2>\n<div class=\"is-divider divider clearfix\" style=\"max-width:91px;background-color:rgb(82, 117, 141);\"><\/div>\n\t<div class=\"img has-hover x md-x lg-x y md-y lg-y\" id=\"image_745076681\">\n\t\t\t\t\t\t\t\t<div class=\"img-inner dark\" >\n\t\t\t<img loading=\"lazy\" decoding=\"async\" width=\"750\" height=\"305\" src=\"https:\/\/spindlemotorshop.com\/wp-content\/uploads\/2024\/08\/3491639002_355255932.jpg\" class=\"attachment-original size-original\" alt=\"Disegno del mandrino raffreddato ad aria 2,2 kW ER16 GDZ80F-2,2\" srcset=\"https:\/\/spindlemotorshop.com\/wp-content\/uploads\/2024\/08\/3491639002_355255932.jpg 750w, https:\/\/spindlemotorshop.com\/wp-content\/uploads\/2024\/08\/3491639002_355255932-300x122.jpg 300w, https:\/\/spindlemotorshop.com\/wp-content\/uploads\/2024\/08\/3491639002_355255932-18x7.jpg 18w, https:\/\/spindlemotorshop.com\/wp-content\/uploads\/2024\/08\/3491639002_355255932-600x244.jpg 600w\" sizes=\"auto, (max-width: 750px) 100vw, 750px\" \/>\t\t\t\t\t\t\n\t\t\t\t\t<\/div>\n\t\t\t\t\t\t\t\t\n<style>\n#image_745076681 {\n  width: 100%;\n}\n<\/style>\n\t<\/div>\n\t\n\t<div class=\"img has-hover x md-x lg-x y md-y lg-y\" id=\"image_1657683341\">\n\t\t\t\t\t\t\t\t<div class=\"img-inner dark\" >\n\t\t\t\t\t\t\t\t\t\n\t\t\t\t\t<\/div>\n\t\t\t\t\t\t\t\t\n<style>\n#image_1657683341 {\n  width: 93%;\n}\n<\/style>\n\t<\/div>\n\t\n\t<div class=\"img has-hover x md-x lg-x y md-y lg-y\" id=\"image_1070545287\">\n\t\t\t\t\t\t\t\t<div class=\"img-inner image-cover dark\" style=\"padding-top:75%;\">\n\t\t\t\t\t\t\t\t\t\n\t\t\t\t\t<\/div>\n\t\t\t\t\t\t\t\t\n<style>\n#image_1070545287 {\n  width: 0%;\n}\n<\/style>\n\t<\/div>\n\t\n\t\t<\/div>\n\t\t\t\t\n<style>\n#col-1379444190 > .col-inner {\n  margin: 0px 0px -96px 0px;\n}\n<\/style>\n\t<\/div>\n\n\t\n<\/div>\n<ul>\n<li><strong>Modello GDZ80F-2.2<\/strong> Mandrino elettrico raffreddato ad aria ad alte prestazioni, dal peso di soli 3,2 kg, facile da installare e trasportare. 2,2 kW, adatto per attivit\u00e0 di lavorazione a carico medio. Adatto per fresatura, foratura, incisione e altre attivit\u00e0 di lavorazione di legno, plastica, schiuma<\/li>\n<\/ul>\n\t\t<\/div>\n\n\t\t\n<style>\n#section_1483450607 {\n  padding-top: 30px;\n  padding-bottom: 30px;\n}\n<\/style>\n\t<\/section>\n\t\n<div class=\"row\"  id=\"row-1851678006\">\n\n\t<div id=\"col-799532591\" class=\"col medium-6 small-12 large-6\"  >\n\t\t\t\t<div class=\"col-inner\"  >\n\t\t\t\n\t\t\t\n\t<div class=\"img has-hover x md-x lg-x y md-y lg-y\" id=\"image_891870674\">\n\t\t\t\t\t\t\t\t<div class=\"img-inner image-cover dark\" style=\"padding-top:75%;\">\n\t\t\t<img loading=\"lazy\" decoding=\"async\" width=\"800\" height=\"800\" src=\"https:\/\/spindlemotorshop.com\/wp-content\/uploads\/2024\/08\/1989515016427242.jpg\" class=\"attachment-original size-original\" alt=\"MANDRINO RAFFREDDATO AD ARIA 2,2 kW ER16 GDZ80F-2.2\" srcset=\"https:\/\/spindlemotorshop.com\/wp-content\/uploads\/2024\/08\/1989515016427242.jpg 800w, https:\/\/spindlemotorshop.com\/wp-content\/uploads\/2024\/08\/1989515016427242-300x300.jpg 300w, https:\/\/spindlemotorshop.com\/wp-content\/uploads\/2024\/08\/1989515016427242-150x150.jpg 150w, https:\/\/spindlemotorshop.com\/wp-content\/uploads\/2024\/08\/1989515016427242-768x768.jpg 768w, https:\/\/spindlemotorshop.com\/wp-content\/uploads\/2024\/08\/1989515016427242-12x12.jpg 12w, https:\/\/spindlemotorshop.com\/wp-content\/uploads\/2024\/08\/1989515016427242-600x600.jpg 600w, https:\/\/spindlemotorshop.com\/wp-content\/uploads\/2024\/08\/1989515016427242-100x100.jpg 100w\" sizes=\"auto, (max-width: 800px) 100vw, 800px\" \/>\t\t\t\t\t\t\n\t\t\t\t\t<\/div>\n\t\t\t\t\t\t\t\t\n<style>\n#image_891870674 {\n  width: 100%;\n}\n<\/style>\n\t<\/div>\n\t\n\t\t<\/div>\n\t\t\t\t\t<\/div>\n\n\t\n\n\t<div id=\"col-944957755\" class=\"col medium-6 small-12 large-6\"  >\n\t\t\t\t<div class=\"col-inner\"  >\n\t\t\t\n\t\t\t\n\t<div class=\"img has-hover x md-x lg-x y md-y lg-y\" id=\"image_824963005\">\n\t\t\t\t\t\t\t\t<div class=\"img-inner image-cover dark\" style=\"padding-top:75%;\">\n\t\t\t<img loading=\"lazy\" decoding=\"async\" width=\"800\" height=\"800\" src=\"https:\/\/spindlemotorshop.com\/wp-content\/uploads\/2024\/08\/75115016427246.jpg\" class=\"attachment-original size-original\" alt=\"MANDRINO RAFFREDDATO AD ARIA 2,2 kW ER16 GDZ80F-2.2\" srcset=\"https:\/\/spindlemotorshop.com\/wp-content\/uploads\/2024\/08\/75115016427246.jpg 800w, https:\/\/spindlemotorshop.com\/wp-content\/uploads\/2024\/08\/75115016427246-300x300.jpg 300w, https:\/\/spindlemotorshop.com\/wp-content\/uploads\/2024\/08\/75115016427246-150x150.jpg 150w, https:\/\/spindlemotorshop.com\/wp-content\/uploads\/2024\/08\/75115016427246-768x768.jpg 768w, https:\/\/spindlemotorshop.com\/wp-content\/uploads\/2024\/08\/75115016427246-12x12.jpg 12w, https:\/\/spindlemotorshop.com\/wp-content\/uploads\/2024\/08\/75115016427246-600x600.jpg 600w, https:\/\/spindlemotorshop.com\/wp-content\/uploads\/2024\/08\/75115016427246-100x100.jpg 100w\" sizes=\"auto, (max-width: 800px) 100vw, 800px\" \/>\t\t\t\t\t\t\n\t\t\t\t\t<\/div>\n\t\t\t\t\t\t\t\t\n<style>\n#image_824963005 {\n  width: 98%;\n}\n<\/style>\n\t<\/div>\n\t\n\t\t<\/div>\n\t\t\t\t\t<\/div>\n\n\t\n<\/div>\n\t<section class=\"section\" id=\"section_1319160343\">\n\t\t<div class=\"bg section-bg fill bg-fill  bg-loaded\" >\n\n\t\t\t\n\t\t\t\n\t\t\t\n\n\t\t<\/div>\n\n\t\t\n\n\t\t<div class=\"section-content relative\">\n\t\t\t\n<h4>Se hai bisogno di un mandrino CNC, ti invitiamo a inviare una richiesta<\/h4>\n\t\t<\/div>\n\n\t\t\n<style>\n#section_1319160343 {\n  padding-top: 30px;\n  padding-bottom: 30px;\n}\n<\/style>\n\t<\/section>\n\t\n\t<section class=\"section\" id=\"section_20923562\">\n\t\t<div class=\"bg section-bg fill bg-fill  bg-loaded\" >\n\n\t\t\t\n\t\t\t\n\t\t\t\n\n\t\t<\/div>\n\n\t\t\n\n\t\t<div class=\"section-content relative\">\n\t\t\t\n<div class=\"row row-full-width align-center\"  id=\"row-1468662269\">\n\n\t<div id=\"col-1389613764\" class=\"col small-12 large-12\"  >\n\t\t\t\t<div class=\"col-inner text-center\"  >\n\t\t\t\n\t\t\t\n\t<div id=\"text-3020141699\" class=\"text\">\n\t\t\n\t\t\n<style>\n#text-3020141699 {\n  text-align: left;\n}\n<\/style>\n\t<\/div>\n\t\n\t<div id=\"text-4079447651\" class=\"text\">\n\t\t\n<h2>CONTATTACI<\/h2>\n\t\t\n<style>\n#text-4079447651 {\n  color: rgb(255,255,255);\n}\n#text-4079447651 > * {\n  color: rgb(255,255,255);\n}\n<\/style>\n\t<\/div>\n\t\n\n<div class=\"wpcf7 no-js\" id=\"wpcf7-f280-o1\" lang=\"en-US\" dir=\"ltr\" data-wpcf7-id=\"280\">\n<div class=\"screen-reader-response\"><p role=\"status\" aria-live=\"polite\" aria-atomic=\"true\"><\/p> <ul><\/ul><\/div>\n<form action=\"\/it\/wp-json\/wp\/v2\/pages\/3162#wpcf7-f280-o1\" method=\"post\" class=\"wpcf7-form init\" aria-label=\"Modulo di contatto\" novalidate=\"novalidate\" data-status=\"init\" data-trp-original-action=\"\/it\/wp-json\/wp\/v2\/pages\/3162#wpcf7-f280-o1\">\n<div style=\"display: none;\">\n<input type=\"hidden\" name=\"_wpcf7\" value=\"280\" \/>\n<input type=\"hidden\" name=\"_wpcf7_version\" value=\"6.0.6\" \/>\n<input type=\"hidden\" name=\"_wpcf7_locale\" value=\"en_US\" \/>\n<input type=\"hidden\" name=\"_wpcf7_unit_tag\" value=\"wpcf7-f280-o1\" \/>\n<input type=\"hidden\" name=\"_wpcf7_container_post\" value=\"0\" \/>\n<input type=\"hidden\" name=\"_wpcf7_posted_data_hash\" value=\"\" \/>\n<\/div>\n<div class='custom_contact_style'>\n\t<div class=\"row row-small\">\n\t\t<div class=\"col medium-6 small-12 large-6\">\n\t\t\t<div class=\"col-inner\">\n\t\t\t\t<p><span class=\"wpcf7-form-control-wrap\" data-name=\"your-name\"><input size=\"40\" maxlength=\"400\" class=\"wpcf7-form-control wpcf7-text wpcf7-validates-as-required\" aria-required=\"true\" aria-invalid=\"false\" placeholder=\"Nome*\" value=\"\" type=\"text\" name=\"your-name\" \/><\/span>\n\t\t\t\t<\/p>\n\t\t\t<\/div>\n\t\t<\/div>\n\t\t<div class=\"col medium-6 small-12 large-6\">\n\t\t\t<div class=\"col-inner\">\n\t\t\t\t<p><span class=\"wpcf7-form-control-wrap\" data-name=\"your-email\"><input size=\"40\" maxlength=\"400\" class=\"wpcf7-form-control wpcf7-email wpcf7-validates-as-required wpcf7-text wpcf7-validates-as-email\" aria-required=\"true\" aria-invalid=\"false\" placeholder=\"E-mail*\" value=\"\" type=\"email\" name=\"your-email\" \/><\/span>\n\t\t\t\t<\/p>\n\t\t\t<\/div>\n\t\t<\/div>\n\t<\/div>\n\t<div class='cus_contact_form_bottom'>\n\t\t<p><span class=\"wpcf7-form-control-wrap\" data-name=\"your-phone\"><input size=\"40\" maxlength=\"400\" class=\"wpcf7-form-control wpcf7-text\" aria-invalid=\"false\" placeholder=\"Telefono\" value=\"\" type=\"text\" name=\"your-phone\" \/><\/span>\n\t\t<\/p>\n\t<\/div>\n\t<div class='cus_contact_form_bottom'>\n\t\t<p><span class=\"wpcf7-form-control-wrap\" data-name=\"your-country\"><input size=\"40\" maxlength=\"400\" class=\"wpcf7-form-control wpcf7-text\" aria-invalid=\"false\" placeholder=\"Paese\" value=\"\" type=\"text\" name=\"your-country\" \/><\/span>\n\t\t<\/p>\n\t<\/div>\n\t<p><span class=\"wpcf7-form-control-wrap\" data-name=\"your-message\"><textarea cols=\"40\" rows=\"10\" maxlength=\"2000\" class=\"wpcf7-form-control wpcf7-textarea wpcf7-validates-as-required\" aria-required=\"true\" aria-invalid=\"false\" placeholder=\"Il tuo messaggio *\" name=\"your-message\"><\/textarea><\/span>\n\t<\/p>\n\t<div style=\"margin-bottom:10px;\">\n\t<\/div>\n\t<p><div id=\"cf7sr-69ff30faa9428\" class=\"cf7sr-g-turnstile\" data-redirect=\"\" data-theme=\"auto\" data-language=\"en\" data-size=\"normal\" \n    data-sitekey=\"0x4AAAAAAA3FLd3Fs0zNyv_e\"><\/div><span class=\"wpcf7-form-control-wrap cf7sr-turnstile\" data-name=\"cf7sr-turnstile\"><input type=\"hidden\" name=\"cf7sr-turnstile\" value=\"\" class=\"wpcf7-form-control\"><\/span><br \/>\n<input class=\"wpcf7-form-control wpcf7-submit has-spinner\" type=\"submit\" value=\"Invia messaggio\" \/>\n\t<\/p>\n<\/div><div class=\"wpcf7-response-output\" aria-hidden=\"true\"><\/div>\n<input type=\"hidden\" name=\"trp-form-language\" value=\"it\"\/><\/form>\n<\/div>\n\n\t\t<\/div>\n\t\t\t\t\t<\/div>\n\n\t\n<\/div>\n\t\t<\/div>\n\n\t\t\n<style>\n#section_20923562 {\n  padding-top: 30px;\n  padding-bottom: 30px;\n  background-color: #214184;\n}\n<\/style>\n\t<\/section>","protected":false},"excerpt":{"rendered":"<p>I nostri motori mandrino CNC sono forniti direttamente dalla fabbrica, non acquistati dai fornitori pi\u00f9 economici con fonti sconosciute, garantendo cos\u00ec qualit\u00e0 e affidabilit\u00e0 note. Tutti i mandrini router CNC di RicoCNC sono originali, senza falsi.<\/p>","protected":false},"author":1,"featured_media":3170,"parent":0,"menu_order":0,"comment_status":"closed","ping_status":"closed","template":"","meta":{"_gspb_post_css":"","footnotes":""},"class_list":["post-3162","page","type-page","status-publish","has-post-thumbnail","hentry"],"_links":{"self":[{"href":"https:\/\/spindlemotorshop.com\/it\/wp-json\/wp\/v2\/pages\/3162","targetHints":{"allow":["GET"]}}],"collection":[{"href":"https:\/\/spindlemotorshop.com\/it\/wp-json\/wp\/v2\/pages"}],"about":[{"href":"https:\/\/spindlemotorshop.com\/it\/wp-json\/wp\/v2\/types\/page"}],"author":[{"embeddable":true,"href":"https:\/\/spindlemotorshop.com\/it\/wp-json\/wp\/v2\/users\/1"}],"replies":[{"embeddable":true,"href":"https:\/\/spindlemotorshop.com\/it\/wp-json\/wp\/v2\/comments?post=3162"}],"version-history":[{"count":0,"href":"https:\/\/spindlemotorshop.com\/it\/wp-json\/wp\/v2\/pages\/3162\/revisions"}],"wp:featuredmedia":[{"embeddable":true,"href":"https:\/\/spindlemotorshop.com\/it\/wp-json\/wp\/v2\/media\/3170"}],"wp:attachment":[{"href":"https:\/\/spindlemotorshop.com\/it\/wp-json\/wp\/v2\/media?parent=3162"}],"curies":[{"name":"wp","href":"https:\/\/api.w.org\/{rel}","templated":true}]}}