{"id":3460,"date":"2024-08-08T03:13:16","date_gmt":"2024-08-08T03:13:16","guid":{"rendered":"https:\/\/spindlemotorshop.com\/?page_id=3460"},"modified":"2024-10-08T02:37:35","modified_gmt":"2024-10-08T02:37:35","slug":"gdz-18-1500w-er11-water-cooled-spindle","status":"publish","type":"page","link":"https:\/\/spindlemotorshop.com\/it\/gdz-18-1500w-er11-water-cooled-spindle\/","title":{"rendered":"Mandrino raffreddato ad acqua GDZ-18 1,5 kW ER11"},"content":{"rendered":"<div class=\"row\"  id=\"row-952557335\">\n\n\t<div id=\"col-2112682761\" class=\"col medium-6 small-12 large-6\"  >\n\t\t\t\t<div class=\"col-inner\"  >\n\t\t\t\n\t\t\t\n\t<div class=\"img has-hover x md-x lg-x y md-y lg-y\" id=\"image_1009964277\">\n\t\t\t\t\t\t\t\t<div class=\"img-inner image-cover box-shadow-1 dark\" style=\"padding-top:50%;\">\n\t\t\t<img loading=\"lazy\" decoding=\"async\" width=\"790\" height=\"395\" src=\"https:\/\/spindlemotorshop.com\/wp-content\/uploads\/2024\/08\/TB2.1g4sXXXXXXDXpXXXXXXXXXX___130318475.jpg_Q75.jpg_.jpg\" class=\"attachment-original size-original\" alt=\"Prodotto mandrino raffreddato ad acqua ER11 GDZ-18 da 1,5 kW\" srcset=\"https:\/\/spindlemotorshop.com\/wp-content\/uploads\/2024\/08\/TB2.1g4sXXXXXXDXpXXXXXXXXXX___130318475.jpg_Q75.jpg_.jpg 790w, https:\/\/spindlemotorshop.com\/wp-content\/uploads\/2024\/08\/TB2.1g4sXXXXXXDXpXXXXXXXXXX___130318475.jpg_Q75.jpg_-300x150.jpg 300w, https:\/\/spindlemotorshop.com\/wp-content\/uploads\/2024\/08\/TB2.1g4sXXXXXXDXpXXXXXXXXXX___130318475.jpg_Q75.jpg_-768x384.jpg 768w, https:\/\/spindlemotorshop.com\/wp-content\/uploads\/2024\/08\/TB2.1g4sXXXXXXDXpXXXXXXXXXX___130318475.jpg_Q75.jpg_-18x9.jpg 18w, https:\/\/spindlemotorshop.com\/wp-content\/uploads\/2024\/08\/TB2.1g4sXXXXXXDXpXXXXXXXXXX___130318475.jpg_Q75.jpg_-600x300.jpg 600w\" sizes=\"auto, (max-width: 790px) 100vw, 790px\" \/>\t\t\t\t\t\t\n\t\t\t\t\t<\/div>\n\t\t\t\t\t\t\t\t\n<style>\n#image_1009964277 {\n  width: 100%;\n}\n<\/style>\n\t<\/div>\n\t\n\t\t<\/div>\n\t\t\t\t\t<\/div>\n\n\t\n\n\t<div id=\"col-901485393\" class=\"col medium-6 small-12 large-6\"  >\n\t\t\t\t<div class=\"col-inner text-left\"  >\n\t\t\t\n\t\t\t\n\t<div id=\"text-2301221476\" class=\"text\">\n\t\t\n<h3 class=\"inner-3__prodetailname\">Mandrino raffreddato ad acqua ER11 GDZ-18 da 1,5 kW<\/h3>\n\t\t\n<style>\n#text-2301221476 {\n  font-size: 0.95rem;\n}\n<\/style>\n\t<\/div>\n\t\n\t<div id=\"text-1502876410\" class=\"text\">\n\t\t\n<ul>\n<li style=\"text-align: left;\">GDZ-18<\/li>\n<li style=\"text-align: left;\">Motore mandrino CNC ER11<\/li>\n<li>Mandrino CNC da 24000 giri\/min<\/li>\n<li>Motore mandrino da 1,5 kW<\/li>\n<li>motori mandrino raffreddati ad acqua<\/li>\n<li>Motore mandrino \u03a680mm<\/li>\n<li>Motore mandrino per incisione CNC<\/li>\n<li>Struttura a tre cuscinetti<\/li>\n<\/ul>\n\t\t\n<style>\n#text-1502876410 {\n  text-align: left;\n}\n<\/style>\n\t<\/div>\n\t\n<a href=\"\/it\/contact\/\" target=\"_blank\" class=\"button primary\" rel=\"noopener\"  style=\"border-radius:99px;\">\n    <span>contattaci<\/span>\n  <\/a>\n\n\t\t<\/div>\n\t\t\t\t\n<style>\n#col-901485393 > .col-inner {\n  padding: 0px 0px 5px 0px;\n}\n<\/style>\n\t<\/div>\n\n\t\n<\/div>\n<div class=\"text-center\"><div class=\"is-divider divider clearfix\" style=\"margin-top:0.9em;margin-bottom:0.9em;max-width:502px;\"><\/div><\/div>\n<blockquote>\n<ul>\n<li>I nostri motori mandrino CNC sono forniti direttamente dalla fabbrica, non acquistati dai fornitori pi\u00f9 economici con fonti sconosciute, garantendo cos\u00ec qualit\u00e0 e affidabilit\u00e0 note. Tutti i mandrini router CNC di RicoCNC sono originali, senza falsi.<\/li>\n<\/ul>\n<\/blockquote>\n\t<section class=\"section\" id=\"section_525841895\">\n\t\t<div class=\"bg section-bg fill bg-fill  bg-loaded\" >\n\n\t\t\t\n\t\t\t\n\t\t\t\n\n\t\t<\/div>\n\n\t\t\n\n\t\t<div class=\"section-content relative\">\n\t\t\t\n<div class=\"row\"  id=\"row-1483549374\">\n\n\t<div id=\"col-251602043\" class=\"col medium-6 small-12 large-6\"  >\n\t\t\t\t<div class=\"col-inner\"  >\n\t\t\t\n\t\t\t\n<h2>Caratteristiche tecniche<\/h2>\n<div class=\"is-divider divider clearfix\" style=\"max-width:91px;background-color:rgb(82, 117, 141);\"><\/div>\n\n<table border=\"1\">\n<tbody>\n<tr>\n<th class=\"center-first-column\">Tipo<\/th>\n<td>GDZ-18<\/td>\n<\/tr>\n<tr>\n<th class=\"center-first-column\">Dimensioni<\/th>\n<td>\u03a665*200mm<\/td>\n<\/tr>\n<tr>\n<th class=\"center-first-column\">Velocit\u00e0<\/th>\n<td>24000 giri\/min<\/td>\n<\/tr>\n<tr>\n<th class=\"center-first-column\">Energia<\/th>\n<td>1,5 kW<\/td>\n<\/tr>\n<tr>\n<th class=\"center-first-column\">Voltaggio<\/th>\n<td>220V<\/td>\n<\/tr>\n<tr>\n<th class=\"center-first-column\">Attuale<\/th>\n<td>5A<\/td>\n<\/tr>\n<tr>\n<th class=\"center-first-column\">Frequenza<\/th>\n<td>400 Hz<\/td>\n<\/tr>\n<tr>\n<th class=\"center-first-column\">Cuscinetto<\/th>\n<td>7002C\/P*2, 7001C\/P*1<\/td>\n<\/tr>\n<tr>\n<th class=\"center-first-column\">Colletto<\/th>\n<td>ER11<\/td>\n<\/tr>\n<tr>\n<th class=\"center-first-column\">Numero di fasi<\/th>\n<td>3<\/td>\n<\/tr>\n<\/tbody>\n<\/table>\n\n\t\t<\/div>\n\t\t\t\t\t<\/div>\n\n\t\n\n\t<div id=\"col-1825949759\" class=\"col medium-6 small-12 large-6\"  >\n\t\t\t\t<div class=\"col-inner\"  >\n\t\t\t\n\t\t\t\n<h2>Progettazione del mandrino<\/h2>\n<div class=\"is-divider divider clearfix\" style=\"max-width:91px;background-color:rgb(82, 117, 141);\"><\/div>\n\t<div class=\"img has-hover x md-x lg-x y md-y lg-y\" id=\"image_439449585\">\n\t\t\t\t\t\t\t\t<div class=\"img-inner dark\" >\n\t\t\t<img loading=\"lazy\" decoding=\"async\" width=\"790\" height=\"434\" src=\"https:\/\/spindlemotorshop.com\/wp-content\/uploads\/2024\/08\/1.jpg\" class=\"attachment-original size-original\" alt=\"Disegno del mandrino raffreddato ad acqua ER11 GDZ-18 da 1,5 kW\" srcset=\"https:\/\/spindlemotorshop.com\/wp-content\/uploads\/2024\/08\/1.jpg 790w, https:\/\/spindlemotorshop.com\/wp-content\/uploads\/2024\/08\/1-300x165.jpg 300w, https:\/\/spindlemotorshop.com\/wp-content\/uploads\/2024\/08\/1-768x422.jpg 768w, https:\/\/spindlemotorshop.com\/wp-content\/uploads\/2024\/08\/1-18x10.jpg 18w, https:\/\/spindlemotorshop.com\/wp-content\/uploads\/2024\/08\/1-600x330.jpg 600w\" sizes=\"auto, (max-width: 790px) 100vw, 790px\" \/>\t\t\t\t\t\t\n\t\t\t\t\t<\/div>\n\t\t\t\t\t\t\t\t\n<style>\n#image_439449585 {\n  width: 100%;\n}\n<\/style>\n\t<\/div>\n\t\n\t<div class=\"img has-hover x md-x lg-x y md-y lg-y\" id=\"image_1111653251\">\n\t\t\t\t\t\t\t\t<div class=\"img-inner dark\" >\n\t\t\t\t\t\t\t\t\t\n\t\t\t\t\t<\/div>\n\t\t\t\t\t\t\t\t\n<style>\n#image_1111653251 {\n  width: 93%;\n}\n<\/style>\n\t<\/div>\n\t\n\t<div class=\"img has-hover x md-x lg-x y md-y lg-y\" id=\"image_1867848210\">\n\t\t\t\t\t\t\t\t<div class=\"img-inner image-cover dark\" style=\"padding-top:75%;\">\n\t\t\t\t\t\t\t\t\t\n\t\t\t\t\t<\/div>\n\t\t\t\t\t\t\t\t\n<style>\n#image_1867848210 {\n  width: 0%;\n}\n<\/style>\n\t<\/div>\n\t\n\t\t<\/div>\n\t\t\t\t\n<style>\n#col-1825949759 > .col-inner {\n  margin: 0px 0px -96px 0px;\n}\n<\/style>\n\t<\/div>\n\n\t\n<\/div>\n\t\t<\/div>\n\n\t\t\n<style>\n#section_525841895 {\n  padding-top: 8px;\n  padding-bottom: 8px;\n}\n<\/style>\n\t<\/section>\n\t\n<ul>\n<li><strong>GDZ-18<\/strong> utilizza la lubrificazione a grasso, semplifica la manutenzione, riduce i costi di manutenzione e aumenta la durata utile. <strong>GDZ-18<\/strong> Il mandrino elettrico \u00e8 un mandrino elettrico compatto progettato per lavorazioni di precisione. La concentricit\u00e0 \u00e8 di 2 micron. Pu\u00f2 soddisfare quasi la maggior parte delle tue esigenze di lavorazione.<\/li>\n<\/ul>\n\t<div id=\"gap-963688714\" class=\"gap-element clearfix\" style=\"display:block; height:auto;\">\n\t\t\n<style>\n#gap-963688714 {\n  padding-top: 30px;\n}\n<\/style>\n\t<\/div>\n\t\n<div class=\"row\"  id=\"row-1151784941\">\n\n\t<div id=\"col-1022486928\" class=\"col medium-6 small-12 large-6\"  >\n\t\t\t\t<div class=\"col-inner text-center\"  >\n\t\t\t\n\t\t\t\n\t<div class=\"img has-hover x md-x lg-x y md-y lg-y\" id=\"image_1601906948\">\n\t\t\t\t\t\t\t\t<div class=\"img-inner dark\" >\n\t\t\t<img loading=\"lazy\" decoding=\"async\" width=\"150\" height=\"150\" src=\"https:\/\/spindlemotorshop.com\/wp-content\/uploads\/2024\/08\/TB2biNpspXXXXXYXXXXXXXXXXXX_130318475.jpg_Q75.jpg_-150x150.jpeg\" class=\"attachment-thumbnail size-thumbnail\" alt=\"Dettaglio del mandrino raffreddato ad acqua ER11 GDZ-18 da 1,5 kW\" srcset=\"https:\/\/spindlemotorshop.com\/wp-content\/uploads\/2024\/08\/TB2biNpspXXXXXYXXXXXXXXXXXX_130318475.jpg_Q75.jpg_-150x150.jpeg 150w, https:\/\/spindlemotorshop.com\/wp-content\/uploads\/2024\/08\/TB2biNpspXXXXXYXXXXXXXXXXXX_130318475.jpg_Q75.jpg_-300x300.jpeg 300w, https:\/\/spindlemotorshop.com\/wp-content\/uploads\/2024\/08\/TB2biNpspXXXXXYXXXXXXXXXXXX_130318475.jpg_Q75.jpg_-768x768.jpeg 768w, https:\/\/spindlemotorshop.com\/wp-content\/uploads\/2024\/08\/TB2biNpspXXXXXYXXXXXXXXXXXX_130318475.jpg_Q75.jpg_-12x12.jpeg 12w, https:\/\/spindlemotorshop.com\/wp-content\/uploads\/2024\/08\/TB2biNpspXXXXXYXXXXXXXXXXXX_130318475.jpg_Q75.jpg_-600x600.jpeg 600w, https:\/\/spindlemotorshop.com\/wp-content\/uploads\/2024\/08\/TB2biNpspXXXXXYXXXXXXXXXXXX_130318475.jpg_Q75.jpg_-100x100.jpeg 100w, https:\/\/spindlemotorshop.com\/wp-content\/uploads\/2024\/08\/TB2biNpspXXXXXYXXXXXXXXXXXX_130318475.jpg_Q75.jpg_.jpeg 790w\" sizes=\"auto, (max-width: 150px) 100vw, 150px\" \/>\t\t\t\t\t\t\n\t\t\t\t\t<\/div>\n\t\t\t\t\t\t\t\t\n<style>\n#image_1601906948 {\n  width: 67%;\n}\n<\/style>\n\t<\/div>\n\t\n\t\t<\/div>\n\t\t\t\t\t<\/div>\n\n\t\n\n\t<div id=\"col-1223229101\" class=\"col medium-6 small-12 large-6\"  >\n\t\t\t\t<div class=\"col-inner text-center\"  >\n\t\t\t\n\t\t\t\n\t<div class=\"img has-hover x md-x lg-x y md-y lg-y\" id=\"image_1274177770\">\n\t\t\t\t\t\t\t\t<div class=\"img-inner dark\" >\n\t\t\t<img loading=\"lazy\" decoding=\"async\" width=\"1936\" height=\"1296\" src=\"https:\/\/spindlemotorshop.com\/wp-content\/uploads\/2024\/08\/DSC00848-1.jpg\" class=\"attachment-original size-original\" alt=\"Applicazione mandrino raffreddato ad acqua ER11 GDZ-18 da 1,5 kW\" srcset=\"https:\/\/spindlemotorshop.com\/wp-content\/uploads\/2024\/08\/DSC00848-1.jpg 1936w, https:\/\/spindlemotorshop.com\/wp-content\/uploads\/2024\/08\/DSC00848-1-300x201.jpg 300w, https:\/\/spindlemotorshop.com\/wp-content\/uploads\/2024\/08\/DSC00848-1-1024x685.jpg 1024w, https:\/\/spindlemotorshop.com\/wp-content\/uploads\/2024\/08\/DSC00848-1-768x514.jpg 768w, https:\/\/spindlemotorshop.com\/wp-content\/uploads\/2024\/08\/DSC00848-1-1536x1028.jpg 1536w, https:\/\/spindlemotorshop.com\/wp-content\/uploads\/2024\/08\/DSC00848-1-18x12.jpg 18w, https:\/\/spindlemotorshop.com\/wp-content\/uploads\/2024\/08\/DSC00848-1-600x402.jpg 600w\" sizes=\"auto, (max-width: 1936px) 100vw, 1936px\" \/>\t\t\t\t\t\t\n\t\t\t\t\t<\/div>\n\t\t\t\t\t\t\t\t\n<style>\n#image_1274177770 {\n  width: 100%;\n}\n<\/style>\n\t<\/div>\n\t\n\t\t<\/div>\n\t\t\t\t\t<\/div>\n\n\t\n<\/div>\n\t<section class=\"section\" id=\"section_1870840734\">\n\t\t<div class=\"bg section-bg fill bg-fill  bg-loaded\" >\n\n\t\t\t\n\t\t\t\n\t\t\t\n\n\t\t<\/div>\n\n\t\t\n\n\t\t<div class=\"section-content relative\">\n\t\t\t\n<h4>Se hai bisogno di un mandrino CNC, ti invitiamo a inviare una richiesta<\/h4>\n\t\t<\/div>\n\n\t\t\n<style>\n#section_1870840734 {\n  padding-top: 30px;\n  padding-bottom: 30px;\n}\n<\/style>\n\t<\/section>\n\t\n\t<section class=\"section\" id=\"section_1817220078\">\n\t\t<div class=\"bg section-bg fill bg-fill  bg-loaded\" >\n\n\t\t\t\n\t\t\t\n\t\t\t\n\n\t\t<\/div>\n\n\t\t\n\n\t\t<div class=\"section-content relative\">\n\t\t\t\n<div class=\"row row-full-width align-center\"  id=\"row-355808392\">\n\n\t<div id=\"col-1661301242\" class=\"col small-12 large-12\"  >\n\t\t\t\t<div class=\"col-inner text-center\"  >\n\t\t\t\n\t\t\t\n\t<div id=\"text-4254098002\" class=\"text\">\n\t\t\n\t\t\n<style>\n#text-4254098002 {\n  text-align: left;\n}\n<\/style>\n\t<\/div>\n\t\n\t<div id=\"text-1102701906\" class=\"text\">\n\t\t\n<h2>CONTATTACI<\/h2>\n\t\t\n<style>\n#text-1102701906 {\n  color: rgb(255,255,255);\n}\n#text-1102701906 > * {\n  color: rgb(255,255,255);\n}\n<\/style>\n\t<\/div>\n\t\n\n<div class=\"wpcf7 no-js\" id=\"wpcf7-f280-o1\" lang=\"en-US\" dir=\"ltr\" data-wpcf7-id=\"280\">\n<div class=\"screen-reader-response\"><p role=\"status\" aria-live=\"polite\" aria-atomic=\"true\"><\/p> <ul><\/ul><\/div>\n<form action=\"\/it\/wp-json\/wp\/v2\/pages\/3460#wpcf7-f280-o1\" method=\"post\" class=\"wpcf7-form init\" aria-label=\"Modulo di contatto\" novalidate=\"novalidate\" data-status=\"init\" data-trp-original-action=\"\/it\/wp-json\/wp\/v2\/pages\/3460#wpcf7-f280-o1\">\n<div style=\"display: none;\">\n<input type=\"hidden\" name=\"_wpcf7\" value=\"280\" \/>\n<input type=\"hidden\" name=\"_wpcf7_version\" value=\"6.0.6\" \/>\n<input type=\"hidden\" name=\"_wpcf7_locale\" value=\"en_US\" \/>\n<input type=\"hidden\" name=\"_wpcf7_unit_tag\" value=\"wpcf7-f280-o1\" \/>\n<input type=\"hidden\" name=\"_wpcf7_container_post\" value=\"0\" \/>\n<input type=\"hidden\" name=\"_wpcf7_posted_data_hash\" value=\"\" \/>\n<\/div>\n<div class='custom_contact_style'>\n\t<div class=\"row row-small\">\n\t\t<div class=\"col medium-6 small-12 large-6\">\n\t\t\t<div class=\"col-inner\">\n\t\t\t\t<p><span class=\"wpcf7-form-control-wrap\" data-name=\"your-name\"><input size=\"40\" maxlength=\"400\" class=\"wpcf7-form-control wpcf7-text wpcf7-validates-as-required\" aria-required=\"true\" aria-invalid=\"false\" placeholder=\"Nome*\" value=\"\" type=\"text\" name=\"your-name\" \/><\/span>\n\t\t\t\t<\/p>\n\t\t\t<\/div>\n\t\t<\/div>\n\t\t<div class=\"col medium-6 small-12 large-6\">\n\t\t\t<div class=\"col-inner\">\n\t\t\t\t<p><span class=\"wpcf7-form-control-wrap\" data-name=\"your-email\"><input size=\"40\" maxlength=\"400\" class=\"wpcf7-form-control wpcf7-email wpcf7-validates-as-required wpcf7-text wpcf7-validates-as-email\" aria-required=\"true\" aria-invalid=\"false\" placeholder=\"E-mail*\" value=\"\" type=\"email\" name=\"your-email\" \/><\/span>\n\t\t\t\t<\/p>\n\t\t\t<\/div>\n\t\t<\/div>\n\t<\/div>\n\t<div class='cus_contact_form_bottom'>\n\t\t<p><span class=\"wpcf7-form-control-wrap\" data-name=\"your-phone\"><input size=\"40\" maxlength=\"400\" class=\"wpcf7-form-control wpcf7-text\" aria-invalid=\"false\" placeholder=\"Telefono\" value=\"\" type=\"text\" name=\"your-phone\" \/><\/span>\n\t\t<\/p>\n\t<\/div>\n\t<div class='cus_contact_form_bottom'>\n\t\t<p><span class=\"wpcf7-form-control-wrap\" data-name=\"your-country\"><input size=\"40\" maxlength=\"400\" class=\"wpcf7-form-control wpcf7-text\" aria-invalid=\"false\" placeholder=\"Paese\" value=\"\" type=\"text\" name=\"your-country\" \/><\/span>\n\t\t<\/p>\n\t<\/div>\n\t<p><span class=\"wpcf7-form-control-wrap\" data-name=\"your-message\"><textarea cols=\"40\" rows=\"10\" maxlength=\"2000\" class=\"wpcf7-form-control wpcf7-textarea wpcf7-validates-as-required\" aria-required=\"true\" aria-invalid=\"false\" placeholder=\"Il tuo messaggio *\" name=\"your-message\"><\/textarea><\/span>\n\t<\/p>\n\t<div style=\"margin-bottom:10px;\">\n\t<\/div>\n\t<p><div id=\"cf7sr-69ff307262fb9\" class=\"cf7sr-g-turnstile\" data-redirect=\"\" data-theme=\"auto\" data-language=\"en\" data-size=\"normal\" \n    data-sitekey=\"0x4AAAAAAA3FLd3Fs0zNyv_e\"><\/div><span class=\"wpcf7-form-control-wrap cf7sr-turnstile\" data-name=\"cf7sr-turnstile\"><input type=\"hidden\" name=\"cf7sr-turnstile\" value=\"\" class=\"wpcf7-form-control\"><\/span><br \/>\n<input class=\"wpcf7-form-control wpcf7-submit has-spinner\" type=\"submit\" value=\"Invia messaggio\" \/>\n\t<\/p>\n<\/div><div class=\"wpcf7-response-output\" aria-hidden=\"true\"><\/div>\n<input type=\"hidden\" name=\"trp-form-language\" value=\"it\"\/><\/form>\n<\/div>\n\n\t\t<\/div>\n\t\t\t\t\t<\/div>\n\n\t\n<\/div>\n\t\t<\/div>\n\n\t\t\n<style>\n#section_1817220078 {\n  padding-top: 30px;\n  padding-bottom: 30px;\n  background-color: #214184;\n}\n<\/style>\n\t<\/section>","protected":false},"excerpt":{"rendered":"<p>I nostri motori mandrino CNC sono forniti direttamente dalla fabbrica, non acquistati dai fornitori pi\u00f9 economici con fonti sconosciute, garantendo cos\u00ec qualit\u00e0 e affidabilit\u00e0 note. Tutti i mandrini router CNC di RicoCNC sono originali, senza falsi. GDZ-18 utilizza la lubrificazione a grasso, semplifica la manutenzione, riduce i costi di manutenzione e aumenta la durata utile. Il mandrino elettrico GDZ-18 \u00e8 un\u2026<\/p>","protected":false},"author":1,"featured_media":0,"parent":0,"menu_order":0,"comment_status":"closed","ping_status":"closed","template":"","meta":{"_gspb_post_css":"","footnotes":""},"class_list":["post-3460","page","type-page","status-publish","hentry"],"_links":{"self":[{"href":"https:\/\/spindlemotorshop.com\/it\/wp-json\/wp\/v2\/pages\/3460","targetHints":{"allow":["GET"]}}],"collection":[{"href":"https:\/\/spindlemotorshop.com\/it\/wp-json\/wp\/v2\/pages"}],"about":[{"href":"https:\/\/spindlemotorshop.com\/it\/wp-json\/wp\/v2\/types\/page"}],"author":[{"embeddable":true,"href":"https:\/\/spindlemotorshop.com\/it\/wp-json\/wp\/v2\/users\/1"}],"replies":[{"embeddable":true,"href":"https:\/\/spindlemotorshop.com\/it\/wp-json\/wp\/v2\/comments?post=3460"}],"version-history":[{"count":0,"href":"https:\/\/spindlemotorshop.com\/it\/wp-json\/wp\/v2\/pages\/3460\/revisions"}],"wp:attachment":[{"href":"https:\/\/spindlemotorshop.com\/it\/wp-json\/wp\/v2\/media?parent=3460"}],"curies":[{"name":"wp","href":"https:\/\/api.w.org\/{rel}","templated":true}]}}