{"id":3325,"date":"2024-08-06T09:23:51","date_gmt":"2024-08-06T09:23:51","guid":{"rendered":"https:\/\/spindlemotorshop.com\/?page_id=3325"},"modified":"2024-10-08T03:08:59","modified_gmt":"2024-10-08T03:08:59","slug":"gdz105-102-3-5-3500w-er20-air-cooled-spindles","status":"publish","type":"page","link":"https:\/\/spindlemotorshop.com\/pt\/gdz105-102-3-5-3500w-er20-air-cooled-spindles\/","title":{"rendered":"Fusos refrigerados a ar GDZ105*102-3.5 3.5kw ER20"},"content":{"rendered":"<div class=\"row\"  id=\"row-1332630621\">\n\n\t<div id=\"col-851069395\" class=\"col medium-6 small-12 large-6\"  >\n\t\t\t\t<div class=\"col-inner\"  >\n\t\t\t\n\t\t\t\n\t<div class=\"img has-hover x md-x lg-x y md-y lg-y\" id=\"image_2097787698\">\n\t\t\t\t\t\t\t\t<div class=\"img-inner image-cover box-shadow-1 dark\" style=\"padding-top:75%;\">\n\t\t\t<img loading=\"lazy\" decoding=\"async\" width=\"700\" height=\"700\" src=\"https:\/\/spindlemotorshop.com\/wp-content\/uploads\/2024\/08\/14794466474.jpg\" class=\"attachment-original size-original\" alt=\"3.5kw ER20 GDZ105*102-3.5 fusos refrigerados a ar\" srcset=\"https:\/\/spindlemotorshop.com\/wp-content\/uploads\/2024\/08\/14794466474.jpg 700w, https:\/\/spindlemotorshop.com\/wp-content\/uploads\/2024\/08\/14794466474-300x300.jpg 300w, https:\/\/spindlemotorshop.com\/wp-content\/uploads\/2024\/08\/14794466474-150x150.jpg 150w, https:\/\/spindlemotorshop.com\/wp-content\/uploads\/2024\/08\/14794466474-12x12.jpg 12w, https:\/\/spindlemotorshop.com\/wp-content\/uploads\/2024\/08\/14794466474-600x600.jpg 600w, https:\/\/spindlemotorshop.com\/wp-content\/uploads\/2024\/08\/14794466474-100x100.jpg 100w\" sizes=\"auto, (max-width: 700px) 100vw, 700px\" \/>\t\t\t\t\t\t\n\t\t\t\t\t<\/div>\n\t\t\t\t\t\t\t\t\n<style>\n#image_2097787698 {\n  width: 100%;\n}\n<\/style>\n\t<\/div>\n\t\n\t\t<\/div>\n\t\t\t\t\t<\/div>\n\n\t\n\n\t<div id=\"col-1901976204\" class=\"col medium-6 small-12 large-6\"  >\n\t\t\t\t<div class=\"col-inner text-left\"  >\n\t\t\t\n\t\t\t\n\t<div id=\"text-856744592\" class=\"text\">\n\t\t\n<h3 class=\"inner-3__prodetailname\">3.5kw ER20 GDZ105*102-3.5 fusos refrigerados a ar<\/h3>\n\t\t\n<style>\n#text-856744592 {\n  font-size: 0.95rem;\n}\n<\/style>\n\t<\/div>\n\t\n\t<div id=\"text-4151364783\" class=\"text\">\n\t\t\n<ul>\n<li style=\"text-align: left;\">GDZ105*102-3.5(com aleta)<\/li>\n<li style=\"text-align: left;\">Motor de fuso ER20<\/li>\n<li>O fuso CNC de 18.000 rpm atende \u00e0s necessidades de processamento de alta velocidade.<\/li>\n<li>Motor de fuso refrigerado a ar de 3,5 kW melhora significativamente a efici\u00eancia do processamento<\/li>\n<li>Motor de fuso el\u00e9trico 220V\/380V<\/li>\n<li>9 kg garantem a portabilidade e flexibilidade operacional do equipamento.<\/li>\n<li>Eixo quadrado de refrigera\u00e7\u00e3o a ar<\/li>\n<li>Adequado para velocidade continuamente vari\u00e1vel<\/li>\n<\/ul>\n\t\t\n<style>\n#text-4151364783 {\n  text-align: left;\n}\n<\/style>\n\t<\/div>\n\t\n<a href=\"\/pt\/contact\/\" target=\"_blank\" class=\"button primary\" rel=\"noopener\"  style=\"border-radius:99px;\">\n    <span>Contate-nos<\/span>\n  <\/a>\n\n\t\t<\/div>\n\t\t\t\t\n<style>\n#col-1901976204 > .col-inner {\n  padding: 0px 0px 5px 0px;\n}\n<\/style>\n\t<\/div>\n\n\t\n<\/div>\n<div class=\"text-center\"><div class=\"is-divider divider clearfix\" style=\"margin-top:0.9em;margin-bottom:0.9em;max-width:502px;\"><\/div><\/div>\n<blockquote>\n<ul>\n<li>Nossos motores de fuso CNC s\u00e3o fornecidos diretamente da f\u00e1brica, n\u00e3o comprados de fornecedores de menor pre\u00e7o com fontes desconhecidas, garantindo assim qualidade e confiabilidade conhecidas. Todos os fusos de roteador CNC da RicoCNC s\u00e3o originais, sem falsifica\u00e7\u00f5es.<\/li>\n<\/ul>\n<\/blockquote>\n\t<section class=\"section\" id=\"section_700006539\">\n\t\t<div class=\"bg section-bg fill bg-fill  bg-loaded\" >\n\n\t\t\t\n\t\t\t\n\t\t\t\n\n\t\t<\/div>\n\n\t\t\n\n\t\t<div class=\"section-content relative\">\n\t\t\t\n<div class=\"row\"  id=\"row-413518972\">\n\n\t<div id=\"col-442973975\" class=\"col medium-6 small-12 large-6\"  >\n\t\t\t\t<div class=\"col-inner\"  >\n\t\t\t\n\t\t\t\n<h2>Caracter\u00edsticas t\u00e9cnicas<\/h2>\n<div class=\"is-divider divider clearfix\" style=\"max-width:91px;background-color:rgb(82, 117, 141);\"><\/div>\n\n<table border=\"1\">\n<tbody>\n<tr>\n<th class=\"center-first-column\">Tipo<\/th>\n<td>GDZ105x102-3,5<\/td>\n<\/tr>\n<tr>\n<th class=\"center-first-column\">M\u00e9todo de resfriamento<\/th>\n<td>Resfriamento de ar<\/td>\n<\/tr>\n<tr>\n<th class=\"center-first-column\">Poder<\/th>\n<td>3,5 kW<\/td>\n<\/tr>\n<tr>\n<th class=\"center-first-column\">Dimens\u00f5es<\/th>\n<td>105&#215;102<\/td>\n<\/tr>\n<tr>\n<th class=\"center-first-column\">Tens\u00e3o<\/th>\n<td>220V<\/td>\n<\/tr>\n<tr>\n<th class=\"center-first-column\">Atual<\/th>\n<td>7,5A<\/td>\n<\/tr>\n<tr>\n<th class=\"center-first-column\">Freq\u00fc\u00eancia<\/th>\n<td>300Hz<\/td>\n<\/tr>\n<tr>\n<th class=\"center-first-column\">Velocidade<\/th>\n<td>18000rpm<\/td>\n<\/tr>\n<tr>\n<th class=\"center-first-column\">Pin\u00e7a<\/th>\n<td>ER20<\/td>\n<\/tr>\n<tr>\n<th class=\"center-first-column\">Tipo de rolamento<\/th>\n<td>7005*2+7002*2<\/td>\n<\/tr>\n<tr>\n<th class=\"center-first-column\">Peso<\/th>\n<td>9 kg<\/td>\n<\/tr>\n<\/tbody>\n<\/table>\n\n\t\t<\/div>\n\t\t\t\t\t<\/div>\n\n\t\n\n\t<div id=\"col-1705392080\" class=\"col medium-6 small-12 large-6\"  >\n\t\t\t\t<div class=\"col-inner text-left\"  >\n\t\t\t\n\t\t\t\n<h2>Projeto do fuso<\/h2>\n<div class=\"is-divider divider clearfix\" style=\"max-width:91px;background-color:rgb(82, 117, 141);\"><\/div>\n\t<div class=\"img has-hover x md-x lg-x y md-y lg-y\" id=\"image_441431174\">\n\t\t\t\t\t\t\t\t<div class=\"img-inner dark\" >\n\t\t\t<img loading=\"lazy\" decoding=\"async\" width=\"700\" height=\"700\" src=\"https:\/\/spindlemotorshop.com\/wp-content\/uploads\/2024\/08\/0313314794466947.jpg\" class=\"attachment-original size-original\" alt=\"Desenho de fusos refrigerados a ar ER20 GDZ105*102-3.5 de 3,5 kW\" srcset=\"https:\/\/spindlemotorshop.com\/wp-content\/uploads\/2024\/08\/0313314794466947.jpg 700w, https:\/\/spindlemotorshop.com\/wp-content\/uploads\/2024\/08\/0313314794466947-300x300.jpg 300w, https:\/\/spindlemotorshop.com\/wp-content\/uploads\/2024\/08\/0313314794466947-150x150.jpg 150w, https:\/\/spindlemotorshop.com\/wp-content\/uploads\/2024\/08\/0313314794466947-12x12.jpg 12w, https:\/\/spindlemotorshop.com\/wp-content\/uploads\/2024\/08\/0313314794466947-600x600.jpg 600w, https:\/\/spindlemotorshop.com\/wp-content\/uploads\/2024\/08\/0313314794466947-100x100.jpg 100w\" sizes=\"auto, (max-width: 700px) 100vw, 700px\" \/>\t\t\t\t\t\t\n\t\t\t\t\t<\/div>\n\t\t\t\t\t\t\t\t\n<style>\n#image_441431174 {\n  width: 85%;\n}\n<\/style>\n\t<\/div>\n\t\n\t<div class=\"img has-hover x md-x lg-x y md-y lg-y\" id=\"image_2025715243\">\n\t\t\t\t\t\t\t\t<div class=\"img-inner dark\" >\n\t\t\t\t\t\t\t\t\t\n\t\t\t\t\t<\/div>\n\t\t\t\t\t\t\t\t\n<style>\n#image_2025715243 {\n  width: 93%;\n}\n<\/style>\n\t<\/div>\n\t\n\t<div class=\"img has-hover x md-x lg-x y md-y lg-y\" id=\"image_1465344124\">\n\t\t\t\t\t\t\t\t<div class=\"img-inner image-cover dark\" style=\"padding-top:75%;\">\n\t\t\t\t\t\t\t\t\t\n\t\t\t\t\t<\/div>\n\t\t\t\t\t\t\t\t\n<style>\n#image_1465344124 {\n  width: 0%;\n}\n<\/style>\n\t<\/div>\n\t\n\t\t<\/div>\n\t\t\t\t\n<style>\n#col-1705392080 > .col-inner {\n  margin: 0px 0px -96px 0px;\n}\n<\/style>\n\t<\/div>\n\n\t\n<\/div>\n\t<div id=\"gap-408938217\" class=\"gap-element clearfix\" style=\"display:block; height:auto;\">\n\t\t\n<style>\n#gap-408938217 {\n  padding-top: 30px;\n}\n<\/style>\n\t<\/div>\n\t\n<ul>\n<li>\n<p class=\"inner-3__prodetailname\"><strong>GDZ105x102-3,5<\/strong> usa materiais de alta qualidade e processos avan\u00e7ados de fabrica\u00e7\u00e3o para garantir vida longa e alta confiabilidade. Fornece desempenho de processamento est\u00e1vel e eficiente.<\/p>\n<\/li>\n<\/ul>\n\t\t<\/div>\n\n\t\t\n<style>\n#section_700006539 {\n  padding-top: 30px;\n  padding-bottom: 30px;\n}\n<\/style>\n\t<\/section>\n\t\n<div class=\"row\"  id=\"row-319989885\">\n\n\t<div id=\"col-1824437976\" class=\"col medium-6 small-12 large-6\"  >\n\t\t\t\t<div class=\"col-inner\"  >\n\t\t\t\n\t\t\t\n\t<div class=\"img has-hover x md-x lg-x y md-y lg-y\" id=\"image_1039132649\">\n\t\t\t\t\t\t\t\t<div class=\"img-inner image-cover dark\" style=\"padding-top:75%;\">\n\t\t\t<img loading=\"lazy\" decoding=\"async\" width=\"700\" height=\"700\" src=\"https:\/\/spindlemotorshop.com\/wp-content\/uploads\/2024\/08\/86328147944718410.jpg\" class=\"attachment-original size-original\" alt=\"3.5kw ER20 GDZ105*102-3.5 detalhe dos fusos refrigerados a ar\" srcset=\"https:\/\/spindlemotorshop.com\/wp-content\/uploads\/2024\/08\/86328147944718410.jpg 700w, https:\/\/spindlemotorshop.com\/wp-content\/uploads\/2024\/08\/86328147944718410-300x300.jpg 300w, https:\/\/spindlemotorshop.com\/wp-content\/uploads\/2024\/08\/86328147944718410-150x150.jpg 150w, https:\/\/spindlemotorshop.com\/wp-content\/uploads\/2024\/08\/86328147944718410-12x12.jpg 12w, https:\/\/spindlemotorshop.com\/wp-content\/uploads\/2024\/08\/86328147944718410-600x600.jpg 600w, https:\/\/spindlemotorshop.com\/wp-content\/uploads\/2024\/08\/86328147944718410-100x100.jpg 100w\" sizes=\"auto, (max-width: 700px) 100vw, 700px\" \/>\t\t\t\t\t\t\n\t\t\t\t\t<\/div>\n\t\t\t\t\t\t\t\t\n<style>\n#image_1039132649 {\n  width: 100%;\n}\n<\/style>\n\t<\/div>\n\t\n\t\t<\/div>\n\t\t\t\t\t<\/div>\n\n\t\n\n\t<div id=\"col-1889797376\" class=\"col medium-6 small-12 large-6\"  >\n\t\t\t\t<div class=\"col-inner\"  >\n\t\t\t\n\t\t\t\n\t<div class=\"img has-hover x md-x lg-x y md-y lg-y\" id=\"image_1994946019\">\n\t\t\t\t\t\t\t\t<div class=\"img-inner image-cover dark\" style=\"padding-top:75%;\">\n\t\t\t<img loading=\"lazy\" decoding=\"async\" width=\"700\" height=\"700\" src=\"https:\/\/spindlemotorshop.com\/wp-content\/uploads\/2024\/08\/73939147944698210.jpg\" class=\"attachment-original size-original\" alt=\"Produtos de fusos refrigerados a ar ER20 GDZ105*102-3.5 de 3,5 kW\" srcset=\"https:\/\/spindlemotorshop.com\/wp-content\/uploads\/2024\/08\/73939147944698210.jpg 700w, https:\/\/spindlemotorshop.com\/wp-content\/uploads\/2024\/08\/73939147944698210-300x300.jpg 300w, https:\/\/spindlemotorshop.com\/wp-content\/uploads\/2024\/08\/73939147944698210-150x150.jpg 150w, https:\/\/spindlemotorshop.com\/wp-content\/uploads\/2024\/08\/73939147944698210-12x12.jpg 12w, https:\/\/spindlemotorshop.com\/wp-content\/uploads\/2024\/08\/73939147944698210-600x600.jpg 600w, https:\/\/spindlemotorshop.com\/wp-content\/uploads\/2024\/08\/73939147944698210-100x100.jpg 100w\" sizes=\"auto, (max-width: 700px) 100vw, 700px\" \/>\t\t\t\t\t\t\n\t\t\t\t\t<\/div>\n\t\t\t\t\t\t\t\t\n<style>\n#image_1994946019 {\n  width: 98%;\n}\n<\/style>\n\t<\/div>\n\t\n\t\t<\/div>\n\t\t\t\t\t<\/div>\n\n\t\n<\/div>\n\t<section class=\"section\" id=\"section_508995585\">\n\t\t<div class=\"bg section-bg fill bg-fill  bg-loaded\" >\n\n\t\t\t\n\t\t\t\n\t\t\t\n\n\t\t<\/div>\n\n\t\t\n\n\t\t<div class=\"section-content relative\">\n\t\t\t\n<h4>Se voc\u00ea precisar de algum fuso CNC, envie uma consulta<\/h4>\n\t\t<\/div>\n\n\t\t\n<style>\n#section_508995585 {\n  padding-top: 30px;\n  padding-bottom: 30px;\n}\n<\/style>\n\t<\/section>\n\t\n\t<section class=\"section\" id=\"section_842128600\">\n\t\t<div class=\"bg section-bg fill bg-fill  bg-loaded\" >\n\n\t\t\t\n\t\t\t\n\t\t\t\n\n\t\t<\/div>\n\n\t\t\n\n\t\t<div class=\"section-content relative\">\n\t\t\t\n<div class=\"row row-full-width align-center\"  id=\"row-1840141676\">\n\n\t<div id=\"col-714358233\" class=\"col small-12 large-12\"  >\n\t\t\t\t<div class=\"col-inner text-center\"  >\n\t\t\t\n\t\t\t\n\t<div id=\"text-1118489584\" class=\"text\">\n\t\t\n\t\t\n<style>\n#text-1118489584 {\n  text-align: left;\n}\n<\/style>\n\t<\/div>\n\t\n\t<div id=\"text-3548159438\" class=\"text\">\n\t\t\n<h2>CONTATE-NOS<\/h2>\n\t\t\n<style>\n#text-3548159438 {\n  color: rgb(255,255,255);\n}\n#text-3548159438 > * {\n  color: rgb(255,255,255);\n}\n<\/style>\n\t<\/div>\n\t\n\n<div class=\"wpcf7 no-js\" id=\"wpcf7-f280-o1\" lang=\"en-US\" dir=\"ltr\" data-wpcf7-id=\"280\">\n<div class=\"screen-reader-response\"><p role=\"status\" aria-live=\"polite\" aria-atomic=\"true\"><\/p> <ul><\/ul><\/div>\n<form action=\"\/pt\/wp-json\/wp\/v2\/pages\/3325#wpcf7-f280-o1\" method=\"post\" class=\"wpcf7-form init\" aria-label=\"Formul\u00e1rio de contato\" novalidate=\"novalidate\" data-status=\"init\" data-trp-original-action=\"\/pt\/wp-json\/wp\/v2\/pages\/3325#wpcf7-f280-o1\">\n<div style=\"display: none;\">\n<input type=\"hidden\" name=\"_wpcf7\" value=\"280\" \/>\n<input type=\"hidden\" name=\"_wpcf7_version\" value=\"6.0.6\" \/>\n<input type=\"hidden\" name=\"_wpcf7_locale\" value=\"en_US\" \/>\n<input type=\"hidden\" name=\"_wpcf7_unit_tag\" value=\"wpcf7-f280-o1\" \/>\n<input type=\"hidden\" name=\"_wpcf7_container_post\" value=\"0\" \/>\n<input type=\"hidden\" name=\"_wpcf7_posted_data_hash\" value=\"\" \/>\n<\/div>\n<div class='custom_contact_style'>\n\t<div class=\"row row-small\">\n\t\t<div class=\"col medium-6 small-12 large-6\">\n\t\t\t<div class=\"col-inner\">\n\t\t\t\t<p><span class=\"wpcf7-form-control-wrap\" data-name=\"your-name\"><input size=\"40\" maxlength=\"400\" class=\"wpcf7-form-control wpcf7-text wpcf7-validates-as-required\" aria-required=\"true\" aria-invalid=\"false\" placeholder=\"Nome*\" value=\"\" type=\"text\" name=\"your-name\" \/><\/span>\n\t\t\t\t<\/p>\n\t\t\t<\/div>\n\t\t<\/div>\n\t\t<div class=\"col medium-6 small-12 large-6\">\n\t\t\t<div class=\"col-inner\">\n\t\t\t\t<p><span class=\"wpcf7-form-control-wrap\" data-name=\"your-email\"><input size=\"40\" maxlength=\"400\" class=\"wpcf7-form-control wpcf7-email wpcf7-validates-as-required wpcf7-text wpcf7-validates-as-email\" aria-required=\"true\" aria-invalid=\"false\" placeholder=\"E-mail*\" value=\"\" type=\"email\" name=\"your-email\" \/><\/span>\n\t\t\t\t<\/p>\n\t\t\t<\/div>\n\t\t<\/div>\n\t<\/div>\n\t<div class='cus_contact_form_bottom'>\n\t\t<p><span class=\"wpcf7-form-control-wrap\" data-name=\"your-phone\"><input size=\"40\" maxlength=\"400\" class=\"wpcf7-form-control wpcf7-text\" aria-invalid=\"false\" placeholder=\"Telefone\" value=\"\" type=\"text\" name=\"your-phone\" \/><\/span>\n\t\t<\/p>\n\t<\/div>\n\t<div class='cus_contact_form_bottom'>\n\t\t<p><span class=\"wpcf7-form-control-wrap\" data-name=\"your-country\"><input size=\"40\" maxlength=\"400\" class=\"wpcf7-form-control wpcf7-text\" aria-invalid=\"false\" placeholder=\"Pa\u00eds\" value=\"\" type=\"text\" name=\"your-country\" \/><\/span>\n\t\t<\/p>\n\t<\/div>\n\t<p><span class=\"wpcf7-form-control-wrap\" data-name=\"your-message\"><textarea cols=\"40\" rows=\"10\" maxlength=\"2000\" class=\"wpcf7-form-control wpcf7-textarea wpcf7-validates-as-required\" aria-required=\"true\" aria-invalid=\"false\" placeholder=\"Sua mensagem *\" name=\"your-message\"><\/textarea><\/span>\n\t<\/p>\n\t<div style=\"margin-bottom:10px;\">\n\t<\/div>\n\t<p><div id=\"cf7sr-69ff30fac7a6f\" class=\"cf7sr-g-turnstile\" data-redirect=\"\" data-theme=\"auto\" data-language=\"en\" data-size=\"normal\" \n    data-sitekey=\"0x4AAAAAAA3FLd3Fs0zNyv_e\"><\/div><span class=\"wpcf7-form-control-wrap cf7sr-turnstile\" data-name=\"cf7sr-turnstile\"><input type=\"hidden\" name=\"cf7sr-turnstile\" value=\"\" class=\"wpcf7-form-control\"><\/span><br \/>\n<input class=\"wpcf7-form-control wpcf7-submit has-spinner\" type=\"submit\" value=\"Enviar mensagem\" \/>\n\t<\/p>\n<\/div><div class=\"wpcf7-response-output\" aria-hidden=\"true\"><\/div>\n<input type=\"hidden\" name=\"trp-form-language\" value=\"pt\"\/><\/form>\n<\/div>\n\n\t\t<\/div>\n\t\t\t\t\t<\/div>\n\n\t\n<\/div>\n\t\t<\/div>\n\n\t\t\n<style>\n#section_842128600 {\n  padding-top: 30px;\n  padding-bottom: 30px;\n  background-color: #214184;\n}\n<\/style>\n\t<\/section>","protected":false},"excerpt":{"rendered":"<p>Nossos motores de fuso CNC s\u00e3o fornecidos diretamente da f\u00e1brica, n\u00e3o comprados de fornecedores de menor pre\u00e7o com fontes desconhecidas, garantindo assim qualidade e confiabilidade conhecidas. Todos os fusos de roteador CNC da RicoCNC s\u00e3o originais, sem falsifica\u00e7\u00f5es.<\/p>","protected":false},"author":1,"featured_media":0,"parent":0,"menu_order":0,"comment_status":"closed","ping_status":"closed","template":"","meta":{"_gspb_post_css":"","footnotes":""},"class_list":["post-3325","page","type-page","status-publish","hentry"],"_links":{"self":[{"href":"https:\/\/spindlemotorshop.com\/pt\/wp-json\/wp\/v2\/pages\/3325","targetHints":{"allow":["GET"]}}],"collection":[{"href":"https:\/\/spindlemotorshop.com\/pt\/wp-json\/wp\/v2\/pages"}],"about":[{"href":"https:\/\/spindlemotorshop.com\/pt\/wp-json\/wp\/v2\/types\/page"}],"author":[{"embeddable":true,"href":"https:\/\/spindlemotorshop.com\/pt\/wp-json\/wp\/v2\/users\/1"}],"replies":[{"embeddable":true,"href":"https:\/\/spindlemotorshop.com\/pt\/wp-json\/wp\/v2\/comments?post=3325"}],"version-history":[{"count":0,"href":"https:\/\/spindlemotorshop.com\/pt\/wp-json\/wp\/v2\/pages\/3325\/revisions"}],"wp:attachment":[{"href":"https:\/\/spindlemotorshop.com\/pt\/wp-json\/wp\/v2\/media?parent=3325"}],"curies":[{"name":"wp","href":"https:\/\/api.w.org\/{rel}","templated":true}]}}