{"id":3615,"date":"2024-08-09T08:55:18","date_gmt":"2024-08-09T08:55:18","guid":{"rendered":"https:\/\/spindlemotorshop.com\/?page_id=3615"},"modified":"2024-10-08T15:04:02","modified_gmt":"2024-10-08T15:04:02","slug":"mj35b-370-370w-12000rpm-edge-bander-spindle","status":"publish","type":"page","link":"https:\/\/spindlemotorshop.com\/pt\/mj35b-370-370w-12000rpm-edge-bander-spindle\/","title":{"rendered":"Motor de eixo de corte final MJ35B-370 0,37 kW 12000 rpm para m\u00e1quina de colagem de bordas"},"content":{"rendered":"<div class=\"row\"  id=\"row-974906094\">\n\n\t<div id=\"col-1523781161\" class=\"col medium-6 small-12 large-6\"  >\n\t\t\t\t<div class=\"col-inner\"  >\n\t\t\t\n\t\t\t\n\t<div class=\"img has-hover x md-x lg-x y md-y lg-y\" id=\"image_71254201\">\n\t\t\t\t\t\t\t\t<div class=\"img-inner image-cover box-shadow-1 dark\" style=\"padding-top:75%;\">\n\t\t\t<img loading=\"lazy\" decoding=\"async\" width=\"1000\" height=\"1000\" src=\"https:\/\/spindlemotorshop.com\/wp-content\/uploads\/2024\/08\/O1CN015owkJA1rhhgqRjw3B_2620755663.png_.jpeg\" class=\"attachment-original size-original\" alt=\"Motor de corte de extremidades 0,37 kW 12000 rpm MJ35B-370 Edge Bander Spindle\" srcset=\"https:\/\/spindlemotorshop.com\/wp-content\/uploads\/2024\/08\/O1CN015owkJA1rhhgqRjw3B_2620755663.png_.jpeg 1000w, https:\/\/spindlemotorshop.com\/wp-content\/uploads\/2024\/08\/O1CN015owkJA1rhhgqRjw3B_2620755663.png_-300x300.jpeg 300w, https:\/\/spindlemotorshop.com\/wp-content\/uploads\/2024\/08\/O1CN015owkJA1rhhgqRjw3B_2620755663.png_-150x150.jpeg 150w, https:\/\/spindlemotorshop.com\/wp-content\/uploads\/2024\/08\/O1CN015owkJA1rhhgqRjw3B_2620755663.png_-768x768.jpeg 768w, https:\/\/spindlemotorshop.com\/wp-content\/uploads\/2024\/08\/O1CN015owkJA1rhhgqRjw3B_2620755663.png_-12x12.jpeg 12w, https:\/\/spindlemotorshop.com\/wp-content\/uploads\/2024\/08\/O1CN015owkJA1rhhgqRjw3B_2620755663.png_-600x600.jpeg 600w, https:\/\/spindlemotorshop.com\/wp-content\/uploads\/2024\/08\/O1CN015owkJA1rhhgqRjw3B_2620755663.png_-100x100.jpeg 100w\" sizes=\"auto, (max-width: 1000px) 100vw, 1000px\" \/>\t\t\t\t\t\t\n\t\t\t\t\t<\/div>\n\t\t\t\t\t\t\t\t\n<style>\n#image_71254201 {\n  width: 100%;\n}\n<\/style>\n\t<\/div>\n\t\n\t\t<\/div>\n\t\t\t\t\t<\/div>\n\n\t\n\n\t<div id=\"col-425829661\" class=\"col medium-6 small-12 large-6\"  >\n\t\t\t\t<div class=\"col-inner text-left\"  >\n\t\t\t\n\t\t\t\n\t<div id=\"text-310942577\" class=\"text\">\n\t\t\n<h3 class=\"inner-3__prodetailname\">Motor de eixo de corte final MJ35B-370 0,37 kW 12000 rpm para m\u00e1quina de colagem de bordas<\/h3>\n\t\t\n<style>\n#text-310942577 {\n  font-size: 0.95rem;\n}\n<\/style>\n\t<\/div>\n\t\n\t<div id=\"text-79629640\" class=\"text\">\n\t\t\n<ul>\n<li style=\"text-align: left;\">MJ35B-370<\/li>\n<li style=\"text-align: left;\">Motor do fuso de corte final<\/li>\n<li>Motor do eixo da banda de borda 12000rpm<\/li>\n<li>Fuso de 0,37 kW para colagem de bordas<\/li>\n<li>motor de fuso para m\u00e1quina de colagem de bordas<\/li>\n<li>motor de m\u00e1quina de colagem de bordas<\/li>\n<\/ul>\n\t\t\n<style>\n#text-79629640 {\n  text-align: left;\n}\n<\/style>\n\t<\/div>\n\t\n<a href=\"\/pt\/contact\/\" target=\"_blank\" class=\"button primary\" rel=\"noopener\"  style=\"border-radius:99px;\">\n    <span>Contate-nos<\/span>\n  <\/a>\n\n\t\t<\/div>\n\t\t\t\t\n<style>\n#col-425829661 > .col-inner {\n  padding: 0px 0px 5px 0px;\n}\n<\/style>\n\t<\/div>\n\n\t\n<\/div>\n<div class=\"text-center\"><div class=\"is-divider divider clearfix\" style=\"margin-top:0.9em;margin-bottom:0.9em;max-width:502px;\"><\/div><\/div>\n<blockquote>\n<ul>\n<li>Nossos motores de fuso CNC s\u00e3o fornecidos diretamente da f\u00e1brica, n\u00e3o comprados de fornecedores de menor pre\u00e7o com fontes desconhecidas, garantindo assim qualidade e confiabilidade conhecidas. Todos os fusos de roteador CNC da RicoCNC s\u00e3o originais, sem falsifica\u00e7\u00f5es.<\/li>\n<\/ul>\n<\/blockquote>\n\t<section class=\"section\" id=\"section_1903481625\">\n\t\t<div class=\"bg section-bg fill bg-fill  bg-loaded\" >\n\n\t\t\t\n\t\t\t\n\t\t\t\n\n\t\t<\/div>\n\n\t\t\n\n\t\t<div class=\"section-content relative\">\n\t\t\t\n<div class=\"row\"  id=\"row-740491520\">\n\n\t<div id=\"col-1879487558\" class=\"col medium-6 small-12 large-6\"  >\n\t\t\t\t<div class=\"col-inner\"  >\n\t\t\t\n\t\t\t\n<h2>Caracter\u00edsticas t\u00e9cnicas<\/h2>\n<div class=\"is-divider divider clearfix\" style=\"max-width:91px;background-color:rgb(82, 117, 141);\"><\/div>\n\n<table border=\"1\">\n<tbody>\n<tr>\n<th>tipo<\/th>\n<td>MJ35B-370<\/td>\n<\/tr>\n<tr>\n<th>Poder<\/th>\n<td>0,37 kW<\/td>\n<\/tr>\n<tr>\n<th>Tens\u00e3o<\/th>\n<td>380\/220V<\/td>\n<\/tr>\n<tr>\n<th>Atual<\/th>\n<td>1.16\/2.01A<\/td>\n<\/tr>\n<tr>\n<th>Velocidade<\/th>\n<td>12000rpm<\/td>\n<\/tr>\n<tr>\n<th>Freq\u00fc\u00eancia<\/th>\n<td>200Hz<\/td>\n<\/tr>\n<tr>\n<th>Ciclo de trabalho<\/th>\n<td>S1<\/td>\n<\/tr>\n<\/tbody>\n<\/table>\n\n\t\t<\/div>\n\t\t\t\t\t<\/div>\n\n\t\n\n\t<div id=\"col-597284218\" class=\"col medium-6 small-12 large-6\"  >\n\t\t\t\t<div class=\"col-inner\"  >\n\t\t\t\n\t\t\t\n<h2>Projeto do fuso<\/h2>\n<div class=\"is-divider divider clearfix\" style=\"max-width:91px;background-color:rgb(82, 117, 141);\"><\/div>\n\t<div class=\"img has-hover x md-x lg-x y md-y lg-y\" id=\"image_234350886\">\n\t\t\t\t\t\t\t\t<div class=\"img-inner dark\" >\n\t\t\t<img loading=\"lazy\" decoding=\"async\" width=\"750\" height=\"542\" src=\"https:\/\/spindlemotorshop.com\/wp-content\/uploads\/2024\/08\/CgAGfFufaxOAG1V5AAE9DzZsa_E168.png\" class=\"attachment-original size-original\" alt=\"0,37 kW 12000 rpm MJ35B-370 Motor de corte final Desenho do fuso da m\u00e1quina de colagem de bordas\" srcset=\"https:\/\/spindlemotorshop.com\/wp-content\/uploads\/2024\/08\/CgAGfFufaxOAG1V5AAE9DzZsa_E168.png 750w, https:\/\/spindlemotorshop.com\/wp-content\/uploads\/2024\/08\/CgAGfFufaxOAG1V5AAE9DzZsa_E168-300x217.png 300w, https:\/\/spindlemotorshop.com\/wp-content\/uploads\/2024\/08\/CgAGfFufaxOAG1V5AAE9DzZsa_E168-18x12.png 18w, https:\/\/spindlemotorshop.com\/wp-content\/uploads\/2024\/08\/CgAGfFufaxOAG1V5AAE9DzZsa_E168-600x434.png 600w\" sizes=\"auto, (max-width: 750px) 100vw, 750px\" \/>\t\t\t\t\t\t\n\t\t\t\t\t<\/div>\n\t\t\t\t\t\t\t\t\n<style>\n#image_234350886 {\n  width: 83%;\n}\n<\/style>\n\t<\/div>\n\t\n\t<div class=\"img has-hover x md-x lg-x y md-y lg-y\" id=\"image_443688339\">\n\t\t\t\t\t\t\t\t<div class=\"img-inner dark\" >\n\t\t\t\t\t\t\t\t\t\n\t\t\t\t\t<\/div>\n\t\t\t\t\t\t\t\t\n<style>\n#image_443688339 {\n  width: 93%;\n}\n<\/style>\n\t<\/div>\n\t\n\t<div class=\"img has-hover x md-x lg-x y md-y lg-y\" id=\"image_1641911111\">\n\t\t\t\t\t\t\t\t<div class=\"img-inner image-cover dark\" style=\"padding-top:75%;\">\n\t\t\t\t\t\t\t\t\t\n\t\t\t\t\t<\/div>\n\t\t\t\t\t\t\t\t\n<style>\n#image_1641911111 {\n  width: 0%;\n}\n<\/style>\n\t<\/div>\n\t\n\t\t<\/div>\n\t\t\t\t\n<style>\n#col-597284218 > .col-inner {\n  margin: 0px 0px -96px 0px;\n}\n<\/style>\n\t<\/div>\n\n\t\n<\/div>\n\t\t<\/div>\n\n\t\t\n<style>\n#section_1903481625 {\n  padding-top: 8px;\n  padding-bottom: 8px;\n}\n<\/style>\n\t<\/section>\n\t\n\t<div id=\"gap-529796467\" class=\"gap-element clearfix\" style=\"display:block; height:auto;\">\n\t\t\n<style>\n#gap-529796467 {\n  padding-top: 30px;\n}\n<\/style>\n\t<\/div>\n\t\n<ul>\n<li><strong>MJ35B-370<\/strong> \u00e9 especialmente projetado para colagem de bordas de alta velocidade, garantindo alta efici\u00eancia e excelente qualidade do processo de colagem de bordas. Garanta colagem de bordas limpa e sem rebarbas. O design de alto n\u00edvel de prote\u00e7\u00e3o prolonga a vida \u00fatil do motor e reduz os custos de manuten\u00e7\u00e3o.<\/li>\n<\/ul>\n\t<div id=\"gap-804682541\" class=\"gap-element clearfix\" style=\"display:block; height:auto;\">\n\t\t\n<style>\n#gap-804682541 {\n  padding-top: 30px;\n}\n<\/style>\n\t<\/div>\n\t\n<div class=\"row\"  id=\"row-1448876781\">\n\n\t<div id=\"col-741869325\" class=\"col medium-6 small-12 large-6\"  >\n\t\t\t\t<div class=\"col-inner text-center\"  >\n\t\t\t\n\t\t\t\n\t<div class=\"img has-hover x md-x lg-x y md-y lg-y\" id=\"image_1177299883\">\n\t\t\t\t\t\t\t\t<div class=\"img-inner image-cover box-shadow-1 dark\" style=\"padding-top:75%;\">\n\t\t\t<img loading=\"lazy\" decoding=\"async\" width=\"1000\" height=\"1000\" src=\"https:\/\/spindlemotorshop.com\/wp-content\/uploads\/2024\/08\/O1CN01k9JTKZ1rhhgqZgVIu_2620755663.png_.jpeg\" class=\"attachment-original size-original\" alt=\"0,37 kW 12000 rpm MJ35B-370 Motor de aparar extremidades Edge Bander Spindle desenho imagem do produto\" srcset=\"https:\/\/spindlemotorshop.com\/wp-content\/uploads\/2024\/08\/O1CN01k9JTKZ1rhhgqZgVIu_2620755663.png_.jpeg 1000w, https:\/\/spindlemotorshop.com\/wp-content\/uploads\/2024\/08\/O1CN01k9JTKZ1rhhgqZgVIu_2620755663.png_-300x300.jpeg 300w, https:\/\/spindlemotorshop.com\/wp-content\/uploads\/2024\/08\/O1CN01k9JTKZ1rhhgqZgVIu_2620755663.png_-150x150.jpeg 150w, https:\/\/spindlemotorshop.com\/wp-content\/uploads\/2024\/08\/O1CN01k9JTKZ1rhhgqZgVIu_2620755663.png_-768x768.jpeg 768w, https:\/\/spindlemotorshop.com\/wp-content\/uploads\/2024\/08\/O1CN01k9JTKZ1rhhgqZgVIu_2620755663.png_-12x12.jpeg 12w, https:\/\/spindlemotorshop.com\/wp-content\/uploads\/2024\/08\/O1CN01k9JTKZ1rhhgqZgVIu_2620755663.png_-600x600.jpeg 600w, https:\/\/spindlemotorshop.com\/wp-content\/uploads\/2024\/08\/O1CN01k9JTKZ1rhhgqZgVIu_2620755663.png_-100x100.jpeg 100w\" sizes=\"auto, (max-width: 1000px) 100vw, 1000px\" \/>\t\t\t\t\t\t\n\t\t\t\t\t<\/div>\n\t\t\t\t\t\t\t\t\n<style>\n#image_1177299883 {\n  width: 100%;\n}\n<\/style>\n\t<\/div>\n\t\n\t\t<\/div>\n\t\t\t\t\t<\/div>\n\n\t\n\n\t<div id=\"col-1321523513\" class=\"col medium-6 small-12 large-6\"  >\n\t\t\t\t<div class=\"col-inner text-center\"  >\n\t\t\t\n\t\t\t\n\t<div class=\"img has-hover x md-x lg-x y md-y lg-y\" id=\"image_1315242969\">\n\t\t\t\t\t\t\t\t<div class=\"img-inner image-cover box-shadow-1 dark\" style=\"padding-top:75%;\">\n\t\t\t<img loading=\"lazy\" decoding=\"async\" width=\"1000\" height=\"1000\" src=\"https:\/\/spindlemotorshop.com\/wp-content\/uploads\/2024\/08\/O1CN01orYuRn1rhhgv1Aa2w_2620755663.png_.jpeg\" class=\"attachment-original size-original\" alt=\"0,37 kW 12000 rpm MJ35B-370 Motor de corte final Edge Bander Spindle desenho do produto\" srcset=\"https:\/\/spindlemotorshop.com\/wp-content\/uploads\/2024\/08\/O1CN01orYuRn1rhhgv1Aa2w_2620755663.png_.jpeg 1000w, https:\/\/spindlemotorshop.com\/wp-content\/uploads\/2024\/08\/O1CN01orYuRn1rhhgv1Aa2w_2620755663.png_-300x300.jpeg 300w, https:\/\/spindlemotorshop.com\/wp-content\/uploads\/2024\/08\/O1CN01orYuRn1rhhgv1Aa2w_2620755663.png_-150x150.jpeg 150w, https:\/\/spindlemotorshop.com\/wp-content\/uploads\/2024\/08\/O1CN01orYuRn1rhhgv1Aa2w_2620755663.png_-768x768.jpeg 768w, https:\/\/spindlemotorshop.com\/wp-content\/uploads\/2024\/08\/O1CN01orYuRn1rhhgv1Aa2w_2620755663.png_-12x12.jpeg 12w, https:\/\/spindlemotorshop.com\/wp-content\/uploads\/2024\/08\/O1CN01orYuRn1rhhgv1Aa2w_2620755663.png_-600x600.jpeg 600w, https:\/\/spindlemotorshop.com\/wp-content\/uploads\/2024\/08\/O1CN01orYuRn1rhhgv1Aa2w_2620755663.png_-100x100.jpeg 100w\" sizes=\"auto, (max-width: 1000px) 100vw, 1000px\" \/>\t\t\t\t\t\t\n\t\t\t\t\t<\/div>\n\t\t\t\t\t\t\t\t\n<style>\n#image_1315242969 {\n  width: 100%;\n}\n<\/style>\n\t<\/div>\n\t\n\t\t<\/div>\n\t\t\t\t\t<\/div>\n\n\t\n<\/div>\n\t<section class=\"section\" id=\"section_1403270079\">\n\t\t<div class=\"bg section-bg fill bg-fill  bg-loaded\" >\n\n\t\t\t\n\t\t\t\n\t\t\t\n\n\t\t<\/div>\n\n\t\t\n\n\t\t<div class=\"section-content relative\">\n\t\t\t\n<h4>Se voc\u00ea precisar de algum fuso CNC, envie uma consulta<\/h4>\n\t\t<\/div>\n\n\t\t\n<style>\n#section_1403270079 {\n  padding-top: 30px;\n  padding-bottom: 30px;\n}\n<\/style>\n\t<\/section>\n\t\n\t<section class=\"section\" id=\"section_144665739\">\n\t\t<div class=\"bg section-bg fill bg-fill  bg-loaded\" >\n\n\t\t\t\n\t\t\t\n\t\t\t\n\n\t\t<\/div>\n\n\t\t\n\n\t\t<div class=\"section-content relative\">\n\t\t\t\n<div class=\"row row-full-width align-center\"  id=\"row-1340403833\">\n\n\t<div id=\"col-1521478264\" class=\"col small-12 large-12\"  >\n\t\t\t\t<div class=\"col-inner text-center\"  >\n\t\t\t\n\t\t\t\n\t<div id=\"text-1441128666\" class=\"text\">\n\t\t\n\t\t\n<style>\n#text-1441128666 {\n  text-align: left;\n}\n<\/style>\n\t<\/div>\n\t\n\t<div id=\"text-408600232\" class=\"text\">\n\t\t\n<h2>CONTATE-NOS<\/h2>\n\t\t\n<style>\n#text-408600232 {\n  color: rgb(255,255,255);\n}\n#text-408600232 > * {\n  color: rgb(255,255,255);\n}\n<\/style>\n\t<\/div>\n\t\n\n<div class=\"wpcf7 no-js\" id=\"wpcf7-f280-o1\" lang=\"en-US\" dir=\"ltr\" data-wpcf7-id=\"280\">\n<div class=\"screen-reader-response\"><p role=\"status\" aria-live=\"polite\" aria-atomic=\"true\"><\/p> <ul><\/ul><\/div>\n<form action=\"\/pt\/wp-json\/wp\/v2\/pages\/3615#wpcf7-f280-o1\" method=\"post\" class=\"wpcf7-form init\" aria-label=\"Formul\u00e1rio de contato\" novalidate=\"novalidate\" data-status=\"init\" data-trp-original-action=\"\/pt\/wp-json\/wp\/v2\/pages\/3615#wpcf7-f280-o1\">\n<div style=\"display: none;\">\n<input type=\"hidden\" name=\"_wpcf7\" value=\"280\" \/>\n<input type=\"hidden\" name=\"_wpcf7_version\" value=\"6.0.6\" \/>\n<input type=\"hidden\" name=\"_wpcf7_locale\" value=\"en_US\" \/>\n<input type=\"hidden\" name=\"_wpcf7_unit_tag\" value=\"wpcf7-f280-o1\" \/>\n<input type=\"hidden\" name=\"_wpcf7_container_post\" value=\"0\" \/>\n<input type=\"hidden\" name=\"_wpcf7_posted_data_hash\" value=\"\" \/>\n<\/div>\n<div class='custom_contact_style'>\n\t<div class=\"row row-small\">\n\t\t<div class=\"col medium-6 small-12 large-6\">\n\t\t\t<div class=\"col-inner\">\n\t\t\t\t<p><span class=\"wpcf7-form-control-wrap\" data-name=\"your-name\"><input size=\"40\" maxlength=\"400\" class=\"wpcf7-form-control wpcf7-text wpcf7-validates-as-required\" aria-required=\"true\" aria-invalid=\"false\" placeholder=\"Nome*\" value=\"\" type=\"text\" name=\"your-name\" \/><\/span>\n\t\t\t\t<\/p>\n\t\t\t<\/div>\n\t\t<\/div>\n\t\t<div class=\"col medium-6 small-12 large-6\">\n\t\t\t<div class=\"col-inner\">\n\t\t\t\t<p><span class=\"wpcf7-form-control-wrap\" data-name=\"your-email\"><input size=\"40\" maxlength=\"400\" class=\"wpcf7-form-control wpcf7-email wpcf7-validates-as-required wpcf7-text wpcf7-validates-as-email\" aria-required=\"true\" aria-invalid=\"false\" placeholder=\"E-mail*\" value=\"\" type=\"email\" name=\"your-email\" \/><\/span>\n\t\t\t\t<\/p>\n\t\t\t<\/div>\n\t\t<\/div>\n\t<\/div>\n\t<div class='cus_contact_form_bottom'>\n\t\t<p><span class=\"wpcf7-form-control-wrap\" data-name=\"your-phone\"><input size=\"40\" maxlength=\"400\" class=\"wpcf7-form-control wpcf7-text\" aria-invalid=\"false\" placeholder=\"Telefone\" value=\"\" type=\"text\" name=\"your-phone\" \/><\/span>\n\t\t<\/p>\n\t<\/div>\n\t<div class='cus_contact_form_bottom'>\n\t\t<p><span class=\"wpcf7-form-control-wrap\" data-name=\"your-country\"><input size=\"40\" maxlength=\"400\" class=\"wpcf7-form-control wpcf7-text\" aria-invalid=\"false\" placeholder=\"Pa\u00eds\" value=\"\" type=\"text\" name=\"your-country\" \/><\/span>\n\t\t<\/p>\n\t<\/div>\n\t<p><span class=\"wpcf7-form-control-wrap\" data-name=\"your-message\"><textarea cols=\"40\" rows=\"10\" maxlength=\"2000\" class=\"wpcf7-form-control wpcf7-textarea wpcf7-validates-as-required\" aria-required=\"true\" aria-invalid=\"false\" placeholder=\"Sua mensagem *\" name=\"your-message\"><\/textarea><\/span>\n\t<\/p>\n\t<div style=\"margin-bottom:10px;\">\n\t<\/div>\n\t<p><div id=\"cf7sr-69ff30eced148\" class=\"cf7sr-g-turnstile\" data-redirect=\"\" data-theme=\"auto\" data-language=\"en\" data-size=\"normal\" \n    data-sitekey=\"0x4AAAAAAA3FLd3Fs0zNyv_e\"><\/div><span class=\"wpcf7-form-control-wrap cf7sr-turnstile\" data-name=\"cf7sr-turnstile\"><input type=\"hidden\" name=\"cf7sr-turnstile\" value=\"\" class=\"wpcf7-form-control\"><\/span><br \/>\n<input class=\"wpcf7-form-control wpcf7-submit has-spinner\" type=\"submit\" value=\"Enviar mensagem\" \/>\n\t<\/p>\n<\/div><div class=\"wpcf7-response-output\" aria-hidden=\"true\"><\/div>\n<input type=\"hidden\" name=\"trp-form-language\" value=\"pt\"\/><\/form>\n<\/div>\n\n\t\t<\/div>\n\t\t\t\t\t<\/div>\n\n\t\n<\/div>\n\t\t<\/div>\n\n\t\t\n<style>\n#section_144665739 {\n  padding-top: 30px;\n  padding-bottom: 30px;\n  background-color: #214184;\n}\n<\/style>\n\t<\/section>","protected":false},"excerpt":{"rendered":"<p>Nossos motores de fuso CNC s\u00e3o fornecidos diretamente da f\u00e1brica, n\u00e3o comprados de fornecedores de menor pre\u00e7o com fontes desconhecidas, garantindo assim qualidade e confiabilidade conhecidas. Todos os fusos de roteador CNC da RicoCNC s\u00e3o originais, sem falsifica\u00e7\u00e3o. O MJ35B-370 \u00e9 especialmente projetado para colagem de bordas de alta velocidade, garantindo alta efici\u00eancia e excelente qualidade do processo de colagem de bordas\u2026.<\/p>","protected":false},"author":1,"featured_media":0,"parent":0,"menu_order":0,"comment_status":"closed","ping_status":"closed","template":"","meta":{"_gspb_post_css":"","footnotes":""},"class_list":["post-3615","page","type-page","status-publish","hentry"],"_links":{"self":[{"href":"https:\/\/spindlemotorshop.com\/pt\/wp-json\/wp\/v2\/pages\/3615","targetHints":{"allow":["GET"]}}],"collection":[{"href":"https:\/\/spindlemotorshop.com\/pt\/wp-json\/wp\/v2\/pages"}],"about":[{"href":"https:\/\/spindlemotorshop.com\/pt\/wp-json\/wp\/v2\/types\/page"}],"author":[{"embeddable":true,"href":"https:\/\/spindlemotorshop.com\/pt\/wp-json\/wp\/v2\/users\/1"}],"replies":[{"embeddable":true,"href":"https:\/\/spindlemotorshop.com\/pt\/wp-json\/wp\/v2\/comments?post=3615"}],"version-history":[{"count":0,"href":"https:\/\/spindlemotorshop.com\/pt\/wp-json\/wp\/v2\/pages\/3615\/revisions"}],"wp:attachment":[{"href":"https:\/\/spindlemotorshop.com\/pt\/wp-json\/wp\/v2\/media?parent=3615"}],"curies":[{"name":"wp","href":"https:\/\/api.w.org\/{rel}","templated":true}]}}