{"id":3699,"date":"2024-08-10T07:41:13","date_gmt":"2024-08-10T07:41:13","guid":{"rendered":"https:\/\/spindlemotorshop.com\/?page_id=3699"},"modified":"2024-10-15T15:05:20","modified_gmt":"2024-10-15T15:05:20","slug":"mj35b-750e-750w-12000rpm-rough-trimming-spindle-motor","status":"publish","type":"page","link":"https:\/\/spindlemotorshop.com\/pt\/mj35b-750e-750w-12000rpm-rough-trimming-spindle-motor\/","title":{"rendered":"Motor de eixo de corte \u00e1spero MJ35B-750E 0,75 kW 12000 rpm para m\u00e1quina de colagem de bordas"},"content":{"rendered":"<div class=\"row\"  id=\"row-988773813\">\r\n\r\n\n\t<div id=\"col-495877684\" class=\"col medium-6 small-12 large-6\"  >\n\t\t\t\t<div class=\"col-inner\"  >\n\t\t\t\n\t\t\t\r\n\r\n\t<div class=\"img has-hover x md-x lg-x y md-y lg-y\" id=\"image_814021063\">\n\t\t\t\t\t\t\t\t<div class=\"img-inner image-cover box-shadow-1 dark\" style=\"padding-top:75%;\">\n\t\t\t<img loading=\"lazy\" decoding=\"async\" width=\"800\" height=\"600\" src=\"https:\/\/spindlemotorshop.com\/wp-content\/uploads\/2024\/08\/CgAGfFufXFWAEf7aAAGGai-ZUMI100.jpg\" class=\"attachment-original size-original\" alt=\"Motor de eixo de corte \u00e1spero MJ35B-750E 0,75 kW 12000 rpm para m\u00e1quina de colagem de bordas\" srcset=\"https:\/\/spindlemotorshop.com\/wp-content\/uploads\/2024\/08\/CgAGfFufXFWAEf7aAAGGai-ZUMI100.jpg 800w, https:\/\/spindlemotorshop.com\/wp-content\/uploads\/2024\/08\/CgAGfFufXFWAEf7aAAGGai-ZUMI100-300x225.jpg 300w, https:\/\/spindlemotorshop.com\/wp-content\/uploads\/2024\/08\/CgAGfFufXFWAEf7aAAGGai-ZUMI100-768x576.jpg 768w, https:\/\/spindlemotorshop.com\/wp-content\/uploads\/2024\/08\/CgAGfFufXFWAEf7aAAGGai-ZUMI100-16x12.jpg 16w, https:\/\/spindlemotorshop.com\/wp-content\/uploads\/2024\/08\/CgAGfFufXFWAEf7aAAGGai-ZUMI100-600x450.jpg 600w\" sizes=\"auto, (max-width: 800px) 100vw, 800px\" \/>\t\t\t\t\t\t\n\t\t\t\t\t<\/div>\n\t\t\t\t\t\t\t\t\n<style>\n#image_814021063 {\n  width: 100%;\n}\n<\/style>\n\t<\/div>\n\t\r\n\r\n\t\t<\/div>\n\t\t\t\t\t<\/div>\n\n\t\r\n\n\t<div id=\"col-2074390065\" class=\"col medium-6 small-12 large-6\"  >\n\t\t\t\t<div class=\"col-inner text-left\"  >\n\t\t\t\n\t\t\t\r\n\r\n\t<div id=\"text-230276968\" class=\"text\">\n\t\t\r\n<h3 class=\"inner-3__prodetailname\">Motor de eixo de corte \u00e1spero MJ35B-750E 0,75 kW 12000 rpm para m\u00e1quina de colagem de bordas<\/h3>\r\n\t\t\n<style>\n#text-230276968 {\n  font-size: 0.95rem;\n}\n<\/style>\n\t<\/div>\n\t\r\n\t<div id=\"text-3973111495\" class=\"text\">\n\t\t\r\n<ul>\r\n \t<li style=\"text-align: left;\">MJ35B-750E<\/li>\r\n \t<li style=\"text-align: left;\">Motor do fuso de corte grosseiro<\/li>\r\n \t<li>Motor do eixo da banda de borda 12000rpm<\/li>\r\n \t<li>Fuso de 0,75 kW para colagem de bordas<\/li>\r\n \t<li>motor de fuso para m\u00e1quina de colagem de bordas<\/li>\r\n \t<li>motor de m\u00e1quina de colagem de bordas<\/li>\r\n<\/ul>\r\n\t\t\n<style>\n#text-3973111495 {\n  text-align: left;\n}\n<\/style>\n\t<\/div>\n\t\r\n<a href=\"\/pt\/contact\/\" target=\"_blank\" class=\"button primary\" rel=\"noopener\"  style=\"border-radius:99px;\">\n    <span>Contate-nos<\/span>\n  <\/a>\n\r\n\r\n\t\t<\/div>\n\t\t\t\t\n<style>\n#col-2074390065 > .col-inner {\n  padding: 0px 0px 5px 0px;\n}\n<\/style>\n\t<\/div>\n\n\t\r\n\r\n<\/div>\r\n<div class=\"text-center\"><div class=\"is-divider divider clearfix\" style=\"margin-top:0.9em;margin-bottom:0.9em;max-width:502px;\"><\/div><\/div>\r\n<blockquote>\r\n<ul>\r\n \t<li>Nossos motores de fuso CNC s\u00e3o fornecidos diretamente da f\u00e1brica, n\u00e3o comprados de fornecedores de menor pre\u00e7o com fontes desconhecidas, garantindo assim qualidade e confiabilidade conhecidas. Todos os fusos de roteador CNC da RicoCNC s\u00e3o originais, sem falsifica\u00e7\u00f5es.<\/li>\r\n<\/ul>\r\n<\/blockquote>\r\n\t<section class=\"section\" id=\"section_1151375018\">\n\t\t<div class=\"bg section-bg fill bg-fill  bg-loaded\" >\n\n\t\t\t\n\t\t\t\n\t\t\t\n\n\t\t<\/div>\n\n\t\t\n\n\t\t<div class=\"section-content relative\">\n\t\t\t\r\n\r\n<div class=\"row\"  id=\"row-1162620173\">\r\n\r\n\n\t<div id=\"col-1627289835\" class=\"col medium-6 small-12 large-6\"  >\n\t\t\t\t<div class=\"col-inner\"  >\n\t\t\t\n\t\t\t\r\n<h2>Caracter\u00edsticas t\u00e9cnicas<\/h2>\r\n<div class=\"is-divider divider clearfix\" style=\"max-width:91px;background-color:rgb(82, 117, 141);\"><\/div>\r\n\r\n\t<div id=\"gap-176664383\" class=\"gap-element clearfix\" style=\"display:block; height:auto;\">\n\t\t\n<style>\n#gap-176664383 {\n  padding-top: 30px;\n}\n<\/style>\n\t<\/div>\n\t\r\n\r\n\r\n<table border=\"1\">\r\n<tbody>\r\n<tr>\r\n<th>Tipo<\/th>\r\n<td>MJ35B-750E<\/td>\r\n<\/tr>\r\n<tr>\r\n<th>Poder<\/th>\r\n<td>0,75 kW<\/td>\r\n<\/tr>\r\n<tr>\r\n<th>Tens\u00e3o<\/th>\r\n<td>380 V\/220 V<\/td>\r\n<\/tr>\r\n<tr>\r\n<th>Atual<\/th>\r\n<td>1,65 A\/2,85 A<\/td>\r\n<\/tr>\r\n<tr>\r\n<th>Velocidade<\/th>\r\n<td>12000rpm<\/td>\r\n<\/tr>\r\n<tr>\r\n<th>Freq\u00fc\u00eancia<\/th>\r\n<td>200Hz<\/td>\r\n<\/tr>\r\n<tr>\r\n<th>Ciclo de trabalho<\/th>\r\n<td>S1<\/td>\r\n<\/tr>\r\n<\/tbody>\r\n<\/table>\r\n\r\n\r\n\t\t<\/div>\n\t\t\t\t\t<\/div>\n\n\t\r\n\n\t<div id=\"col-924555572\" class=\"col medium-6 small-12 large-6\"  >\n\t\t\t\t<div class=\"col-inner\"  >\n\t\t\t\n\t\t\t\r\n<h2>Projeto do fuso<\/h2>\r\n<div class=\"is-divider divider clearfix\" style=\"max-width:91px;background-color:rgb(82, 117, 141);\"><\/div>\r\n\r\n\t<div class=\"img has-hover x md-x lg-x y md-y lg-y\" id=\"image_214727527\">\n\t\t\t\t\t\t\t\t<div class=\"img-inner dark\" >\n\t\t\t<img loading=\"lazy\" decoding=\"async\" width=\"750\" height=\"558\" src=\"https:\/\/spindlemotorshop.com\/wp-content\/uploads\/2024\/08\/CgAGfFufXDGAXoynAAFQzrjkuJM841.png\" class=\"attachment-original size-original\" alt=\"MJ35B-750E 0,75 kW 12000 rpm Motor de eixo de corte \u00e1spero para desenho de m\u00e1quina de colagem de bordas\" srcset=\"https:\/\/spindlemotorshop.com\/wp-content\/uploads\/2024\/08\/CgAGfFufXDGAXoynAAFQzrjkuJM841.png 750w, https:\/\/spindlemotorshop.com\/wp-content\/uploads\/2024\/08\/CgAGfFufXDGAXoynAAFQzrjkuJM841-300x223.png 300w, https:\/\/spindlemotorshop.com\/wp-content\/uploads\/2024\/08\/CgAGfFufXDGAXoynAAFQzrjkuJM841-16x12.png 16w, https:\/\/spindlemotorshop.com\/wp-content\/uploads\/2024\/08\/CgAGfFufXDGAXoynAAFQzrjkuJM841-600x446.png 600w\" sizes=\"auto, (max-width: 750px) 100vw, 750px\" \/>\t\t\t\t\t\t\n\t\t\t\t\t<\/div>\n\t\t\t\t\t\t\t\t\n<style>\n#image_214727527 {\n  width: 100%;\n}\n<\/style>\n\t<\/div>\n\t\r\n\r\n\t<div class=\"img has-hover x md-x lg-x y md-y lg-y\" id=\"image_681338653\">\n\t\t\t\t\t\t\t\t<div class=\"img-inner dark\" >\n\t\t\t\t\t\t\t\t\t\n\t\t\t\t\t<\/div>\n\t\t\t\t\t\t\t\t\n<style>\n#image_681338653 {\n  width: 93%;\n}\n<\/style>\n\t<\/div>\n\t\r\n\r\n\t<div class=\"img has-hover x md-x lg-x y md-y lg-y\" id=\"image_1714735785\">\n\t\t\t\t\t\t\t\t<div class=\"img-inner image-cover dark\" style=\"padding-top:75%;\">\n\t\t\t\t\t\t\t\t\t\n\t\t\t\t\t<\/div>\n\t\t\t\t\t\t\t\t\n<style>\n#image_1714735785 {\n  width: 0%;\n}\n<\/style>\n\t<\/div>\n\t\r\n\r\n\t\t<\/div>\n\t\t\t\t\n<style>\n#col-924555572 > .col-inner {\n  margin: 0px 0px -96px 0px;\n}\n<\/style>\n\t<\/div>\n\n\t\r\n\r\n<\/div>\r\n\r\n\t\t<\/div>\n\n\t\t\n<style>\n#section_1151375018 {\n  padding-top: 8px;\n  padding-bottom: 8px;\n}\n<\/style>\n\t<\/section>\n\t\r\n\t<div id=\"gap-1009362051\" class=\"gap-element clearfix\" style=\"display:block; height:auto;\">\n\t\t\n<style>\n#gap-1009362051 {\n  padding-top: 30px;\n}\n<\/style>\n\t<\/div>\n\t\r\n<ul>\r\n \t<li><strong>MJ35B-750E<\/strong> \u00e9 amplamente utilizado em v\u00e1rias m\u00e1quinas de colagem de bordas, incluindo, mas n\u00e3o se limitando a m\u00e1quinas de colagem de bordas manuais, m\u00e1quinas de colagem de bordas semiautom\u00e1ticas, m\u00e1quinas de colagem de bordas totalmente autom\u00e1ticas, etc. \u00c9 adequado para fabrica\u00e7\u00e3o de m\u00f3veis, oficinas de marcenaria e outras ocasi\u00f5es. Ele adota tecnologia de fabrica\u00e7\u00e3o avan\u00e7ada e ci\u00eancia de materiais e tem excelente desempenho de dissipa\u00e7\u00e3o de calor e capacidades de opera\u00e7\u00e3o de alta efici\u00eancia. Seja um pequeno est\u00fadio ou uma extensa linha de produ\u00e7\u00e3o, ele pode garantir a estabilidade e durabilidade do motor do fuso. Al\u00e9m disso, o motor do fuso tamb\u00e9m tem as caracter\u00edsticas de baixo ru\u00eddo e baixa vibra\u00e7\u00e3o, criando um ambiente de trabalho mais confort\u00e1vel para voc\u00ea.<\/li>\r\n<\/ul>\r\n\t<div id=\"gap-1485789472\" class=\"gap-element clearfix\" style=\"display:block; height:auto;\">\n\t\t\n<style>\n#gap-1485789472 {\n  padding-top: 30px;\n}\n<\/style>\n\t<\/div>\n\t\r\n\r\n<div class=\"row\"  id=\"row-1357515642\">\r\n\r\n\n\t<div id=\"col-575829321\" class=\"col medium-6 small-12 large-6\"  >\n\t\t\t\t<div class=\"col-inner text-center\"  >\n\t\t\t\n\t\t\t\r\n\r\n\t<div class=\"img has-hover x md-x lg-x y md-y lg-y\" id=\"image_1847445259\">\n\t\t\t\t\t\t\t\t<div class=\"img-inner box-shadow-1 dark\" >\n\t\t\t<img loading=\"lazy\" decoding=\"async\" width=\"1200\" height=\"1200\" src=\"https:\/\/spindlemotorshop.com\/wp-content\/uploads\/2024\/08\/TB2fmy9h7.HL1JjSZFuXXX8dXXa_2620755663.jpg_Q75.jpg_.jpeg\" class=\"attachment-original size-original\" alt=\"Motor de eixo de corte \u00e1spero MJ35B-750E 0,75 kW 12000 rpm para m\u00e1quina de colagem de bordas\" srcset=\"https:\/\/spindlemotorshop.com\/wp-content\/uploads\/2024\/08\/TB2fmy9h7.HL1JjSZFuXXX8dXXa_2620755663.jpg_Q75.jpg_.jpeg 1200w, https:\/\/spindlemotorshop.com\/wp-content\/uploads\/2024\/08\/TB2fmy9h7.HL1JjSZFuXXX8dXXa_2620755663.jpg_Q75.jpg_-300x300.jpeg 300w, https:\/\/spindlemotorshop.com\/wp-content\/uploads\/2024\/08\/TB2fmy9h7.HL1JjSZFuXXX8dXXa_2620755663.jpg_Q75.jpg_-1024x1024.jpeg 1024w, https:\/\/spindlemotorshop.com\/wp-content\/uploads\/2024\/08\/TB2fmy9h7.HL1JjSZFuXXX8dXXa_2620755663.jpg_Q75.jpg_-150x150.jpeg 150w, https:\/\/spindlemotorshop.com\/wp-content\/uploads\/2024\/08\/TB2fmy9h7.HL1JjSZFuXXX8dXXa_2620755663.jpg_Q75.jpg_-768x768.jpeg 768w, https:\/\/spindlemotorshop.com\/wp-content\/uploads\/2024\/08\/TB2fmy9h7.HL1JjSZFuXXX8dXXa_2620755663.jpg_Q75.jpg_-12x12.jpeg 12w, https:\/\/spindlemotorshop.com\/wp-content\/uploads\/2024\/08\/TB2fmy9h7.HL1JjSZFuXXX8dXXa_2620755663.jpg_Q75.jpg_-600x600.jpeg 600w, https:\/\/spindlemotorshop.com\/wp-content\/uploads\/2024\/08\/TB2fmy9h7.HL1JjSZFuXXX8dXXa_2620755663.jpg_Q75.jpg_-100x100.jpeg 100w\" sizes=\"auto, (max-width: 1200px) 100vw, 1200px\" \/>\t\t\t\t\t\t\n\t\t\t\t\t<\/div>\n\t\t\t\t\t\t\t\t\n<style>\n#image_1847445259 {\n  width: 100%;\n}\n<\/style>\n\t<\/div>\n\t\r\n\r\n\t\t<\/div>\n\t\t\t\t\t<\/div>\n\n\t\r\n\n\t<div id=\"col-1272613810\" class=\"col medium-6 small-12 large-6\"  >\n\t\t\t\t<div class=\"col-inner text-center\"  >\n\t\t\t\n\t\t\t\r\n\r\n\t<div class=\"img has-hover x md-x lg-x y md-y lg-y\" id=\"image_1773523696\">\n\t\t\t\t\t\t\t\t<div class=\"img-inner box-shadow-1 dark\" >\n\t\t\t<img loading=\"lazy\" decoding=\"async\" width=\"1200\" height=\"1200\" src=\"https:\/\/spindlemotorshop.com\/wp-content\/uploads\/2024\/08\/TB2pJGTX2MTUeJjSZFKXXagopXa_2620755663.jpg_Q75.jpg_.jpeg\" class=\"attachment-original size-original\" alt=\"MJ35B-750E 0,75 kW 12000 rpm Motor de eixo de corte \u00e1spero para m\u00e1quina de colagem de bordas\" srcset=\"https:\/\/spindlemotorshop.com\/wp-content\/uploads\/2024\/08\/TB2pJGTX2MTUeJjSZFKXXagopXa_2620755663.jpg_Q75.jpg_.jpeg 1200w, https:\/\/spindlemotorshop.com\/wp-content\/uploads\/2024\/08\/TB2pJGTX2MTUeJjSZFKXXagopXa_2620755663.jpg_Q75.jpg_-300x300.jpeg 300w, https:\/\/spindlemotorshop.com\/wp-content\/uploads\/2024\/08\/TB2pJGTX2MTUeJjSZFKXXagopXa_2620755663.jpg_Q75.jpg_-1024x1024.jpeg 1024w, https:\/\/spindlemotorshop.com\/wp-content\/uploads\/2024\/08\/TB2pJGTX2MTUeJjSZFKXXagopXa_2620755663.jpg_Q75.jpg_-150x150.jpeg 150w, https:\/\/spindlemotorshop.com\/wp-content\/uploads\/2024\/08\/TB2pJGTX2MTUeJjSZFKXXagopXa_2620755663.jpg_Q75.jpg_-768x768.jpeg 768w, https:\/\/spindlemotorshop.com\/wp-content\/uploads\/2024\/08\/TB2pJGTX2MTUeJjSZFKXXagopXa_2620755663.jpg_Q75.jpg_-12x12.jpeg 12w, https:\/\/spindlemotorshop.com\/wp-content\/uploads\/2024\/08\/TB2pJGTX2MTUeJjSZFKXXagopXa_2620755663.jpg_Q75.jpg_-600x600.jpeg 600w, https:\/\/spindlemotorshop.com\/wp-content\/uploads\/2024\/08\/TB2pJGTX2MTUeJjSZFKXXagopXa_2620755663.jpg_Q75.jpg_-100x100.jpeg 100w\" sizes=\"auto, (max-width: 1200px) 100vw, 1200px\" \/>\t\t\t\t\t\t\n\t\t\t\t\t<\/div>\n\t\t\t\t\t\t\t\t\n<style>\n#image_1773523696 {\n  width: 100%;\n}\n<\/style>\n\t<\/div>\n\t\r\n\r\n\t\t<\/div>\n\t\t\t\t\t<\/div>\n\n\t\r\n\r\n<\/div>\r\n\t<section class=\"section\" id=\"section_738665119\">\n\t\t<div class=\"bg section-bg fill bg-fill  bg-loaded\" >\n\n\t\t\t\n\t\t\t\n\t\t\t\n\n\t\t<\/div>\n\n\t\t\n\n\t\t<div class=\"section-content relative\">\n\t\t\t\r\n<h4>Se voc\u00ea precisar de algum fuso CNC, envie uma consulta<\/h4>\r\n\t\t<\/div>\n\n\t\t\n<style>\n#section_738665119 {\n  padding-top: 30px;\n  padding-bottom: 30px;\n}\n<\/style>\n\t<\/section>\n\t\r\n\t<section class=\"section\" id=\"section_358415477\">\n\t\t<div class=\"bg section-bg fill bg-fill  bg-loaded\" >\n\n\t\t\t\n\t\t\t\n\t\t\t\n\n\t\t<\/div>\n\n\t\t\n\n\t\t<div class=\"section-content relative\">\n\t\t\t\r\n\r\n<div class=\"row row-full-width align-center\"  id=\"row-846913970\">\r\n\r\n\n\t<div id=\"col-1692089352\" class=\"col small-12 large-12\"  >\n\t\t\t\t<div class=\"col-inner text-center\"  >\n\t\t\t\n\t\t\t\r\n\r\n\t<div id=\"text-2606151653\" class=\"text\">\n\t\t\r\n\r\n\t\t\n<style>\n#text-2606151653 {\n  text-align: left;\n}\n<\/style>\n\t<\/div>\n\t\r\n\t<div id=\"text-660406801\" class=\"text\">\n\t\t\r\n<h2>CONTATE-NOS<\/h2>\r\n\t\t\n<style>\n#text-660406801 {\n  color: rgb(255,255,255);\n}\n#text-660406801 > * {\n  color: rgb(255,255,255);\n}\n<\/style>\n\t<\/div>\n\t\r\n\n<div class=\"wpcf7 no-js\" id=\"wpcf7-f280-o1\" lang=\"en-US\" dir=\"ltr\" data-wpcf7-id=\"280\">\n<div class=\"screen-reader-response\"><p role=\"status\" aria-live=\"polite\" aria-atomic=\"true\"><\/p> <ul><\/ul><\/div>\n<form action=\"\/pt\/wp-json\/wp\/v2\/pages\/3699#wpcf7-f280-o1\" method=\"post\" class=\"wpcf7-form init\" aria-label=\"Formul\u00e1rio de contato\" novalidate=\"novalidate\" data-status=\"init\" data-trp-original-action=\"\/pt\/wp-json\/wp\/v2\/pages\/3699#wpcf7-f280-o1\">\n<div style=\"display: none;\">\n<input type=\"hidden\" name=\"_wpcf7\" value=\"280\" \/>\n<input type=\"hidden\" name=\"_wpcf7_version\" value=\"6.0.6\" \/>\n<input type=\"hidden\" name=\"_wpcf7_locale\" value=\"en_US\" \/>\n<input type=\"hidden\" name=\"_wpcf7_unit_tag\" value=\"wpcf7-f280-o1\" \/>\n<input type=\"hidden\" name=\"_wpcf7_container_post\" value=\"0\" \/>\n<input type=\"hidden\" name=\"_wpcf7_posted_data_hash\" value=\"\" \/>\n<\/div>\n<div class='custom_contact_style'>\n\t<div class=\"row row-small\">\n\t\t<div class=\"col medium-6 small-12 large-6\">\n\t\t\t<div class=\"col-inner\">\n\t\t\t\t<p><span class=\"wpcf7-form-control-wrap\" data-name=\"your-name\"><input size=\"40\" maxlength=\"400\" class=\"wpcf7-form-control wpcf7-text wpcf7-validates-as-required\" aria-required=\"true\" aria-invalid=\"false\" placeholder=\"Nome*\" value=\"\" type=\"text\" name=\"your-name\" \/><\/span>\n\t\t\t\t<\/p>\n\t\t\t<\/div>\n\t\t<\/div>\n\t\t<div class=\"col medium-6 small-12 large-6\">\n\t\t\t<div class=\"col-inner\">\n\t\t\t\t<p><span class=\"wpcf7-form-control-wrap\" data-name=\"your-email\"><input size=\"40\" maxlength=\"400\" class=\"wpcf7-form-control wpcf7-email wpcf7-validates-as-required wpcf7-text wpcf7-validates-as-email\" aria-required=\"true\" aria-invalid=\"false\" placeholder=\"E-mail*\" value=\"\" type=\"email\" name=\"your-email\" \/><\/span>\n\t\t\t\t<\/p>\n\t\t\t<\/div>\n\t\t<\/div>\n\t<\/div>\n\t<div class='cus_contact_form_bottom'>\n\t\t<p><span class=\"wpcf7-form-control-wrap\" data-name=\"your-phone\"><input size=\"40\" maxlength=\"400\" class=\"wpcf7-form-control wpcf7-text\" aria-invalid=\"false\" placeholder=\"Telefone\" value=\"\" type=\"text\" name=\"your-phone\" \/><\/span>\n\t\t<\/p>\n\t<\/div>\n\t<div class='cus_contact_form_bottom'>\n\t\t<p><span class=\"wpcf7-form-control-wrap\" data-name=\"your-country\"><input size=\"40\" maxlength=\"400\" class=\"wpcf7-form-control wpcf7-text\" aria-invalid=\"false\" placeholder=\"Pa\u00eds\" value=\"\" type=\"text\" name=\"your-country\" \/><\/span>\n\t\t<\/p>\n\t<\/div>\n\t<p><span class=\"wpcf7-form-control-wrap\" data-name=\"your-message\"><textarea cols=\"40\" rows=\"10\" maxlength=\"2000\" class=\"wpcf7-form-control wpcf7-textarea wpcf7-validates-as-required\" aria-required=\"true\" aria-invalid=\"false\" placeholder=\"Sua mensagem *\" name=\"your-message\"><\/textarea><\/span>\n\t<\/p>\n\t<div style=\"margin-bottom:10px;\">\n\t<\/div>\n\t<p><div id=\"cf7sr-69ff30df5a029\" class=\"cf7sr-g-turnstile\" data-redirect=\"\" data-theme=\"auto\" data-language=\"en\" data-size=\"normal\" \n    data-sitekey=\"0x4AAAAAAA3FLd3Fs0zNyv_e\"><\/div><span class=\"wpcf7-form-control-wrap cf7sr-turnstile\" data-name=\"cf7sr-turnstile\"><input type=\"hidden\" name=\"cf7sr-turnstile\" value=\"\" class=\"wpcf7-form-control\"><\/span><br \/>\n<input class=\"wpcf7-form-control wpcf7-submit has-spinner\" type=\"submit\" value=\"Enviar mensagem\" \/>\n\t<\/p>\n<\/div><div class=\"wpcf7-response-output\" aria-hidden=\"true\"><\/div>\n<input type=\"hidden\" name=\"trp-form-language\" value=\"pt\"\/><\/form>\n<\/div>\n\r\n\r\n\t\t<\/div>\n\t\t\t\t\t<\/div>\n\n\t\r\n\r\n<\/div>\r\n\r\n\t\t<\/div>\n\n\t\t\n<style>\n#section_358415477 {\n  padding-top: 30px;\n  padding-bottom: 30px;\n  background-color: #214184;\n}\n<\/style>\n\t<\/section>","protected":false},"excerpt":{"rendered":"<p>Nossos motores de fuso CNC s\u00e3o fornecidos diretamente da f\u00e1brica, n\u00e3o comprados de fornecedores de menor pre\u00e7o com fontes desconhecidas, garantindo assim qualidade e confiabilidade conhecidas. Todos os fusos de roteador CNC da RicoCNC s\u00e3o originais, sem falsifica\u00e7\u00e3o. O MJ35B-750E \u00e9 amplamente usado em v\u00e1rias m\u00e1quinas de colagem de bordas, incluindo, mas n\u00e3o se limitando a m\u00e1quinas de colagem de bordas manuais, semiautom\u00e1ticas\u2026<\/p>","protected":false},"author":1,"featured_media":0,"parent":0,"menu_order":0,"comment_status":"closed","ping_status":"closed","template":"","meta":{"_gspb_post_css":"","footnotes":""},"class_list":["post-3699","page","type-page","status-publish","hentry"],"_links":{"self":[{"href":"https:\/\/spindlemotorshop.com\/pt\/wp-json\/wp\/v2\/pages\/3699","targetHints":{"allow":["GET"]}}],"collection":[{"href":"https:\/\/spindlemotorshop.com\/pt\/wp-json\/wp\/v2\/pages"}],"about":[{"href":"https:\/\/spindlemotorshop.com\/pt\/wp-json\/wp\/v2\/types\/page"}],"author":[{"embeddable":true,"href":"https:\/\/spindlemotorshop.com\/pt\/wp-json\/wp\/v2\/users\/1"}],"replies":[{"embeddable":true,"href":"https:\/\/spindlemotorshop.com\/pt\/wp-json\/wp\/v2\/comments?post=3699"}],"version-history":[{"count":0,"href":"https:\/\/spindlemotorshop.com\/pt\/wp-json\/wp\/v2\/pages\/3699\/revisions"}],"wp:attachment":[{"href":"https:\/\/spindlemotorshop.com\/pt\/wp-json\/wp\/v2\/media?parent=3699"}],"curies":[{"name":"wp","href":"https:\/\/api.w.org\/{rel}","templated":true}]}}