{"id":3749,"date":"2024-08-11T09:37:49","date_gmt":"2024-08-11T09:37:49","guid":{"rendered":"https:\/\/spindlemotorshop.com\/?page_id=3749"},"modified":"2024-10-08T03:42:53","modified_gmt":"2024-10-08T03:42:53","slug":"mf46-1112fa-1100w-12000rpm-rough-trimming-spindle-motor","status":"publish","type":"page","link":"https:\/\/spindlemotorshop.com\/pt\/mf46-1112fa-1100w-12000rpm-rough-trimming-spindle-motor\/","title":{"rendered":"Motor de eixo de corte \u00e1spero MF46-1112FA 1,1 kW 12.000 rpm para m\u00e1quina de colagem de bordas"},"content":{"rendered":"<div class=\"row\"  id=\"row-1180826607\">\n\n\t<div id=\"col-717762952\" class=\"col medium-6 small-12 large-6\"  >\n\t\t\t\t<div class=\"col-inner\"  >\n\t\t\t\n\t\t\t\n\t<div class=\"img has-hover x md-x lg-x y md-y lg-y\" id=\"image_1130422954\">\n\t\t\t\t\t\t\t\t<div class=\"img-inner image-cover box-shadow-1 dark\" style=\"padding-top:75%;\">\n\t\t\t<img loading=\"lazy\" decoding=\"async\" width=\"1600\" height=\"1200\" src=\"https:\/\/spindlemotorshop.com\/wp-content\/uploads\/2024\/08\/a13a5a8a72840ab9.jpg\" class=\"attachment-original size-original\" alt=\"Motor de eixo de corte \u00e1spero MF46-1112FA 1,1 kW 12.000 rpm para m\u00e1quina de colagem de bordas\" srcset=\"https:\/\/spindlemotorshop.com\/wp-content\/uploads\/2024\/08\/a13a5a8a72840ab9.jpg 1600w, https:\/\/spindlemotorshop.com\/wp-content\/uploads\/2024\/08\/a13a5a8a72840ab9-300x225.jpg 300w, https:\/\/spindlemotorshop.com\/wp-content\/uploads\/2024\/08\/a13a5a8a72840ab9-1024x768.jpg 1024w, https:\/\/spindlemotorshop.com\/wp-content\/uploads\/2024\/08\/a13a5a8a72840ab9-768x576.jpg 768w, https:\/\/spindlemotorshop.com\/wp-content\/uploads\/2024\/08\/a13a5a8a72840ab9-1536x1152.jpg 1536w, https:\/\/spindlemotorshop.com\/wp-content\/uploads\/2024\/08\/a13a5a8a72840ab9-16x12.jpg 16w, https:\/\/spindlemotorshop.com\/wp-content\/uploads\/2024\/08\/a13a5a8a72840ab9-600x450.jpg 600w\" sizes=\"auto, (max-width: 1600px) 100vw, 1600px\" \/>\t\t\t\t\t\t\n\t\t\t\t\t<\/div>\n\t\t\t\t\t\t\t\t\n<style>\n#image_1130422954 {\n  width: 100%;\n}\n<\/style>\n\t<\/div>\n\t\n\t\t<\/div>\n\t\t\t\t\t<\/div>\n\n\t\n\n\t<div id=\"col-1010243672\" class=\"col medium-6 small-12 large-6\"  >\n\t\t\t\t<div class=\"col-inner text-left\"  >\n\t\t\t\n\t\t\t\n\t<div id=\"text-813523026\" class=\"text\">\n\t\t\n<h3 class=\"inner-3__prodetailname\">Motor de eixo de corte \u00e1spero MF46-1112FA 1,1 kW 12.000 rpm para m\u00e1quina de colagem de bordas<\/h3>\n\t\t\n<style>\n#text-813523026 {\n  font-size: 0.95rem;\n}\n<\/style>\n\t<\/div>\n\t\n\t<div id=\"text-2897023630\" class=\"text\">\n\t\t\n<ul>\n<li style=\"text-align: left;\">MF46-1112FA<\/li>\n<li style=\"text-align: left;\">Motor do fuso de corte grosseiro<\/li>\n<li>Motor do eixo da banda de borda 12000rpm<\/li>\n<li>Fuso de 1,1 kW para colagem de bordas<\/li>\n<li>motor de fuso para m\u00e1quina de colagem de bordas<\/li>\n<li>motor de m\u00e1quina de colagem de bordas<\/li>\n<\/ul>\n\t\t\n<style>\n#text-2897023630 {\n  text-align: left;\n}\n<\/style>\n\t<\/div>\n\t\n<a href=\"\/pt\/contact\/\" target=\"_blank\" class=\"button primary\" rel=\"noopener\"  style=\"border-radius:99px;\">\n    <span>Contate-nos<\/span>\n  <\/a>\n\n\t\t<\/div>\n\t\t\t\t\n<style>\n#col-1010243672 > .col-inner {\n  padding: 0px 0px 5px 0px;\n}\n<\/style>\n\t<\/div>\n\n\t\n<\/div>\n<div class=\"text-center\"><div class=\"is-divider divider clearfix\" style=\"margin-top:0.9em;margin-bottom:0.9em;max-width:502px;\"><\/div><\/div>\n<blockquote>\n<ul>\n<li>Nossos motores de fuso CNC s\u00e3o fornecidos diretamente da f\u00e1brica, n\u00e3o comprados de fornecedores de menor pre\u00e7o com fontes desconhecidas, garantindo assim qualidade e confiabilidade conhecidas. Todos os fusos de roteador CNC da RicoCNC s\u00e3o originais, sem falsifica\u00e7\u00f5es.<\/li>\n<\/ul>\n<\/blockquote>\n\t<section class=\"section\" id=\"section_2125937787\">\n\t\t<div class=\"bg section-bg fill bg-fill  bg-loaded\" >\n\n\t\t\t\n\t\t\t\n\t\t\t\n\n\t\t<\/div>\n\n\t\t\n\n\t\t<div class=\"section-content relative\">\n\t\t\t\n<div class=\"row\"  id=\"row-1832302350\">\n\n\t<div id=\"col-2051330427\" class=\"col medium-6 small-12 large-6\"  >\n\t\t\t\t<div class=\"col-inner\"  >\n\t\t\t\n\t\t\t\n<h2>Caracter\u00edsticas t\u00e9cnicas<\/h2>\n<div class=\"is-divider divider clearfix\" style=\"max-width:91px;background-color:rgb(82, 117, 141);\"><\/div>\n\t<div id=\"gap-339354932\" class=\"gap-element clearfix\" style=\"display:block; height:auto;\">\n\t\t\n<style>\n#gap-339354932 {\n  padding-top: 30px;\n}\n<\/style>\n\t<\/div>\n\t\n\n<table border=\"1\">\n<tbody>\n<tr>\n<th>Tipo<\/th>\n<td>MF46-1112FA<\/td>\n<\/tr>\n<tr>\n<th>Poder<\/th>\n<td>1,1 kW<\/td>\n<\/tr>\n<tr>\n<th>Tens\u00e3o<\/th>\n<td>380 V\/220 V<\/td>\n<\/tr>\n<tr>\n<th>Atual<\/th>\n<td>3.1A\/5.4A<\/td>\n<\/tr>\n<tr>\n<th>Velocidade<\/th>\n<td>12000rpm<\/td>\n<\/tr>\n<tr>\n<th>Freq\u00fc\u00eancia<\/th>\n<td>200Hz<\/td>\n<\/tr>\n<tr>\n<th>Ciclo de trabalho<\/th>\n<td>S1<\/td>\n<\/tr>\n<\/tbody>\n<\/table>\n\n\t\t<\/div>\n\t\t\t\t\t<\/div>\n\n\t\n\n\t<div id=\"col-1153305159\" class=\"col medium-6 small-12 large-6\"  >\n\t\t\t\t<div class=\"col-inner\"  >\n\t\t\t\n\t\t\t\n<h2>Projeto do fuso<\/h2>\n<div class=\"is-divider divider clearfix\" style=\"max-width:91px;background-color:rgb(82, 117, 141);\"><\/div>\n\t<div class=\"img has-hover x md-x lg-x y md-y lg-y\" id=\"image_2123250924\">\n\t\t\t\t\t\t\t\t<div class=\"img-inner dark\" >\n\t\t\t<img loading=\"lazy\" decoding=\"async\" width=\"1118\" height=\"791\" src=\"https:\/\/spindlemotorshop.com\/wp-content\/uploads\/2024\/08\/20151223142014_3020.jpg\" class=\"attachment-original size-original\" alt=\"MF46-1112FA 1.1kw 12000rpm Motor de eixo de corte \u00e1spero para desenho de m\u00e1quina de colagem de bordas\" srcset=\"https:\/\/spindlemotorshop.com\/wp-content\/uploads\/2024\/08\/20151223142014_3020.jpg 1118w, https:\/\/spindlemotorshop.com\/wp-content\/uploads\/2024\/08\/20151223142014_3020-300x212.jpg 300w, https:\/\/spindlemotorshop.com\/wp-content\/uploads\/2024\/08\/20151223142014_3020-1024x724.jpg 1024w, https:\/\/spindlemotorshop.com\/wp-content\/uploads\/2024\/08\/20151223142014_3020-768x543.jpg 768w, https:\/\/spindlemotorshop.com\/wp-content\/uploads\/2024\/08\/20151223142014_3020-18x12.jpg 18w, https:\/\/spindlemotorshop.com\/wp-content\/uploads\/2024\/08\/20151223142014_3020-600x425.jpg 600w\" sizes=\"auto, (max-width: 1118px) 100vw, 1118px\" \/>\t\t\t\t\t\t\n\t\t\t\t\t<\/div>\n\t\t\t\t\t\t\t\t\n<style>\n#image_2123250924 {\n  width: 96%;\n}\n<\/style>\n\t<\/div>\n\t\n\t<div class=\"img has-hover x md-x lg-x y md-y lg-y\" id=\"image_1996722454\">\n\t\t\t\t\t\t\t\t<div class=\"img-inner dark\" >\n\t\t\t\t\t\t\t\t\t\n\t\t\t\t\t<\/div>\n\t\t\t\t\t\t\t\t\n<style>\n#image_1996722454 {\n  width: 93%;\n}\n<\/style>\n\t<\/div>\n\t\n\t<div class=\"img has-hover x md-x lg-x y md-y lg-y\" id=\"image_600084438\">\n\t\t\t\t\t\t\t\t<div class=\"img-inner image-cover dark\" style=\"padding-top:75%;\">\n\t\t\t\t\t\t\t\t\t\n\t\t\t\t\t<\/div>\n\t\t\t\t\t\t\t\t\n<style>\n#image_600084438 {\n  width: 0%;\n}\n<\/style>\n\t<\/div>\n\t\n\t\t<\/div>\n\t\t\t\t\n<style>\n#col-1153305159 > .col-inner {\n  margin: 0px 0px -96px 0px;\n}\n<\/style>\n\t<\/div>\n\n\t\n<\/div>\n\t\t<\/div>\n\n\t\t\n<style>\n#section_2125937787 {\n  padding-top: 8px;\n  padding-bottom: 8px;\n}\n<\/style>\n\t<\/section>\n\t\n\t<div id=\"gap-291033150\" class=\"gap-element clearfix\" style=\"display:block; height:auto;\">\n\t\t\n<style>\n#gap-291033150 {\n  padding-top: 30px;\n}\n<\/style>\n\t<\/div>\n\t\n<ul>\n<li><strong>MF46-1112FA <\/strong>tem bom desempenho em v\u00e1rias tarefas de desbaste, tornando seu equipamento de desbaste industrial mais eficiente, dur\u00e1vel e confi\u00e1vel. Projetado para colagem de bordas totalmente autom\u00e1tica na ind\u00fastria de marcenaria.<\/li>\n<\/ul>\n\t<section class=\"section\" id=\"section_864467487\">\n\t\t<div class=\"bg section-bg fill bg-fill  bg-loaded\" >\n\n\t\t\t\n\t\t\t\n\t\t\t\n\n\t\t<\/div>\n\n\t\t\n\n\t\t<div class=\"section-content relative\">\n\t\t\t\n<h4>Se voc\u00ea precisar de algum fuso CNC, envie uma consulta<\/h4>\n\t\t<\/div>\n\n\t\t\n<style>\n#section_864467487 {\n  padding-top: 30px;\n  padding-bottom: 30px;\n}\n<\/style>\n\t<\/section>\n\t\n\t<section class=\"section\" id=\"section_2140805789\">\n\t\t<div class=\"bg section-bg fill bg-fill  bg-loaded\" >\n\n\t\t\t\n\t\t\t\n\t\t\t\n\n\t\t<\/div>\n\n\t\t\n\n\t\t<div class=\"section-content relative\">\n\t\t\t\n<div class=\"row row-full-width align-center\"  id=\"row-542673332\">\n\n\t<div id=\"col-743763998\" class=\"col small-12 large-12\"  >\n\t\t\t\t<div class=\"col-inner text-center\"  >\n\t\t\t\n\t\t\t\n\t<div id=\"text-875475788\" class=\"text\">\n\t\t\n\t\t\n<style>\n#text-875475788 {\n  text-align: left;\n}\n<\/style>\n\t<\/div>\n\t\n\t<div id=\"text-3339403497\" class=\"text\">\n\t\t\n<h2>CONTATE-NOS<\/h2>\n\t\t\n<style>\n#text-3339403497 {\n  color: rgb(255,255,255);\n}\n#text-3339403497 > * {\n  color: rgb(255,255,255);\n}\n<\/style>\n\t<\/div>\n\t\n\n<div class=\"wpcf7 no-js\" id=\"wpcf7-f280-o1\" lang=\"en-US\" dir=\"ltr\" data-wpcf7-id=\"280\">\n<div class=\"screen-reader-response\"><p role=\"status\" aria-live=\"polite\" aria-atomic=\"true\"><\/p> <ul><\/ul><\/div>\n<form action=\"\/pt\/wp-json\/wp\/v2\/pages\/3749#wpcf7-f280-o1\" method=\"post\" class=\"wpcf7-form init\" aria-label=\"Formul\u00e1rio de contato\" novalidate=\"novalidate\" data-status=\"init\" data-trp-original-action=\"\/pt\/wp-json\/wp\/v2\/pages\/3749#wpcf7-f280-o1\">\n<div style=\"display: none;\">\n<input type=\"hidden\" name=\"_wpcf7\" value=\"280\" \/>\n<input type=\"hidden\" name=\"_wpcf7_version\" value=\"6.0.6\" \/>\n<input type=\"hidden\" name=\"_wpcf7_locale\" value=\"en_US\" \/>\n<input type=\"hidden\" name=\"_wpcf7_unit_tag\" value=\"wpcf7-f280-o1\" \/>\n<input type=\"hidden\" name=\"_wpcf7_container_post\" value=\"0\" \/>\n<input type=\"hidden\" name=\"_wpcf7_posted_data_hash\" value=\"\" \/>\n<\/div>\n<div class='custom_contact_style'>\n\t<div class=\"row row-small\">\n\t\t<div class=\"col medium-6 small-12 large-6\">\n\t\t\t<div class=\"col-inner\">\n\t\t\t\t<p><span class=\"wpcf7-form-control-wrap\" data-name=\"your-name\"><input size=\"40\" maxlength=\"400\" class=\"wpcf7-form-control wpcf7-text wpcf7-validates-as-required\" aria-required=\"true\" aria-invalid=\"false\" placeholder=\"Nome*\" value=\"\" type=\"text\" name=\"your-name\" \/><\/span>\n\t\t\t\t<\/p>\n\t\t\t<\/div>\n\t\t<\/div>\n\t\t<div class=\"col medium-6 small-12 large-6\">\n\t\t\t<div class=\"col-inner\">\n\t\t\t\t<p><span class=\"wpcf7-form-control-wrap\" data-name=\"your-email\"><input size=\"40\" maxlength=\"400\" class=\"wpcf7-form-control wpcf7-email wpcf7-validates-as-required wpcf7-text wpcf7-validates-as-email\" aria-required=\"true\" aria-invalid=\"false\" placeholder=\"E-mail*\" value=\"\" type=\"email\" name=\"your-email\" \/><\/span>\n\t\t\t\t<\/p>\n\t\t\t<\/div>\n\t\t<\/div>\n\t<\/div>\n\t<div class='cus_contact_form_bottom'>\n\t\t<p><span class=\"wpcf7-form-control-wrap\" data-name=\"your-phone\"><input size=\"40\" maxlength=\"400\" class=\"wpcf7-form-control wpcf7-text\" aria-invalid=\"false\" placeholder=\"Telefone\" value=\"\" type=\"text\" name=\"your-phone\" \/><\/span>\n\t\t<\/p>\n\t<\/div>\n\t<div class='cus_contact_form_bottom'>\n\t\t<p><span class=\"wpcf7-form-control-wrap\" data-name=\"your-country\"><input size=\"40\" maxlength=\"400\" class=\"wpcf7-form-control wpcf7-text\" aria-invalid=\"false\" placeholder=\"Pa\u00eds\" value=\"\" type=\"text\" name=\"your-country\" \/><\/span>\n\t\t<\/p>\n\t<\/div>\n\t<p><span class=\"wpcf7-form-control-wrap\" data-name=\"your-message\"><textarea cols=\"40\" rows=\"10\" maxlength=\"2000\" class=\"wpcf7-form-control wpcf7-textarea wpcf7-validates-as-required\" aria-required=\"true\" aria-invalid=\"false\" placeholder=\"Sua mensagem *\" name=\"your-message\"><\/textarea><\/span>\n\t<\/p>\n\t<div style=\"margin-bottom:10px;\">\n\t<\/div>\n\t<p><div id=\"cf7sr-69ff30d602966\" class=\"cf7sr-g-turnstile\" data-redirect=\"\" data-theme=\"auto\" data-language=\"en\" data-size=\"normal\" \n    data-sitekey=\"0x4AAAAAAA3FLd3Fs0zNyv_e\"><\/div><span class=\"wpcf7-form-control-wrap cf7sr-turnstile\" data-name=\"cf7sr-turnstile\"><input type=\"hidden\" name=\"cf7sr-turnstile\" value=\"\" class=\"wpcf7-form-control\"><\/span><br \/>\n<input class=\"wpcf7-form-control wpcf7-submit has-spinner\" type=\"submit\" value=\"Enviar mensagem\" \/>\n\t<\/p>\n<\/div><div class=\"wpcf7-response-output\" aria-hidden=\"true\"><\/div>\n<input type=\"hidden\" name=\"trp-form-language\" value=\"pt\"\/><\/form>\n<\/div>\n\n\t\t<\/div>\n\t\t\t\t\t<\/div>\n\n\t\n<\/div>\n\t\t<\/div>\n\n\t\t\n<style>\n#section_2140805789 {\n  padding-top: 30px;\n  padding-bottom: 30px;\n  background-color: #214184;\n}\n<\/style>\n\t<\/section>","protected":false},"excerpt":{"rendered":"<p>Nossos motores de fuso CNC s\u00e3o fornecidos diretamente da f\u00e1brica, n\u00e3o comprados de fornecedores de menor pre\u00e7o com fontes desconhecidas, garantindo assim qualidade e confiabilidade conhecidas. Todos os fusos de roteador CNC da RicoCNC s\u00e3o originais, sem falsifica\u00e7\u00e3o. O MF46-1112FA tem bom desempenho em v\u00e1rias tarefas de desbaste, tornando seu equipamento de desbaste industrial mais eficiente, dur\u00e1vel e confi\u00e1vel. Projetado para\u2026<\/p>","protected":false},"author":1,"featured_media":0,"parent":0,"menu_order":0,"comment_status":"closed","ping_status":"closed","template":"","meta":{"_gspb_post_css":"","footnotes":""},"class_list":["post-3749","page","type-page","status-publish","hentry"],"_links":{"self":[{"href":"https:\/\/spindlemotorshop.com\/pt\/wp-json\/wp\/v2\/pages\/3749","targetHints":{"allow":["GET"]}}],"collection":[{"href":"https:\/\/spindlemotorshop.com\/pt\/wp-json\/wp\/v2\/pages"}],"about":[{"href":"https:\/\/spindlemotorshop.com\/pt\/wp-json\/wp\/v2\/types\/page"}],"author":[{"embeddable":true,"href":"https:\/\/spindlemotorshop.com\/pt\/wp-json\/wp\/v2\/users\/1"}],"replies":[{"embeddable":true,"href":"https:\/\/spindlemotorshop.com\/pt\/wp-json\/wp\/v2\/comments?post=3749"}],"version-history":[{"count":0,"href":"https:\/\/spindlemotorshop.com\/pt\/wp-json\/wp\/v2\/pages\/3749\/revisions"}],"wp:attachment":[{"href":"https:\/\/spindlemotorshop.com\/pt\/wp-json\/wp\/v2\/media?parent=3749"}],"curies":[{"name":"wp","href":"https:\/\/api.w.org\/{rel}","templated":true}]}}