{"id":3776,"date":"2024-08-11T11:08:23","date_gmt":"2024-08-11T11:08:23","guid":{"rendered":"https:\/\/spindlemotorshop.com\/?page_id=3776"},"modified":"2024-10-08T03:43:47","modified_gmt":"2024-10-08T03:43:47","slug":"mf46-18-2-5kw-12000rpm-pre-milling-spindle-motor-for-edge-bander","status":"publish","type":"page","link":"https:\/\/spindlemotorshop.com\/pt\/mf46-18-2-5kw-12000rpm-pre-milling-spindle-motor-for-edge-bander\/","title":{"rendered":"Motor de fuso de pr\u00e9-fresagem MF46-18 1,8 kW 12000 rpm para m\u00e1quina de colagem de bordas"},"content":{"rendered":"<div class=\"row\"  id=\"row-1310459671\">\n\n\t<div id=\"col-1617879324\" class=\"col medium-6 small-12 large-6\"  >\n\t\t\t\t<div class=\"col-inner\"  >\n\t\t\t\n\t\t\t\n\t<div class=\"img has-hover x md-x lg-x y md-y lg-y\" id=\"image_171015648\">\n\t\t\t\t\t\t\t\t<div class=\"img-inner image-cover box-shadow-1 dark\" style=\"padding-top:75%;\">\n\t\t\t<img loading=\"lazy\" decoding=\"async\" width=\"1600\" height=\"1200\" src=\"https:\/\/spindlemotorshop.com\/wp-content\/uploads\/2024\/08\/fbd13b8942e32896.jpg\" class=\"attachment-original size-original\" alt=\"Motor de fuso de pr\u00e9-fresagem MF46-18 1,8 kW 12000 rpm para m\u00e1quina de colagem de bordas\" srcset=\"https:\/\/spindlemotorshop.com\/wp-content\/uploads\/2024\/08\/fbd13b8942e32896.jpg 1600w, https:\/\/spindlemotorshop.com\/wp-content\/uploads\/2024\/08\/fbd13b8942e32896-300x225.jpg 300w, https:\/\/spindlemotorshop.com\/wp-content\/uploads\/2024\/08\/fbd13b8942e32896-1024x768.jpg 1024w, https:\/\/spindlemotorshop.com\/wp-content\/uploads\/2024\/08\/fbd13b8942e32896-768x576.jpg 768w, https:\/\/spindlemotorshop.com\/wp-content\/uploads\/2024\/08\/fbd13b8942e32896-1536x1152.jpg 1536w, https:\/\/spindlemotorshop.com\/wp-content\/uploads\/2024\/08\/fbd13b8942e32896-16x12.jpg 16w, https:\/\/spindlemotorshop.com\/wp-content\/uploads\/2024\/08\/fbd13b8942e32896-600x450.jpg 600w\" sizes=\"auto, (max-width: 1600px) 100vw, 1600px\" \/>\t\t\t\t\t\t\n\t\t\t\t\t<\/div>\n\t\t\t\t\t\t\t\t\n<style>\n#image_171015648 {\n  width: 100%;\n}\n<\/style>\n\t<\/div>\n\t\n\t\t<\/div>\n\t\t\t\t\t<\/div>\n\n\t\n\n\t<div id=\"col-2061391607\" class=\"col medium-6 small-12 large-6\"  >\n\t\t\t\t<div class=\"col-inner text-left\"  >\n\t\t\t\n\t\t\t\n\t<div id=\"text-465323731\" class=\"text\">\n\t\t\n<h3 class=\"inner-3__prodetailname\">Motor de fuso de pr\u00e9-fresagem MF46-18 1,8 kW 12000 rpm para m\u00e1quina de colagem de bordas<\/h3>\n\t\t\n<style>\n#text-465323731 {\n  font-size: 0.95rem;\n}\n<\/style>\n\t<\/div>\n\t\n\t<div id=\"text-1305729783\" class=\"text\">\n\t\t\n<ul>\n<li style=\"text-align: left;\">MF46-18<\/li>\n<li style=\"text-align: left;\">Motor de fuso de pr\u00e9-fresagem<\/li>\n<li>Motor do eixo da banda de borda 12000rpm<\/li>\n<li>Fuso de 1,8 kW para colagem de bordas<\/li>\n<li>motor de fuso para m\u00e1quina de colagem de bordas<\/li>\n<li>motor de m\u00e1quina de colagem de bordas<\/li>\n<\/ul>\n\t\t\n<style>\n#text-1305729783 {\n  text-align: left;\n}\n<\/style>\n\t<\/div>\n\t\n<a href=\"\/pt\/contact\/\" target=\"_blank\" class=\"button primary\" rel=\"noopener\"  style=\"border-radius:99px;\">\n    <span>Contate-nos<\/span>\n  <\/a>\n\n\t\t<\/div>\n\t\t\t\t\n<style>\n#col-2061391607 > .col-inner {\n  padding: 0px 0px 5px 0px;\n}\n<\/style>\n\t<\/div>\n\n\t\n<\/div>\n<div class=\"text-center\"><div class=\"is-divider divider clearfix\" style=\"margin-top:0.9em;margin-bottom:0.9em;max-width:502px;\"><\/div><\/div>\n<blockquote>\n<ul>\n<li>Nossos motores de fuso CNC s\u00e3o fornecidos diretamente da f\u00e1brica, n\u00e3o comprados de fornecedores de menor pre\u00e7o com fontes desconhecidas, garantindo assim qualidade e confiabilidade conhecidas. Todos os fusos de roteador CNC da RicoCNC s\u00e3o originais, sem falsifica\u00e7\u00f5es.<\/li>\n<\/ul>\n<\/blockquote>\n\t<section class=\"section\" id=\"section_1684605140\">\n\t\t<div class=\"bg section-bg fill bg-fill  bg-loaded\" >\n\n\t\t\t\n\t\t\t\n\t\t\t\n\n\t\t<\/div>\n\n\t\t\n\n\t\t<div class=\"section-content relative\">\n\t\t\t\n<div class=\"row\"  id=\"row-700592204\">\n\n\t<div id=\"col-552007967\" class=\"col medium-6 small-12 large-6\"  >\n\t\t\t\t<div class=\"col-inner\"  >\n\t\t\t\n\t\t\t\n<h2>Caracter\u00edsticas t\u00e9cnicas<\/h2>\n<div class=\"is-divider divider clearfix\" style=\"max-width:91px;background-color:rgb(82, 117, 141);\"><\/div>\n\t<div id=\"gap-1246051305\" class=\"gap-element clearfix\" style=\"display:block; height:auto;\">\n\t\t\n<style>\n#gap-1246051305 {\n  padding-top: 30px;\n}\n<\/style>\n\t<\/div>\n\t\n\n<table border=\"1\">\n<tbody>\n<tr>\n<th>Tipo<\/th>\n<td>MF46-18<\/td>\n<\/tr>\n<tr>\n<th>Poder<\/th>\n<td>1,8 kW<\/td>\n<\/tr>\n<tr>\n<th>Tens\u00e3o<\/th>\n<td>380 V\/220 V<\/td>\n<\/tr>\n<tr>\n<th>Atual<\/th>\n<td>4.6A\/8A<\/td>\n<\/tr>\n<tr>\n<th>Velocidade<\/th>\n<td>12000rpm<\/td>\n<\/tr>\n<tr>\n<th>Freq\u00fc\u00eancia<\/th>\n<td>200Hz<\/td>\n<\/tr>\n<tr>\n<th>Ciclo de trabalho<\/th>\n<td>S1<\/td>\n<\/tr>\n<\/tbody>\n<\/table>\n\n\t\t<\/div>\n\t\t\t\t\t<\/div>\n\n\t\n\n\t<div id=\"col-1837023197\" class=\"col medium-6 small-12 large-6\"  >\n\t\t\t\t<div class=\"col-inner\"  >\n\t\t\t\n\t\t\t\n<h2>Projeto do fuso<\/h2>\n<div class=\"is-divider divider clearfix\" style=\"max-width:91px;background-color:rgb(82, 117, 141);\"><\/div>\n\t<div class=\"img has-hover x md-x lg-x y md-y lg-y\" id=\"image_227853084\">\n\t\t\t\t\t\t\t\t<div class=\"img-inner dark\" >\n\t\t\t<img loading=\"lazy\" decoding=\"async\" width=\"1118\" height=\"791\" src=\"https:\/\/spindlemotorshop.com\/wp-content\/uploads\/2024\/08\/20151223143529_9719.jpg\" class=\"attachment-original size-original\" alt=\"MF46-18 1.8kw 12000rpm Motor de fuso de pr\u00e9-fresagem para desenho de m\u00e1quina de colagem de bordas\" srcset=\"https:\/\/spindlemotorshop.com\/wp-content\/uploads\/2024\/08\/20151223143529_9719.jpg 1118w, https:\/\/spindlemotorshop.com\/wp-content\/uploads\/2024\/08\/20151223143529_9719-300x212.jpg 300w, https:\/\/spindlemotorshop.com\/wp-content\/uploads\/2024\/08\/20151223143529_9719-1024x724.jpg 1024w, https:\/\/spindlemotorshop.com\/wp-content\/uploads\/2024\/08\/20151223143529_9719-768x543.jpg 768w, https:\/\/spindlemotorshop.com\/wp-content\/uploads\/2024\/08\/20151223143529_9719-18x12.jpg 18w, https:\/\/spindlemotorshop.com\/wp-content\/uploads\/2024\/08\/20151223143529_9719-600x425.jpg 600w\" sizes=\"auto, (max-width: 1118px) 100vw, 1118px\" \/>\t\t\t\t\t\t\n\t\t\t\t\t<\/div>\n\t\t\t\t\t\t\t\t\n<style>\n#image_227853084 {\n  width: 88%;\n}\n<\/style>\n\t<\/div>\n\t\n\t<div class=\"img has-hover x md-x lg-x y md-y lg-y\" id=\"image_1510388261\">\n\t\t\t\t\t\t\t\t<div class=\"img-inner dark\" >\n\t\t\t\t\t\t\t\t\t\n\t\t\t\t\t<\/div>\n\t\t\t\t\t\t\t\t\n<style>\n#image_1510388261 {\n  width: 93%;\n}\n<\/style>\n\t<\/div>\n\t\n\t<div class=\"img has-hover x md-x lg-x y md-y lg-y\" id=\"image_1502556330\">\n\t\t\t\t\t\t\t\t<div class=\"img-inner image-cover dark\" style=\"padding-top:75%;\">\n\t\t\t\t\t\t\t\t\t\n\t\t\t\t\t<\/div>\n\t\t\t\t\t\t\t\t\n<style>\n#image_1502556330 {\n  width: 0%;\n}\n<\/style>\n\t<\/div>\n\t\n\t\t<\/div>\n\t\t\t\t\n<style>\n#col-1837023197 > .col-inner {\n  margin: 0px 0px -96px 0px;\n}\n<\/style>\n\t<\/div>\n\n\t\n<\/div>\n\t\t<\/div>\n\n\t\t\n<style>\n#section_1684605140 {\n  padding-top: 8px;\n  padding-bottom: 8px;\n}\n<\/style>\n\t<\/section>\n\t\n<ul>\n<li><strong>MF46-18<\/strong> \u00e9 amplamente utilizado no dispositivo de pr\u00e9-fresagem da m\u00e1quina de colagem de bordas totalmente autom\u00e1tica na ind\u00fastria de marcenaria para modificar as marcas de ondula\u00e7\u00e3o causadas pelo processamento da serra de painel para obter um melhor efeito de corte. Seja pr\u00e9-fresagem na ind\u00fastria de marcenaria ou outras tarefas que exigem pr\u00e9-fresagem de precis\u00e3o, o MF46-18 pode ajudar a melhorar a qualidade do processamento e a efici\u00eancia da produ\u00e7\u00e3o.<\/li>\n<\/ul>\n\t<div id=\"gap-1529245728\" class=\"gap-element clearfix\" style=\"display:block; height:auto;\">\n\t\t\n<style>\n#gap-1529245728 {\n  padding-top: 30px;\n}\n<\/style>\n\t<\/div>\n\t\n<div class=\"row\"  id=\"row-766821262\">\n\n\t<div id=\"col-180613193\" class=\"col medium-6 small-12 large-6\"  >\n\t\t\t\t<div class=\"col-inner text-center box-shadow-1\"  >\n\t\t\t\n\t\t\t\n\t<div class=\"img has-hover x md-x lg-x y md-y lg-y\" id=\"image_1331760262\">\n\t\t\t\t\t\t\t\t<div class=\"img-inner dark\" >\n\t\t\t<img loading=\"lazy\" decoding=\"async\" width=\"724\" height=\"850\" src=\"https:\/\/spindlemotorshop.com\/wp-content\/uploads\/2024\/08\/QQ20240811-191251.jpg\" class=\"attachment-large size-large\" alt=\"Motor de fuso de pr\u00e9-fresagem MF46-18 1,8 kW 12000 rpm para m\u00e1quina de colagem de bordas \u00e0 venda\" srcset=\"https:\/\/spindlemotorshop.com\/wp-content\/uploads\/2024\/08\/QQ20240811-191251.jpg 724w, https:\/\/spindlemotorshop.com\/wp-content\/uploads\/2024\/08\/QQ20240811-191251-256x300.jpg 256w, https:\/\/spindlemotorshop.com\/wp-content\/uploads\/2024\/08\/QQ20240811-191251-10x12.jpg 10w, https:\/\/spindlemotorshop.com\/wp-content\/uploads\/2024\/08\/QQ20240811-191251-600x704.jpg 600w\" sizes=\"auto, (max-width: 724px) 100vw, 724px\" \/>\t\t\t\t\t\t\n\t\t\t\t\t<\/div>\n\t\t\t\t\t\t\t\t\n<style>\n#image_1331760262 {\n  width: 62%;\n}\n<\/style>\n\t<\/div>\n\t\n\t\t<\/div>\n\t\t\t\t\t<\/div>\n\n\t\n\n\t<div id=\"col-756695388\" class=\"col medium-6 small-12 large-6\"  >\n\t\t\t\t<div class=\"col-inner text-center box-shadow-1\"  >\n\t\t\t\n\t\t\t\n\t<div class=\"img has-hover x md-x lg-x y md-y lg-y\" id=\"image_1321504324\">\n\t\t\t\t\t\t\t\t<div class=\"img-inner dark\" >\n\t\t\t<img loading=\"lazy\" decoding=\"async\" width=\"822\" height=\"834\" src=\"https:\/\/spindlemotorshop.com\/wp-content\/uploads\/2024\/08\/QQ20240811-191229.jpg\" class=\"attachment-large size-large\" alt=\"Motor de fuso de pr\u00e9-fresagem MF46-18 1,8 kW 12000 rpm para m\u00e1quina de colagem de bordas\" srcset=\"https:\/\/spindlemotorshop.com\/wp-content\/uploads\/2024\/08\/QQ20240811-191229.jpg 822w, https:\/\/spindlemotorshop.com\/wp-content\/uploads\/2024\/08\/QQ20240811-191229-296x300.jpg 296w, https:\/\/spindlemotorshop.com\/wp-content\/uploads\/2024\/08\/QQ20240811-191229-768x779.jpg 768w, https:\/\/spindlemotorshop.com\/wp-content\/uploads\/2024\/08\/QQ20240811-191229-12x12.jpg 12w, https:\/\/spindlemotorshop.com\/wp-content\/uploads\/2024\/08\/QQ20240811-191229-600x609.jpg 600w, https:\/\/spindlemotorshop.com\/wp-content\/uploads\/2024\/08\/QQ20240811-191229-100x100.jpg 100w\" sizes=\"auto, (max-width: 822px) 100vw, 822px\" \/>\t\t\t\t\t\t\n\t\t\t\t\t<\/div>\n\t\t\t\t\t\t\t\t\n<style>\n#image_1321504324 {\n  width: 72%;\n}\n<\/style>\n\t<\/div>\n\t\n\t\t<\/div>\n\t\t\t\t\t<\/div>\n\n\t\n<\/div>\n<ul>\n<li>Al\u00e9m disso, a RicoCNC tamb\u00e9m fornece um modelo semelhante, <span style=\"color: #ed1c24;\"><strong>MF46-18A<\/strong><\/span>. Caso precise, entre em contato com nossos profissionais.<\/li>\n<\/ul>\n\t<section class=\"section\" id=\"section_71388535\">\n\t\t<div class=\"bg section-bg fill bg-fill  bg-loaded\" >\n\n\t\t\t\n\t\t\t\n\t\t\t\n\n\t\t<\/div>\n\n\t\t\n\n\t\t<div class=\"section-content relative\">\n\t\t\t\n<h4>Se voc\u00ea precisar de algum fuso CNC, envie uma consulta<\/h4>\n\t\t<\/div>\n\n\t\t\n<style>\n#section_71388535 {\n  padding-top: 30px;\n  padding-bottom: 30px;\n}\n<\/style>\n\t<\/section>\n\t\n\t<section class=\"section\" id=\"section_1065181924\">\n\t\t<div class=\"bg section-bg fill bg-fill  bg-loaded\" >\n\n\t\t\t\n\t\t\t\n\t\t\t\n\n\t\t<\/div>\n\n\t\t\n\n\t\t<div class=\"section-content relative\">\n\t\t\t\n<div class=\"row row-full-width align-center\"  id=\"row-1897307470\">\n\n\t<div id=\"col-2014649708\" class=\"col small-12 large-12\"  >\n\t\t\t\t<div class=\"col-inner text-center\"  >\n\t\t\t\n\t\t\t\n\t<div id=\"text-4161559774\" class=\"text\">\n\t\t\n\t\t\n<style>\n#text-4161559774 {\n  text-align: left;\n}\n<\/style>\n\t<\/div>\n\t\n\t<div id=\"text-3933602824\" class=\"text\">\n\t\t\n<h2>CONTATE-NOS<\/h2>\n\t\t\n<style>\n#text-3933602824 {\n  color: rgb(255,255,255);\n}\n#text-3933602824 > * {\n  color: rgb(255,255,255);\n}\n<\/style>\n\t<\/div>\n\t\n\n<div class=\"wpcf7 no-js\" id=\"wpcf7-f280-o1\" lang=\"en-US\" dir=\"ltr\" data-wpcf7-id=\"280\">\n<div class=\"screen-reader-response\"><p role=\"status\" aria-live=\"polite\" aria-atomic=\"true\"><\/p> <ul><\/ul><\/div>\n<form action=\"\/pt\/wp-json\/wp\/v2\/pages\/3776#wpcf7-f280-o1\" method=\"post\" class=\"wpcf7-form init\" aria-label=\"Formul\u00e1rio de contato\" novalidate=\"novalidate\" data-status=\"init\" data-trp-original-action=\"\/pt\/wp-json\/wp\/v2\/pages\/3776#wpcf7-f280-o1\">\n<div style=\"display: none;\">\n<input type=\"hidden\" name=\"_wpcf7\" value=\"280\" \/>\n<input type=\"hidden\" name=\"_wpcf7_version\" value=\"6.0.6\" \/>\n<input type=\"hidden\" name=\"_wpcf7_locale\" value=\"en_US\" \/>\n<input type=\"hidden\" name=\"_wpcf7_unit_tag\" value=\"wpcf7-f280-o1\" \/>\n<input type=\"hidden\" name=\"_wpcf7_container_post\" value=\"0\" \/>\n<input type=\"hidden\" name=\"_wpcf7_posted_data_hash\" value=\"\" \/>\n<\/div>\n<div class='custom_contact_style'>\n\t<div class=\"row row-small\">\n\t\t<div class=\"col medium-6 small-12 large-6\">\n\t\t\t<div class=\"col-inner\">\n\t\t\t\t<p><span class=\"wpcf7-form-control-wrap\" data-name=\"your-name\"><input size=\"40\" maxlength=\"400\" class=\"wpcf7-form-control wpcf7-text wpcf7-validates-as-required\" aria-required=\"true\" aria-invalid=\"false\" placeholder=\"Nome*\" value=\"\" type=\"text\" name=\"your-name\" \/><\/span>\n\t\t\t\t<\/p>\n\t\t\t<\/div>\n\t\t<\/div>\n\t\t<div class=\"col medium-6 small-12 large-6\">\n\t\t\t<div class=\"col-inner\">\n\t\t\t\t<p><span class=\"wpcf7-form-control-wrap\" data-name=\"your-email\"><input size=\"40\" maxlength=\"400\" class=\"wpcf7-form-control wpcf7-email wpcf7-validates-as-required wpcf7-text wpcf7-validates-as-email\" aria-required=\"true\" aria-invalid=\"false\" placeholder=\"E-mail*\" value=\"\" type=\"email\" name=\"your-email\" \/><\/span>\n\t\t\t\t<\/p>\n\t\t\t<\/div>\n\t\t<\/div>\n\t<\/div>\n\t<div class='cus_contact_form_bottom'>\n\t\t<p><span class=\"wpcf7-form-control-wrap\" data-name=\"your-phone\"><input size=\"40\" maxlength=\"400\" class=\"wpcf7-form-control wpcf7-text\" aria-invalid=\"false\" placeholder=\"Telefone\" value=\"\" type=\"text\" name=\"your-phone\" \/><\/span>\n\t\t<\/p>\n\t<\/div>\n\t<div class='cus_contact_form_bottom'>\n\t\t<p><span class=\"wpcf7-form-control-wrap\" data-name=\"your-country\"><input size=\"40\" maxlength=\"400\" class=\"wpcf7-form-control wpcf7-text\" aria-invalid=\"false\" placeholder=\"Pa\u00eds\" value=\"\" type=\"text\" name=\"your-country\" \/><\/span>\n\t\t<\/p>\n\t<\/div>\n\t<p><span class=\"wpcf7-form-control-wrap\" data-name=\"your-message\"><textarea cols=\"40\" rows=\"10\" maxlength=\"2000\" class=\"wpcf7-form-control wpcf7-textarea wpcf7-validates-as-required\" aria-required=\"true\" aria-invalid=\"false\" placeholder=\"Sua mensagem *\" name=\"your-message\"><\/textarea><\/span>\n\t<\/p>\n\t<div style=\"margin-bottom:10px;\">\n\t<\/div>\n\t<p><div id=\"cf7sr-69ff30a505244\" class=\"cf7sr-g-turnstile\" data-redirect=\"\" data-theme=\"auto\" data-language=\"en\" data-size=\"normal\" \n    data-sitekey=\"0x4AAAAAAA3FLd3Fs0zNyv_e\"><\/div><span class=\"wpcf7-form-control-wrap cf7sr-turnstile\" data-name=\"cf7sr-turnstile\"><input type=\"hidden\" name=\"cf7sr-turnstile\" value=\"\" class=\"wpcf7-form-control\"><\/span><br \/>\n<input class=\"wpcf7-form-control wpcf7-submit has-spinner\" type=\"submit\" value=\"Enviar mensagem\" \/>\n\t<\/p>\n<\/div><div class=\"wpcf7-response-output\" aria-hidden=\"true\"><\/div>\n<input type=\"hidden\" name=\"trp-form-language\" value=\"pt\"\/><\/form>\n<\/div>\n\n\t\t<\/div>\n\t\t\t\t\t<\/div>\n\n\t\n<\/div>\n\t\t<\/div>\n\n\t\t\n<style>\n#section_1065181924 {\n  padding-top: 30px;\n  padding-bottom: 30px;\n  background-color: #214184;\n}\n<\/style>\n\t<\/section>","protected":false},"excerpt":{"rendered":"<p>Nossos motores de fuso CNC s\u00e3o fornecidos diretamente da f\u00e1brica, n\u00e3o comprados de fornecedores de menor pre\u00e7o com fontes desconhecidas, garantindo assim qualidade e confiabilidade conhecidas. Todos os fusos de roteador CNC da RicoCNC s\u00e3o originais, sem falsifica\u00e7\u00e3o. O MF46-18 \u00e9 amplamente utilizado no dispositivo de pr\u00e9-fresagem da m\u00e1quina de colagem de bordas totalmente autom\u00e1tica na ind\u00fastria de marcenaria\u2026<\/p>","protected":false},"author":1,"featured_media":0,"parent":0,"menu_order":0,"comment_status":"closed","ping_status":"closed","template":"","meta":{"_gspb_post_css":"","footnotes":""},"class_list":["post-3776","page","type-page","status-publish","hentry"],"_links":{"self":[{"href":"https:\/\/spindlemotorshop.com\/pt\/wp-json\/wp\/v2\/pages\/3776","targetHints":{"allow":["GET"]}}],"collection":[{"href":"https:\/\/spindlemotorshop.com\/pt\/wp-json\/wp\/v2\/pages"}],"about":[{"href":"https:\/\/spindlemotorshop.com\/pt\/wp-json\/wp\/v2\/types\/page"}],"author":[{"embeddable":true,"href":"https:\/\/spindlemotorshop.com\/pt\/wp-json\/wp\/v2\/users\/1"}],"replies":[{"embeddable":true,"href":"https:\/\/spindlemotorshop.com\/pt\/wp-json\/wp\/v2\/comments?post=3776"}],"version-history":[{"count":0,"href":"https:\/\/spindlemotorshop.com\/pt\/wp-json\/wp\/v2\/pages\/3776\/revisions"}],"wp:attachment":[{"href":"https:\/\/spindlemotorshop.com\/pt\/wp-json\/wp\/v2\/media?parent=3776"}],"curies":[{"name":"wp","href":"https:\/\/api.w.org\/{rel}","templated":true}]}}